{"id":156,"date":"2024-12-22T20:52:34","date_gmt":"2024-12-22T18:52:34","guid":{"rendered":"https:\/\/webs.uab.cat\/beyond-postmemory\/?page_id=156"},"modified":"2025-07-15T13:32:55","modified_gmt":"2025-07-15T11:32:55","slug":"dr-cristina-pividori","status":"publish","type":"page","link":"https:\/\/webs.uab.cat\/beyond-postmemory\/members\/research-team\/dr-cristina-pividori\/","title":{"rendered":"Dr Cristina Pividori"},"content":{"rendered":"\n<figure class=\"wp-block-image size-full is-resized\"><img loading=\"lazy\" decoding=\"async\" width=\"688\" height=\"773\" src=\"https:\/\/webs.uab.cat\/beyond-postmemory\/wp-content\/uploads\/sites\/597\/2024\/12\/Cris.jpeg\" alt=\"\" class=\"wp-image-192\" style=\"width:363px;height:auto\" srcset=\"https:\/\/webs.uab.cat\/beyond-postmemory\/wp-content\/uploads\/sites\/597\/2024\/12\/Cris.jpeg 688w, https:\/\/webs.uab.cat\/beyond-postmemory\/wp-content\/uploads\/sites\/597\/2024\/12\/Cris-267x300.jpeg 267w\" sizes=\"auto, (max-width: 688px) 100vw, 688px\" \/><\/figure>\n\n\n\n<p><a href=\"mailto:MariaCristina.Pividori@uab.cat\">MariaCristina.Pividori@uab.cat<\/a><\/p>\n\n\n\n<p><strong>Department &amp; University<\/strong>: English and German Studies, UAB<\/p>\n\n\n\n<p><strong>Brief summary of research interests<\/strong>: For the past fifteen years, my research has focused on war and its lasting impact on contemporary culture and society. While I examine the major conflicts of the twentieth and twenty-first centuries, my interest is not in their military aspects. Instead, I explore the challenges of representing war, particularly how it is remembered, retold, and reinterpreted.<\/p>\n\n\n\n<p>I am especially drawn to how second- and third-generation writers grapple with the repercussions of wars they did not experience firsthand but that continue to shape their identities. My work examines the intersection of trauma, memory, and aesthetics, focusing on how literature and cultural narratives reimagine conflict and its aftermath. Ultimately, I am interested in how storytelling captures both the rupture of war and its enduring impact. <\/p>\n\n\n\n<p><strong>Recent publications<\/strong>:<\/p>\n\n\n\n<ul class=\"wp-block-list\">\n<li><strong>2025<\/strong>  &#8220;From the First World War to Iraq: Teaching War and Conflict through Contemporary Literature and Culture&#8221; <em><a href=\"https:\/\/www.tandfonline.com\/journals\/rfww20\">FWW Studies<\/a> Special Issue<\/em>: <em>Teaching the First World War for the Twenty-First Century: Pedagogies in Dialogue<\/em> (forthcoming).<\/li>\n\n\n\n<li><strong>2025<\/strong>  <a href=\"https:\/\/revistes.uab.cat\/tdevorado\/article\/view\/v10-n1-pividori\/387\">&#8220;Owen and Sassoon Reconsidered: The Trauma of the First World War, Memory, and Contemporary Anti-War Poetry in the &#8216;Post-Everything&#8217; Era.&#8221;<\/a> <em>Tiempo Devorado<\/em>: <em>Cultures de Desmobilitzaci\u00f3. La Construcci\u00f3 dels Excombatents i el seu impacte al m\u00f3n actual<\/em>, vol. 10, no. 1, 2025, revistes.uab.cat\/tdevorado\/article\/view\/v10-n1-pividori.<\/li>\n\n\n\n<li><strong>2024<\/strong>&nbsp;Pividori, Cristina and David Owen (eds)&nbsp;<a href=\"https:\/\/www.routledge.com\/ReWriting-War-in-Contemporary-Literature-and-Culture-Beyond-Post-Memory\/Pividori-Owen\/p\/book\/9781032663661\"><em>Beyond Post-memory: (Re)Writing War in Contemporary Literature and Culture<\/em>.<\/a> Routledge, 2024. ISBN 9781032663661<\/li>\n\n\n\n<li><strong>2024<\/strong>  \u201cBefore the Outbreak of What Used to Be Known as the Great War:\u201d \u2018Ironic\u2019 Nostalgia in Isabel Colegate\u2019s <em>The Shooting Party<\/em> (1980). In Pividori, Cristina, and David Owen (eds.), <em>Beyond Post-Memory: (Re)Writing War in Contemporary Literature and Culture<\/em>. Routledge, 2024, pp. 83\u201395.<\/li>\n\n\n\n<li><strong>2023<\/strong>\u00a0\u00a0<a href=\"https:\/\/www.aup-online.com\/content\/papers\/10.5117\/978904856222\/AHM.2023.005\" target=\"_blank\" rel=\"noreferrer noopener\">\u201cMake America Great Again\u201d: (De)Colonising Masculinities in Viet Thanh Nguyen\u2019s\u00a0<em>The Refugees<\/em>\u00a0(2017).<\/a>\u00a0<em>Amsterdam University Press<\/em>\u00a0(Conference Proceedings). <\/li>\n\n\n\n<li><strong>2022<\/strong> Pividori, Cristina, and Andrea Bellot.<a href=\"https:\/\/www.tandfonline.com\/doi\/abs\/10.1080\/10462937.2022.2103178\"> &#8220;Crossing Representational Borders in Lola Arias\u2019&nbsp;<em>Minefield\/Campo Minado<\/em>\u201d&nbsp;<em>Text and Performance Quarterly<\/em>.&nbsp;<\/a>42.3: 1-26.<\/li>\n\n\n\n<li>Please also consult the&nbsp;<a href=\"https:\/\/webs.uab.cat\/beyond-postmemory\/publications\/\">Publications section<\/a>&nbsp;in this website for additional recent publications.<\/li>\n<\/ul>\n\n\n\n<p><strong>Personal Website<\/strong>:&nbsp;<a href=\"https:\/\/cristinapividori.com\/\">https:\/\/cristinapividori.com<\/a><\/p>\n","protected":false},"excerpt":{"rendered":"<p>MariaCristina.Pividori@uab.cat Department &amp; University: English and German Studies, UAB Brief summary of research interests: For the past fifteen years, my research has focused on war and its lasting impact on contemporary culture and society. While I examine the major conflicts of the twentieth and twenty-first centuries, my interest is not in their military aspects. Instead, [&hellip;]<\/p>\n","protected":false},"author":59,"featured_media":0,"parent":581,"menu_order":1,"comment_status":"closed","ping_status":"closed","template":"","meta":{"footnotes":""},"class_list":["post-156","page","type-page","status-publish","hentry"],"_links":{"self":[{"href":"https:\/\/webs.uab.cat\/beyond-postmemory\/wp-json\/wp\/v2\/pages\/156","targetHints":{"allow":["GET"]}}],"collection":[{"href":"https:\/\/webs.uab.cat\/beyond-postmemory\/wp-json\/wp\/v2\/pages"}],"about":[{"href":"https:\/\/webs.uab.cat\/beyond-postmemory\/wp-json\/wp\/v2\/types\/page"}],"author":[{"embeddable":true,"href":"https:\/\/webs.uab.cat\/beyond-postmemory\/wp-json\/wp\/v2\/users\/59"}],"replies":[{"embeddable":true,"href":"https:\/\/webs.uab.cat\/beyond-postmemory\/wp-json\/wp\/v2\/comments?post=156"}],"version-history":[{"count":11,"href":"https:\/\/webs.uab.cat\/beyond-postmemory\/wp-json\/wp\/v2\/pages\/156\/revisions"}],"predecessor-version":[{"id":404,"href":"https:\/\/webs.uab.cat\/beyond-postmemory\/wp-json\/wp\/v2\/pages\/156\/revisions\/404"}],"up":[{"embeddable":true,"href":"https:\/\/webs.uab.cat\/beyond-postmemory\/wp-json\/wp\/v2\/pages\/581"}],"wp:attachment":[{"href":"https:\/\/webs.uab.cat\/beyond-postmemory\/wp-json\/wp\/v2\/media?parent=156"}],"curies":[{"name":"wp","href":"https:\/\/api.w.org\/{rel}","templated":true}]}}