{"id":161,"date":"2024-12-22T20:54:51","date_gmt":"2024-12-22T18:54:51","guid":{"rendered":"https:\/\/webs.uab.cat\/beyond-postmemory\/?page_id=161"},"modified":"2025-07-15T13:34:21","modified_gmt":"2025-07-15T11:34:21","slug":"dr-albert-soler","status":"publish","type":"page","link":"https:\/\/webs.uab.cat\/beyond-postmemory\/members\/working-team\/dr-albert-soler\/","title":{"rendered":"Dr Albert Soler"},"content":{"rendered":"\n<figure class=\"wp-block-image size-full is-resized\"><img loading=\"lazy\" decoding=\"async\" width=\"157\" height=\"219\" src=\"https:\/\/webs.uab.cat\/beyond-postmemory\/wp-content\/uploads\/sites\/597\/2024\/12\/Screenshot-2024-12-22-at-20.23.17.png\" alt=\"\" class=\"wp-image-204\" style=\"width:290px;height:auto\" \/><\/figure>\n\n\n\n<p><a href=\"mailto:albertsolerruda1@gmail.com\">albertsolerruda1@gmail.com<\/a>&nbsp;<\/p>\n\n\n\n<p><strong>Department &amp; University<\/strong>: Dept. of Modern History, Universitat Aut\u00f2noma de Barcelona,&nbsp;<\/p>\n\n\n\n<p><strong>Brief summary of research interests<\/strong>: My research revolves around the social and cultural study of war combatants and veterans collective, memory and trauma in the XX and XXI centuries, and the different processes of demobilization and construction of post-war cultures. <\/p>\n\n\n\n<p><strong>Selected publications<\/strong>:&nbsp;<\/p>\n\n\n\n<p><\/p>\n\n\n\n<ul class=\"wp-block-list\">\n<li><strong>2025<\/strong>  <a href=\"https:\/\/doi.org\/10.5565\/rev\/tdevorado.242\">Introduction<\/a>. Coordinator of the Monograph.\u201d <em>Tiempo devorado,<\/em> vol. 10, no. 1.<\/li>\n\n\n\n<li><strong>2025<\/strong> <a href=\"https:\/\/doi.org\/10.5565\/rev\/tdevorado.237.\">\u201cHow to Tell a War Story: Cultures of Demobilization and Contemporary Ex-Combatants.\u201d<\/a> <em>Tiempo devorado<\/em>, vol. 10, no. 1. <\/li>\n\n\n\n<li><strong>2025 <\/strong>Review. <a href=\"https:\/\/doi.org\/10.5565\/rev\/tdevorado.241\" data-type=\"link\" data-id=\"https:\/\/doi.org\/10.5565\/rev\/tdevorado.241\">\u201cC\u00f3digos de padecimiento. Sufrir el d\u00eda a d\u00eda de una guerra y adaptarse a ello. Puro sufrimiento. La vida cotidiana de los soldados en la Segunda Guerra Mundial de Mary Louise Roberts.\u201d <\/a><em>Tiempo devorado<\/em>, vol. 10, no. 1.<\/li>\n\n\n\n<li><strong>2025<\/strong> Review. <a href=\"https:\/\/doi.org\/10.5565\/rev\/tdevorado.239\">\u201cPactos de silencio: El precio de la revoluci\u00f3n. La fricci\u00f3n de la memoria: colonialismo, guerra y descolonizaci\u00f3n en el Portugal contempor\u00e1neo de Miguel Cardina.\u201d<\/a> <em>Tiempo devorado<\/em>, vol. 10, no. 1. <\/li>\n\n\n\n<li><strong>2019<\/strong> &#8220;Poganaya molodyozh! De la contracultura a la nova extrema dreta: Lom\u00f3nov i el Partit Nacional Bolxevic.&#8221; <em>Afers<\/em>, Vol. 34, N\u00ba. 94, 2019 (Ejemplar dedicado a: <em>Populisme en la extrema dreta del segle XX<\/em>), pp. 657-679.<\/li>\n\n\n\n<li><strong>2019<\/strong> &#8220;The GI Movement: Veteranos de Vietnam y la Configuraci\u00f3n de Nuevas Conciencias Antiimperialistas y Antiamericanas en Estados Unidos (1966-1975).&#8221; <em>Nuevas miradas sobre <\/em><\/li>\n\n\n\n<li><em>el antiimperialismo y\/o el antiamericanismo desde la Historia, la Literatura y el Arte<\/em>&nbsp;in Misael Arturo L\u00f3pez Zapico,&nbsp;Aida Rodr\u00edguez Campesino,&nbsp;Gonzalo Vit\u00f3n (eds),&nbsp;pp.&nbsp;48-61.<\/li>\n\n\n\n<li><strong>2018 <\/strong>&#8220;Pokoleniye Los Afgantsy: Guerra, Crisis y Subcultura Juvenil Sovi\u00e9tica en la D\u00e9cada de los 80.&#8221; <em>Tiempo Devorado<\/em>, vol. 5, no. 2, 2018, pp. 1-37. <\/li>\n\n\n\n<li>&nbsp;<strong>2017 <\/strong> \u201c\u2018Nam Generation. Veteranos de Vietnam: Juventud, Desigualdad Social y Cultura de la Desmovilizaci\u00f3n en Estados Unidos.\u201d <em>El Futuro Del Pasado<\/em>, vol. 8, 2017, pp. 121\u2013146. Ediciones Universidad de Salamanca, https:\/\/doi.org\/10.14516\/fdp.2017.008.001.004.<\/li>\n<\/ul>\n\n\n\n<p><strong>Personal Website<\/strong>:&nbsp;<a href=\"0000-0003-2031-4368\">ORCID: 0000-0003-2031-4368<\/a>; <a href=\"http:\/\/ecruit.academia.edu\/AlbertSolerRuda\/Papers\">recruit.academia.edu\/AlbertSolerRuda\/Papers<\/a>&nbsp;<\/p>\n","protected":false},"excerpt":{"rendered":"<p>albertsolerruda1@gmail.com&nbsp; Department &amp; University: Dept. of Modern History, Universitat Aut\u00f2noma de Barcelona,&nbsp; Brief summary of research interests: My research revolves around the social and cultural study of war combatants and veterans collective, memory and trauma in the XX and XXI centuries, and the different processes of demobilization and construction of post-war cultures. Selected publications:&nbsp; Personal [&hellip;]<\/p>\n","protected":false},"author":59,"featured_media":0,"parent":583,"menu_order":5,"comment_status":"closed","ping_status":"closed","template":"","meta":{"footnotes":""},"class_list":["post-161","page","type-page","status-publish","hentry"],"_links":{"self":[{"href":"https:\/\/webs.uab.cat\/beyond-postmemory\/wp-json\/wp\/v2\/pages\/161","targetHints":{"allow":["GET"]}}],"collection":[{"href":"https:\/\/webs.uab.cat\/beyond-postmemory\/wp-json\/wp\/v2\/pages"}],"about":[{"href":"https:\/\/webs.uab.cat\/beyond-postmemory\/wp-json\/wp\/v2\/types\/page"}],"author":[{"embeddable":true,"href":"https:\/\/webs.uab.cat\/beyond-postmemory\/wp-json\/wp\/v2\/users\/59"}],"replies":[{"embeddable":true,"href":"https:\/\/webs.uab.cat\/beyond-postmemory\/wp-json\/wp\/v2\/comments?post=161"}],"version-history":[{"count":9,"href":"https:\/\/webs.uab.cat\/beyond-postmemory\/wp-json\/wp\/v2\/pages\/161\/revisions"}],"predecessor-version":[{"id":491,"href":"https:\/\/webs.uab.cat\/beyond-postmemory\/wp-json\/wp\/v2\/pages\/161\/revisions\/491"}],"up":[{"embeddable":true,"href":"https:\/\/webs.uab.cat\/beyond-postmemory\/wp-json\/wp\/v2\/pages\/583"}],"wp:attachment":[{"href":"https:\/\/webs.uab.cat\/beyond-postmemory\/wp-json\/wp\/v2\/media?parent=161"}],"curies":[{"name":"wp","href":"https:\/\/api.w.org\/{rel}","templated":true}]}}