{"id":233,"date":"2024-12-23T11:18:15","date_gmt":"2024-12-23T09:18:15","guid":{"rendered":"https:\/\/webs.uab.cat\/beyond-postmemory\/?page_id=233"},"modified":"2025-07-15T13:26:46","modified_gmt":"2025-07-15T11:26:46","slug":"https-webs-uab-cat-beyond-postmemory-group-elvira-aguilera","status":"publish","type":"page","link":"https:\/\/webs.uab.cat\/beyond-postmemory\/members\/phd-students\/https-webs-uab-cat-beyond-postmemory-group-elvira-aguilera\/","title":{"rendered":"Elvira Aguilera"},"content":{"rendered":"\n<figure class=\"wp-block-image size-large is-resized\"><img loading=\"lazy\" decoding=\"async\" width=\"782\" height=\"1024\" src=\"https:\/\/webs.uab.cat\/beyond-postmemory\/wp-content\/uploads\/sites\/597\/2025\/02\/photograph.-Elvira-Aguilera-Garcia-782x1024.jpg\" alt=\"\" class=\"wp-image-381\" style=\"width:322px;height:auto\" srcset=\"https:\/\/webs.uab.cat\/beyond-postmemory\/wp-content\/uploads\/sites\/597\/2025\/02\/photograph.-Elvira-Aguilera-Garcia-782x1024.jpg 782w, https:\/\/webs.uab.cat\/beyond-postmemory\/wp-content\/uploads\/sites\/597\/2025\/02\/photograph.-Elvira-Aguilera-Garcia-229x300.jpg 229w, https:\/\/webs.uab.cat\/beyond-postmemory\/wp-content\/uploads\/sites\/597\/2025\/02\/photograph.-Elvira-Aguilera-Garcia-768x1006.jpg 768w, https:\/\/webs.uab.cat\/beyond-postmemory\/wp-content\/uploads\/sites\/597\/2025\/02\/photograph.-Elvira-Aguilera-Garcia.jpg 963w\" sizes=\"auto, (max-width: 782px) 100vw, 782px\" \/><\/figure>\n\n\n\n<p><a href=\"mailto:aguileragarciaelvira@gmail.com\">aguileragarciaelvira@gmail.com<\/a><\/p>\n\n\n\n<p><strong>Department &amp; University<\/strong>: Universitat Aut\u00f2noma de Barcelona<\/p>\n\n\n\n<p><strong>Brief summary of research interests<\/strong>: Elvira Aguilera Garc\u00eda is an FPI-funded doctoral candidate at the Universitat Aut\u00f2noma de Barcelona&#8217;s Department of English and German Studies. She holds a bachelor&#8217;s degree in English Studies and a master\u2019s degree in English Literature and Linguistics from the University of Granada. She is also in the final stages of completing her second postgraduate degree, the Erasmus Mundus Master&#8217;s in Women&#8217;s and Gender Studies (GEMMA). Her research analyses contemporary literary and cultural discourse through critical masculinities studies and affect theories, resulting in publications and conference presentations.<\/p>\n\n\n\n<p><strong>Selected publications<\/strong>:<\/p>\n\n\n\n<p><strong>2025.<\/strong> &#8220;(De)Constructing Masculinities in Sally Rooney\u2019s Novel Normal People and TV Series Adaptation&#8221;. In Bollas, Angelos (Ed.) <a style=\"font-style: italic\" href=\"https:\/\/www.routledge.com\/The-Routledge-Companion-to-Sally-Rooney\/Bollas\/p\/book\/9781032721828\">The Routledge Companion to Sally Rooney<\/a>, Routledge. <\/p>\n\n\n\n<p><strong>2024.<\/strong> &#8220;Approaching Critical Studies of Men and Masculinities from Affective Pedagogies&#8221;. In Revelles-Benavente, Beatriz, and S\u00e1nchez-Espinosa, Adelina (Eds.) <a href=\"https:\/\/www.routledge.com\/Feminist-Literary-and-Filmic-Cultures-for-Social-Action-Gender-Response-able-Labs\/Revelles-Benavente-Sanchez-Espinosa\/p\/book\/9781032604411?srsltid=AfmBOorch0mQlHEETDNOR6bdnprKkWN4B_Kwv1tKW9yE_3LlH1CIIl2g\"><em>Feminist Literary and Filmic Cultures for Social Action. Gender Response-able Labs<\/em>,  <\/a>Routledge.<\/p>\n\n\n\n<p><\/p>\n","protected":false},"excerpt":{"rendered":"<p>aguileragarciaelvira@gmail.com Department &amp; University: Universitat Aut\u00f2noma de Barcelona Brief summary of research interests: Elvira Aguilera Garc\u00eda is an FPI-funded doctoral candidate at the Universitat Aut\u00f2noma de Barcelona&#8217;s Department of English and German Studies. She holds a bachelor&#8217;s degree in English Studies and a master\u2019s degree in English Literature and Linguistics from the University of Granada. [&hellip;]<\/p>\n","protected":false},"author":59,"featured_media":0,"parent":585,"menu_order":1,"comment_status":"closed","ping_status":"closed","template":"","meta":{"footnotes":""},"class_list":["post-233","page","type-page","status-publish","hentry"],"_links":{"self":[{"href":"https:\/\/webs.uab.cat\/beyond-postmemory\/wp-json\/wp\/v2\/pages\/233","targetHints":{"allow":["GET"]}}],"collection":[{"href":"https:\/\/webs.uab.cat\/beyond-postmemory\/wp-json\/wp\/v2\/pages"}],"about":[{"href":"https:\/\/webs.uab.cat\/beyond-postmemory\/wp-json\/wp\/v2\/types\/page"}],"author":[{"embeddable":true,"href":"https:\/\/webs.uab.cat\/beyond-postmemory\/wp-json\/wp\/v2\/users\/59"}],"replies":[{"embeddable":true,"href":"https:\/\/webs.uab.cat\/beyond-postmemory\/wp-json\/wp\/v2\/comments?post=233"}],"version-history":[{"count":3,"href":"https:\/\/webs.uab.cat\/beyond-postmemory\/wp-json\/wp\/v2\/pages\/233\/revisions"}],"predecessor-version":[{"id":384,"href":"https:\/\/webs.uab.cat\/beyond-postmemory\/wp-json\/wp\/v2\/pages\/233\/revisions\/384"}],"up":[{"embeddable":true,"href":"https:\/\/webs.uab.cat\/beyond-postmemory\/wp-json\/wp\/v2\/pages\/585"}],"wp:attachment":[{"href":"https:\/\/webs.uab.cat\/beyond-postmemory\/wp-json\/wp\/v2\/media?parent=233"}],"curies":[{"name":"wp","href":"https:\/\/api.w.org\/{rel}","templated":true}]}}