{"id":537,"date":"2025-06-17T17:32:02","date_gmt":"2025-06-17T15:32:02","guid":{"rendered":"https:\/\/webs.uab.cat\/beyond-postmemory\/?page_id=537"},"modified":"2025-07-15T13:30:13","modified_gmt":"2025-07-15T11:30:13","slug":"irene-gasso","status":"publish","type":"page","link":"https:\/\/webs.uab.cat\/beyond-postmemory\/members\/phd-students\/irene-gasso\/","title":{"rendered":"Irene Gass\u00f3"},"content":{"rendered":"\n<figure class=\"wp-block-image size-full\"><img loading=\"lazy\" decoding=\"async\" width=\"445\" height=\"420\" src=\"https:\/\/webs.uab.cat\/beyond-postmemory\/wp-content\/uploads\/sites\/597\/2025\/06\/Irene.png\" alt=\"\" class=\"wp-image-538\" srcset=\"https:\/\/webs.uab.cat\/beyond-postmemory\/wp-content\/uploads\/sites\/597\/2025\/06\/Irene.png 445w, https:\/\/webs.uab.cat\/beyond-postmemory\/wp-content\/uploads\/sites\/597\/2025\/06\/Irene-300x283.png 300w\" sizes=\"auto, (max-width: 445px) 100vw, 445px\" \/><\/figure>\n\n\n\n<p><strong>Name<\/strong>: Irene Gass\u00f3 i Lagares<\/p>\n\n\n\n<p><strong>E-mail address<\/strong>: <a href=\"mailto:irenegasso@gmail.com\">irenegasso@gmail.com<\/a><\/p>\n\n\n\n<p><strong>Department &amp; University<\/strong>: Department of English and German Studies, UAB<\/p>\n\n\n\n<p><strong>Brief summary of research interests<\/strong>:<\/p>\n\n\n\n<p>Irene Gass\u00f3 i Lagares is a doctoral candidate at Universitat Aut\u00f2noma de Barcelona, and her primary area of study is gender studies and historiography. She is in the process of writing her thesis, which studies Atwood\u2019s historical and speculative fiction from a feminist historiographical perspective, focusing on how these two genres of fiction portray the ongoing legacy of armed conflict in daily life through the perspective of her female characters. Her main aim is to explore Atwood\u2019s representation of war as a cyclical and ever-present phenomenon from a point of view that offers an alternative to triumphalist historical narratives of war that emphasize progress.<\/p>\n\n\n\n<p><strong>Selected publications<\/strong>: <\/p>\n\n\n\n<p>Gass\u00f3 Lagares, Irene; Spengler, Nicholas, dir. &#8220;Gilead Is Within You&#8221; : Official History and Female Oppression in Margaret Atwood&#8217;s &#8220;The Handmaid&#8217;s Tale&#8221;. Bellaterra: Universitat Aut\u00f2noma de Barcelona, 2022. 60 pag. (M\u00e0ster Universitari en Estudis Anglesos Avan\u00e7ats \/ Advanced English Studies) <a href=\"https:\/\/ddd.uab.cat\/record\/264615\" target=\"_blank\" rel=\"noreferrer noopener\">https:\/\/ddd.uab.cat\/record\/264615<\/a><\/p>\n\n\n\n<p><\/p>\n","protected":false},"excerpt":{"rendered":"<p>Name: Irene Gass\u00f3 i Lagares E-mail address: irenegasso@gmail.com Department &amp; University: Department of English and German Studies, UAB Brief summary of research interests: Irene Gass\u00f3 i Lagares is a doctoral candidate at Universitat Aut\u00f2noma de Barcelona, and her primary area of study is gender studies and historiography. She is in the process of writing her [&hellip;]<\/p>\n","protected":false},"author":59,"featured_media":0,"parent":585,"menu_order":4,"comment_status":"closed","ping_status":"closed","template":"","meta":{"footnotes":""},"class_list":["post-537","page","type-page","status-publish","hentry"],"_links":{"self":[{"href":"https:\/\/webs.uab.cat\/beyond-postmemory\/wp-json\/wp\/v2\/pages\/537","targetHints":{"allow":["GET"]}}],"collection":[{"href":"https:\/\/webs.uab.cat\/beyond-postmemory\/wp-json\/wp\/v2\/pages"}],"about":[{"href":"https:\/\/webs.uab.cat\/beyond-postmemory\/wp-json\/wp\/v2\/types\/page"}],"author":[{"embeddable":true,"href":"https:\/\/webs.uab.cat\/beyond-postmemory\/wp-json\/wp\/v2\/users\/59"}],"replies":[{"embeddable":true,"href":"https:\/\/webs.uab.cat\/beyond-postmemory\/wp-json\/wp\/v2\/comments?post=537"}],"version-history":[{"count":2,"href":"https:\/\/webs.uab.cat\/beyond-postmemory\/wp-json\/wp\/v2\/pages\/537\/revisions"}],"predecessor-version":[{"id":544,"href":"https:\/\/webs.uab.cat\/beyond-postmemory\/wp-json\/wp\/v2\/pages\/537\/revisions\/544"}],"up":[{"embeddable":true,"href":"https:\/\/webs.uab.cat\/beyond-postmemory\/wp-json\/wp\/v2\/pages\/585"}],"wp:attachment":[{"href":"https:\/\/webs.uab.cat\/beyond-postmemory\/wp-json\/wp\/v2\/media?parent=537"}],"curies":[{"name":"wp","href":"https:\/\/api.w.org\/{rel}","templated":true}]}}