{"id":55,"date":"2024-10-14T07:54:24","date_gmt":"2024-10-14T05:54:24","guid":{"rendered":"https:\/\/webs.uab.cat\/beyond-postmemory\/?page_id=55"},"modified":"2025-09-24T09:40:08","modified_gmt":"2025-09-24T07:40:08","slug":"links","status":"publish","type":"page","link":"https:\/\/webs.uab.cat\/beyond-postmemory\/links\/","title":{"rendered":"Links"},"content":{"rendered":"\n<p><strong>Relevant Links<\/strong><\/p>\n\n\n\n<p><a href=\"https:\/\/www.firstworldwarstudies.org\/\">The International Society of First World War Studies<\/a><\/p>\n\n\n\n<p><a href=\"https:\/\/war-net.org\/\">War-Net: The War and Representation Network<\/a><\/p>\n\n\n\n<p><a href=\"https:\/\/www.uab.cat\/web\/social-action\/refugee-program\/refugee-program-1345819588303.html\">Refugee Programme: FAS (Fundaci\u00f3 Aut\u00f2noma Solid\u00e0ria)<\/a><\/p>\n\n\n\n<figure class=\"wp-block-image size-large\"><a href=\"https:\/\/webs.uab.cat\/beyond-postmemory\/\"><img loading=\"lazy\" decoding=\"async\" width=\"1024\" height=\"119\" src=\"https:\/\/webs.uab.cat\/beyond-postmemory\/wp-content\/uploads\/sites\/597\/2024\/10\/Screenshot-2024-10-15-at-18.42.46-1024x119.png\" alt=\"\" class=\"wp-image-93\" srcset=\"https:\/\/webs.uab.cat\/beyond-postmemory\/wp-content\/uploads\/sites\/597\/2024\/10\/Screenshot-2024-10-15-at-18.42.46-1024x119.png 1024w, https:\/\/webs.uab.cat\/beyond-postmemory\/wp-content\/uploads\/sites\/597\/2024\/10\/Screenshot-2024-10-15-at-18.42.46-300x35.png 300w, https:\/\/webs.uab.cat\/beyond-postmemory\/wp-content\/uploads\/sites\/597\/2024\/10\/Screenshot-2024-10-15-at-18.42.46-768x89.png 768w, https:\/\/webs.uab.cat\/beyond-postmemory\/wp-content\/uploads\/sites\/597\/2024\/10\/Screenshot-2024-10-15-at-18.42.46-1200x139.png 1200w, https:\/\/webs.uab.cat\/beyond-postmemory\/wp-content\/uploads\/sites\/597\/2024\/10\/Screenshot-2024-10-15-at-18.42.46.png 1325w\" sizes=\"auto, (max-width: 1024px) 100vw, 1024px\" \/><\/a><\/figure>\n","protected":false},"excerpt":{"rendered":"<p>Relevant Links The International Society of First World War Studies War-Net: The War and Representation Network Refugee Programme: FAS (Fundaci\u00f3 Aut\u00f2noma Solid\u00e0ria)<\/p>\n","protected":false},"author":59,"featured_media":84,"parent":0,"menu_order":11,"comment_status":"closed","ping_status":"closed","template":"","meta":{"footnotes":""},"class_list":["post-55","page","type-page","status-publish","has-post-thumbnail","hentry"],"_links":{"self":[{"href":"https:\/\/webs.uab.cat\/beyond-postmemory\/wp-json\/wp\/v2\/pages\/55","targetHints":{"allow":["GET"]}}],"collection":[{"href":"https:\/\/webs.uab.cat\/beyond-postmemory\/wp-json\/wp\/v2\/pages"}],"about":[{"href":"https:\/\/webs.uab.cat\/beyond-postmemory\/wp-json\/wp\/v2\/types\/page"}],"author":[{"embeddable":true,"href":"https:\/\/webs.uab.cat\/beyond-postmemory\/wp-json\/wp\/v2\/users\/59"}],"replies":[{"embeddable":true,"href":"https:\/\/webs.uab.cat\/beyond-postmemory\/wp-json\/wp\/v2\/comments?post=55"}],"version-history":[{"count":11,"href":"https:\/\/webs.uab.cat\/beyond-postmemory\/wp-json\/wp\/v2\/pages\/55\/revisions"}],"predecessor-version":[{"id":260,"href":"https:\/\/webs.uab.cat\/beyond-postmemory\/wp-json\/wp\/v2\/pages\/55\/revisions\/260"}],"wp:featuredmedia":[{"embeddable":true,"href":"https:\/\/webs.uab.cat\/beyond-postmemory\/wp-json\/wp\/v2\/media\/84"}],"wp:attachment":[{"href":"https:\/\/webs.uab.cat\/beyond-postmemory\/wp-json\/wp\/v2\/media?parent=55"}],"curies":[{"name":"wp","href":"https:\/\/api.w.org\/{rel}","templated":true}]}}