{"id":603,"date":"2025-07-15T13:37:35","date_gmt":"2025-07-15T11:37:35","guid":{"rendered":"https:\/\/webs.uab.cat\/beyond-postmemory\/?page_id=603"},"modified":"2025-11-30T13:10:56","modified_gmt":"2025-11-30T11:10:56","slug":"mas-phds","status":"publish","type":"page","link":"https:\/\/webs.uab.cat\/beyond-postmemory\/mas-phds\/","title":{"rendered":"PhDs Supervised"},"content":{"rendered":"\n<p><strong>PhD Theses (Completed)<\/strong><\/p>\n\n\n\n<ul class=\"wp-block-list\">\n<li>Enas Talib Farid Hamidi, Breaking Down Barriers: Addressing Cultural Factors in Language Learning for Syrian Women Refugees in the UK (2025, URV).<\/li>\n\n\n\n<li>Llu\u00efsa Schlesier Corrales, The Representation of Working-Class Identity in Roddy Doyle\u2019s Fiction (2024, UAB).<\/li>\n\n\n\n<li>Hanan Jasim Khannas, The Body Sign: Contemporary Iraqi Fiction and the War on Terror (2022, UAB).  Premi Extraordinari de Doctorat (Teoria de la Literatura i Literatura Comparada).<\/li>\n\n\n\n<li>Albert Soler Ruda, Cultures de desmobilitzaci\u00f3. Conflictes, societat juvenil i construcci\u00f3 cultura moderna del veter\u00e0 de guerra durant la guerra freda 1965\u20131996 (2022, UAB)<\/li>\n\n\n\n<li>David Dickson, The Fictional Representation of the Holocaust: A Legacy of Absences (2019, University of Portsmouth)<\/li>\n\n\n\n<li>Carmen Andr\u00e9s Oliver, A Literary Reading of Olivia Manning&#8217;s World War II Trilogies: War Narration, Place and End of Empire, and Gender Roles in \u201cThe Balkan Trilogy\u201d and \u201cThe Levant Trilogy\u201d (2018, UAB)<\/li>\n\n\n\n<li>Christina Howes, Literary Architecture: Dwelling and the Return-Home in the Works of Rachel Seiffert (2018, UAB)<\/li>\n\n\n\n<li>Lola Serraf, Writing the \u201cPeople\u2019s War\u201d: Evaluating the Myth of the Blitz in Women\u2019s Fiction of the Second World War (2017, UAB)<\/li>\n<\/ul>\n\n\n\n<p><strong>PhD Theses (In Progress)<\/strong><\/p>\n\n\n\n<ul class=\"wp-block-list\">\n<li>Andrea S\u00e1enz Reinoso, Reassessing War Writing in Virginia Woolf\u2019s Late Fiction (UAB)<\/li>\n\n\n\n<li>Isabelle Fratani, Time in the Poetry of Patrick Kavanagh (UAB)<\/li>\n\n\n\n<li>Hannah Coombs, Refugee Tales: From the Kindertransport to the Syrian Refugee Crisis (University of Portsmouth)<\/li>\n\n\n\n<li>Annelise Hein, Sounding the Borders of Belonging in Contemporary London (Bo\u011fazi\u00e7i University)<\/li>\n\n\n\n<li>Enas Taleb Farid Hamidi, Breaking Down Barriers: Addressing Cultural Factors in Language Learning for Syrian Women Refugees in the UK (Universitat Rovira i Virgili)<\/li>\n\n\n\n<li>Elvira Aguilera Garc\u00eda, &#8220;\u201cA vapour of memories rose\u201d: Matter and Memory (De)Constructions in Palestinian Diasporic Anglophone Fiction&#8221; (UAB) <\/li>\n\n\n\n<li>Cristina Franco Rosillo, Make America Sick Again: The Resignification of Conflict in American COVID-19 Fiction (UAB) <\/li>\n\n\n\n<li>Irene Gass\u00f3, Margaret Atwood\u2019s Historiographical Metafiction: Questioning Official Misrepresentations of War through Historical and Speculative Fiction (UAB)<\/li>\n\n\n\n<li>Nat\u00e0lia Vila, The Great War Rewritten: Neo-Historical Fiction and Britain\u2019s Memory Archive (UAB)<\/li>\n<\/ul>\n\n\n\n<p><strong>For related MAs<\/strong> carried out under the supervision of group members, <a href=\"https:\/\/webs.uab.cat\/beyond-postmemory\/mas-phds\/mas-supervised\/\" data-type=\"page\" data-id=\"614\">please follow this link<\/a>.<\/p>\n\n\n\n<figure class=\"wp-block-image size-large\"><a href=\"https:\/\/webs.uab.cat\/beyond-postmemory\/\"><img loading=\"lazy\" decoding=\"async\" width=\"1024\" height=\"128\" src=\"https:\/\/webs.uab.cat\/beyond-postmemory\/wp-content\/uploads\/sites\/597\/2025\/07\/Screenshot-2025-07-14-at-13.31.13-1024x128.png\" alt=\"\" class=\"wp-image-591\" srcset=\"https:\/\/webs.uab.cat\/beyond-postmemory\/wp-content\/uploads\/sites\/597\/2025\/07\/Screenshot-2025-07-14-at-13.31.13-1024x128.png 1024w, https:\/\/webs.uab.cat\/beyond-postmemory\/wp-content\/uploads\/sites\/597\/2025\/07\/Screenshot-2025-07-14-at-13.31.13-300x38.png 300w, https:\/\/webs.uab.cat\/beyond-postmemory\/wp-content\/uploads\/sites\/597\/2025\/07\/Screenshot-2025-07-14-at-13.31.13-768x96.png 768w, https:\/\/webs.uab.cat\/beyond-postmemory\/wp-content\/uploads\/sites\/597\/2025\/07\/Screenshot-2025-07-14-at-13.31.13-1536x193.png 1536w, https:\/\/webs.uab.cat\/beyond-postmemory\/wp-content\/uploads\/sites\/597\/2025\/07\/Screenshot-2025-07-14-at-13.31.13-1200x150.png 1200w, https:\/\/webs.uab.cat\/beyond-postmemory\/wp-content\/uploads\/sites\/597\/2025\/07\/Screenshot-2025-07-14-at-13.31.13.png 1802w\" sizes=\"auto, (max-width: 1024px) 100vw, 1024px\" \/><\/a><\/figure>\n","protected":false},"excerpt":{"rendered":"<p>PhD Theses (Completed) PhD Theses (In Progress) For related MAs carried out under the supervision of group members, please follow this link.<\/p>\n","protected":false},"author":59,"featured_media":0,"parent":0,"menu_order":8,"comment_status":"closed","ping_status":"closed","template":"","meta":{"footnotes":""},"class_list":["post-603","page","type-page","status-publish","hentry"],"_links":{"self":[{"href":"https:\/\/webs.uab.cat\/beyond-postmemory\/wp-json\/wp\/v2\/pages\/603","targetHints":{"allow":["GET"]}}],"collection":[{"href":"https:\/\/webs.uab.cat\/beyond-postmemory\/wp-json\/wp\/v2\/pages"}],"about":[{"href":"https:\/\/webs.uab.cat\/beyond-postmemory\/wp-json\/wp\/v2\/types\/page"}],"author":[{"embeddable":true,"href":"https:\/\/webs.uab.cat\/beyond-postmemory\/wp-json\/wp\/v2\/users\/59"}],"replies":[{"embeddable":true,"href":"https:\/\/webs.uab.cat\/beyond-postmemory\/wp-json\/wp\/v2\/comments?post=603"}],"version-history":[{"count":11,"href":"https:\/\/webs.uab.cat\/beyond-postmemory\/wp-json\/wp\/v2\/pages\/603\/revisions"}],"predecessor-version":[{"id":801,"href":"https:\/\/webs.uab.cat\/beyond-postmemory\/wp-json\/wp\/v2\/pages\/603\/revisions\/801"}],"wp:attachment":[{"href":"https:\/\/webs.uab.cat\/beyond-postmemory\/wp-json\/wp\/v2\/media?parent=603"}],"curies":[{"name":"wp","href":"https:\/\/api.w.org\/{rel}","templated":true}]}}