{"id":2,"date":"2025-10-07T12:13:23","date_gmt":"2025-10-07T10:13:23","guid":{"rendered":"https:\/\/webs.uab.cat\/bgd\/?page_id=2"},"modified":"2026-03-05T21:25:37","modified_gmt":"2026-03-05T19:25:37","slug":"pagina-exemple","status":"publish","type":"page","link":"https:\/\/webs.uab.cat\/bgd\/","title":{"rendered":"Home"},"content":{"rendered":"\n<p>The <strong>Bioinformatics of Genome Diversity<\/strong> group aims to catalogue, represent, and interpret genomic diversity across an increasing number of species. We follow an interdisciplinary approach that integrates methods and knowledge from genomics, population genetics, data science, and bioinformatics.<\/p>\n\n\n\n<p>This research constitutes an independent research line within the <strong><a href=\"https:\/\/webs.uab.cat\/gbbe\/\">Genomics, Bioinformatics and Evolutionary Biology (GBBE)<\/a><\/strong> SGR group (2021 SGR 00526).<\/p>\n\n\n\n<blockquote class=\"wp-block-quote is-layout-flow wp-block-quote-is-layout-flow\">\n<p><strong>Keywords:<\/strong> Population genomics, Genome evolution, Natural selection, PopLife, Genome browsers, Bioinformatics, AI and genomics<\/p>\n<\/blockquote>\n\n\n\n<h2 class=\"wp-block-heading\">Members<\/h2>\n\n\n\n<blockquote class=\"wp-block-quote is-layout-flow wp-block-quote-is-layout-flow\">\n<p><strong>Antonio Barbadilla<\/strong><\/p>\n<cite>ORCID: <a href=\"https:\/\/orcid.org\/0000-0002-0374-1475\" target=\"_blank\" rel=\"noreferrer noopener\">0000-0002-0374-1475<\/a> | EGRETA: <a href=\"https:\/\/portalrecerca.uab.cat\/en\/persons\/antoni-barbadilla-prados-4\/\" target=\"_blank\" rel=\"noreferrer noopener\">link<\/a><\/cite><\/blockquote>\n\n\n\n<blockquote class=\"wp-block-quote is-layout-flow wp-block-quote-is-layout-flow\">\n<p><strong>S\u00f2nia Casillas<\/strong><\/p>\n<cite>ORCID: <a href=\"https:\/\/orcid.org\/0000-0001-8191-0062\" target=\"_blank\" rel=\"noreferrer noopener\">0000-0001-8191-0062<\/a> | EGRETA: <a href=\"https:\/\/portalrecerca.uab.cat\/en\/persons\/s%C3%B2nia-casillas\/\" target=\"_blank\" rel=\"noreferrer noopener\">link<\/a><\/cite><\/blockquote>\n\n\n\n<p><strong>Hania Nu\u00f1ez \u2013 <\/strong>PhD student (2026 to now)<\/p>\n\n\n\n<p><strong>Hajar Mhammedi \u2013 <\/strong>Research Intership (Feb-2026 to now)<\/p>\n\n\n\n<p><strong>Yujia Chen \u2013 <\/strong>MSc in Research and Innovation in Computer based Science and Engineering, UAB (Feb-2026 to now)<\/p>\n\n\n\n<p><strong>Laura Stoma \u2013 <\/strong>MSc in Bioinformatics, UAB (Feb-2026 to now)<\/p>\n\n\n\n<p><strong>Lu\u00eds Gua\u00f1a \u2013 <\/strong>MSc in Advanced Genetics, UAB (Feb-2026 to now)<\/p>\n\n\n\n<p><strong>Sergi Garcia \u2013 <\/strong>MSc in Advanced Genetics, UAB (Feb-2026 to now)<\/p>\n\n\n\n<p><strong>Laura Becerra \u2013 <\/strong>MSc in Advanced Genetics, UAB (Feb-2026 to now)<\/p>\n\n\n\n<p><strong>Ainhoa Bernabeu \u2013 <\/strong>BSc in Genetics, UAB; Beca de colaboraci\u00f3n del Ministerio de Educaci\u00f3n, Formaci\u00f3n Profesional y Deportes (Nov-2025 to now)<\/p>\n\n\n\n<h2 class=\"wp-block-heading\">Alumni<\/h2>\n\n\n\n<p><strong>Carlos Sarabia<\/strong> <strong>\u2013 <\/strong>Postdoc (2024-2025)<\/p>\n\n\n\n<p><strong>Francisco Iglesias<\/strong> <strong>\u2013 <\/strong>MSc in Advanced Genetics (2024-2025)<\/p>\n\n\n\n<p><strong>Mohammad Shawerdi<\/strong> <strong>\u2013 <\/strong>MSc in Advanced Genetics (2024-2025)<\/p>\n\n\n\n<p><strong>Aina Colomer-Vilaplana<\/strong> <strong>\u2013 <\/strong>MSc in Bioinformatics(2018-2019), PhD student (2020-2025; 18\/06\/2025)<\/p>\n\n\n\n<p><strong>Rub\u00e9n P\u00e9rez<\/strong> <strong>\u2013 <\/strong>BSc in Genetics, UAB (2024-2025)<\/p>\n\n\n\n<p><strong>Alejandro Cobos<\/strong> <strong>\u2013 <\/strong>BSc in Genetics, UAB, and Collaborator at PhyloGenome (2024-2025)<\/p>\n\n\n\n<p><strong>Jaime Eladi<\/strong> <strong>\u2013 <\/strong>BSc in Biology, UAB (2024-2025)<\/p>\n\n\n\n<p><strong>Ana Acosta<\/strong> <strong>\u2013 <\/strong>MSc in Advanced Genetics (2023-2024)<\/p>\n\n\n\n<p><strong>Magdalena Kostova<\/strong> <strong>\u2013 <\/strong>MSc in Advanced Genetics (2023-2024)<\/p>\n\n\n\n<p><strong>Parisa Shahsavari<\/strong> <strong>\u2013 <\/strong>MSc in Advanced Genetics (2023-2024)<\/p>\n\n\n\n<p><strong>Marc Arreaza<\/strong> <strong>\u2013 <\/strong>BSc in Genetics, UAB (2023-2024)<\/p>\n\n\n\n<p><strong>Adri\u00e0 Mompart<\/strong> <strong>\u2013 <\/strong>BSc in Genetics, UAB (2023-2024)<\/p>\n\n\n\n<p><strong>Arnau Noguera<\/strong> <strong>\u2013 <\/strong>BSc in Genetics, UAB (2023-2024)<\/p>\n\n\n\n<p><strong>Clara Inserte<\/strong> <strong>\u2013 <\/strong>BSc in Genetics, UAB (2023-2024)<\/p>\n\n\n\n<p><strong>Marta P\u00e9rez<\/strong> <strong>\u2013 <\/strong>BSc in Genetics, UAB (2023-2024)<\/p>\n\n\n\n<p><strong>Pol Roca<\/strong> <strong>\u2013 <\/strong>BSc in Genetics, UAB (2023-2024)<\/p>\n\n\n\n<p><strong>Noah Jornet-Calomarde<\/strong> <strong>\u2013 <\/strong>MSc in Bioinformatics (2022-2023), Collaborator at PhyloGenome and Professor (2023-24)<\/p>\n\n\n\n<p><strong>Cristina Amor<\/strong> <strong>\u2013 <\/strong>MSc in Bioinformatics (2022-2023)<\/p>\n\n\n\n<p><strong>Josep Rocaspana<\/strong> <strong>\u2013 <\/strong>MSc in Advanced Genetics (2022-2023)<\/p>\n\n\n\n<p><strong>Narine Fisher<\/strong> <strong>\u2013 <\/strong>BSc in Genetics, UAB (2022-2023)<\/p>\n\n\n\n<p><strong>Laura Adell<\/strong> <strong>\u2013 <\/strong>BSc in Genetics, UAB (2022-2023)<\/p>\n\n\n\n<p><strong>Judit Gago<\/strong> <strong>\u2013 <\/strong>BSc in Genetics, UAB (2022-2023)<\/p>\n\n\n\n<p><strong>Alejandro Arangua<\/strong> <strong>\u2013 <\/strong>MSc in Bioinformatics (2020-2021)<\/p>\n\n\n\n<p><strong>Edgar Nadal<\/strong> <strong>\u2013 <\/strong>MSc in Advanced Genetics (2020-2021)<\/p>\n\n\n\n<p><strong>N\u00faria Lupi\u00f3n<\/strong> <strong>\u2013 <\/strong>BSc in Genetics, UAB (2020-2021)<\/p>\n\n\n\n<p><strong>Mireia Mar\u00edn<\/strong> <strong>\u2013 <\/strong>BSc in Genetics, UAB (2020-2021)<\/p>\n\n\n\n<p><strong>Laia Carrillo<\/strong> <strong>\u2013 <\/strong>BSc in Genetics, UAB (2020-2021)<\/p>\n\n\n\n<p><strong>Jes\u00fas Murga-Moreno<\/strong> <strong>\u2013 <\/strong>MSc in Bioinformatics(2016-2017), PhD student (2017-2022; 07\/04\/2022)<\/p>\n\n\n\n<p><strong>Gemma Isabel Mart\u00ednez<\/strong> <strong>\u2013 <\/strong>BSc in Genetics, UAB (2018-2019), MSc in Bioinformatics (2019-2020)<\/p>\n\n\n\n<p><strong>Xoel Mato<\/strong> <strong>\u2013 <\/strong>MSc in Bioinformatics (2019-2020)<\/p>\n\n\n\n<p><strong>Daniel Soto<\/strong> <strong>\u2013 <\/strong>BSc in Genetics, UAB (2019-2020)<\/p>\n\n\n\n<p><strong>Ana Mendizabal<\/strong> <strong>\u2013 <\/strong>BSc in Genetics, UAB (2019-2020)<\/p>\n\n\n\n<p><strong>Aleix Canalda<\/strong> <strong>\u2013 <\/strong>BSc in Genetics, UAB (2018-2019)<\/p>\n\n\n\n<p><strong>Sergi Herv\u00e1s<\/strong> <strong>\u2013 <\/strong>PhD student (2014-2018; 30\/11\/2018)<\/p>\n\n\n\n<p><strong>Alejandra Bodel\u00f3n<\/strong> <strong>\u2013 <\/strong>MSc in Advanced Genetics (2017-2018)<\/p>\n\n\n\n<p><strong>Miguel Rodr\u00edguez<\/strong> <strong>\u2013 <\/strong>MSc in Bioinformatics (2017-2018)<\/p>\n\n\n\n<p><strong>Daniel Velasco<\/strong> <strong>\u2013 <\/strong>BSc in Biology, UAB (2016-2017)<\/p>\n\n\n\n<p><strong>Roger Mulet<\/strong> <strong>\u2013 <\/strong>MSc in Bioinformatics (2015-2016)<\/p>\n\n\n\n<p><strong>Jon Lerga<\/strong> <strong>\u2013 <\/strong>MSc in Bioinformatics (2014-2015)<\/p>\n\n\n\n<p><strong>Maite Barr\u00f3n<\/strong> <strong>\u2013 <\/strong>MSc in Bioinformatics (2009-2010)<\/p>\n\n\n\n<p><strong>Raquel Egea<\/strong> <strong>\u2013 <\/strong>PhD student (2008-2009; 28\/07\/2009)<\/p>\n\n\n\n<p><strong>Miquel R\u00e0mia<\/strong> <strong>\u2013 <\/strong>MSc in Bioinformatics (2008-2009)<\/p>\n\n\n\n<p><\/p>\n","protected":false},"excerpt":{"rendered":"<p>The Bioinformatics of Genome Diversity group aims to catalogue, represent, and interpret genomic diversity across an increasing number of species. We follow an interdisciplinary approach that integrates methods and knowledge from genomics, population genetics, data science, and bioinformatics. This research constitutes an independent research line within the Genomics, Bioinformatics and Evolutionary Biology (GBBE) SGR group [&hellip;]<\/p>\n","protected":false},"author":563,"featured_media":0,"parent":0,"menu_order":0,"comment_status":"closed","ping_status":"open","template":"","meta":{"footnotes":""},"class_list":["post-2","page","type-page","status-publish","hentry"],"_links":{"self":[{"href":"https:\/\/webs.uab.cat\/bgd\/wp-json\/wp\/v2\/pages\/2","targetHints":{"allow":["GET"]}}],"collection":[{"href":"https:\/\/webs.uab.cat\/bgd\/wp-json\/wp\/v2\/pages"}],"about":[{"href":"https:\/\/webs.uab.cat\/bgd\/wp-json\/wp\/v2\/types\/page"}],"author":[{"embeddable":true,"href":"https:\/\/webs.uab.cat\/bgd\/wp-json\/wp\/v2\/users\/563"}],"replies":[{"embeddable":true,"href":"https:\/\/webs.uab.cat\/bgd\/wp-json\/wp\/v2\/comments?post=2"}],"version-history":[{"count":9,"href":"https:\/\/webs.uab.cat\/bgd\/wp-json\/wp\/v2\/pages\/2\/revisions"}],"predecessor-version":[{"id":71,"href":"https:\/\/webs.uab.cat\/bgd\/wp-json\/wp\/v2\/pages\/2\/revisions\/71"}],"wp:attachment":[{"href":"https:\/\/webs.uab.cat\/bgd\/wp-json\/wp\/v2\/media?parent=2"}],"curies":[{"name":"wp","href":"https:\/\/api.w.org\/{rel}","templated":true}]}}