{"id":23,"date":"2026-03-05T15:42:32","date_gmt":"2026-03-05T13:42:32","guid":{"rendered":"https:\/\/webs.uab.cat\/bgd\/?page_id=23"},"modified":"2026-03-09T15:58:34","modified_gmt":"2026-03-09T13:58:34","slug":"publications","status":"publish","type":"page","link":"https:\/\/webs.uab.cat\/bgd\/publications\/","title":{"rendered":"Publications"},"content":{"rendered":"\n<h2 class=\"wp-block-heading\">2026<\/h2>\n\n\n\n<h5 class=\"wp-block-heading\"><a href=\"https:\/\/www.preprints.org\/manuscript\/202603.0681\/v1\">PSMC-FAC: A Statistical Framework for Correcting Loss of Heterozygosity in Low-Coverage Genomic Demographic Inference<\/a><\/h5>\n\n\n\n<p>Iglesias-Santos, F., Nieto, A., <a href=\"https:\/\/portalrecerca.uab.cat\/en\/persons\/s%C3%B2nia-casillas\/\">Casillas, S.<\/a>, <a href=\"https:\/\/portalrecerca.uab.cat\/en\/persons\/antoni-barbadilla-prados-4\/\">Barbadilla, A.<\/a> &amp; Sarabia, C., 1 Mar 2026, In: Preprints. (preprint)<\/p>\n\n\n\n<h2 class=\"wp-block-heading\">2025<\/h2>\n\n\n\n<h5 class=\"wp-block-heading\"><a href=\"https:\/\/portalrecerca.uab.cat\/en\/publications\/footprints-of-worldwide-adaptation-in-structured-populations-of-d-2\/\">Footprints of Worldwide Adaptation in Structured Populations of Drosophila melanogaster Through the Expanded DEST 2.0 Genomic Resource<\/a><\/h5>\n\n\n\n<p>Nunez, J. C. B.,&nbsp;<a href=\"https:\/\/portalrecerca.uab.cat\/en\/persons\/marta-coronado-zamora-6\/\">Coronado-Zamora, M.<\/a>, Gautier, M., Kapun, M., Steindl, S., Ometto, L., Hoedjes, K., Beets, J., Wiberg, R. A. W., Mazzeo, G. R., Bass, D. J., Radionov, D., Kozeretska, I., Zinchenko, M., Protsenko, O., Serga, S. V., Amor-Jimenez, C.,&nbsp;<a href=\"https:\/\/portalrecerca.uab.cat\/en\/persons\/s%C3%B2nia-casillas\/\">Casillas, S.<\/a>, S\u00e1nchez-Gracia, A. &amp; Patenkovic, A.<a href=\"https:\/\/portalrecerca.uab.cat\/en\/persons\/s%C3%B2nia-casillas\/publications\/#\">&nbsp;&amp; 82 others<\/a>,&nbsp;,&nbsp;18 Aug 2025,&nbsp;In:&nbsp;<a href=\"https:\/\/portalrecerca.uab.cat\/en\/persons\/s%C3%B2nia-casillas\/publications\/#\">Molecular Biology and Evolution.<\/a>&nbsp;8, msaf132.<\/p>\n\n\n\n<h2 class=\"wp-block-heading\">2024<\/h2>\n\n\n\n<h5 class=\"wp-block-heading\"><a href=\"https:\/\/portalrecerca.uab.cat\/en\/publications\/an-efficient-and-robust-abc-approach-to-infer-the-rate-and-streng-2\/\">An efficient and robust ABC approach to infer the rate and strength of adaptation<\/a><\/h5>\n\n\n\n<p><a href=\"https:\/\/portalrecerca.uab.cat\/en\/persons\/s%C3%B2nia-casillas\/\">Casillas, S.<\/a>,&nbsp;<a href=\"https:\/\/portalrecerca.uab.cat\/en\/persons\/antoni-barbadilla-prados-4\/\">Barbadilla, A.<\/a>, Uricchio, L. &amp; Enard, D.,&nbsp;14 Feb 2024,&nbsp;In:&nbsp;<a href=\"https:\/\/portalrecerca.uab.cat\/en\/persons\/s%C3%B2nia-casillas\/publications\/#\">G3: Genes, Genomes, Genetics.<\/a>&nbsp;14,&nbsp;23 p.<\/p>\n\n\n\n<h5 class=\"wp-block-heading\"><a href=\"https:\/\/portalrecerca.uab.cat\/en\/publications\/multiple-genomic-landscapes-of-recombination-and-genomic-divergen\/\">Multiple Genomic Landscapes of Recombination and Genomic Divergence in Wild Populations of House Mice\u2014The Role of Chromosomal Fusions and Prdm9<\/a><\/h5>\n\n\n\n<p>Mar\u00edn-Garc\u00eda, C., \u00c1lvarez-Gonz\u00e1lez, L., Mar\u00edn-Gual, L.,&nbsp;<a href=\"https:\/\/portalrecerca.uab.cat\/en\/persons\/s%C3%B2nia-casillas\/\">Casillas, S.<\/a>, Pic\u00f3n, J., Yam, K., Garcias-Ramis, M. M., Vara, C., Ventura, J.,&nbsp;<a href=\"https:\/\/portalrecerca.uab.cat\/en\/persons\/aurora-manuela-ruiz-herrera-moreno-6\/\">Ruiz-Herrera, A.<\/a>&nbsp;&amp; Larracuente, A. (Editor),&nbsp;21 Mar 2024,&nbsp;In:&nbsp;<a href=\"https:\/\/portalrecerca.uab.cat\/en\/persons\/s%C3%B2nia-casillas\/publications\/#\">Molecular Biology and Evolution.<\/a>&nbsp;41,&nbsp;4,&nbsp;16 p., msae063.<\/p>\n\n\n\n<h2 class=\"wp-block-heading\">2023<\/h2>\n\n\n\n<h5 class=\"wp-block-heading\"><a href=\"https:\/\/portalrecerca.uab.cat\/en\/publications\/an-efficient-and-robust-abc-approach-to-infer-the-rate-and-streng\/\">An efficient and robust ABC approach to infer the rate and strength of adaptation<\/a><\/h5>\n\n\n\n<p>Murga-Moreno, J.,\u00a0<a href=\"https:\/\/portalrecerca.uab.cat\/en\/persons\/s%C3%B2nia-casillas\/\">Casillas, S.<\/a>, Barbadilla, A., Uricchio, L. &amp; Enard, D.,\u00a028 Sept 2023,\u00a039 p. (preprint)<\/p>\n\n\n\n<h2 class=\"wp-block-heading\">2022<\/h2>\n\n\n\n<h5 class=\"wp-block-heading\"><a href=\"https:\/\/portalrecerca.uab.cat\/en\/publications\/impmkt-the-imputed-mcdonald-and-kreitman-test-a-straightforward-c\/\">impMKT: the imputed McDonald and Kreitman test, a straightforward correction that significantly increases the evidence of positive selection of the McDonald and Kreitman test at the gene level<\/a><\/h5>\n\n\n\n<p>Murga-Moreno, J.,&nbsp;<a href=\"https:\/\/portalrecerca.uab.cat\/en\/persons\/marta-coronado-zamora-6\/\">Coronado-Zamora, M.<\/a>,&nbsp;<a href=\"https:\/\/portalrecerca.uab.cat\/en\/persons\/s%C3%B2nia-casillas\/\">Casillas, S.<\/a>&nbsp;&amp;&nbsp;<a href=\"https:\/\/portalrecerca.uab.cat\/en\/persons\/antoni-barbadilla-prados-4\/\">Barbadilla, A.<\/a>,&nbsp;Oct 2022,&nbsp;In:&nbsp;<a href=\"https:\/\/portalrecerca.uab.cat\/en\/persons\/s%C3%B2nia-casillas\/publications\/#\">G3: Genes, Genomes, Genetics.<\/a>&nbsp;12,&nbsp;10,&nbsp;14 p., jkac206.<\/p>\n\n\n\n<h5 class=\"wp-block-heading\"><a href=\"https:\/\/portalrecerca.uab.cat\/en\/publications\/pophumanvar-an-interactive-application-for-the-functional-charact\/\">PopHumanVar : an interactive application for the functional characterization and prioritization of adaptive genomic variants in humans<\/a><\/h5>\n\n\n\n<p>Colomer-Vilaplana, A., Murga-Moreno, J., Canalda-Baltrons, A., Inserte, C., Soto, D.,&nbsp;<a href=\"https:\/\/portalrecerca.uab.cat\/en\/persons\/marta-coronado-zamora-6\/\">Coronado-Zamora, M.<\/a>,&nbsp;<a href=\"https:\/\/portalrecerca.uab.cat\/en\/persons\/antoni-barbadilla-prados-4\/\">Barbadilla, A.<\/a>&nbsp;&amp;&nbsp;<a href=\"https:\/\/portalrecerca.uab.cat\/en\/persons\/s%C3%B2nia-casillas\/\">Casillas, S.<\/a>,&nbsp;2022,&nbsp;In:&nbsp;Nucleic acids research.&nbsp;50,&nbsp;D1,&nbsp;p. D1069-D1076&nbsp;8 p.<\/p>\n\n\n\n<h2 class=\"wp-block-heading\">2021<\/h2>\n\n\n\n<h5 class=\"wp-block-heading\"><a href=\"https:\/\/portalrecerca.uab.cat\/en\/publications\/drosophila-evolution-over-space-and-time-dest-a-new-population-ge\/\">Drosophila Evolution over Space and Time (DEST) &#8211; A New Population Genomics Resource<\/a><\/h5>\n\n\n\n<p>Glaser-Schmitt, A., Jelic, M., Gallardo-Jim\u00e9nez, F. D., Puerma, E., Tauber, E., Schou, M. F., Fabian, D. K., Ullastres, A., Kapun, M., Espinosa-Jimenez, M. L., Bogaerts-M\u00e1rquez, M., Merenciano, M., Outten, J., Rota-Stabelli, O., Buend\u00eda-Ru\u00edz, A. J., Wheat, C. W., Guio, L., Paris, M., Patenkovic, A. &amp; Lazzaro, B. P.<a href=\"https:\/\/portalrecerca.uab.cat\/en\/persons\/s%C3%B2nia-casillas\/publications\/#\">&nbsp;&amp; 31 others<\/a>,&nbsp;,&nbsp;9 Dec 2021,&nbsp;In:&nbsp;<a href=\"https:\/\/portalrecerca.uab.cat\/en\/persons\/s%C3%B2nia-casillas\/publications\/#\">Molecular Biology and Evolution.<\/a>&nbsp;38,&nbsp;12,&nbsp;p. 5782-5805&nbsp;24 p.<\/p>\n\n\n\n<h2 class=\"wp-block-heading\">2020<\/h2>\n\n\n\n<h5 class=\"wp-block-heading\"><a href=\"https:\/\/portalrecerca.uab.cat\/en\/publications\/germline-de-novo-mutation-rates-on-exons-versus-introns-in-humans\/\">Germline de novo mutation rates on exons versus introns in humans<\/a><\/h5>\n\n\n\n<p>Rodriguez-Galindo, M.,&nbsp;<a href=\"https:\/\/portalrecerca.uab.cat\/en\/persons\/s%C3%B2nia-casillas\/\">Casillas, S.<\/a>, Weghorn, D. &amp;&nbsp;<a href=\"https:\/\/portalrecerca.uab.cat\/en\/persons\/antoni-barbadilla-prados-4\/\">Barbadilla, A.<\/a>,&nbsp;2020,&nbsp;In:&nbsp;Nature Communications.&nbsp;11<\/p>\n\n\n\n<h2 class=\"wp-block-heading\">2019<\/h2>\n\n\n\n<h5 class=\"wp-block-heading\"><a href=\"https:\/\/portalrecerca.uab.cat\/en\/publications\/genome-wide-patterns-of-sequence-divergence-of-protein-coding-gen\/\">Genome-Wide Patterns of Sequence Divergence of Protein-Coding Genes between Drosophila buzzatii and D. mojavensis<\/a><\/h5>\n\n\n\n<p>Guill\u00e9n, Y.,&nbsp;<a href=\"https:\/\/portalrecerca.uab.cat\/en\/persons\/s%C3%B2nia-casillas\/\">Casillas, S.<\/a>&nbsp;&amp; Ruiz, A.,&nbsp;7 Jan 2019,&nbsp;In:&nbsp;<a href=\"https:\/\/portalrecerca.uab.cat\/en\/persons\/s%C3%B2nia-casillas\/publications\/#\">Journal of Heredity.<\/a>&nbsp;110,&nbsp;1,&nbsp;p. 92-101&nbsp;10 p.<\/p>\n\n\n\n<h5 class=\"wp-block-heading\"><a href=\"https:\/\/portalrecerca.uab.cat\/en\/publications\/imkt-the-integrative-mcdonald-and-kreitman-test\/\">IMKT: The integrative McDonald and Kreitman test<\/a><\/h5>\n\n\n\n<p>Murga-Moreno, J.,&nbsp;<a href=\"https:\/\/portalrecerca.uab.cat\/en\/persons\/marta-coronado-zamora-6\/\">Coronado-Zamora, M.<\/a>, Hervas, S.,&nbsp;<a href=\"https:\/\/portalrecerca.uab.cat\/en\/persons\/s%C3%B2nia-casillas\/\">Casillas, S.<\/a>&nbsp;&amp;&nbsp;<a href=\"https:\/\/portalrecerca.uab.cat\/en\/persons\/antoni-barbadilla-prados-4\/\">Barbadilla, A.<\/a>,&nbsp;1 Jul 2019,&nbsp;In:&nbsp;Nucleic acids research.&nbsp;47,&nbsp;W1,&nbsp;p. W283-W288<\/p>\n\n\n\n<h5 class=\"wp-block-heading\"><a href=\"https:\/\/portalrecerca.uab.cat\/en\/publications\/large-expert-curated-database-for-benchmarking-document-similarit\/\">Large expert-curated database for benchmarking document similarity detection in biomedical literature search<\/a><\/h5>\n\n\n\n<p>RELISH Consortium,&nbsp;2019,&nbsp;In:&nbsp;<a href=\"https:\/\/portalrecerca.uab.cat\/en\/persons\/s%C3%B2nia-casillas\/publications\/#\">Database.<\/a>&nbsp;2019,&nbsp;p. 1-67&nbsp;67 p.<\/p>\n\n\n\n<h5 class=\"wp-block-heading\"><a href=\"https:\/\/portalrecerca.uab.cat\/en\/publications\/pophumanscan-the-online-catalog-of-human-genome-adaptation\/\">PopHumanScan: The online catalog of human genome adaptation<\/a><\/h5>\n\n\n\n<p>Murga-Moreno, J.,&nbsp;<a href=\"https:\/\/portalrecerca.uab.cat\/en\/persons\/marta-coronado-zamora-6\/\">Coronado-Zamora, M.<\/a>, Bodel\u00f3n, A.,&nbsp;<a href=\"https:\/\/portalrecerca.uab.cat\/en\/persons\/antoni-barbadilla-prados-4\/\">Barbadilla, A.<\/a>&nbsp;&amp;&nbsp;<a href=\"https:\/\/portalrecerca.uab.cat\/en\/persons\/s%C3%B2nia-casillas\/\">Casillas, S.<\/a>,&nbsp;8 Jan 2019,&nbsp;In:&nbsp;Nucleic Acids Research.&nbsp;47,&nbsp;D1,&nbsp;p. D1080-D1089<\/p>\n\n\n\n<h2 class=\"wp-block-heading\">2018<\/h2>\n\n\n\n<h5 class=\"wp-block-heading\"><a href=\"https:\/\/portalrecerca.uab.cat\/en\/publications\/pophuman-the-human-population-genomics-browser\/\">PopHuman: The human population genomics browser<\/a><\/h5>\n\n\n\n<p><a href=\"https:\/\/portalrecerca.uab.cat\/en\/persons\/s%C3%B2nia-casillas\/\">Casillas, S.<\/a>, Mulet, R., Villegas-Mir\u00f3n, P., Hervas, S., Sanz, E., Velasco, D., Bertranpetit, J., Laayouni, H. &amp;&nbsp;<a href=\"https:\/\/portalrecerca.uab.cat\/en\/persons\/antoni-barbadilla-prados-4\/\">Barbadilla, A.<\/a>,&nbsp;1 Jan 2018,&nbsp;In:&nbsp;Nucleic Acids Research.&nbsp;46,&nbsp;D1,&nbsp;p. D1003-D1010&nbsp;8 p.<\/p>\n\n\n\n<h2 class=\"wp-block-heading\">2017<\/h2>\n\n\n\n<h5 class=\"wp-block-heading\"><a href=\"https:\/\/portalrecerca.uab.cat\/en\/publications\/molecular-population-genetics\/\">Molecular population genetics<\/a><\/h5>\n\n\n\n<p><a href=\"https:\/\/portalrecerca.uab.cat\/en\/persons\/s%C3%B2nia-casillas\/\">Casillas, S.<\/a>&nbsp;&amp;&nbsp;<a href=\"https:\/\/portalrecerca.uab.cat\/en\/persons\/antoni-barbadilla-prados-4\/\">Barbadilla, A.<\/a>,&nbsp;Mar 2017,&nbsp;In:&nbsp;<a href=\"https:\/\/portalrecerca.uab.cat\/en\/persons\/s%C3%B2nia-casillas\/publications\/#\">Genetics.<\/a>&nbsp;205,&nbsp;3,&nbsp;p. 1003-1035&nbsp;33 p.<\/p>\n\n\n\n<h5 class=\"wp-block-heading\"><a href=\"https:\/\/portalrecerca.uab.cat\/en\/publications\/popfly-the-drosophila-population-genomics-browser\/\">PopFly: the Drosophila population genomics browser<\/a><\/h5>\n\n\n\n<p>Hervas, S., Sanz, E.,&nbsp;<a href=\"https:\/\/portalrecerca.uab.cat\/en\/persons\/s%C3%B2nia-casillas\/\">Casillas, S.<\/a>, Pool, J. E. &amp;&nbsp;<a href=\"https:\/\/portalrecerca.uab.cat\/en\/persons\/antoni-barbadilla-prados-4\/\">Barbadilla, A.<\/a>,&nbsp;1 Sept 2017,&nbsp;In:&nbsp;Bioinformatics (Oxford, England).&nbsp;33,&nbsp;17,&nbsp;p. 2779-2780&nbsp;2 p.<\/p>\n\n\n\n<h2 class=\"wp-block-heading\">2014<\/h2>\n\n\n\n<h5 class=\"wp-block-heading\"><a href=\"https:\/\/portalrecerca.uab.cat\/en\/publications\/genomics-of-ecological-adaptation-in-cactophilic-drosophila\/\">Genomics of ecological adaptation in cactophilic Drosophila<\/a><\/h5>\n\n\n\n<p>Guill\u00e9n, Y., Rius, N., Delprat, A., Williford, A., Muyas, F.,&nbsp;<a href=\"https:\/\/portalrecerca.uab.cat\/en\/persons\/marta-puig-font-7\/\">Puig, M.<\/a>,&nbsp;<a href=\"https:\/\/portalrecerca.uab.cat\/en\/persons\/s%C3%B2nia-casillas\/\">Casillas, S.<\/a>, R\u00e0mia, M., Egea, R., Negre, B., Mir, G.,&nbsp;<a href=\"https:\/\/portalrecerca.uab.cat\/en\/persons\/jordi-camps-polo-2\/\">Camps, J.<\/a>, Moncunill, V., Ruiz-Ruano, F. J., Cabrero, J., De Lima, L. G., Dias, G. B., Ruiz, J. C., Kapusta, A. &amp; Garcia-Mas, J.<a href=\"https:\/\/portalrecerca.uab.cat\/en\/persons\/s%C3%B2nia-casillas\/publications\/#\">&nbsp;&amp; 10 others<\/a>,&nbsp;,&nbsp;27 Dec 2014,&nbsp;In:&nbsp;<a href=\"https:\/\/portalrecerca.uab.cat\/en\/persons\/s%C3%B2nia-casillas\/publications\/#\">Genome Biology and Evolution.<\/a>&nbsp;7,&nbsp;1,&nbsp;p. 349-366&nbsp;18 p.<\/p>\n\n\n\n<h2 class=\"wp-block-heading\">2012<\/h2>\n\n\n\n<h5 class=\"wp-block-heading\"><a href=\"https:\/\/portalrecerca.uab.cat\/en\/publications\/popdrowser-the-population-drosophila-browser\/\">PopDrowser: The population drosophila browser<\/a><\/h5>\n\n\n\n<p>R\u00e0mia, M., Librado, P.,&nbsp;<a href=\"https:\/\/portalrecerca.uab.cat\/en\/persons\/s%C3%B2nia-casillas\/\">Casillas, S.<\/a>, Rozas, J. &amp;&nbsp;<a href=\"https:\/\/portalrecerca.uab.cat\/en\/persons\/antoni-barbadilla-prados-4\/\">Barbadilla, A.<\/a>,&nbsp;Feb 2012,&nbsp;In:&nbsp;Bioinformatics.&nbsp;28,&nbsp;4,&nbsp;p. 595-596&nbsp;2 p., btr691.<\/p>\n\n\n\n<h5 class=\"wp-block-heading\"><a href=\"https:\/\/portalrecerca.uab.cat\/en\/publications\/the-drosophila-melanogaster-genetic-reference-panel\/\">The Drosophila melanogaster Genetic Reference Panel<\/a><\/h5>\n\n\n\n<p>Mackay, T., Richards, S., Stone, E.,&nbsp;<a href=\"https:\/\/portalrecerca.uab.cat\/en\/persons\/antoni-barbadilla-prados-4\/\">Barbadilla, A.<\/a>, Ayroles, J., Zhu, D.,&nbsp;<a href=\"https:\/\/portalrecerca.uab.cat\/en\/persons\/s%C3%B2nia-casillas\/\">Casillas, S.<\/a>, Han, Y., Magwire, M. &amp; Cridland, J. M.,&nbsp;1 Feb 2012,&nbsp;In:&nbsp;Nature.&nbsp;482,&nbsp;7384,&nbsp;p. 173-178<\/p>\n\n\n\n<h2 class=\"wp-block-heading\">2011<\/h2>\n\n\n\n<h5 class=\"wp-block-heading\"><a href=\"https:\/\/portalrecerca.uab.cat\/en\/publications\/masish-a-database-for-gene-expression-in-maize-seeds\/\">MASISH: A database for gene expression in maize seeds<\/a><\/h5>\n\n\n\n<p>Miquel, M., L\u00f3pez-Ribera, I., R\u00e0mia, M.,&nbsp;<a href=\"https:\/\/portalrecerca.uab.cat\/en\/persons\/s%C3%B2nia-casillas\/\">Casillas, S.<\/a>,&nbsp;<a href=\"https:\/\/portalrecerca.uab.cat\/en\/persons\/antoni-barbadilla-prados-4\/\">Barbadilla, A.<\/a>&nbsp;&amp; Vicient, C. M.,&nbsp;Feb 2011,&nbsp;In:&nbsp;Bioinformatics.&nbsp;27,&nbsp;3,&nbsp;p. 435-436&nbsp;2 p., btq654.<\/p>\n\n\n\n<h2 class=\"wp-block-heading\">2008<\/h2>\n\n\n\n<h5 class=\"wp-block-heading\"><a href=\"https:\/\/portalrecerca.uab.cat\/en\/publications\/standard-and-generalized-mcdonald-kreitman-test-a-website-to-dete\/\">Standard and generalized McDonald-Kreitman test: a website to detect selection by comparing different classes of DNA sites.<\/a><\/h5>\n\n\n\n<p>Egea, R.,&nbsp;<a href=\"https:\/\/portalrecerca.uab.cat\/en\/persons\/s%C3%B2nia-casillas\/\">Casillas, S.<\/a>&nbsp;&amp;&nbsp;<a href=\"https:\/\/portalrecerca.uab.cat\/en\/persons\/antoni-barbadilla-prados-4\/\">Barbadilla, A.<\/a>,&nbsp;1 Jul 2008,&nbsp;In:&nbsp;Nucleic acids research.&nbsp;36,&nbsp;p. W157-162&nbsp;8 p.<\/p>\n\n\n\n<h2 class=\"wp-block-heading\">2007<\/h2>\n\n\n\n<h5 class=\"wp-block-heading\"><a href=\"https:\/\/portalrecerca.uab.cat\/en\/publications\/drosophila-polymorphism-database-dpdb-a-portal-for-nucleotide-pol\/\">Drosophila polymorphism database (DPDB) a portal for nucleotide polymorphism in Drosophila<\/a><\/h5>\n\n\n\n<p><a href=\"https:\/\/portalrecerca.uab.cat\/en\/persons\/s%C3%B2nia-casillas\/\">Casillas, S.<\/a>, Egea, R., Petit, N., Bergman, C. M. &amp;&nbsp;<a href=\"https:\/\/portalrecerca.uab.cat\/en\/persons\/antoni-barbadilla-prados-4\/\">Barbadilla, A.<\/a>,&nbsp;2007,&nbsp;In:&nbsp;<a href=\"https:\/\/portalrecerca.uab.cat\/en\/persons\/s%C3%B2nia-casillas\/publications\/#\">Fly.<\/a>&nbsp;1,&nbsp;4,&nbsp;p. 205-211&nbsp;7 p.<\/p>\n\n\n\n<h5 class=\"wp-block-heading\"><a href=\"https:\/\/portalrecerca.uab.cat\/en\/publications\/mampol-a-database-of-nucleotide-polymorphism-in-the-mammalia-clas\/\">MamPol: A database of nucleotide polymorphism in the Mammalia class<\/a><\/h5>\n\n\n\n<p>Egea, R.,&nbsp;<a href=\"https:\/\/portalrecerca.uab.cat\/en\/persons\/s%C3%B2nia-casillas\/\">Casillas, S.<\/a>, Fern\u00e1ndez, E.,&nbsp;<a href=\"https:\/\/portalrecerca.uab.cat\/en\/persons\/miquel-%C3%A0ngel-senar-rosell-7\/\">Senar, M. \u00c0.<\/a>&nbsp;&amp;&nbsp;<a href=\"https:\/\/portalrecerca.uab.cat\/en\/persons\/antoni-barbadilla-prados-4\/\">Barbadilla, A.<\/a>,&nbsp;Jan 2007,&nbsp;In:&nbsp;Nucleic acids research.&nbsp;35,&nbsp;SUPPL. 1,&nbsp;p. D624-D629<\/p>\n\n\n\n<h5 class=\"wp-block-heading\"><a href=\"https:\/\/portalrecerca.uab.cat\/en\/publications\/protein-polymorphism-is-negatively-correlated-with-conservation-o\/\">Protein polymorphism is negatively correlated with conservation of intronic sequences and complexity of expression patterns in Drosophila melanogaster<\/a><\/h5>\n\n\n\n<p>Petit, N.,&nbsp;<a href=\"https:\/\/portalrecerca.uab.cat\/en\/persons\/s%C3%B2nia-casillas\/\">Casillas, S.<\/a>, Ruiz, A. &amp;&nbsp;<a href=\"https:\/\/portalrecerca.uab.cat\/en\/persons\/antoni-barbadilla-prados-4\/\">Barbadilla, A.<\/a>,&nbsp;May 2007,&nbsp;In:&nbsp;<a href=\"https:\/\/portalrecerca.uab.cat\/en\/persons\/s%C3%B2nia-casillas\/publications\/#\">Journal of Molecular Evolution.<\/a>&nbsp;64,&nbsp;5,&nbsp;p. 511-518&nbsp;8 p.<\/p>\n\n\n\n<h5 class=\"wp-block-heading\"><a href=\"https:\/\/portalrecerca.uab.cat\/en\/publications\/purifying-selection-maintains-highly-conserved-noncoding-sequence\/\">Purifying selection maintains highly conserved noncoding sequences in Drosophila<\/a><\/h5>\n\n\n\n<p><a href=\"https:\/\/portalrecerca.uab.cat\/en\/persons\/s%C3%B2nia-casillas\/\">Casillas, S.<\/a>,&nbsp;<a href=\"https:\/\/portalrecerca.uab.cat\/en\/persons\/antoni-barbadilla-prados-4\/\">Barbadilla, A.<\/a>&nbsp;&amp; Bergman, C. M.,&nbsp;Oct 2007,&nbsp;In:&nbsp;<a href=\"https:\/\/portalrecerca.uab.cat\/en\/persons\/s%C3%B2nia-casillas\/publications\/#\">Molecular Biology and Evolution.<\/a>&nbsp;24,&nbsp;10,&nbsp;p. 2222-2234&nbsp;13 p.<\/p>\n\n\n\n<h2 class=\"wp-block-heading\">2006<\/h2>\n\n\n\n<h5 class=\"wp-block-heading\"><a href=\"https:\/\/portalrecerca.uab.cat\/en\/publications\/fast-sequence-evolution-of-hox-and-hox-derived-genes-in-the-genus\/\">Fast sequence evolution of Hox and Hox-derived genes in the genus Drosophila<\/a><\/h5>\n\n\n\n<p><a href=\"https:\/\/portalrecerca.uab.cat\/en\/persons\/s%C3%B2nia-casillas\/\">Casillas, S.<\/a>, Negre, B.,&nbsp;<a href=\"https:\/\/portalrecerca.uab.cat\/en\/persons\/antoni-barbadilla-prados-4\/\">Barbadilla, A.<\/a>&nbsp;&amp; Ruiz, A.,&nbsp;12 Dec 2006,&nbsp;In:&nbsp;BMC Evolutionary Biology.&nbsp;6,&nbsp;15 p., 106.<\/p>\n\n\n\n<h5 class=\"wp-block-heading\"><a href=\"https:\/\/portalrecerca.uab.cat\/en\/publications\/pda-v2-improving-the-exploration-and-estimation-of-nucleotide-pol\/\">PDA v.2: Improving the exploration and estimation of nucleotide polymorphism in large datasets of heterogeneous DNA<\/a><\/h5>\n\n\n\n<p><a href=\"https:\/\/portalrecerca.uab.cat\/en\/persons\/s%C3%B2nia-casillas\/\">Casillas, S.<\/a>&nbsp;&amp;&nbsp;<a href=\"https:\/\/portalrecerca.uab.cat\/en\/persons\/antoni-barbadilla-prados-4\/\">Barbadilla, A.<\/a>,&nbsp;Jul 2006,&nbsp;In:&nbsp;Nucleic Acids Research.&nbsp;34,&nbsp;WEB. SERV. ISS.,&nbsp;p. W632-W634&nbsp;3 p.<\/p>\n\n\n\n<h2 class=\"wp-block-heading\">2005<\/h2>\n\n\n\n<h5 class=\"wp-block-heading\"><a href=\"https:\/\/portalrecerca.uab.cat\/en\/publications\/conservation-of-regulatory-sequences-and-gene-expression-patterns-3\/\">Conservation of regulatory sequences and gene expression patterns in the disintegrating Drosophila Hox gene complex<\/a><\/h5>\n\n\n\n<p>Negre, B.,&nbsp;<a href=\"https:\/\/portalrecerca.uab.cat\/en\/persons\/s%C3%B2nia-casillas\/\">Casillas, S.<\/a>, Suzanne, M., S\u00e1nchez-Herrero, E., Akam, M., Nefedov, M.,&nbsp;<a href=\"https:\/\/portalrecerca.uab.cat\/en\/persons\/antoni-barbadilla-prados-4\/\">Barbadilla, A.<\/a>, De Jong, P. &amp; Ruiz, A.,&nbsp;1 May 2005,&nbsp;In:&nbsp;<a href=\"https:\/\/portalrecerca.uab.cat\/en\/persons\/s%C3%B2nia-casillas\/publications\/#\">Genome Research.<\/a>&nbsp;15,&nbsp;5,&nbsp;p. 692-700&nbsp;9 p.<\/p>\n\n\n\n<h5 class=\"wp-block-heading\"><a href=\"https:\/\/portalrecerca.uab.cat\/en\/publications\/a-database-for-the-storage-representation-and-analysis-of-polymor\/\">DPDB: A database for the storage, representation and analysis of polymorphism in the Drosophila genus<\/a><\/h5>\n\n\n\n<p><a href=\"https:\/\/portalrecerca.uab.cat\/en\/persons\/s%C3%B2nia-casillas\/\">Casillas, S.<\/a>, Petit, N. &amp;&nbsp;<a href=\"https:\/\/portalrecerca.uab.cat\/en\/persons\/antoni-barbadilla-prados-4\/\">Barbadilla, A.<\/a>,&nbsp;1 Sept 2005,&nbsp;In:&nbsp;Bioinformatics.&nbsp;21,&nbsp;SUPPL. 2,&nbsp;p. ii26-ii30&nbsp;5 p.<\/p>\n\n\n\n<h2 class=\"wp-block-heading\">2004<\/h2>\n\n\n\n<h5 class=\"wp-block-heading\"><a href=\"https:\/\/portalrecerca.uab.cat\/en\/publications\/pda-a-pipeline-to-explore-and-estimate-polymorphism-in-large-dna-\/\">PDA: A pipeline to explore and estimate polymorphism in large DNA databases<\/a><\/h5>\n\n\n\n<p><a href=\"https:\/\/portalrecerca.uab.cat\/en\/persons\/s%C3%B2nia-casillas\/\">Casillas, S.<\/a>&nbsp;&amp;&nbsp;<a href=\"https:\/\/portalrecerca.uab.cat\/en\/persons\/antoni-barbadilla-prados-4\/\">Barbadilla, A.<\/a>,&nbsp;1 Jul 2004,&nbsp;In:&nbsp;Nucleic Acids Research.&nbsp;32,&nbsp;p. W166-W169&nbsp;4 p.<\/p>\n","protected":false},"excerpt":{"rendered":"<p>2026 PSMC-FAC: A Statistical Framework for Correcting Loss of Heterozygosity in Low-Coverage Genomic Demographic Inference Iglesias-Santos, F., Nieto, A., Casillas, S., Barbadilla, A. &amp; Sarabia, C., 1 Mar 2026, In: Preprints. (preprint) 2025 Footprints of Worldwide Adaptation in Structured Populations of Drosophila melanogaster Through the Expanded DEST 2.0 Genomic Resource Nunez, J. C. B.,&nbsp;Coronado-Zamora, M., [&hellip;]<\/p>\n","protected":false},"author":563,"featured_media":0,"parent":0,"menu_order":0,"comment_status":"closed","ping_status":"closed","template":"","meta":{"footnotes":""},"class_list":["post-23","page","type-page","status-publish","hentry"],"_links":{"self":[{"href":"https:\/\/webs.uab.cat\/bgd\/wp-json\/wp\/v2\/pages\/23","targetHints":{"allow":["GET"]}}],"collection":[{"href":"https:\/\/webs.uab.cat\/bgd\/wp-json\/wp\/v2\/pages"}],"about":[{"href":"https:\/\/webs.uab.cat\/bgd\/wp-json\/wp\/v2\/types\/page"}],"author":[{"embeddable":true,"href":"https:\/\/webs.uab.cat\/bgd\/wp-json\/wp\/v2\/users\/563"}],"replies":[{"embeddable":true,"href":"https:\/\/webs.uab.cat\/bgd\/wp-json\/wp\/v2\/comments?post=23"}],"version-history":[{"count":7,"href":"https:\/\/webs.uab.cat\/bgd\/wp-json\/wp\/v2\/pages\/23\/revisions"}],"predecessor-version":[{"id":89,"href":"https:\/\/webs.uab.cat\/bgd\/wp-json\/wp\/v2\/pages\/23\/revisions\/89"}],"wp:attachment":[{"href":"https:\/\/webs.uab.cat\/bgd\/wp-json\/wp\/v2\/media?parent=23"}],"curies":[{"name":"wp","href":"https:\/\/api.w.org\/{rel}","templated":true}]}}