{"id":48,"date":"2026-03-05T19:55:13","date_gmt":"2026-03-05T17:55:13","guid":{"rendered":"https:\/\/webs.uab.cat\/bgd\/?page_id=48"},"modified":"2026-03-06T10:38:46","modified_gmt":"2026-03-06T08:38:46","slug":"social-events","status":"publish","type":"page","link":"https:\/\/webs.uab.cat\/bgd\/social-events\/","title":{"rendered":"Gallery"},"content":{"rendered":"\n<div class=\"wp-block-media-text is-stacked-on-mobile\"><figure class=\"wp-block-media-text__media\"><img loading=\"lazy\" decoding=\"async\" width=\"1024\" height=\"768\" src=\"https:\/\/webs.uab.cat\/bgd\/wp-content\/uploads\/sites\/688\/2026\/03\/IMG_8536-1024x768.jpg\" alt=\"\" class=\"wp-image-59 size-full\" srcset=\"https:\/\/webs.uab.cat\/bgd\/wp-content\/uploads\/sites\/688\/2026\/03\/IMG_8536-1024x768.jpg 1024w, https:\/\/webs.uab.cat\/bgd\/wp-content\/uploads\/sites\/688\/2026\/03\/IMG_8536-300x225.jpg 300w, https:\/\/webs.uab.cat\/bgd\/wp-content\/uploads\/sites\/688\/2026\/03\/IMG_8536-768x576.jpg 768w, https:\/\/webs.uab.cat\/bgd\/wp-content\/uploads\/sites\/688\/2026\/03\/IMG_8536-1536x1152.jpg 1536w, https:\/\/webs.uab.cat\/bgd\/wp-content\/uploads\/sites\/688\/2026\/03\/IMG_8536-2048x1536.jpg 2048w, https:\/\/webs.uab.cat\/bgd\/wp-content\/uploads\/sites\/688\/2026\/03\/IMG_8536-1200x900.jpg 1200w, https:\/\/webs.uab.cat\/bgd\/wp-content\/uploads\/sites\/688\/2026\/03\/IMG_8536-1980x1485.jpg 1980w\" sizes=\"auto, (max-width: 1024px) 100vw, 1024px\" \/><\/figure><div class=\"wp-block-media-text__content\">\n<p><a href=\"https:\/\/sgpe2025.segenetica.es\/\">XXIV Seminario Gen\u00e9tica de Poblaciones y Evoluci\u00f3n, 2025<\/a><\/p>\n<\/div><\/div>\n\n\n\n<div class=\"wp-block-media-text is-stacked-on-mobile\"><figure class=\"wp-block-media-text__media\"><img loading=\"lazy\" decoding=\"async\" width=\"1024\" height=\"768\" src=\"https:\/\/webs.uab.cat\/bgd\/wp-content\/uploads\/sites\/688\/2026\/03\/1734376080126-1024x768.jpg\" alt=\"\" class=\"wp-image-54 size-full\" srcset=\"https:\/\/webs.uab.cat\/bgd\/wp-content\/uploads\/sites\/688\/2026\/03\/1734376080126-1024x768.jpg 1024w, https:\/\/webs.uab.cat\/bgd\/wp-content\/uploads\/sites\/688\/2026\/03\/1734376080126-300x225.jpg 300w, https:\/\/webs.uab.cat\/bgd\/wp-content\/uploads\/sites\/688\/2026\/03\/1734376080126-768x576.jpg 768w, https:\/\/webs.uab.cat\/bgd\/wp-content\/uploads\/sites\/688\/2026\/03\/1734376080126-1536x1152.jpg 1536w, https:\/\/webs.uab.cat\/bgd\/wp-content\/uploads\/sites\/688\/2026\/03\/1734376080126-1200x900.jpg 1200w, https:\/\/webs.uab.cat\/bgd\/wp-content\/uploads\/sites\/688\/2026\/03\/1734376080126-1980x1485.jpg 1980w, https:\/\/webs.uab.cat\/bgd\/wp-content\/uploads\/sites\/688\/2026\/03\/1734376080126.jpg 2048w\" sizes=\"auto, (max-width: 1024px) 100vw, 1024px\" \/><\/figure><div class=\"wp-block-media-text__content\">\n<p>Parc Natural del Montnegre-Corredor, December 2024<\/p>\n<\/div><\/div>\n\n\n\n<div class=\"wp-block-media-text is-stacked-on-mobile\"><figure class=\"wp-block-media-text__media\"><img loading=\"lazy\" decoding=\"async\" width=\"1024\" height=\"461\" src=\"https:\/\/webs.uab.cat\/bgd\/wp-content\/uploads\/sites\/688\/2026\/03\/IMG_20240620_145101-1024x461.jpg\" alt=\"\" class=\"wp-image-57 size-full\" srcset=\"https:\/\/webs.uab.cat\/bgd\/wp-content\/uploads\/sites\/688\/2026\/03\/IMG_20240620_145101-1024x461.jpg 1024w, https:\/\/webs.uab.cat\/bgd\/wp-content\/uploads\/sites\/688\/2026\/03\/IMG_20240620_145101-300x135.jpg 300w, https:\/\/webs.uab.cat\/bgd\/wp-content\/uploads\/sites\/688\/2026\/03\/IMG_20240620_145101-768x346.jpg 768w, https:\/\/webs.uab.cat\/bgd\/wp-content\/uploads\/sites\/688\/2026\/03\/IMG_20240620_145101-1536x691.jpg 1536w, https:\/\/webs.uab.cat\/bgd\/wp-content\/uploads\/sites\/688\/2026\/03\/IMG_20240620_145101-2048x922.jpg 2048w, https:\/\/webs.uab.cat\/bgd\/wp-content\/uploads\/sites\/688\/2026\/03\/IMG_20240620_145101-1200x540.jpg 1200w, https:\/\/webs.uab.cat\/bgd\/wp-content\/uploads\/sites\/688\/2026\/03\/IMG_20240620_145101-1980x891.jpg 1980w\" sizes=\"auto, (max-width: 1024px) 100vw, 1024px\" \/><\/figure><div class=\"wp-block-media-text__content\">\n<p><a href=\"https:\/\/scb.iec.cat\/xxiii-jornada-de-biologia-evolutiva\/\">XXIII Jornada de Biologia Evolutiva 2024<\/a><\/p>\n<\/div><\/div>\n\n\n\n<div class=\"wp-block-media-text is-stacked-on-mobile\"><figure class=\"wp-block-media-text__media\"><img loading=\"lazy\" decoding=\"async\" width=\"1024\" height=\"748\" src=\"https:\/\/webs.uab.cat\/bgd\/wp-content\/uploads\/sites\/688\/2026\/03\/JCD2024_1-1024x748.jpg\" alt=\"\" class=\"wp-image-62 size-full\" srcset=\"https:\/\/webs.uab.cat\/bgd\/wp-content\/uploads\/sites\/688\/2026\/03\/JCD2024_1-1024x748.jpg 1024w, https:\/\/webs.uab.cat\/bgd\/wp-content\/uploads\/sites\/688\/2026\/03\/JCD2024_1-300x219.jpg 300w, https:\/\/webs.uab.cat\/bgd\/wp-content\/uploads\/sites\/688\/2026\/03\/JCD2024_1-768x561.jpg 768w, https:\/\/webs.uab.cat\/bgd\/wp-content\/uploads\/sites\/688\/2026\/03\/JCD2024_1.jpg 1037w\" sizes=\"auto, (max-width: 1024px) 100vw, 1024px\" \/><\/figure><div class=\"wp-block-media-text__content\">\n<p><a href=\"https:\/\/www.uab.cat\/web\/esdeveniments\/ix-jornades-de-biorecerca-2024-1345930907903.html\">Jornada Cient\u00edfica del Departament 2024<\/a><\/p>\n<\/div><\/div>\n\n\n\n<div class=\"wp-block-media-text is-stacked-on-mobile\"><figure class=\"wp-block-media-text__media\"><img loading=\"lazy\" decoding=\"async\" width=\"1024\" height=\"461\" src=\"https:\/\/webs.uab.cat\/bgd\/wp-content\/uploads\/sites\/688\/2026\/03\/1682794220385-1024x461.jpg\" alt=\"\" class=\"wp-image-56 size-full\" srcset=\"https:\/\/webs.uab.cat\/bgd\/wp-content\/uploads\/sites\/688\/2026\/03\/1682794220385-1024x461.jpg 1024w, https:\/\/webs.uab.cat\/bgd\/wp-content\/uploads\/sites\/688\/2026\/03\/1682794220385-300x135.jpg 300w, https:\/\/webs.uab.cat\/bgd\/wp-content\/uploads\/sites\/688\/2026\/03\/1682794220385-768x346.jpg 768w, https:\/\/webs.uab.cat\/bgd\/wp-content\/uploads\/sites\/688\/2026\/03\/1682794220385-1536x691.jpg 1536w, https:\/\/webs.uab.cat\/bgd\/wp-content\/uploads\/sites\/688\/2026\/03\/1682794220385-2048x922.jpg 2048w, https:\/\/webs.uab.cat\/bgd\/wp-content\/uploads\/sites\/688\/2026\/03\/1682794220385-1200x540.jpg 1200w, https:\/\/webs.uab.cat\/bgd\/wp-content\/uploads\/sites\/688\/2026\/03\/1682794220385-1980x891.jpg 1980w\" sizes=\"auto, (max-width: 1024px) 100vw, 1024px\" \/><\/figure><div class=\"wp-block-media-text__content\">\n<p>Parc Natural del Montseny, April 2023<\/p>\n<\/div><\/div>\n\n\n\n<div class=\"wp-block-media-text is-stacked-on-mobile\"><figure class=\"wp-block-media-text__media\"><img loading=\"lazy\" decoding=\"async\" width=\"1024\" height=\"683\" src=\"https:\/\/webs.uab.cat\/bgd\/wp-content\/uploads\/sites\/688\/2026\/03\/DSC00690-1024x683.jpg\" alt=\"\" class=\"wp-image-75 size-full\" srcset=\"https:\/\/webs.uab.cat\/bgd\/wp-content\/uploads\/sites\/688\/2026\/03\/DSC00690-1024x683.jpg 1024w, https:\/\/webs.uab.cat\/bgd\/wp-content\/uploads\/sites\/688\/2026\/03\/DSC00690-300x200.jpg 300w, https:\/\/webs.uab.cat\/bgd\/wp-content\/uploads\/sites\/688\/2026\/03\/DSC00690-768x512.jpg 768w, https:\/\/webs.uab.cat\/bgd\/wp-content\/uploads\/sites\/688\/2026\/03\/DSC00690-1200x800.jpg 1200w\" sizes=\"auto, (max-width: 1024px) 100vw, 1024px\" \/><\/figure><div class=\"wp-block-media-text__content\">\n<p><a href=\"https:\/\/alfredosfest.omicsuab.org\/\">Alfredo&#8217;s Fest, October 2021<\/a><\/p>\n<\/div><\/div>\n\n\n\n<div class=\"wp-block-media-text is-stacked-on-mobile\"><figure class=\"wp-block-media-text__media\"><img loading=\"lazy\" decoding=\"async\" width=\"1024\" height=\"768\" src=\"https:\/\/webs.uab.cat\/bgd\/wp-content\/uploads\/sites\/688\/2026\/03\/DSCF9082-1024x768.jpg\" alt=\"\" class=\"wp-image-58 size-full\" srcset=\"https:\/\/webs.uab.cat\/bgd\/wp-content\/uploads\/sites\/688\/2026\/03\/DSCF9082-1024x768.jpg 1024w, https:\/\/webs.uab.cat\/bgd\/wp-content\/uploads\/sites\/688\/2026\/03\/DSCF9082-300x225.jpg 300w, https:\/\/webs.uab.cat\/bgd\/wp-content\/uploads\/sites\/688\/2026\/03\/DSCF9082-768x576.jpg 768w, https:\/\/webs.uab.cat\/bgd\/wp-content\/uploads\/sites\/688\/2026\/03\/DSCF9082-1536x1152.jpg 1536w, https:\/\/webs.uab.cat\/bgd\/wp-content\/uploads\/sites\/688\/2026\/03\/DSCF9082-2048x1536.jpg 2048w, https:\/\/webs.uab.cat\/bgd\/wp-content\/uploads\/sites\/688\/2026\/03\/DSCF9082-1200x900.jpg 1200w, https:\/\/webs.uab.cat\/bgd\/wp-content\/uploads\/sites\/688\/2026\/03\/DSCF9082-1980x1485.jpg 1980w\" sizes=\"auto, (max-width: 1024px) 100vw, 1024px\" \/><\/figure><div class=\"wp-block-media-text__content\">\n<p><a href=\"https:\/\/segenetica.es\/seminario\/10391-2\/\">XXI Seminario de Gen\u00e9tica de Poblaciones y Evoluci\u00f3n, 2016<\/a><\/p>\n<\/div><\/div>\n","protected":false},"excerpt":{"rendered":"<p>XXIV Seminario Gen\u00e9tica de Poblaciones y Evoluci\u00f3n, 2025 Parc Natural del Montnegre-Corredor, December 2024 XXIII Jornada de Biologia Evolutiva 2024 Jornada Cient\u00edfica del Departament 2024 Parc Natural del Montseny, April 2023 Alfredo&#8217;s Fest, October 2021 XXI Seminario de Gen\u00e9tica de Poblaciones y Evoluci\u00f3n, 2016<\/p>\n","protected":false},"author":563,"featured_media":0,"parent":0,"menu_order":0,"comment_status":"closed","ping_status":"closed","template":"","meta":{"footnotes":""},"class_list":["post-48","page","type-page","status-publish","hentry"],"_links":{"self":[{"href":"https:\/\/webs.uab.cat\/bgd\/wp-json\/wp\/v2\/pages\/48","targetHints":{"allow":["GET"]}}],"collection":[{"href":"https:\/\/webs.uab.cat\/bgd\/wp-json\/wp\/v2\/pages"}],"about":[{"href":"https:\/\/webs.uab.cat\/bgd\/wp-json\/wp\/v2\/types\/page"}],"author":[{"embeddable":true,"href":"https:\/\/webs.uab.cat\/bgd\/wp-json\/wp\/v2\/users\/563"}],"replies":[{"embeddable":true,"href":"https:\/\/webs.uab.cat\/bgd\/wp-json\/wp\/v2\/comments?post=48"}],"version-history":[{"count":6,"href":"https:\/\/webs.uab.cat\/bgd\/wp-json\/wp\/v2\/pages\/48\/revisions"}],"predecessor-version":[{"id":77,"href":"https:\/\/webs.uab.cat\/bgd\/wp-json\/wp\/v2\/pages\/48\/revisions\/77"}],"wp:attachment":[{"href":"https:\/\/webs.uab.cat\/bgd\/wp-json\/wp\/v2\/media?parent=48"}],"curies":[{"name":"wp","href":"https:\/\/api.w.org\/{rel}","templated":true}]}}