{"id":21,"date":"2009-05-08T11:14:38","date_gmt":"2009-05-08T11:14:38","guid":{"rendered":"https:\/\/webs.uab.cat\/bhumanitats\/i\/"},"modified":"2022-09-09T11:34:28","modified_gmt":"2022-09-09T11:34:28","slug":"i","status":"publish","type":"page","link":"https:\/\/webs.uab.cat\/bhumanitats\/","title":{"rendered":"Inici"},"content":{"rendered":"\n<p>La Biblioteca d&#8217;Humanitats presta servei als grups de recerca de les facultats\u00a0 de Filosofia i Lletres, d&#8217;Educaci\u00f3, de Psicologia i de Traducci\u00f3 i Interpretaci\u00f3 en el desenvolupament de projectes web.<\/p>\n\n\n\n<div class=\"wp-block-columns is-layout-flex wp-container-core-columns-is-layout-9d6595d7 wp-block-columns-is-layout-flex\">\n<div class=\"wp-block-column is-layout-flow wp-block-column-is-layout-flow\">\n<div class=\"wp-block-columns is-layout-flex wp-container-core-columns-is-layout-9d6595d7 wp-block-columns-is-layout-flex\">\n<div class=\"wp-block-column is-layout-flow wp-block-column-is-layout-flow\">\n<p><a href=\"https:\/\/webs.uab.cat\/bhumanitats\/exposicions\/\" data-type=\"page\" data-id=\"30\"><img loading=\"lazy\" decoding=\"async\" width=\"140\" height=\"200\" src=\"http:\/\/serveis.uab.cat\/bhumanitats\/sites\/serveis.uab.cat.bhumanitats\/files\/images\/EntradaExposicions_0.png\" alt=\"\"><\/a><\/p>\n<\/div>\n\n\n\n<div class=\"wp-block-column is-layout-flow wp-block-column-is-layout-flow\">\n<p><a href=\"https:\/\/webs.uab.cat\/bhumanitats\/grups-de-recerca-0\/\" data-type=\"page\" data-id=\"23\"><img loading=\"lazy\" decoding=\"async\" width=\"140\" height=\"200\" src=\"http:\/\/serveis.uab.cat\/bhumanitats\/sites\/serveis.uab.cat.bhumanitats\/files\/images\/EntradaGrupsRececa2_0.png\" alt=\"\"><\/a><\/p>\n<\/div>\n<\/div>\n<\/div>\n\n\n\n<div class=\"wp-block-column is-layout-flow wp-block-column-is-layout-flow\">\n<div class=\"wp-block-columns is-layout-flex wp-container-core-columns-is-layout-9d6595d7 wp-block-columns-is-layout-flex\">\n<div class=\"wp-block-column is-layout-flow wp-block-column-is-layout-flow\">\n<p><a href=\"https:\/\/webs.uab.cat\/bhumanitats\/portals-tematics\/\" data-type=\"page\" data-id=\"45\"><img loading=\"lazy\" decoding=\"async\" width=\"140\" height=\"200\" src=\"http:\/\/serveis.uab.cat\/bhumanitats\/sites\/serveis.uab.cat.bhumanitats\/files\/images\/EntradaPortals_1.png\" alt=\"\"><\/a><\/p>\n<\/div>\n\n\n\n<div class=\"wp-block-column is-layout-flow wp-block-column-is-layout-flow\">\n<p><a href=\"https:\/\/webs.uab.cat\/bhumanitats\/fons-personals\/\" data-type=\"page\" data-id=\"66\"><img loading=\"lazy\" decoding=\"async\" width=\"140\" height=\"200\" src=\"http:\/\/serveis.uab.cat\/bhumanitats\/sites\/serveis.uab.cat.bhumanitats\/files\/images\/Entradafonspersonals.jpg\" alt=\"\"><\/a><\/p>\n<\/div>\n<\/div>\n<\/div>\n<\/div>\n\n\n\n<p>Aquest servei est\u00e0 adre\u00e7at al personal acad\u00e8mic que formi part d\u2019un grup de recerca, el responsable del qual podr\u00e0 sol\u00b7licitar la creaci\u00f3 d\u2019una p\u00e0gina web.<br>Les p\u00e0gines estan adaptades a les pautes i plantilles elaborades per la Oficina Aut\u00f2noma Interactiva Docent (OAID).<br>Aquests webs poden ser creats&nbsp; per donar visibilitat als projectes i publicacions dels propis grups d&#8217;investigaci\u00f3, per\u00f2 tamb\u00e9 per jornades, congressos que organitzin o exposicions que s&#8217;elaborin en col\u00b7laboraci\u00f3 amb la Biblioteca, tot i que aquesta no es responsabilitza de les informacions contingudes.<\/p>\n","protected":false},"excerpt":{"rendered":"<p>La Biblioteca d&#8217;Humanitats presta servei als grups de recerca de les facultats\u00a0 de Filosofia i Lletres, d&#8217;Educaci\u00f3, de Psicologia i de Traducci\u00f3 i Interpretaci\u00f3 en el desenvolupament de projectes web. Aquest servei est\u00e0 adre\u00e7at al personal acad\u00e8mic que formi part d\u2019un grup de recerca, el responsable del qual podr\u00e0 sol\u00b7licitar la creaci\u00f3 d\u2019una p\u00e0gina web.Les [&hellip;]<\/p>\n","protected":false},"author":20,"featured_media":0,"parent":0,"menu_order":0,"comment_status":"closed","ping_status":"closed","template":"","meta":{"footnotes":""},"class_list":["post-21","page","type-page","status-publish","hentry"],"_links":{"self":[{"href":"https:\/\/webs.uab.cat\/bhumanitats\/wp-json\/wp\/v2\/pages\/21","targetHints":{"allow":["GET"]}}],"collection":[{"href":"https:\/\/webs.uab.cat\/bhumanitats\/wp-json\/wp\/v2\/pages"}],"about":[{"href":"https:\/\/webs.uab.cat\/bhumanitats\/wp-json\/wp\/v2\/types\/page"}],"author":[{"embeddable":true,"href":"https:\/\/webs.uab.cat\/bhumanitats\/wp-json\/wp\/v2\/users\/20"}],"replies":[{"embeddable":true,"href":"https:\/\/webs.uab.cat\/bhumanitats\/wp-json\/wp\/v2\/comments?post=21"}],"version-history":[{"count":1,"href":"https:\/\/webs.uab.cat\/bhumanitats\/wp-json\/wp\/v2\/pages\/21\/revisions"}],"predecessor-version":[{"id":205,"href":"https:\/\/webs.uab.cat\/bhumanitats\/wp-json\/wp\/v2\/pages\/21\/revisions\/205"}],"wp:attachment":[{"href":"https:\/\/webs.uab.cat\/bhumanitats\/wp-json\/wp\/v2\/media?parent=21"}],"curies":[{"name":"wp","href":"https:\/\/api.w.org\/{rel}","templated":true}]}}