{"id":23,"date":"2009-05-08T11:22:32","date_gmt":"2009-05-08T11:22:32","guid":{"rendered":"https:\/\/webs.uab.cat\/bhumanitats\/grups-de-recerca-0\/"},"modified":"2009-05-08T11:22:32","modified_gmt":"2009-05-08T11:22:32","slug":"grups-de-recerca-0","status":"publish","type":"page","link":"https:\/\/webs.uab.cat\/bhumanitats\/grups-de-recerca-0\/","title":{"rendered":"Grups de recerca, jornades, congressos, simposis"},"content":{"rendered":"<p align=\"justify\"><span style=\"font-family: 'Verdana','serif'; font-size: 9.0pt;\"><br style=\"font-family: 'Verdana','serif'; font-size: 9.0pt;\">Els principals serveis que la Biblioteca d\u2019Humanitats ofereix als grups de recerca s\u00f3n:<\/span><\/p>\n<table border=\"0\">\n<tbody>\n<tr>\n<td><span class=\"inline inline-left\"><img loading=\"lazy\" decoding=\"async\" class=\"image image-_original \" title=\"\" src=\"http:\/\/serveis.uab.cat\/bhumanitats\/sites\/serveis.uab.cat.bhumanitats\/files\/images\/Pag.GrupsJornades.png\" alt=\"\" height=\"35\" width=\"35\"><\/span><\/td>\n<td>\n<p align=\"justify\"><span style=\"font-family: 'Verdana','serif'; font-size: 9.0pt;\">Organitzar i definir els diferents tipus de contingut de la p\u00e0gina (informaci\u00f3 diversa sobre els objectius i les l\u00ednies d&#8217;investigaci\u00f3 del grup de recerca, treballs que porten a terme, esdeveniments relacionats amb aquella tem\u00e0tica&#8230;), en estret contacte amb el grup de recerca.<\/span><\/p>\n<\/td>\n<\/tr>\n<tr>\n<td><span class=\"inline inline-left\"><img loading=\"lazy\" decoding=\"async\" class=\"image image-_original \" title=\"\" src=\"http:\/\/serveis.uab.cat\/bhumanitats\/sites\/serveis.uab.cat.bhumanitats\/files\/images\/Pag.GrupsJornades.png\" alt=\"\" height=\"35\" width=\"35\"><\/span><\/td>\n<td>\n<p align=\"justify\"><span style=\"font-family: 'Verdana','serif'; font-size: 9.0pt;\">Fer un disseny visual original per a cada projecte.<\/span><\/p>\n<\/td>\n<\/tr>\n<tr>\n<td><span class=\"inline inline-left\"><img loading=\"lazy\" decoding=\"async\" class=\"image image-_original \" title=\"\" src=\"http:\/\/serveis.uab.cat\/bhumanitats\/sites\/serveis.uab.cat.bhumanitats\/files\/images\/Pag.GrupsJornades.png\" alt=\"\" height=\"35\" width=\"35\"><\/span><\/td>\n<td>\n<p align=\"justify\"><span style=\"font-family: 'Verdana','serif'; font-size: 9.0pt;\">Gestionar les diverses informacions d&#8217;una manera prou \u00e0gil i manejable; d&#8217;aquesta manera, la persona encarregada de tenir al dia el web podr\u00e0 fer el seguiment pertinent sense problemes.<\/span><\/p>\n<\/td>\n<\/tr>\n<tr>\n<td><span class=\"inline inline-left\"><img loading=\"lazy\" decoding=\"async\" class=\"image image-_original \" title=\"\" src=\"http:\/\/serveis.uab.cat\/bhumanitats\/sites\/serveis.uab.cat.bhumanitats\/files\/images\/Pag.GrupsJornades.png\" alt=\"\" height=\"35\" width=\"35\"><\/span><\/td>\n<td>\n<p align=\"justify\"><span style=\"font-family: 'Verdana','serif'; font-size: 9.0pt;\">Introduir tota aquella documentaci\u00f3 generada pel grup de recerca que sigui susceptible de ser arxivada en el repositori institucional de la UAB.<\/span><\/p>\n<\/td>\n<\/tr>\n<tr>\n<td><span class=\"inline inline-left\"><img loading=\"lazy\" decoding=\"async\" class=\"image image-_original \" title=\"\" src=\"http:\/\/serveis.uab.cat\/bhumanitats\/sites\/serveis.uab.cat.bhumanitats\/files\/images\/Pag.GrupsJornades.png\" alt=\"\" height=\"35\" width=\"35\"><\/span><\/td>\n<td>\n<p align=\"justify\"><span style=\"font-family: 'Verdana','serif'; font-size: 9.0pt;\">Formar i assessorar convenientment alg\u00fa del grup de recerca per tal que s&#8217;encarregui del manteniment dels continguts del web, treient aix\u00ed el seu millor rendiment.<\/span><\/p>\n<\/td>\n<\/tr>\n<\/tbody>\n<\/table>\n<p>&nbsp;<\/p>\n<table style=\"width: 80%;\" align=\"center\" border=\"0\">\n<tbody>\n<tr>\n<td>&nbsp;<img loading=\"lazy\" decoding=\"async\" src=\"http:\/\/serveis.uab.cat\/bhumanitats\/sites\/serveis.uab.cat.bhumanitats\/files\/images\/blanc.gif\" alt=\"\" height=\"50\" width=\"50\"><\/td>\n<td><a href=\"http:\/\/serveis.uab.cat\/bhumanitats\/content\/grups-de-recerca-1\"><img loading=\"lazy\" decoding=\"async\" src=\"http:\/\/serveis.uab.cat\/bhumanitats\/sites\/serveis.uab.cat.bhumanitats\/files\/images\/webrec.jpg\" alt=\"\" height=\"50\" width=\"178\"><\/a><\/td>\n<td>&nbsp;<a href=\"http:\/\/serveis.uab.cat\/bhumanitats\/content\/jornades\"><img loading=\"lazy\" decoding=\"async\" src=\"http:\/\/serveis.uab.cat\/bhumanitats\/sites\/serveis.uab.cat.bhumanitats\/files\/images\/webjor.jpg\" alt=\"\" height=\"50\" width=\"178\"><\/a><\/td>\n<td><a href=\"http:\/\/serveis.uab.cat\/bhumanitats\/content\/formulari-de-petici%C3%B3-grups-de-recerca\" title=\"Formulari de petici\u00f3\"><img loading=\"lazy\" decoding=\"async\" src=\"http:\/\/serveis.uab.cat\/bhumanitats\/sites\/serveis.uab.cat.bhumanitats\/files\/images\/provaformulari2.png\" alt=\"\" height=\"50\" width=\"178\"><\/a><\/td>\n<\/tr>\n<\/tbody>\n<\/table>\n","protected":false},"excerpt":{"rendered":"<p>Els principals serveis que la Biblioteca d\u2019Humanitats ofereix als grups de recerca s\u00f3n: Organitzar i definir els diferents tipus de contingut de la p\u00e0gina (informaci\u00f3 diversa sobre els objectius i les l\u00ednies d&#8217;investigaci\u00f3 del grup de recerca, treballs que porten a terme, esdeveniments relacionats amb aquella tem\u00e0tica&#8230;), en estret contacte amb el grup de recerca. [&hellip;]<\/p>\n","protected":false},"author":20,"featured_media":0,"parent":0,"menu_order":0,"comment_status":"closed","ping_status":"closed","template":"","meta":{"footnotes":""},"class_list":["post-23","page","type-page","status-publish","hentry"],"_links":{"self":[{"href":"https:\/\/webs.uab.cat\/bhumanitats\/wp-json\/wp\/v2\/pages\/23","targetHints":{"allow":["GET"]}}],"collection":[{"href":"https:\/\/webs.uab.cat\/bhumanitats\/wp-json\/wp\/v2\/pages"}],"about":[{"href":"https:\/\/webs.uab.cat\/bhumanitats\/wp-json\/wp\/v2\/types\/page"}],"author":[{"embeddable":true,"href":"https:\/\/webs.uab.cat\/bhumanitats\/wp-json\/wp\/v2\/users\/20"}],"replies":[{"embeddable":true,"href":"https:\/\/webs.uab.cat\/bhumanitats\/wp-json\/wp\/v2\/comments?post=23"}],"version-history":[{"count":0,"href":"https:\/\/webs.uab.cat\/bhumanitats\/wp-json\/wp\/v2\/pages\/23\/revisions"}],"wp:attachment":[{"href":"https:\/\/webs.uab.cat\/bhumanitats\/wp-json\/wp\/v2\/media?parent=23"}],"curies":[{"name":"wp","href":"https:\/\/api.w.org\/{rel}","templated":true}]}}