{"id":30,"date":"2009-05-08T11:25:32","date_gmt":"2009-05-08T11:25:32","guid":{"rendered":"https:\/\/webs.uab.cat\/bhumanitats\/exposicions\/"},"modified":"2022-10-06T12:18:31","modified_gmt":"2022-10-06T12:18:31","slug":"exposicions","status":"publish","type":"page","link":"https:\/\/webs.uab.cat\/bhumanitats\/exposicions\/","title":{"rendered":"Exposicions"},"content":{"rendered":"\n<p>La Biblioteca d&#8217;Humanitats organitza exposicions bibliogr\u00e0fiques i virtuals sobre temes, efem\u00e8rides o actes que se celebren des dels Departaments i grups d&#8217;Investigaci\u00f3 (congressos, col\u00b7loquis, etc.).<br>Per tant, si en el vostre departament o grup d&#8217;investigaci\u00f3 celebreu algun congr\u00e9s, col\u00b7loqui&#8230; i esteu interessats en que la Biblioteca organitzi una exposici\u00f3 bibliogr\u00e0fica i virtual sobre el tema, empleneu el <a href=\"http:\/\/serveis.uab.cat\/bhumanitats\/content\/formulari-exposicions\">formulari<\/a>.<\/p>\n\n\n\n<h2 class=\"wp-block-heading\"><strong>Algunes de les nostres exposicions:<\/strong><\/h2>\n\n\n\n<div class=\"wp-block-media-text is-stacked-on-mobile is-vertically-aligned-top\" style=\"grid-template-columns:15% auto\"><figure class=\"wp-block-media-text__media\"><img loading=\"lazy\" decoding=\"async\" width=\"85\" height=\"63\" src=\"https:\/\/webs.uab.cat\/bhumanitats\/wp-content\/uploads\/sites\/197\/2009\/05\/artapart.jpg\" alt=\"artapart.jpg\" class=\"wp-image-25 size-full\"\/><\/figure><div class=\"wp-block-media-text__content\">\n<p class=\"has-small-font-size\"><a rel=\"noreferrer noopener\" href=\"https:\/\/ddd.uab.cat\/record\/190713?ln=ca\" target=\"_blank\">Art apArt<\/a> : una reflexi\u00f3 entorn la col\u00b7lecci\u00f3 d&#8217;art de la UAB (2018): mostra exposada al juny de 2018 a la sala d&#8217;Exposicions de la UAB. L&#8217;exposici\u00f3, que va ser comissariada pels alumnes del M\u00e0ster d&#8217;An\u00e0lisi i Gesti\u00f3 del Patrimoni Art\u00edstic amb la col\u00b7laboraci\u00f3 de la Unitat de Cultura en Viu, va posar a disposici\u00f3 del visitant diverses obres provinents del fons d&#8217;art que la UAB ha anat consolidant al llarg dels seus cinquanta anys de traject\u00f2ria.<\/p>\n<\/div><\/div>\n\n\n\n<div class=\"wp-block-media-text is-stacked-on-mobile is-vertically-aligned-top\" style=\"grid-template-columns:15% auto\"><figure class=\"wp-block-media-text__media\"><img loading=\"lazy\" decoding=\"async\" width=\"85\" height=\"63\" src=\"https:\/\/webs.uab.cat\/bhumanitats\/wp-content\/uploads\/sites\/197\/2009\/05\/tempsromanic.jpg\" alt=\"tempsromanic.jpg\" class=\"wp-image-26 size-full\"\/><\/figure><div class=\"wp-block-media-text__content\">\n<p class=\"has-small-font-size\"><a rel=\"noreferrer noopener\" href=\"https:\/\/ddd.uab.cat\/record\/171131?ln=ca\" target=\"_blank\">En temps del rom\u00e0nic : Jornada Interdisciplinar (2017)<\/a>: exposici\u00f3 amb motiu de la Jornada interdisciplinar &#8220;En temps del rom\u00e0nic&#8221;, celebrada del 23 al 25 de mar\u00e7 de 2017. L&#8217;exposici\u00f3 bibliogr\u00e0fica es va ubicar a la Sala de Revistes d&#8217;Humanitats.<\/p>\n<\/div><\/div>\n\n\n\n<div class=\"wp-block-media-text is-stacked-on-mobile\" style=\"grid-template-columns:16% auto\"><figure class=\"wp-block-media-text__media\"><img loading=\"lazy\" decoding=\"async\" width=\"85\" height=\"63\" src=\"https:\/\/webs.uab.cat\/bhumanitats\/wp-content\/uploads\/sites\/197\/2009\/05\/granados.jpg\" alt=\"granados.jpg\" class=\"wp-image-27 size-full\"\/><\/figure><div class=\"wp-block-media-text__content\">\n<p class=\"has-small-font-size\"><a rel=\"noreferrer noopener\" href=\"https:\/\/ddd.uab.cat\/record\/167040?ln=ca\" target=\"_blank\">Centenari Enric Granados : 1916-2016<\/a>: exposici\u00f3 amb motiu del centenari de la mort del pianista i compositor Enric Granados.<\/p>\n<\/div><\/div>\n\n\n\n<div class=\"wp-block-media-text is-stacked-on-mobile is-vertically-aligned-top\" style=\"grid-template-columns:16% auto\"><figure class=\"wp-block-media-text__media\"><img loading=\"lazy\" decoding=\"async\" width=\"85\" height=\"63\" src=\"https:\/\/webs.uab.cat\/bhumanitats\/wp-content\/uploads\/sites\/197\/2009\/05\/rosasensat.jpg\" alt=\"rosasensat.jpg\" class=\"wp-image-28 size-full\"\/><\/figure><div class=\"wp-block-media-text__content\">\n<p class=\"has-small-font-size\"><a rel=\"noreferrer noopener\" href=\"https:\/\/ddd.uab.cat\/record\/147663?ln=ca\" target=\"_blank\">50 anys d&#8217;escoles d&#8217;estiu de Rosa Sensat : 1965-2015<\/a> \/ Biblioteca d&#8217;Humanitats (2015): el dia 4 d&#8217;octubre de 1965, comen\u00e7ava a funcionar a Barcelona, d&#8217;una manera i en un lloc ins\u00f2lits, l&#8217;Escola de Mestres Rosa Sensat. Es tractava d&#8217;una escola clandestina, que s&#8217;iniciava amb quinze alumnes-mestres asseguts al voltant d&#8217;una taula de menjador d&#8217;una casa particular, escoltant els ensenyaments i rebent l&#8217;experi\u00e8ncia d&#8217;una mestra \u00abd&#8217;abans de la guerra\u00bb, Angeleta Ferrer Sensat, filla d&#8217;una altra mestra ja morta, Rosa Sensat, en mem\u00f2ria de la qual es donava nom a l&#8217;experi\u00e8ncia. L&#8217;exposici\u00f3 bibliogr\u00e0fica va tenir lloc a la seu de Rosa Sensat de l&#8217;1 al 20 de juliol de 2015.<\/p>\n<\/div><\/div>\n\n\n\n<div class=\"wp-block-media-text is-stacked-on-mobile is-vertically-aligned-top\" style=\"grid-template-columns:15% auto\"><figure class=\"wp-block-media-text__media\"><img loading=\"lazy\" decoding=\"async\" width=\"85\" height=\"63\" src=\"https:\/\/webs.uab.cat\/bhumanitats\/wp-content\/uploads\/sites\/197\/2009\/05\/1714.jpg\" alt=\"1714.jpg\" class=\"wp-image-29 size-full\"\/><\/figure><div class=\"wp-block-media-text__content\">\n<p class=\"has-small-font-size\"><a rel=\"noreferrer noopener\" href=\"https:\/\/ddd.uab.cat\/record\/122463?ln=ca\" target=\"_blank\">Les biblioteques UAB a l&#8217;entorn del 1714<\/a> : Exposici\u00f3 amb motiu de la commemoraci\u00f3 del Tricentenari de l&#8217;Onze de setembre de 1714.<\/p>\n<\/div><\/div>\n\n\n\n<div class=\"wp-block-media-text is-stacked-on-mobile is-vertically-aligned-top\" style=\"grid-template-columns:15% auto\"><figure class=\"wp-block-media-text__media\"><img decoding=\"async\" src=\"http:\/\/serveis.uab.cat\/bhumanitats\/sites\/serveis.uab.cat.bhumanitats\/files\/images\/e1.jpg\" alt=\"\"\/><\/figure><div class=\"wp-block-media-text__content\">\n<p class=\"has-small-font-size\"><a rel=\"noreferrer noopener\" href=\"https:\/\/ddd.uab.cat\/record\/106427?ln=ca\" target=\"_blank\">Homenatge a Jordi Castellanos<\/a> : Exposici\u00f3 en homenatge al professor del Departament de Filologia Catalana Jordi Castellanos.<\/p>\n<\/div><\/div>\n\n\n\n<div class=\"wp-block-media-text is-stacked-on-mobile is-vertically-aligned-top\" style=\"grid-template-columns:15% auto\"><figure class=\"wp-block-media-text__media\"><img decoding=\"async\" src=\"http:\/\/serveis.uab.cat\/bhumanitats\/sites\/serveis.uab.cat.bhumanitats\/files\/images\/e2.jpg\" alt=\"\"\/><\/figure><div class=\"wp-block-media-text__content\">\n<p class=\"has-small-font-size\"><a rel=\"noreferrer noopener\" href=\"https:\/\/ddd.uab.cat\/record\/106062?ln=ca\" target=\"_blank\">Impacte de la literatura xinesa a casa nostra<\/a> : L\u2019objectiu principal d\u2019aquesta exposici\u00f3 \u00e9s, com a activitat de transfer\u00e8ncia a la societat, donar a con\u00e8ixer la pres\u00e8ncia i l\u2019impacte de la literatura xinesa al nostre pa\u00eds. Amb aquest fi hem preparat dues subexposicions: una dedicada a les traduccions al catal\u00e0 i castell\u00e0 dels dos premis Nobel de literatura xinesos (Gao Xingjian i Mo Yan) i una altra dedicada a totes les traduccions existents del xin\u00e8s al catal\u00e0, incloses les indirectes.<\/p>\n<\/div><\/div>\n\n\n\n<div class=\"wp-block-media-text is-stacked-on-mobile\" style=\"grid-template-columns:15% auto\"><figure class=\"wp-block-media-text__media\"><img decoding=\"async\" src=\"http:\/\/serveis.uab.cat\/bhumanitats\/sites\/serveis.uab.cat.bhumanitats\/files\/images\/e3.jpg\" alt=\"\"\/><\/figure><div class=\"wp-block-media-text__content\">\n<p class=\"has-small-font-size\"><a rel=\"noreferrer noopener\" href=\"https:\/\/ddd.uab.cat\/record\/105850?ln=ca\" target=\"_blank\">Wagner i Verdi, bicentenari<\/a> : Exposici\u00f3 amb motiu del bicentenari dels compositors Richard Wagner i Giuseppe Verdi.<\/p>\n<\/div><\/div>\n\n\n\n<div class=\"wp-block-media-text is-stacked-on-mobile is-vertically-aligned-top\" style=\"grid-template-columns:15% auto\"><figure class=\"wp-block-media-text__media\"><img decoding=\"async\" src=\"http:\/\/serveis.uab.cat\/bhumanitats\/sites\/serveis.uab.cat.bhumanitats\/files\/images\/e4.jpg\" alt=\"\"\/><\/figure><div class=\"wp-block-media-text__content\">\n<p class=\"has-small-font-size\"><a rel=\"noreferrer noopener\" href=\"https:\/\/ddd.uab.cat\/record\/71504\" target=\"_blank\">Mapes de la Guerra Civil, 1936-1939<\/a> : La Cartoteca General, en col\u00b7laboraci\u00f3 amb la Biblioteca d&#8217;Humanitats, presenta l&#8217;exposici\u00f3 virtual i presencial &#8220;Els Mapes de la Guerra Civil&#8221; amb motiu de la incorporaci\u00f3 d&#8217;aquesta col\u00b7lecci\u00f3 al Dip\u00f2sit Digital de Documents (DDD) de la UAB. La col\u00b7lecci\u00f3 es composa de vuitanta-tres mapes, majorit\u00e0riament topogr\u00e0fics i itineraris, realitzats durant el conflicte per diferents institucions d&#8217;ambd\u00f3s b\u00e0ndols.<\/p>\n<\/div><\/div>\n\n\n\n<div class=\"wp-block-media-text is-stacked-on-mobile is-vertically-aligned-top\" style=\"grid-template-columns:15% auto\"><figure class=\"wp-block-media-text__media\"><img decoding=\"async\" src=\"http:\/\/serveis.uab.cat\/bhumanitats\/sites\/serveis.uab.cat.bhumanitats\/files\/images\/e5.jpg\" alt=\"\"\/><\/figure><div class=\"wp-block-media-text__content\">\n<p class=\"has-small-font-size\"><a rel=\"noreferrer noopener\" href=\"https:\/\/ddd.uab.cat\/record\/54621?ln=ca\" target=\"_blank\">Joies de la miniatura medieval<\/a> : Les Biblioteques d&#8217;Humanitats i Veterin\u00e0ria donen a con\u00e8ixer l&#8217;obra de Moleiro Ediciones. Una editorial que centra la seva producci\u00f3 en edicions facs\u00edmils de c\u00f2dexs, mapes, obres d&#8217;art realitzades amb pergam\u00ed, papir, vitel. la entre els segles VIII i XVI amb la forma de llibre il. luminat. Cont\u00e9 articles originals sobre l&#8217;escriptura manuscrita, l&#8217;art de la miniatura i les ci\u00e8ncies biom\u00e8diques durant l&#8217;Edat Mitjana. Tamb\u00e9 hi trobareu bibliografia complement\u00e0ria i recursos accessibles per xarxa.<\/p>\n<\/div><\/div>\n\n\n\n<p>Podeu veure totes les exposicions <a href=\"http:\/\/ddd.uab.cat\/collection\/bibhum\" target=\"_blank\" rel=\"noopener\">aqu\u00ed<\/a><\/p>\n","protected":false},"excerpt":{"rendered":"<p>La Biblioteca d&#8217;Humanitats organitza exposicions bibliogr\u00e0fiques i virtuals sobre temes, efem\u00e8rides o actes que se celebren des dels Departaments i grups d&#8217;Investigaci\u00f3 (congressos, col\u00b7loquis, etc.).Per tant, si en el vostre departament o grup d&#8217;investigaci\u00f3 celebreu algun congr\u00e9s, col\u00b7loqui&#8230; i esteu interessats en que la Biblioteca organitzi una exposici\u00f3 bibliogr\u00e0fica i virtual sobre el tema, empleneu [&hellip;]<\/p>\n","protected":false},"author":20,"featured_media":0,"parent":0,"menu_order":0,"comment_status":"closed","ping_status":"closed","template":"","meta":{"footnotes":""},"class_list":["post-30","page","type-page","status-publish","hentry"],"_links":{"self":[{"href":"https:\/\/webs.uab.cat\/bhumanitats\/wp-json\/wp\/v2\/pages\/30","targetHints":{"allow":["GET"]}}],"collection":[{"href":"https:\/\/webs.uab.cat\/bhumanitats\/wp-json\/wp\/v2\/pages"}],"about":[{"href":"https:\/\/webs.uab.cat\/bhumanitats\/wp-json\/wp\/v2\/types\/page"}],"author":[{"embeddable":true,"href":"https:\/\/webs.uab.cat\/bhumanitats\/wp-json\/wp\/v2\/users\/20"}],"replies":[{"embeddable":true,"href":"https:\/\/webs.uab.cat\/bhumanitats\/wp-json\/wp\/v2\/comments?post=30"}],"version-history":[{"count":1,"href":"https:\/\/webs.uab.cat\/bhumanitats\/wp-json\/wp\/v2\/pages\/30\/revisions"}],"predecessor-version":[{"id":211,"href":"https:\/\/webs.uab.cat\/bhumanitats\/wp-json\/wp\/v2\/pages\/30\/revisions\/211"}],"wp:attachment":[{"href":"https:\/\/webs.uab.cat\/bhumanitats\/wp-json\/wp\/v2\/media?parent=30"}],"curies":[{"name":"wp","href":"https:\/\/api.w.org\/{rel}","templated":true}]}}