{"id":32,"date":"2011-03-28T19:26:15","date_gmt":"2011-03-28T19:26:15","guid":{"rendered":"https:\/\/webs.uab.cat\/bhumanitats\/grups-de-recerca\/"},"modified":"2022-09-09T11:45:49","modified_gmt":"2022-09-09T11:45:49","slug":"grups-de-recerca","status":"publish","type":"page","link":"https:\/\/webs.uab.cat\/bhumanitats\/grups-de-recerca\/","title":{"rendered":"Grups de recerca"},"content":{"rendered":"\n<p>El Servei d\u2019Informaci\u00f3 Electr\u00f2nica de la Biblioteca d&#8217;Humanitats, per tal de contribuir a facilitar la tasca dels grups d\u2019investigaci\u00f3, els hi ha programat, estructurat i dissenyat unes p\u00e0gines web. La biblioteca col\u00b7labora amb grups de recerca que pertanyen a les facultats a qu\u00e8 presta servei, com s\u00f3n la Facultat de Filosofia i Lletres, Facultat d&#8217;Educaci\u00f3, Facultat de Psicologia i Facultat de Traducci\u00f3 i Interpretaci\u00f3. Aquests webs poden ser dels propis grups d&#8217;investigaci\u00f3, per\u00f2 tamb\u00e9 de jornades que organitzin o d&#8217;exposicions que s&#8217;elaborin en col\u00b7laboraci\u00f3 amb la biblioteca.<\/p>\n\n\n\n<h2 class=\"wp-block-heading\">Grups de recerca<\/h2>\n\n\n\n<div class=\"wp-block-media-text is-stacked-on-mobile is-vertically-aligned-top\" style=\"grid-template-columns:37% auto\"><figure class=\"wp-block-media-text__media\"><img decoding=\"async\" src=\"http:\/\/serveis.uab.cat\/bhumanitats\/sites\/serveis.uab.cat.bhumanitats\/files\/occita.gif\" alt=\"\"\/><\/figure><div class=\"wp-block-media-text__content\">\n<p class=\"has-small-font-size\"><a rel=\"noreferrer noopener\" href=\"http:\/\/grupsderecerca.uab.cat\/occita\/\" target=\"_blank\">Arxiu Occit\u00e0<\/a> : L&#8217;Arxiu Occit\u00e0 va ser creat l&#8217;any 1995 a fi de difondre el fet occit\u00e0 i alhora la llengua occitana a la societat catalana. T\u00e9 la seva implantaci\u00f3 a l&#8217;Institut d&#8217;Estudis Medievals de la Universitat Aut\u00f2noma de Barcelona.<\/p>\n<\/div><\/div>\n\n\n\n<figure class=\"wp-block-table\"><table><tbody><tr><td>  <p align=\"justify\"> <\/p><p align=\"justify\"><a rel=\"noopener\" href=\"http:\/\/grupsderecerca.uab.cat\/graudeclassiques\/\" target=\"_blank\"><img loading=\"lazy\" decoding=\"async\" width=\"150\" height=\"65\" style=\"float: right; border: 1px solid black; margin: 5px 15px;\" src=\"http:\/\/serveis.uab.cat\/bhumanitats\/sites\/serveis.uab.cat.bhumanitats\/files\/grauclassics.jpg\" alt=\"\">Grau d&#8217;Estudis Cl\u00e0ssics. Projecte AGAUR<\/a> : projecte d\u2019innovaci\u00f3 docent finan\u00e7at per l\u2019AGAUR amb l\u2019objectiu de dissenyar activitats d\u2019aprenentatge que serveixin per avaluar les compet\u00e8ncies del nou Grau en Estudis Cl\u00e0ssics de la UAB.<\/p> <p align=\"justify\"><a rel=\"noopener\" href=\"http:\/\/grupsderecerca.uab.cat\/garb\/\" target=\"_blank\"><img loading=\"lazy\" decoding=\"async\" width=\"150\" height=\"51\" style=\"float: left; border: 1px solid black; margin: 5px 15px;\" src=\"http:\/\/serveis.uab.cat\/bhumanitats\/sites\/serveis.uab.cat.bhumanitats\/files\/garb.gif\" alt=\"\">Grup d&#8217;Art del Renaixement i del Barroc<\/a> : aglutina investigadors de l\u2019\u00e0mbit de la hist\u00f2ria de l\u2019art a l\u2019\u00e8poca moderna que treballen incansablement en el m\u00f3n de la investigaci\u00f3 i recerca des de l\u2019any 1994.<\/p> <p align=\"justify\"><a rel=\"noopener\" href=\"http:\/\/grupsderecerca.uab.cat\/gres\/\" target=\"_blank\"><img loading=\"lazy\" decoding=\"async\" width=\"150\" height=\"45\" style=\"float: right; border: 1px solid black; margin: 5px 15px;\" src=\"http:\/\/serveis.uab.cat\/bhumanitats\/sites\/serveis.uab.cat.bhumanitats\/files\/gres.jpg\" alt=\"\">Grup de Recerca en Escriptures Subversives<\/a> : grup amb la intenci\u00f3 d\u2019estudiar i analitzar autors que la cr\u00edtica liter\u00e0ria francesa ha considerat com il\u00b7legibles, tal com s\u2019ha establert el concepte en escrits cr\u00edtics i acad\u00e8mics: Roussel, Jarry, Sollers, Guyotat\u2026<\/p> <p align=\"justify\"><a rel=\"noopener\" href=\"http:\/\/grupsderecerca.uab.cat\/latintohebrew\/\" target=\"_blank\"><img loading=\"lazy\" decoding=\"async\" width=\"150\" height=\"41\" style=\"float: left; border: 1px solid black; margin: 5px 15px;\" src=\"http:\/\/serveis.uab.cat\/bhumanitats\/sites\/serveis.uab.cat.bhumanitats\/files\/latin.gif\" alt=\"\">Latin Philosophy into Hebrew<\/a> : projecte de recerca que abasta l\u2019an\u00e0lisi filos\u00f2fica de diversos textos i de llur traducci\u00f3 i recepci\u00f3, tot mostrant com les xarxes entre les diferents comunitats religioses al Mediterrani es poden interpretar com un esfor\u00e7 per construir una tradici\u00f3 filos\u00f2fica compartida.<\/p> <p align=\"justify\"><a rel=\"noopener\" href=\"http:\/\/grupsderecerca.uab.cat\/sappo\/\" target=\"_blank\"><img loading=\"lazy\" decoding=\"async\" width=\"150\" height=\"64\" style=\"float: right; border: 1px solid black; margin: 5px 15px;\" src=\"http:\/\/serveis.uab.cat\/bhumanitats\/sites\/serveis.uab.cat.bhumanitats\/files\/sappo.jpg\" alt=\"\">Seminari d&#8217;Arqueologia Prehist\u00f2rica del Pr\u00f2xim Orient<\/a> : grup de recerca que contribueix a l&#8217;estudi, conservaci\u00f3 i difusi\u00f3 de l&#8217;Arqueologia del Pr\u00f2xim Orient.<\/p> <p align=\"justify\">\u00a0<\/p> <p align=\"justify\"><a rel=\"noopener\" href=\"http:\/\/serveis.uab.cat\/studiahumanitatis\/\" target=\"_blank\"><img loading=\"lazy\" decoding=\"async\" width=\"150\" height=\"33\" style=\"float: left; border: 1px solid black; margin: 5px 15px;\" src=\"http:\/\/serveis.uab.cat\/bhumanitats\/sites\/serveis.uab.cat.bhumanitats\/files\/studia.jpg\" alt=\"\">Studia Humanitatis<\/a> : aquest col.loqui t\u00e9 tres intencions fonamentals: reflexionar a l\u2019entorn de la figura de l\u2019humanista del Renaixement i de l\u2019humanista actual, fer con\u00e8ixer els diferents \u00e0mbits professionals en qu\u00e8 pot desenvolupar la seva activitat el nou graduat i compartir experi\u00e8ncies amb estudiants ja egressats.<\/p> <p align=\"justify\"><a rel=\"noopener\" href=\"http:\/\/grupsderecerca.uab.cat\/teatresit\/\" target=\"_blank\"><img loading=\"lazy\" decoding=\"async\" width=\"150\" height=\"40\" style=\"float: right; border: 1px solid black; margin: 5px 15px;\" src=\"http:\/\/serveis.uab.cat\/bhumanitats\/sites\/serveis.uab.cat.bhumanitats\/files\/teatresit.gif\" alt=\"\">Teatresit<\/a> : grup de recerca sobre teatre comparat a It\u00e0lia i Espanya dels segles XVI, XVII i XVIII.<\/p> <\/td><\/tr><\/tbody><\/table><\/figure>\n\n\n\n<figure class=\"wp-block-table\"><table><tbody><tr><td>\n<p>&nbsp;<\/p>\n<h3>JORNADES<\/h3>\n<p>&nbsp;<\/p>\n<p align=\"justify\"><a href=\"http:\/\/jornades.uab.cat\/antoninartaud\/\" target=\"_blank\" rel=\"noopener\"><img loading=\"lazy\" decoding=\"async\" style=\"float: left; border: 1px solid black; margin: 5px 15px;\" src=\"http:\/\/serveis.uab.cat\/bhumanitats\/sites\/serveis.uab.cat.bhumanitats\/files\/artaud.jpg\" alt=\"\" width=\"150\" height=\"40\">Col\u00b7loqui Internacional Antonin Artaud<\/a> : les organisateurs laissent toute libert\u00e9 aux \u00e9ventuels intervenants, l&#8217;enjeu du colloque \u00e9tant de questionner cette ultime oeuvre sans l&#8217;enfermer dans une approche m\u00e9thodologique ou th\u00e9matique. &nbsp;<\/p>\n<p align=\"justify\"><a href=\"http:\/\/jornades.uab.cat\/communicatio\/\" target=\"_blank\" rel=\"noopener\"><img loading=\"lazy\" decoding=\"async\" style=\"float: right; border: 1px solid black; margin: 5px 15px;\" src=\"http:\/\/serveis.uab.cat\/bhumanitats\/sites\/serveis.uab.cat.bhumanitats\/files\/communicatio.gif\" alt=\"\" width=\"150\" height=\"64\">Communicatio, un itinerari hist\u00f2ric<\/a> : aquesta jornada pret\u00e9n mostrar, en \u00e8poques hist\u00f2riques diverses i des d\u2019un punt de vista interdisciplinari (amb la participaci\u00f3 de fil\u00f2legs, historiadors, historiadors de l\u2019art, pale\u00f2grafs, periodistes, etc.), les manifestacions d\u2019aquest proc\u00e9s, els diferents suports que serviren de vehicle de transmissi\u00f3, els seus usos, la seva conservaci\u00f3 al llarg del temps, etc.<\/p>\n<p align=\"justify\"><a href=\"http:\/\/jornades.uab.cat\/terrassaliteratura\/\" target=\"_blank\" rel=\"noopener\"><img loading=\"lazy\" decoding=\"async\" style=\"float: left; border: 1px solid black; margin: 5px 15px;\" src=\"http:\/\/serveis.uab.cat\/bhumanitats\/sites\/serveis.uab.cat.bhumanitats\/files\/terrassalit.gif\" alt=\"\" width=\"150\" height=\"65\">El segle XX a Terrassa a trav\u00e9s de la literatura<\/a> : Terrassa com a context no passa desapercebuda per als escriptors. <em>La Ciutat<\/em><em> de les Persones<\/em> ha inspirat obres que ens parlen d\u2019homes, per\u00f2 tamb\u00e9 de m\u00e0quines, de f\u00e0briques, d\u2019intrigues per a aconseguir el poder, de fum i de carrers on nom\u00e9s s\u2019escolta el soroll que fan les llan\u00e7adores que treballen dia i nit, de barris constru\u00efts a corre-cuita. I tot aix\u00f2, com ja hem dit abans, simbolitza la modernitat. La Jornada que presentem deixa ben clar quin \u00e9s el paper que ha jugat Terrassa al llarg de la hist\u00f2ria del segle XX.<\/p>\n<p align=\"justify\"><a href=\"http:\/\/jornades.uab.cat\/indicities\/\" target=\"_blank\" rel=\"noopener\"><img loading=\"lazy\" decoding=\"async\" style=\"float: right; border: 1px solid black; margin: 5px 15px;\" src=\"http:\/\/serveis.uab.cat\/bhumanitats\/sites\/serveis.uab.cat.bhumanitats\/files\/indicities.gif\" alt=\"\" width=\"150\" height=\"44\">Indicities<\/a> : By confronting texts from diverse parts of the Indian Ocean we aim to break down these hermetically sealed compartments in order to disclose the convergences and divergences between literary productions and their traditional criticism.&nbsp; This also enables us to question the celebratory tone with which the phenomenon of hybridity is analyzed in literature and observe the silences and tensions inherent in the writings of this rich, and insufficiently explored, cultural area.<\/p>\n<p align=\"justify\"><a href=\"http:\/\/jornades.uab.cat\/vicensvives\/\" target=\"_blank\" rel=\"noopener\"><img loading=\"lazy\" decoding=\"async\" style=\"float: left; border: 1px solid black; margin: 5px 15px;\" src=\"http:\/\/serveis.uab.cat\/bhumanitats\/sites\/serveis.uab.cat.bhumanitats\/files\/industrials.gif\" alt=\"\" width=\"150\" height=\"58\">Industrials i pol\u00edtics, Jaume Vicens Vives i la Catalunya del segle XIX<\/a> : Jaume Vicens i Vives \u00e9s l\u2019historiador catal\u00e0 m\u00e9s destacat, decisiu i influent del segle XX, no sols per la seva obra com a investigador, sin\u00f3 tamb\u00e9 per la seva enorme capacitat, iniciatives historiogr\u00e0fiques, c\u00edviques i pol\u00edtiques, de despertar les vocacions i de crear tota una escola.<\/p>\n<p align=\"justify\"><a href=\"http:\/\/jornades.uab.cat\/oulipo\/\" target=\"_blank\" rel=\"noopener\"><img loading=\"lazy\" decoding=\"async\" style=\"float: right; border: 1px solid black; margin: 5px 15px;\" src=\"http:\/\/serveis.uab.cat\/bhumanitats\/sites\/serveis.uab.cat.bhumanitats\/files\/oulipo.gif\" alt=\"\" width=\"150\" height=\"37\">Setmana OuLiPo<\/a> : El 25 de novembre de 2010, el grup Oulipo \u2013 OUvroir de LItt\u00e9rature POtentielle \u2013 fa 50 anys. \u201cOuvroir\u201d significa taller, \u00e9s a dir un espai on la creaci\u00f3 col\u00b7lectiva permet de crear nous textos. Literatura potencial significa que, a partir de t\u00e8cniques variades, es pot ampliar el camp de la creaci\u00f3 art\u00edstica.<\/p>\n<\/td><\/tr><\/tbody><\/table><\/figure>\n\n\n\n<figure class=\"wp-block-table\"><table><tbody><tr><td>\n<p>&nbsp;<\/p>\n<h3>ALTRES WEBS<\/h3>\n<p>&nbsp;<\/p>\n<p align=\"justify\"><a href=\"http:\/\/www.bib.uab.cat\/bdhah\/\" target=\"_blank\" rel=\"noopener\"><img loading=\"lazy\" decoding=\"async\" style=\"float: left; border: 1px solid black; margin: 5px 15px;\" src=\"http:\/\/serveis.uab.cat\/bhumanitats\/sites\/serveis.uab.cat.bhumanitats\/files\/bdhah.jpg\" alt=\"\" width=\"150\" height=\"87\">Biblioteca Digital d&#8217;Hist\u00f2ria de l&#8217;Art Hisp\u00e0nic<\/a> : Portal dirigit pel Departament d&#8217;Hist\u00f2ria de l&#8217;Art i Musicologia de la Universitat Aut\u00f2noma de Barcelona, coordinat i realitzat per la Biblioteca d&#8217;Humanitats. Presenta un sistema d&#8217;informaci\u00f3 orientat a la consulta de documents de literatura art\u00edstica, publicada durant l&#8217;\u00faltim ter\u00e7 de segle XIX i principis del XX.<\/p>\n<p align=\"justify\"><a href=\"http:\/\/www.bib.uab.cat\/human\/llegimsite\/llegim.asp\" target=\"_blank\" rel=\"noopener\"><img loading=\"lazy\" decoding=\"async\" style=\"float: right; border: 1px solid black; margin: 5px 15px;\" src=\"http:\/\/serveis.uab.cat\/bhumanitats\/sites\/serveis.uab.cat.bhumanitats\/files\/llegint.gif\" alt=\"\" width=\"150\" height=\"61\">El que anem llegint<\/a> : Espai on els lectors recomanen i opinen sobre all\u00f2 que han llegit. Totes les recomanacions i opinions s\u00f3n an\u00f2nimes i gratuites i seran publicades sempre i quan respectin les m\u00ednimes normes d&#8217;educaci\u00f3. Aquest f\u00f2rum \u00e9s obert a tothom i defuig expl\u00edcitament qualsevol tend\u00e8ncia ideol\u00f2gica o inter\u00e8s cremat\u00edstic.<\/p>\n<p align=\"justify\"><a href=\"http:\/\/hipatia.uab.cat\/art\/publica.asp\" target=\"_blank\" rel=\"noopener\"><img loading=\"lazy\" decoding=\"async\" style=\"float: left; border: 1px solid black; margin: 5px 15px;\" src=\"http:\/\/serveis.uab.cat\/bhumanitats\/sites\/serveis.uab.cat.bhumanitats\/files\/art.jpg\" alt=\"\" width=\"155\" height=\"44\">Recursos a Internet d&#8217;Art i Arquitectura de Ramon Soler<\/a> : Portal amb m\u00e9s de 3000 recursos sobre Art i Arquitectura seleccionats per Ramon Soler.<\/p>\n<p align=\"justify\"><a href=\"http:\/\/www.bib.uab.es\/human\/bibliologia\/inici.htm\" target=\"_blank\" rel=\"noopener\"><img loading=\"lazy\" decoding=\"async\" style=\"float: right; border: 1px solid black; margin: 5px 15px;\" src=\"http:\/\/serveis.uab.cat\/bhumanitats\/sites\/serveis.uab.cat.bhumanitats\/files\/cultura.jpg\" alt=\"\" width=\"150\" height=\"81\">Recursos a Internet de Bibliologia i Cultura Escrita de Ramon Soler<\/a> : Portal de recursos tem\u00e0tics sobre Bibliologia i Cultura escrita, com ara hist\u00f2ria del llibre, organitzacions professionals i de recerca, arquitectura i hist\u00f2ria de les biblioteques, escriptura, paper i filigranes, manuscrits, museus, llibreters de vell&#8230;<\/p>\n<\/td><\/tr><\/tbody><\/table><\/figure>\n","protected":false},"excerpt":{"rendered":"<p>El Servei d\u2019Informaci\u00f3 Electr\u00f2nica de la Biblioteca d&#8217;Humanitats, per tal de contribuir a facilitar la tasca dels grups d\u2019investigaci\u00f3, els hi ha programat, estructurat i dissenyat unes p\u00e0gines web. La biblioteca col\u00b7labora amb grups de recerca que pertanyen a les facultats a qu\u00e8 presta servei, com s\u00f3n la Facultat de Filosofia i Lletres, Facultat d&#8217;Educaci\u00f3, [&hellip;]<\/p>\n","protected":false},"author":20,"featured_media":0,"parent":0,"menu_order":0,"comment_status":"closed","ping_status":"closed","template":"","meta":{"footnotes":""},"class_list":["post-32","page","type-page","status-publish","hentry"],"_links":{"self":[{"href":"https:\/\/webs.uab.cat\/bhumanitats\/wp-json\/wp\/v2\/pages\/32","targetHints":{"allow":["GET"]}}],"collection":[{"href":"https:\/\/webs.uab.cat\/bhumanitats\/wp-json\/wp\/v2\/pages"}],"about":[{"href":"https:\/\/webs.uab.cat\/bhumanitats\/wp-json\/wp\/v2\/types\/page"}],"author":[{"embeddable":true,"href":"https:\/\/webs.uab.cat\/bhumanitats\/wp-json\/wp\/v2\/users\/20"}],"replies":[{"embeddable":true,"href":"https:\/\/webs.uab.cat\/bhumanitats\/wp-json\/wp\/v2\/comments?post=32"}],"version-history":[{"count":1,"href":"https:\/\/webs.uab.cat\/bhumanitats\/wp-json\/wp\/v2\/pages\/32\/revisions"}],"predecessor-version":[{"id":213,"href":"https:\/\/webs.uab.cat\/bhumanitats\/wp-json\/wp\/v2\/pages\/32\/revisions\/213"}],"wp:attachment":[{"href":"https:\/\/webs.uab.cat\/bhumanitats\/wp-json\/wp\/v2\/media?parent=32"}],"curies":[{"name":"wp","href":"https:\/\/api.w.org\/{rel}","templated":true}]}}