{"id":68,"date":"2013-07-11T12:24:50","date_gmt":"2013-07-11T12:24:50","guid":{"rendered":"https:\/\/webs.uab.cat\/bhumanitats\/mes-informacio\/"},"modified":"2022-09-09T12:24:55","modified_gmt":"2022-09-09T12:24:55","slug":"mes-informacio","status":"publish","type":"page","link":"https:\/\/webs.uab.cat\/bhumanitats\/mes-informacio\/","title":{"rendered":"M\u00e9s informaci\u00f3"},"content":{"rendered":"\n<p>Els principals serveis que la Biblioteca d\u2019Humanitats ofereix als grups de recerca s\u00f3n:<\/p>\n\n\n\n<ul class=\"wp-block-list\"><li>Organitzar i definir els diferents tipus de contingut de la p\u00e0gina (informaci\u00f3 diversa sobre els objectius i les l\u00ednies d&#8217;investigaci\u00f3 del grup de recerca, treballs que porten a terme, esdeveniments relacionats amb  aquella tempatica&#8230;), en estret contacte amb el grup de recerca.<\/li><\/ul>\n\n\n\n<p><\/p>\n\n\n\n<ul class=\"wp-block-list\"><li>Fer un disseny visual original per a cada projecte<\/li><\/ul>\n\n\n\n<p><\/p>\n\n\n\n<ul class=\"wp-block-list\"><li>Gestionar les diverses informacions d&#8217;una manera prou \u00e0gil i manejable; d&#8217;aquesta manera, la persona encarregada de tenir al dia el web podr\u00e0 fer el seguiment pertinent sense problemes.<\/li><\/ul>\n\n\n\n<p><\/p>\n\n\n\n<ul class=\"wp-block-list\"><li>Introduir tota aquella documentaci\u00f3 generada pel grup de recerca que sigui susceptible de ser arxivada en el repositori institucional de la UAB<\/li><\/ul>\n\n\n\n<p><\/p>\n\n\n\n<ul class=\"wp-block-list\"><li>Formar i assessorar convenientment alg\u00fa del grup de recerca per tal que s&#8217;encarregui del manteniment dels continguts del web, treient aix\u00ed el seu millor rendiment.<\/li><\/ul>\n","protected":false},"excerpt":{"rendered":"<p>Els principals serveis que la Biblioteca d\u2019Humanitats ofereix als grups de recerca s\u00f3n: Organitzar i definir els diferents tipus de contingut de la p\u00e0gina (informaci\u00f3 diversa sobre els objectius i les l\u00ednies d&#8217;investigaci\u00f3 del grup de recerca, treballs que porten a terme, esdeveniments relacionats amb aquella tempatica&#8230;), en estret contacte amb el grup de recerca. [&hellip;]<\/p>\n","protected":false},"author":20,"featured_media":0,"parent":0,"menu_order":0,"comment_status":"closed","ping_status":"closed","template":"","meta":{"footnotes":""},"class_list":["post-68","page","type-page","status-publish","hentry"],"_links":{"self":[{"href":"https:\/\/webs.uab.cat\/bhumanitats\/wp-json\/wp\/v2\/pages\/68","targetHints":{"allow":["GET"]}}],"collection":[{"href":"https:\/\/webs.uab.cat\/bhumanitats\/wp-json\/wp\/v2\/pages"}],"about":[{"href":"https:\/\/webs.uab.cat\/bhumanitats\/wp-json\/wp\/v2\/types\/page"}],"author":[{"embeddable":true,"href":"https:\/\/webs.uab.cat\/bhumanitats\/wp-json\/wp\/v2\/users\/20"}],"replies":[{"embeddable":true,"href":"https:\/\/webs.uab.cat\/bhumanitats\/wp-json\/wp\/v2\/comments?post=68"}],"version-history":[{"count":1,"href":"https:\/\/webs.uab.cat\/bhumanitats\/wp-json\/wp\/v2\/pages\/68\/revisions"}],"predecessor-version":[{"id":230,"href":"https:\/\/webs.uab.cat\/bhumanitats\/wp-json\/wp\/v2\/pages\/68\/revisions\/230"}],"wp:attachment":[{"href":"https:\/\/webs.uab.cat\/bhumanitats\/wp-json\/wp\/v2\/media?parent=68"}],"curies":[{"name":"wp","href":"https:\/\/api.w.org\/{rel}","templated":true}]}}