{"id":14,"date":"2023-09-22T13:46:17","date_gmt":"2023-09-22T11:46:17","guid":{"rendered":"https:\/\/webs.uab.cat\/bioaqua\/?page_id=14"},"modified":"2023-09-22T14:03:22","modified_gmt":"2023-09-22T12:03:22","slug":"current-funding","status":"publish","type":"page","link":"https:\/\/webs.uab.cat\/bioaqua\/current-funding\/","title":{"rendered":"Current funding"},"content":{"rendered":"\n<p><strong><em>Biomarking the fish sperm epigenome and molecular cargo for a sustainable aquaculture <\/em><\/strong><strong>(BIOSPERM).<\/strong> Spanish Ministry of Science and Innovation. PI: Joan Cerd\u00e0. 2023-27.<\/p>\n\n\n\n<p><strong><em>Curing EU aquaculture by co-creating health and welfare innovations<\/em><\/strong><strong> (CURE4AQUA).<\/strong> European Union, H2020 Program. COORDNATOR: Ivona Mladineo (Czech Rep. ). CSIC PI: Francesc Piferrer. 2022-27.<\/p>\n\n\n\n<p><strong><em>Novel epigenetic markers linked to onset-arrest of sexual maturity in Atlantic cod<\/em> (EPICOD). <\/strong>Norwegian Research Council. COORDINATOR: Jorge Fernandes. CSIC PI: Francesc Piferrer. 2023-25.<\/p>\n\n\n\n<p><strong><em>Producci\u00f3n y caracterizaci\u00f3n funcional y estructural completa de antigenos nanoestructurados (NPs) de IHNV y SAV2: de una plataforma inyectable a una de administraci\u00f3n oral<\/em>.<\/strong> Spanish Ministry of Science and Innovation. Coordinator: Nerea Roher. 2022-25.<\/p>\n\n\n\n<p><strong><em>New in-feed prophylactics for fish: bringing oral vaccines from the bench to the market<\/em> (PROFITMAR).<\/strong> Prueba de Concepto. Spanish Ministry of Science and Innovation. Coordinator: Nerea Roher. 2023-24.<\/p>\n\n\n\n<p><strong><em>Quorum sensing regulatory networks in Stenotrophomonas maltophilia as targets for therapeutic alternatives to current antibiotics<\/em><\/strong><strong> (StenoQS).<\/strong> Spanish Ministry of Science and Innovation. PIs: Xavier Daura and Daniel Yero. 2020-24.<\/p>\n\n\n\n<p><strong><em>A long-lasting anti-Covid-19 subcutaneous vaccine through a novel, industrially competitive and biologically safe nanomimetic concept<\/em><\/strong><strong> (PANDEMIES).<\/strong> AGAUR. Coordinator: Antonio Villaverde, WP IP: Nerea Roher. 2022-23.<\/p>\n\n\n\n<p><strong><em>Desarrollo de marcadores epigen\u00e9ticos y transcript\u00f3micos para su aplicaci\u00f3n a la selecci\u00f3n de reproductores en acuicultura<\/em>.<\/strong> Consejo Supeior de Investigaciones cient\u00edficas (CSIC). Programa i-COOP. PI: Francesc Piferrer. 2022-23.<\/p>\n\n\n\n<p><strong><em>Vesicle-targeted protein engineering: A novel biotechnological approach for the cryopreservation of fish oocytes and embryos<\/em><\/strong><strong> (CRYOYOLK). <\/strong>Spanish Ministry of Economy and Competitiveness. PI: J. Cerd\u00e0. 2020-23.<\/p>\n\n\n\n<p><strong><em>Caracterizaci\u00f3n de epialelos puros y su aplicaci\u00f3n como indicadores clave del rendimiento en piscicultura<\/em> (EPIPURE).<\/strong> Spanish Ministry of Economy and Competitiveness. PI: Francesc Piferrer. 2020-23.<\/p>\n","protected":false},"excerpt":{"rendered":"<p>Biomarking the fish sperm epigenome and molecular cargo for a sustainable aquaculture (BIOSPERM). Spanish Ministry of Science and Innovation. PI: Joan Cerd\u00e0. 2023-27. Curing EU aquaculture by co-creating health and welfare innovations (CURE4AQUA). European Union, H2020 Program. COORDNATOR: Ivona Mladineo (Czech Rep. ). CSIC PI: Francesc Piferrer. 2022-27. Novel epigenetic markers linked to onset-arrest of [&hellip;]<\/p>\n","protected":false},"author":1555,"featured_media":0,"parent":0,"menu_order":0,"comment_status":"closed","ping_status":"closed","template":"","meta":{"footnotes":""},"class_list":["post-14","page","type-page","status-publish","hentry"],"_links":{"self":[{"href":"https:\/\/webs.uab.cat\/bioaqua\/wp-json\/wp\/v2\/pages\/14","targetHints":{"allow":["GET"]}}],"collection":[{"href":"https:\/\/webs.uab.cat\/bioaqua\/wp-json\/wp\/v2\/pages"}],"about":[{"href":"https:\/\/webs.uab.cat\/bioaqua\/wp-json\/wp\/v2\/types\/page"}],"author":[{"embeddable":true,"href":"https:\/\/webs.uab.cat\/bioaqua\/wp-json\/wp\/v2\/users\/1555"}],"replies":[{"embeddable":true,"href":"https:\/\/webs.uab.cat\/bioaqua\/wp-json\/wp\/v2\/comments?post=14"}],"version-history":[{"count":2,"href":"https:\/\/webs.uab.cat\/bioaqua\/wp-json\/wp\/v2\/pages\/14\/revisions"}],"predecessor-version":[{"id":24,"href":"https:\/\/webs.uab.cat\/bioaqua\/wp-json\/wp\/v2\/pages\/14\/revisions\/24"}],"wp:attachment":[{"href":"https:\/\/webs.uab.cat\/bioaqua\/wp-json\/wp\/v2\/media?parent=14"}],"curies":[{"name":"wp","href":"https:\/\/api.w.org\/{rel}","templated":true}]}}