{"id":12,"date":"2025-11-05T16:31:32","date_gmt":"2025-11-05T14:31:32","guid":{"rendered":"https:\/\/webs.uab.cat\/biohub\/?page_id=12"},"modified":"2026-02-18T15:54:43","modified_gmt":"2026-02-18T13:54:43","slug":"sobre-el-biohub","status":"publish","type":"page","link":"https:\/\/webs.uab.cat\/biohub\/sobre-el-biohub\/","title":{"rendered":"Sobre el BioHub"},"content":{"rendered":"\n<p><strong>BioHub \u00e9s un espai de connexi\u00f3 entre estudiants, empreses i institucions que compartim una mateixa passi\u00f3 per les ci\u00e8ncies de la vida. Pret\u00e9n que l\u2019alumnat pugui con\u00e8ixer de primera m\u00e0 el m\u00f3n laboral, establir contactes professionals i explorar les diferents sortides professionals en l\u2019\u00e0mbit de les bioci\u00e8ncies. A trav\u00e9s d\u2019activitats presencials i virtuals, BioHub \u00e9s un esdeveniment pensat per connectar el talent amb les oportunitats, sempre amb l\u2019objectiu de potenciar les compet\u00e8ncies i el desenvolupament de futur de l\u2019estudiantat.<\/strong><\/p>\n\n\n\n<h2 class=\"wp-block-heading\"><strong>Objectiu formatiu i de suport professional<\/strong><\/h2>\n\n\n\n<p><strong>BioHub <\/strong>est\u00e0 dissenyat amb una clara vocaci\u00f3 formativa. L\u2019objectiu \u00e9s oferir presentacions, tallers i espais de trobada amb empreses i institucions per tal de proporcionar eines perqu\u00e8 l\u2019estudiantat comprengui el mercat laboral, les habilitats que es valoren i les compet\u00e8ncies que poden potenciar el seu perfil professional. Mitjan\u00e7ant un seguit d\u2019activitats, <strong>BioHub <\/strong>ofereix a l\u2019alumnat la possibilitat d\u2019experimentar din\u00e0miques pr\u00f2pies del m\u00f3n laboral i millorar les seves capacitats d\u2019interacci\u00f3 i comunicaci\u00f3 amb professionals del sector.<\/p>\n\n\n\n<h2 class=\"wp-block-heading\"><strong>Eix vertebrador: la connexi\u00f3 entre acad\u00e8mia i m\u00f3n professional<\/strong><\/h2>\n\n\n\n<p><strong>BioHub <\/strong>es basa en establir un pont s\u00f2lid entre la formaci\u00f3 acad\u00e8mica i les demandes del mercat laboral. Aquest esdeveniment posa en contacte directe l\u2019estudiantat amb empreses l\u00edders, institucions de recerca i centres de l\u2019\u00e0mbit p\u00fablic i privat que, amb les seves activitats i projectes, ofereixen als futurs graduats una visi\u00f3 completa de les oportunitats en bioci\u00e8ncies. <strong>BioHub <\/strong>es configura aix\u00ed com un espai de coneixement compartit i d\u2019intercanvi de perspectives, on tant l\u2019acad\u00e8mia com el m\u00f3n professional es beneficien de l\u2019enriquiment mutu.<\/p>\n\n\n\n<h2 class=\"wp-block-heading\"><strong>Enfocament en el valor p\u00fablic i el retorn social<\/strong><\/h2>\n\n\n\n<p><strong>BioHub <\/strong>mant\u00e9 una clara orientaci\u00f3 cap a la sostenibilitat i el valor p\u00fablic. Aquest f\u00f2rum no nom\u00e9s respon a les necessitats de les empreses per identificar talent, sin\u00f3 que ofereix a l\u2019estudiantat una plataforma de creixement i desenvolupament per construir traject\u00f2ries professionals que aportin valor social. En col\u00b7laboraci\u00f3 amb els diversos agents del sector, <strong>BioHub <\/strong>fomenta un comprom\u00eds amb el progr\u00e9s en bioci\u00e8ncies, donant resposta a les inquietuds del nostre alumnat i establint bases s\u00f2lides per a una carrera orientada al servei de la societat.<\/p>\n\n\n\n<h2 class=\"wp-block-heading\"><strong>Empreses i institucions participants<\/strong><\/h2>\n\n\n\n<p>Les empreses i institucions que participen a <strong>BioHub <\/strong>representen una \u00e0mplia varietat d\u2019\u00e0mbits dins les ci\u00e8ncies de la vida: des de la biotecnologia i la salut fins al medi ambient i la recerca b\u00e0sica i aplicada. Aquestes s&#8217;han sumat a <strong>BioHub <\/strong>amb l\u2019objectiu de crear vincles amb l\u2019estudiantat, compartir les seves experi\u00e8ncies i projectes, i oferir una visi\u00f3 directa del que implica treballar en aquest sector. Aix\u00ed, l\u2019alumnat t\u00e9 l\u2019oportunitat de con\u00e8ixer la pluralitat d\u2019oportunitats existents i explorar quin cam\u00ed s\u2019ajusta m\u00e9s als seus interessos i valors.<\/p>\n","protected":false},"excerpt":{"rendered":"<p>BioHub \u00e9s un espai de connexi\u00f3 entre estudiants, empreses i institucions que compartim una mateixa passi\u00f3 per les ci\u00e8ncies de la vida. Pret\u00e9n que l\u2019alumnat pugui con\u00e8ixer de primera m\u00e0 el m\u00f3n laboral, establir contactes professionals i explorar les diferents sortides professionals en l\u2019\u00e0mbit de les bioci\u00e8ncies. A trav\u00e9s d\u2019activitats presencials i virtuals, BioHub \u00e9s [&hellip;]<\/p>\n","protected":false},"author":563,"featured_media":0,"parent":0,"menu_order":0,"comment_status":"closed","ping_status":"closed","template":"","meta":{"footnotes":""},"class_list":["post-12","page","type-page","status-publish","hentry"],"_links":{"self":[{"href":"https:\/\/webs.uab.cat\/biohub\/wp-json\/wp\/v2\/pages\/12","targetHints":{"allow":["GET"]}}],"collection":[{"href":"https:\/\/webs.uab.cat\/biohub\/wp-json\/wp\/v2\/pages"}],"about":[{"href":"https:\/\/webs.uab.cat\/biohub\/wp-json\/wp\/v2\/types\/page"}],"author":[{"embeddable":true,"href":"https:\/\/webs.uab.cat\/biohub\/wp-json\/wp\/v2\/users\/563"}],"replies":[{"embeddable":true,"href":"https:\/\/webs.uab.cat\/biohub\/wp-json\/wp\/v2\/comments?post=12"}],"version-history":[{"count":6,"href":"https:\/\/webs.uab.cat\/biohub\/wp-json\/wp\/v2\/pages\/12\/revisions"}],"predecessor-version":[{"id":515,"href":"https:\/\/webs.uab.cat\/biohub\/wp-json\/wp\/v2\/pages\/12\/revisions\/515"}],"wp:attachment":[{"href":"https:\/\/webs.uab.cat\/biohub\/wp-json\/wp\/v2\/media?parent=12"}],"curies":[{"name":"wp","href":"https:\/\/api.w.org\/{rel}","templated":true}]}}