{"id":15,"date":"2025-11-05T16:41:50","date_gmt":"2025-11-05T14:41:50","guid":{"rendered":"https:\/\/webs.uab.cat\/biohub\/?page_id=15"},"modified":"2026-02-02T23:49:30","modified_gmt":"2026-02-02T21:49:30","slug":"benvinguda-al-biohub","status":"publish","type":"page","link":"https:\/\/webs.uab.cat\/biohub\/","title":{"rendered":"Benvinguda al BioHub!"},"content":{"rendered":"\n<div class=\"wp-block-cover alignfull is-light\"><video class=\"wp-block-cover__video-background intrinsic-ignore\" autoplay muted loop playsinline src=\"https:\/\/webs.uab.cat\/biohub\/wp-content\/uploads\/sites\/691\/2025\/11\/Untitled-design.mp4\" data-object-fit=\"cover\"><\/video><span aria-hidden=\"true\" class=\"wp-block-cover__background has-background-dim\" style=\"background-color:#FFF\"><\/span><div class=\"wp-block-cover__inner-container is-layout-constrained wp-block-cover-is-layout-constrained\">\n<p class=\"has-text-align-center has-negre-eben-color has-text-color has-link-color has-larger-font-size wp-elements-8d20b6f6a2cdde41cf17c7696cd77da9\"><img loading=\"lazy\" decoding=\"async\" width=\"734\" height=\"175\" class=\"wp-image-128\" style=\"width: 500px\" src=\"https:\/\/webs.uab.cat\/biohub\/wp-content\/uploads\/sites\/691\/2025\/11\/Logo_BioHub_GB.png\" alt=\"\" srcset=\"https:\/\/webs.uab.cat\/biohub\/wp-content\/uploads\/sites\/691\/2025\/11\/Logo_BioHub_GB.png 734w, https:\/\/webs.uab.cat\/biohub\/wp-content\/uploads\/sites\/691\/2025\/11\/Logo_BioHub_GB-300x72.png 300w\" sizes=\"auto, (max-width: 734px) 100vw, 734px\" \/><\/p>\n<\/div><\/div>\n\n\n\n<p><strong>BioHub<\/strong> \u00e9s un espai de connexi\u00f3 entre estudiants, empreses i institucions que compartim una mateixa passi\u00f3 per les ci\u00e8ncies de la vida. Pret\u00e9n que l\u2019alumnat pugui con\u00e8ixer de primera m\u00e0 el m\u00f3n laboral, establir contactes professionals i explorar les diferents sortides professionals en l\u2019\u00e0mbit de les bioci\u00e8ncies. A trav\u00e9s d\u2019activitats presencials i virtuals, <strong>BioHub<\/strong> \u00e9s un esdeveniment pensat per connectar el talent amb les oportunitats, sempre amb l\u2019objectiu de potenciar les compet\u00e8ncies i el desenvolupament de futur de l\u2019estudiantat.<\/p>\n\n\n\n<h2 class=\"wp-block-heading\">Qu\u00e8 t&#8217;ofereix el BioHub?<\/h2>\n\n\n\n<h3 class=\"wp-block-heading\"><strong>Fira d&#8217;empreses i institucions (estands)<\/strong><\/h3>\n\n\n\n<div class=\"wp-block-columns is-layout-flex wp-container-core-columns-is-layout-9d6595d7 wp-block-columns-is-layout-flex\">\n<div class=\"wp-block-column is-layout-flow wp-block-column-is-layout-flow\">\n<figure class=\"wp-block-image size-full\"><a href=\"https:\/\/www.anthesisgroup.com\/\"><img loading=\"lazy\" decoding=\"async\" width=\"283\" height=\"112\" src=\"https:\/\/webs.uab.cat\/biohub\/wp-content\/uploads\/sites\/691\/2025\/11\/anthesis-1.png\" alt=\"\" class=\"wp-image-209\" \/><\/a><\/figure>\n<\/div>\n\n\n\n<div class=\"wp-block-column is-layout-flow wp-block-column-is-layout-flow\">\n<figure class=\"wp-block-image size-full\"><a href=\"https:\/\/www.astrazeneca.com\/content\/az-es.html\"><img loading=\"lazy\" decoding=\"async\" width=\"283\" height=\"112\" src=\"https:\/\/webs.uab.cat\/biohub\/wp-content\/uploads\/sites\/691\/2025\/11\/astrazeneca-2.png\" alt=\"\" class=\"wp-image-210\" \/><\/a><\/figure>\n<\/div>\n\n\n\n<div class=\"wp-block-column is-layout-flow wp-block-column-is-layout-flow\">\n<figure class=\"wp-block-image size-full\"><a href=\"https:\/\/www.bbraun.es\/\"><img loading=\"lazy\" decoding=\"async\" width=\"283\" height=\"112\" src=\"https:\/\/webs.uab.cat\/biohub\/wp-content\/uploads\/sites\/691\/2025\/11\/BRAUN.png\" alt=\"\" class=\"wp-image-278\" \/><\/a><\/figure>\n<\/div>\n<\/div>\n\n\n\n<div class=\"wp-block-columns is-layout-flex wp-container-core-columns-is-layout-9d6595d7 wp-block-columns-is-layout-flex\">\n<div class=\"wp-block-column is-layout-flow wp-block-column-is-layout-flow\">\n<figure class=\"wp-block-image size-full\"><a href=\"https:\/\/empiezaporeducar.org\/\"><img loading=\"lazy\" decoding=\"async\" width=\"283\" height=\"112\" src=\"https:\/\/webs.uab.cat\/biohub\/wp-content\/uploads\/sites\/691\/2025\/11\/ExE-2.png\" alt=\"\" class=\"wp-image-211\" \/><\/a><\/figure>\n<\/div>\n\n\n\n<div class=\"wp-block-column is-layout-flow wp-block-column-is-layout-flow\">\n<figure class=\"wp-block-image size-full\"><a href=\"https:\/\/www.germanstrias.org\/\"><img loading=\"lazy\" decoding=\"async\" width=\"283\" height=\"112\" src=\"https:\/\/webs.uab.cat\/biohub\/wp-content\/uploads\/sites\/691\/2025\/11\/IGTP-4.png\" alt=\"\" class=\"wp-image-213\" \/><\/a><\/figure>\n<\/div>\n\n\n\n<div class=\"wp-block-column is-layout-flow wp-block-column-is-layout-flow\">\n<figure class=\"wp-block-image size-full\"><a href=\"https:\/\/vhir.vallhebron.com\/\"><img loading=\"lazy\" decoding=\"async\" width=\"283\" height=\"112\" src=\"https:\/\/webs.uab.cat\/biohub\/wp-content\/uploads\/sites\/691\/2025\/11\/VHIR-3.png\" alt=\"\" class=\"wp-image-214\" \/><\/a><\/figure>\n<\/div>\n<\/div>\n\n\n\n<div class=\"wp-block-columns is-layout-flex wp-container-core-columns-is-layout-9d6595d7 wp-block-columns-is-layout-flex\">\n<div class=\"wp-block-column is-layout-flow wp-block-column-is-layout-flow\">\n<figure class=\"wp-block-image size-full\"><a href=\"https:\/\/www.biolynx.es\/\"><img loading=\"lazy\" decoding=\"async\" width=\"283\" height=\"112\" src=\"https:\/\/webs.uab.cat\/biohub\/wp-content\/uploads\/sites\/691\/2025\/11\/biolynx-2.png\" alt=\"\" class=\"wp-image-216\" \/><\/a><\/figure>\n<\/div>\n\n\n\n<div class=\"wp-block-column is-layout-flow wp-block-column-is-layout-flow\">\n<figure class=\"wp-block-image size-full\"><a href=\"https:\/\/asbtec.cat\/\"><img loading=\"lazy\" decoding=\"async\" width=\"283\" height=\"112\" src=\"https:\/\/webs.uab.cat\/biohub\/wp-content\/uploads\/sites\/691\/2025\/11\/ASBTEC-3.png\" alt=\"\" class=\"wp-image-217\" \/><\/a><\/figure>\n<\/div>\n\n\n\n<div class=\"wp-block-column is-layout-flow wp-block-column-is-layout-flow\">\n<figure class=\"wp-block-image size-full\"><a href=\"https:\/\/www.synapse-connect.org\/\"><img loading=\"lazy\" decoding=\"async\" width=\"283\" height=\"112\" src=\"https:\/\/webs.uab.cat\/biohub\/wp-content\/uploads\/sites\/691\/2026\/02\/synapse.png\" alt=\"\" class=\"wp-image-347\" \/><\/a><\/figure>\n<\/div>\n<\/div>\n\n\n\n<div class=\"wp-block-columns is-layout-flex wp-container-core-columns-is-layout-9d6595d7 wp-block-columns-is-layout-flex\">\n<div class=\"wp-block-column is-layout-flow wp-block-column-is-layout-flow\">\n<figure class=\"wp-block-image size-full\"><a href=\"https:\/\/www.yebn.eu\/\"><img loading=\"lazy\" decoding=\"async\" width=\"283\" height=\"112\" src=\"https:\/\/webs.uab.cat\/biohub\/wp-content\/uploads\/sites\/691\/2025\/11\/YEBN.png\" alt=\"\" class=\"wp-image-320\" \/><\/a><\/figure>\n<\/div>\n\n\n\n<div class=\"wp-block-column is-layout-flow wp-block-column-is-layout-flow\">\n<figure class=\"wp-block-image size-full\"><a href=\"https:\/\/treball.barcelonactiva.cat\/ca\/web\/treball\/home\"><img loading=\"lazy\" decoding=\"async\" width=\"283\" height=\"112\" src=\"https:\/\/webs.uab.cat\/biohub\/wp-content\/uploads\/sites\/691\/2025\/11\/barcelonaactiva-3.png\" alt=\"\" class=\"wp-image-215\" \/><\/a><\/figure>\n<\/div>\n\n\n\n<div class=\"wp-block-column is-layout-flow wp-block-column-is-layout-flow\">\n<figure class=\"wp-block-image size-full\"><a href=\"https:\/\/www.uab.cat\/ca\/ocupabilitat\"><img loading=\"lazy\" decoding=\"async\" width=\"283\" height=\"112\" src=\"https:\/\/webs.uab.cat\/biohub\/wp-content\/uploads\/sites\/691\/2025\/11\/ocupabilitatuab-3.png\" alt=\"\" class=\"wp-image-218\" \/><\/a><\/figure>\n<\/div>\n<\/div>\n\n\n\n<h3 class=\"wp-block-heading\"><strong>M\u00e0sters<\/strong><\/h3>\n\n\n\n<p><a href=\"https:\/\/www.uab.cat\/web\/postgrau\/master-en-health-and-science-management\/informacio-general-1203328491238.html\/param1-4623_ca\/\">\ud83d\udd17<\/a> Master in Health &amp; Science Management (UAB)<\/p>\n\n\n\n<h3 class=\"wp-block-heading\"><strong>Activitats<\/strong><\/h3>\n\n\n\n<p><strong>Xerrades presencials<\/strong> (10 de febrer a la Sala de Graus)<\/p>\n\n\n\n<div class=\"wp-block-buttons is-layout-flex wp-block-buttons-is-layout-flex\">\n<div class=\"wp-block-button\"><a class=\"wp-block-button__link has-text-align-center wp-element-button\" href=\"https:\/\/webs.uab.cat\/biohub\/fira-dempreses-i-institucions\/xerrades-presencials-sala-de-graus\/\">PROGRAMA DE XERRADES PRESENCIALS<\/a><\/div>\n<\/div>\n\n\n\n<p><strong>Espai de tert\u00falia professional i\/o entrevistes<\/strong>  (10 de febrer a la Sala de Juntes)<\/p>\n\n\n\n<div class=\"wp-block-buttons is-layout-flex wp-block-buttons-is-layout-flex\">\n<div class=\"wp-block-button\"><a class=\"wp-block-button__link has-text-align-center wp-element-button\" href=\"https:\/\/webs.uab.cat\/biohub\/fira-dempreses-i-institucions\/espai-de-tertulia-professional-i-o-entrevistes-sala-de-juntes\/\">PROGRAMA DE TERT\u00daLIES PROFESSIONALS<\/a><\/div>\n<\/div>\n\n\n\n<p><strong>Xerrades virtuals<\/strong> (11 de febrer online per Teams)<\/p>\n\n\n\n<div class=\"wp-block-buttons is-layout-flex wp-block-buttons-is-layout-flex\">\n<div class=\"wp-block-button\"><a class=\"wp-block-button__link has-text-align-center wp-element-button\" href=\"https:\/\/webs.uab.cat\/biohub\/fira-dempreses-i-institucions\/xerrades-virtuals-online-per-teams\/\">PROGRAMA DE XERRADES VIRTUALS<\/a><\/div>\n<\/div>\n\n\n\n<h3 class=\"wp-block-heading\"><strong>Empreses col\u00b7laboradores<\/strong><\/h3>\n\n\n\n<div class=\"wp-block-columns is-layout-flex wp-container-core-columns-is-layout-9d6595d7 wp-block-columns-is-layout-flex\">\n<div class=\"wp-block-column is-layout-flow wp-block-column-is-layout-flow\">\n<figure class=\"wp-block-image size-full\"><a href=\"https:\/\/www.refruiting.com\/\"><img loading=\"lazy\" decoding=\"async\" width=\"283\" height=\"112\" src=\"https:\/\/webs.uab.cat\/biohub\/wp-content\/uploads\/sites\/691\/2025\/11\/refruiting-2.png\" alt=\"\" class=\"wp-image-222\" \/><\/a><\/figure>\n<\/div>\n\n\n\n<div class=\"wp-block-column is-layout-flow wp-block-column-is-layout-flow\">\n<figure class=\"wp-block-image size-full\"><a href=\"https:\/\/www.pmc.es\/\"><img loading=\"lazy\" decoding=\"async\" width=\"283\" height=\"112\" src=\"https:\/\/webs.uab.cat\/biohub\/wp-content\/uploads\/sites\/691\/2025\/11\/PMC-1.png\" alt=\"\" class=\"wp-image-272\" \/><\/a><\/figure>\n<\/div>\n\n\n\n<div class=\"wp-block-column is-layout-flow wp-block-column-is-layout-flow\"><\/div>\n<\/div>\n\n\n\n<p><\/p>\n","protected":false},"excerpt":{"rendered":"<p>BioHub \u00e9s un espai de connexi\u00f3 entre estudiants, empreses i institucions que compartim una mateixa passi\u00f3 per les ci\u00e8ncies de la vida. Pret\u00e9n que l\u2019alumnat pugui con\u00e8ixer de primera m\u00e0 el m\u00f3n laboral, establir contactes professionals i explorar les diferents sortides professionals en l\u2019\u00e0mbit de les bioci\u00e8ncies. A trav\u00e9s d\u2019activitats presencials i virtuals, BioHub \u00e9s [&hellip;]<\/p>\n","protected":false},"author":563,"featured_media":0,"parent":0,"menu_order":0,"comment_status":"closed","ping_status":"closed","template":"","meta":{"footnotes":""},"class_list":["post-15","page","type-page","status-publish","hentry"],"_links":{"self":[{"href":"https:\/\/webs.uab.cat\/biohub\/wp-json\/wp\/v2\/pages\/15","targetHints":{"allow":["GET"]}}],"collection":[{"href":"https:\/\/webs.uab.cat\/biohub\/wp-json\/wp\/v2\/pages"}],"about":[{"href":"https:\/\/webs.uab.cat\/biohub\/wp-json\/wp\/v2\/types\/page"}],"author":[{"embeddable":true,"href":"https:\/\/webs.uab.cat\/biohub\/wp-json\/wp\/v2\/users\/563"}],"replies":[{"embeddable":true,"href":"https:\/\/webs.uab.cat\/biohub\/wp-json\/wp\/v2\/comments?post=15"}],"version-history":[{"count":23,"href":"https:\/\/webs.uab.cat\/biohub\/wp-json\/wp\/v2\/pages\/15\/revisions"}],"predecessor-version":[{"id":410,"href":"https:\/\/webs.uab.cat\/biohub\/wp-json\/wp\/v2\/pages\/15\/revisions\/410"}],"wp:attachment":[{"href":"https:\/\/webs.uab.cat\/biohub\/wp-json\/wp\/v2\/media?parent=15"}],"curies":[{"name":"wp","href":"https:\/\/api.w.org\/{rel}","templated":true}]}}