{"id":83,"date":"2017-09-27T17:29:39","date_gmt":"2017-09-27T17:29:39","guid":{"rendered":"https:\/\/webs.uab.cat\/biologiamarina\/3-hipotesi\/"},"modified":"2017-09-27T17:29:39","modified_gmt":"2017-09-27T17:29:39","slug":"3-hipotesi","status":"publish","type":"page","link":"https:\/\/webs.uab.cat\/biologiamarina\/3-hipotesi\/","title":{"rendered":"3. Hip\u00f2tesi"},"content":{"rendered":"<p>Responeu la pregunta original<\/p>\n<p>Es tracta de donar resposta a la pregunta formulada i que, d\u2019alguna manera, pot posar-se a prova per a finalment afirmar-la o desmentir-la.<\/p>\n<p>Per a formular la hip\u00f2tesi es pot comen\u00e7ar amb un condicional: Si \u2026. (aix\u00f2 succeeix), despr\u00e9s &#8230; (passa aix\u00f2 altra), o b\u00e9 amb un: potser&#8230;.<\/p>\n<p>Exemple: (potser) la Cala Montg\u00f3 \u00e9s m\u00e9s rica en esp\u00e8cies que la Cala del Rec del Mol\u00ed.<\/p>\n<p>&nbsp;<\/p>\n","protected":false},"excerpt":{"rendered":"<p>Responeu la pregunta original Es tracta de donar resposta a la pregunta formulada i que, d\u2019alguna manera, pot posar-se a prova per a finalment afirmar-la o desmentir-la. Per a formular la hip\u00f2tesi es pot comen\u00e7ar amb un condicional: Si \u2026. (aix\u00f2 succeeix), despr\u00e9s &#8230; (passa aix\u00f2 altra), o b\u00e9 amb un: potser&#8230;. Exemple: (potser) la [&hellip;]<\/p>\n","protected":false},"author":20,"featured_media":0,"parent":0,"menu_order":0,"comment_status":"closed","ping_status":"closed","template":"","meta":{"footnotes":""},"class_list":["post-83","page","type-page","status-publish","hentry"],"_links":{"self":[{"href":"https:\/\/webs.uab.cat\/biologiamarina\/wp-json\/wp\/v2\/pages\/83","targetHints":{"allow":["GET"]}}],"collection":[{"href":"https:\/\/webs.uab.cat\/biologiamarina\/wp-json\/wp\/v2\/pages"}],"about":[{"href":"https:\/\/webs.uab.cat\/biologiamarina\/wp-json\/wp\/v2\/types\/page"}],"author":[{"embeddable":true,"href":"https:\/\/webs.uab.cat\/biologiamarina\/wp-json\/wp\/v2\/users\/20"}],"replies":[{"embeddable":true,"href":"https:\/\/webs.uab.cat\/biologiamarina\/wp-json\/wp\/v2\/comments?post=83"}],"version-history":[{"count":0,"href":"https:\/\/webs.uab.cat\/biologiamarina\/wp-json\/wp\/v2\/pages\/83\/revisions"}],"wp:attachment":[{"href":"https:\/\/webs.uab.cat\/biologiamarina\/wp-json\/wp\/v2\/media?parent=83"}],"curies":[{"name":"wp","href":"https:\/\/api.w.org\/{rel}","templated":true}]}}