{"id":98,"date":"2017-10-05T17:17:47","date_gmt":"2017-10-05T17:17:47","guid":{"rendered":"https:\/\/webs.uab.cat\/biologiamarina\/plancton\/"},"modified":"2017-10-05T17:17:47","modified_gmt":"2017-10-05T17:17:47","slug":"plancton","status":"publish","type":"page","link":"https:\/\/webs.uab.cat\/biologiamarina\/plancton\/","title":{"rendered":"Pl\u00e0ncton"},"content":{"rendered":"<p>1. El transecte<\/p>\n<p><iframe loading=\"lazy\" width=\"560\" height=\"315\" src=\"https:\/\/www.youtube.com\/embed\/11Eq9f2f7hU\" frameborder=\"0\" allow=\"autoplay; encrypted-media\" allowfullscreen><\/iframe><\/p>\n<p>2. Material necessari<\/p>\n<p><img loading=\"lazy\" decoding=\"async\" alt=\"\" height=\"450\" src=\"http:\/\/grupsderecerca.uab.cat\/biologiamarina\/sites\/grupsderecerca.uab.cat.biologiamarina\/files\/destacats\/gopr4127.jpg\" width=\"600\" \/><\/p>\n<p>3. Preparaci\u00f3 de la m\u00e0nega<\/p>\n<p><img loading=\"lazy\" decoding=\"async\" alt=\"\" height=\"338\" src=\"http:\/\/grupsderecerca.uab.cat\/biologiamarina\/sites\/grupsderecerca.uab.cat.biologiamarina\/files\/destacats\/img_preparacio_manega_1.jpg\" width=\"600\" \/><\/p>\n<p><img loading=\"lazy\" decoding=\"async\" alt=\"\" height=\"202\" src=\"http:\/\/grupsderecerca.uab.cat\/biologiamarina\/sites\/grupsderecerca.uab.cat.biologiamarina\/files\/destacats\/captura_de_pantalla_2018-06-28_a_les_20.42.53.png\" width=\"600\" \/><\/p>\n<p><iframe loading=\"lazy\" width=\"560\" height=\"315\" src=\"https:\/\/www.youtube.com\/embed\/XjTGM-ocdBE\" frameborder=\"0\" allow=\"autoplay; encrypted-media\" allowfullscreen><\/iframe><\/p>\n<p>4. Mostreig<\/p>\n<p><img loading=\"lazy\" decoding=\"async\" alt=\"\" height=\"338\" src=\"http:\/\/grupsderecerca.uab.cat\/biologiamarina\/sites\/grupsderecerca.uab.cat.biologiamarina\/files\/destacats\/incorrecte_mostreig_plankton.jpg\" width=\"600\" \/><\/p>\n<p><iframe loading=\"lazy\" width=\"560\" height=\"315\" src=\"https:\/\/www.youtube.com\/embed\/AT2NAhcbYOc\" frameborder=\"0\" allow=\"autoplay; encrypted-media\" allowfullscreen><\/iframe><\/p>\n<p><iframe loading=\"lazy\" width=\"560\" height=\"315\" src=\"https:\/\/www.youtube.com\/embed\/kjdvmz-JSWk\" frameborder=\"0\" allow=\"autoplay; encrypted-media\" allowfullscreen><\/iframe><\/p>\n<p>5. Filtratge de la mostra<\/p>\n<p><iframe loading=\"lazy\" width=\"560\" height=\"315\" src=\"https:\/\/www.youtube.com\/embed\/uAA5g8IzU8s\" frameborder=\"0\" allow=\"autoplay; encrypted-media\" allowfullscreen><\/iframe><\/p>\n<p>6. Neteja de la m\u00e0nega<\/p>\n<p><iframe loading=\"lazy\" width=\"560\" height=\"315\" src=\"https:\/\/www.youtube.com\/embed\/jvnaUpRq5uI\" frameborder=\"0\" allow=\"autoplay; encrypted-media\" allowfullscreen><\/iframe><\/p>\n","protected":false},"excerpt":{"rendered":"<p>1. El transecte 2. Material necessari 3. Preparaci\u00f3 de la m\u00e0nega 4. Mostreig 5. Filtratge de la mostra 6. Neteja de la m\u00e0nega<\/p>\n","protected":false},"author":20,"featured_media":0,"parent":0,"menu_order":0,"comment_status":"closed","ping_status":"closed","template":"","meta":{"footnotes":""},"class_list":["post-98","page","type-page","status-publish","hentry"],"_links":{"self":[{"href":"https:\/\/webs.uab.cat\/biologiamarina\/wp-json\/wp\/v2\/pages\/98","targetHints":{"allow":["GET"]}}],"collection":[{"href":"https:\/\/webs.uab.cat\/biologiamarina\/wp-json\/wp\/v2\/pages"}],"about":[{"href":"https:\/\/webs.uab.cat\/biologiamarina\/wp-json\/wp\/v2\/types\/page"}],"author":[{"embeddable":true,"href":"https:\/\/webs.uab.cat\/biologiamarina\/wp-json\/wp\/v2\/users\/20"}],"replies":[{"embeddable":true,"href":"https:\/\/webs.uab.cat\/biologiamarina\/wp-json\/wp\/v2\/comments?post=98"}],"version-history":[{"count":0,"href":"https:\/\/webs.uab.cat\/biologiamarina\/wp-json\/wp\/v2\/pages\/98\/revisions"}],"wp:attachment":[{"href":"https:\/\/webs.uab.cat\/biologiamarina\/wp-json\/wp\/v2\/media?parent=98"}],"curies":[{"name":"wp","href":"https:\/\/api.w.org\/{rel}","templated":true}]}}