{"id":41,"date":"2021-02-11T13:50:19","date_gmt":"2021-02-11T11:50:19","guid":{"rendered":"https:\/\/webs.uab.cat\/bridges\/team\/"},"modified":"2022-10-06T13:23:30","modified_gmt":"2022-10-06T11:23:30","slug":"team","status":"publish","type":"page","link":"https:\/\/webs.uab.cat\/bridges\/team\/","title":{"rendered":"Team"},"content":{"rendered":"\n<p>The project is carried out by the&nbsp;<a href=\"http:\/\/egolab.cat\/\" target=\"_blank\" rel=\"noopener\">egolab-GRAFO<\/a>&nbsp;research team at the&nbsp;<a href=\"http:\/\/www.uab.cat\/antropologia\/\" target=\"_blank\" rel=\"noopener\">Department of Social and Cultural Anthropology<\/a>&nbsp;of the&nbsp;<a href=\"http:\/\/www.uab.cat\/\" target=\"_blank\" rel=\"noopener\">Autonomous University of Barcelona (UAB)<\/a>. The team consists of the following members:<\/p>\n\n\n\n<h2 class=\"wp-block-heading\"><strong>Principal Investigator:<\/strong><\/h2>\n\n\n\n<p><strong><a href=\"https:\/\/pagines.uab.cat\/mirandalubbers\/\">Miranda J. Lubbers<\/a><\/strong>, Associate Professor and Director of <a href=\"https:\/\/grupsderecerca.uab.cat\/grafo\/content\/inici\">GRAFO<\/a><\/p>\n\n\n\n<h2 class=\"wp-block-heading\"><strong>Team members:<\/strong><\/h2>\n\n\n\n<p><a href=\"https:\/\/pagines.uab.cat\/joseluismolina\/content\/presentaci%C3%B3n\"><strong>Jos\u00e9 Luis Molina<\/strong><\/a>, Full Professor<\/p>\n\n\n\n<p><a href=\"https:\/\/gent.uab.cat\/hugovalenzuela\/\"><strong>Hugo Valenzuela Garc\u00eda<\/strong><\/a>, Associate Professor<\/p>\n\n\n\n<p><a href=\"https:\/\/www.researchgate.net\/profile\/Karla_Nahuelpan_Sanchez\"><strong>Karla Nahuelpan S\u00e1nchez<\/strong><\/a>, PhD student<\/p>\n","protected":false},"excerpt":{"rendered":"<p>The project is carried out by the&nbsp;egolab-GRAFO&nbsp;research team at the&nbsp;Department of Social and Cultural Anthropology&nbsp;of the&nbsp;Autonomous University of Barcelona (UAB). The team consists of the following members: Principal Investigator: Miranda J. Lubbers, Associate Professor and Director of GRAFO Team members: Jos\u00e9 Luis Molina, Full Professor Hugo Valenzuela Garc\u00eda, Associate Professor Karla Nahuelpan S\u00e1nchez, PhD student<\/p>\n","protected":false},"author":20,"featured_media":0,"parent":0,"menu_order":0,"comment_status":"closed","ping_status":"closed","template":"","meta":{"footnotes":""},"class_list":["post-41","page","type-page","status-publish","hentry"],"_links":{"self":[{"href":"https:\/\/webs.uab.cat\/bridges\/wp-json\/wp\/v2\/pages\/41","targetHints":{"allow":["GET"]}}],"collection":[{"href":"https:\/\/webs.uab.cat\/bridges\/wp-json\/wp\/v2\/pages"}],"about":[{"href":"https:\/\/webs.uab.cat\/bridges\/wp-json\/wp\/v2\/types\/page"}],"author":[{"embeddable":true,"href":"https:\/\/webs.uab.cat\/bridges\/wp-json\/wp\/v2\/users\/20"}],"replies":[{"embeddable":true,"href":"https:\/\/webs.uab.cat\/bridges\/wp-json\/wp\/v2\/comments?post=41"}],"version-history":[{"count":1,"href":"https:\/\/webs.uab.cat\/bridges\/wp-json\/wp\/v2\/pages\/41\/revisions"}],"predecessor-version":[{"id":80,"href":"https:\/\/webs.uab.cat\/bridges\/wp-json\/wp\/v2\/pages\/41\/revisions\/80"}],"wp:attachment":[{"href":"https:\/\/webs.uab.cat\/bridges\/wp-json\/wp\/v2\/media?parent=41"}],"curies":[{"name":"wp","href":"https:\/\/api.w.org\/{rel}","templated":true}]}}