{"id":54,"date":"2009-05-08T11:14:38","date_gmt":"2009-05-08T11:14:38","guid":{"rendered":"https:\/\/webs.uab.cat\/briologia\/staff-and-links\/"},"modified":"2023-02-06T19:19:35","modified_gmt":"2023-02-06T19:19:35","slug":"staff-and-links","status":"publish","type":"page","link":"https:\/\/webs.uab.cat\/briologia\/en\/staff-and-links\/","title":{"rendered":"Staff and Links"},"content":{"rendered":"\n<h2 class=\"wp-block-heading\"><strong>Laboratory of Briology<\/strong><\/h2>\n\n\n\n<p><strong>Universitat Aut\u00f2noma de Barcelona. <\/strong>Facultat de Bioci\u00e8ncies<br>Departament de Biologia Animal, de Biologia Vegetal i d&#8217;Ecologia. Unitat de Bot\u00e0nica<br>Torre C1 senars (3r pis)<br>E-08193 Bellaterra (Cerdanyola del Vall\u00e8s)<br>Tel. (+34) 935811989 \/ Fax. (+34) 935811321<\/p>\n\n\n\n<h3 class=\"wp-block-heading\"><strong><br>Staff:<\/strong><\/h3>\n\n\n\n<p><a href=\"mailto:Montserrat.Brugues@uab.cat\">Dra. Montserrat Brugu\u00e9s<\/a>&nbsp;&nbsp; <strong>montserrat.brugues@uab.cat<\/strong><\/p>\n\n\n\n<p><a href=\"mailto:Elena.Ruiz@uab.cat\">Elena Ruiz<\/a>&nbsp;&nbsp; <strong>elena.ruiz@uab.cat<\/strong><\/p>\n\n\n\n<p><a href=\"llorens.saez@uab.cat\">Dr. Lloren\u00e7 S\u00e1ez<\/a>&nbsp;&nbsp; <strong>llorens.saez@uab.cat<\/strong><\/p>\n\n\n\n<p><a href=\"mailto:RosaMaria.Cros@uab.cat\">Dra. Rosa M. Cros<\/a>&nbsp;&nbsp; <strong>rosamaria.cros@uab.cat<\/strong><\/p>\n\n\n\n<p class=\"has-text-align-left\"><a href=\"mailto:anabelen.barron@campus.uab.cat\">Ana Barr\u00f3n<\/a>&nbsp;&nbsp; <strong>info@anabarron.com<\/strong><\/p>\n\n\n\n<p><\/p>\n\n\n\n<figure class=\"wp-block-table\"><table><tbody><tr><td><\/td><\/tr><\/tbody><\/table><\/figure>\n\n\n\n<h3 class=\"has-text-align-center wp-block-heading\"><strong>Links to sites of interest<\/strong>:<\/h3>\n\n\n\n<p class=\"has-text-align-center\"><a href=\"http:\/\/biodiver.bio.ub.es\/biocat\/index.jsp\">Banc de dades de Biodiversitat de Catalunya (BDBC)<\/a><\/p>\n\n\n\n<p class=\"has-text-align-center\"><a href=\"http:\/\/www.uam.es\/informacion\/asociaciones\/SEB\/\">Sociedad Espa\u00f1ola de Briolog\u00eda (SEB)&nbsp;<\/a>&nbsp;<\/p>\n\n\n\n<p class=\"has-text-align-center\"><a href=\"http:\/\/www.florabriofiticaiberica.com\/\">Flora Briof\u00edtica Ib\u00e9rica (FBI)<\/a> &nbsp;&nbsp;&nbsp;&nbsp;&nbsp;&nbsp;<\/p>\n\n\n\n<p class=\"has-text-align-center\"><a href=\"http:\/\/www.uab.es\/\">Universitat Aut\u00f2noma de Barcelona (UAB)<\/a><\/p>\n\n\n\n<p class=\"has-text-align-center\"><a href=\"http:\/\/www.uab.cat\/web\/el-departament\/botanica-1248762685444.html\">Unitat de Bot\u00e0nica de la UAB<\/a><\/p>\n\n\n\n<p class=\"has-text-align-center\"><a href=\"https:\/\/www.iec.cat\/activitats\/entrada.asp\">Institut d&#8217;Estudis Catalans (IEC)<\/a><\/p>\n\n\n\n<p class=\"has-text-align-center\"><a href=\"https:\/\/blogs.iec.cat\/ichn\/\">Instituci\u00f3 Catalana d&#8217;Hist\u00f2ria Natural (ICHN)<\/a>&nbsp;&nbsp;<\/p>\n","protected":false},"excerpt":{"rendered":"<p>Laboratory of Briology Universitat Aut\u00f2noma de Barcelona. Facultat de Bioci\u00e8nciesDepartament de Biologia Animal, de Biologia Vegetal i d&#8217;Ecologia. Unitat de Bot\u00e0nicaTorre C1 senars (3r pis)E-08193 Bellaterra (Cerdanyola del Vall\u00e8s)Tel. (+34) 935811989 \/ Fax. (+34) 935811321 Staff: Dra. Montserrat Brugu\u00e9s&nbsp;&nbsp; montserrat.brugues@uab.cat Elena Ruiz&nbsp;&nbsp; elena.ruiz@uab.cat Dr. Lloren\u00e7 S\u00e1ez&nbsp;&nbsp; llorens.saez@uab.cat Dra. Rosa M. Cros&nbsp;&nbsp; rosamaria.cros@uab.cat Ana Barr\u00f3n&nbsp;&nbsp; info@anabarron.com [&hellip;]<\/p>\n","protected":false},"author":20,"featured_media":0,"parent":0,"menu_order":0,"comment_status":"closed","ping_status":"closed","template":"","meta":{"footnotes":""},"class_list":["post-54","page","type-page","status-publish","hentry"],"_links":{"self":[{"href":"https:\/\/webs.uab.cat\/briologia\/en\/wp-json\/wp\/v2\/pages\/54","targetHints":{"allow":["GET"]}}],"collection":[{"href":"https:\/\/webs.uab.cat\/briologia\/en\/wp-json\/wp\/v2\/pages"}],"about":[{"href":"https:\/\/webs.uab.cat\/briologia\/en\/wp-json\/wp\/v2\/types\/page"}],"author":[{"embeddable":true,"href":"https:\/\/webs.uab.cat\/briologia\/en\/wp-json\/wp\/v2\/users\/20"}],"replies":[{"embeddable":true,"href":"https:\/\/webs.uab.cat\/briologia\/en\/wp-json\/wp\/v2\/comments?post=54"}],"version-history":[{"count":8,"href":"https:\/\/webs.uab.cat\/briologia\/en\/wp-json\/wp\/v2\/pages\/54\/revisions"}],"predecessor-version":[{"id":547,"href":"https:\/\/webs.uab.cat\/briologia\/en\/wp-json\/wp\/v2\/pages\/54\/revisions\/547"}],"wp:attachment":[{"href":"https:\/\/webs.uab.cat\/briologia\/en\/wp-json\/wp\/v2\/media?parent=54"}],"curies":[{"name":"wp","href":"https:\/\/api.w.org\/{rel}","templated":true}]}}