{"id":55,"date":"2009-05-08T11:23:04","date_gmt":"2009-05-08T11:23:04","guid":{"rendered":"https:\/\/webs.uab.cat\/briologia\/research-projects\/"},"modified":"2023-02-06T19:26:14","modified_gmt":"2023-02-06T19:26:14","slug":"research-projects","status":"publish","type":"page","link":"https:\/\/webs.uab.cat\/briologia\/en\/research-projects\/","title":{"rendered":"Research Projects"},"content":{"rendered":"<p><span style=\"color: #0099cc\"><span style=\"font-size: 20px\"><strong><a id=\"5\" name=\"5\"><\/a><\/strong><\/span><\/span><\/p>\n<p><span style=\"color: #0066cc\"><strong>1.- <a href=\"https:\/\/gis.geovincles.com\/briofits\/\">CARTOGRAFIA DE BRI\u00d2FITS. PEN\u00cdNSULA IB\u00c8RICA I ILLES BALEARS<\/a><\/strong><\/span><\/p>\n<p><strong>Principal investigators: <\/strong>Montserrat Brugu\u00e9s &amp; Rosa M. Cros<br \/>\n<strong>Supported by: <\/strong>Institut d&#8217;Estudis Catalans<br \/>\n<strong>Start date: <\/strong>2009<\/p>\n<p style=\"text-align: left\">\u200b<span class=\"inline inline-left\"><span class=\"inline inline-left\"><a href=\"https:\/\/gis.geovincles.com\/briofits\/\"><img loading=\"lazy\" decoding=\"async\" class=\"image image-preview\" title=\"Cartografia 2015\" src=\"http:\/\/pagines.uab.cat\/briologia\/sites\/pagines.uab.cat.briologia\/files\/images\/Cartografia2015.jpg\" alt=\"Cartografia 2015\" width=\"490\" height=\"251\" \/><\/a><\/span><\/span>\u200b<\/p>\n<p>This project aims at prepearing distribution maps of bryophyte species reported from the Iberian Peninsula and the Balearic Islands. The information is accessible by Internet by means of a virtual application that shows on the map the distribution of the searched taxon plotted on 10 x 10 km UTM squares. In addition to the distribution map for the taxon, other data such as distribution per province, ecology, threatened categories, observations and drawings are also provided, as well as the author\u2019s map and the latest update.<\/p>\n<p><span style=\"font-size: 11.0pt;line-height: 107%;font-family: 'Calibri',sans-serif\">Authors of the maps would be grateful to be cited, if applicable, as an electronic resource in the following way: Map authors. Year of consultation. Cartografia de Bri\u00f2fits. Pen\u00ednsula Ib\u00e8rica i Illes Balears. Electronic resource at <\/span><em><span style=\"font-size: 11.0pt;line-height: 107%;font-family: 'Calibri',sans-serif\"><a href=\"http:\/\/briofits.iec.cat\">http:\/\/briofits.iec.cat<\/a><\/span><\/em><span style=\"font-size: 11.0pt;line-height: 107%;font-family: 'Calibri',sans-serif\">.<\/span><\/p>\n<table border=\"0\">\n<tbody>\n<tr>\n<td><a href=\"#5\">UP<\/a><\/td>\n<\/tr>\n<\/tbody>\n<\/table>\n<hr style=\"text-align: left\" \/>\n<p style=\"text-align: left\"><span style=\"color: #0066cc\"><strong>2.-\u00a0<a href=\"http:\/\/biodiver.bio.ub.es\/biocat\/\">BANC DE DADES DE BIODIVERSITAT DE CATALUNYA. BRI\u00d2FITS<\/a><\/strong><\/span><\/p>\n<p style=\"text-align: left\"><strong>Principal investigators: <\/strong>Montserrat Brugu\u00e9s i Elena Ruiz<br \/>\n<strong>Supported by: <\/strong> Universitat de Barcelona i <span class=\"aCOpRe\">Departament de Territori i Sostenibilitat<\/span><br \/>\n<strong>Start date: <\/strong>2005<\/p>\n<p style=\"text-align: left\"><span style=\"font-size: 11.0pt;line-height: 107%;font-family: 'Calibri',sans-serif\">The Data Bank of the Bryophytes of Catalonia is part of the project Biodiversity Data Bank of Catalonia (<a href=\"http:\/\/biodiver.bio.ub.es\/biocat\/\"><span style=\"color: blue;text-decoration: none\">BDBC<\/span><\/a>), which contains all Catalonian biodiversity information. BrioCat is a compilation of biogeographic information about biodiversity of bryophytes in Catalonia. The record computerization is supplemented by data which include taxonomy, ecology, chorology, phytosociology, etc. when they appear in a publication.<\/span><\/p>\n<table style=\"width: 1100px\" border=\"1\" cellspacing=\"1\" cellpadding=\"1\" align=\"center\">\n<tbody>\n<tr>\n<td class=\"rtecenter\"><a href=\"http:\/\/biodiver.bio.ub.es\/biocat\/\"><img loading=\"lazy\" decoding=\"async\" class=\" size-full wp-image-19\" src=\"https:\/\/webs.uab.cat\/briologia\/wp-content\/uploads\/sites\/174\/2009\/05\/bdbc1.jpg\" alt=\"\" width=\"500\" height=\"286\" srcset=\"https:\/\/webs.uab.cat\/briologia\/wp-content\/uploads\/sites\/174\/2009\/05\/bdbc1.jpg 1028w, https:\/\/webs.uab.cat\/briologia\/wp-content\/uploads\/sites\/174\/2009\/05\/bdbc1-300x171.jpg 300w, https:\/\/webs.uab.cat\/briologia\/wp-content\/uploads\/sites\/174\/2009\/05\/bdbc1-1024x585.jpg 1024w, https:\/\/webs.uab.cat\/briologia\/wp-content\/uploads\/sites\/174\/2009\/05\/bdbc1-768x439.jpg 768w\" sizes=\"auto, (max-width: 500px) 100vw, 500px\" \/><\/a><\/td>\n<\/tr>\n<\/tbody>\n<\/table>\n<table style=\"width: 1100px\" border=\"1\" cellspacing=\"1\" cellpadding=\"1\" align=\"center\">\n<tbody>\n<tr>\n<td>\n<p style=\"text-align: center\"><a href=\"http:\/\/biodiver.bio.ub.es\/biocat\/\"><img loading=\"lazy\" decoding=\"async\" class=\" size-full wp-image-21\" src=\"https:\/\/webs.uab.cat\/briologia\/wp-content\/uploads\/sites\/174\/2009\/05\/bdbc2.jpg\" alt=\"\" width=\"500\" height=\"488\" srcset=\"https:\/\/webs.uab.cat\/briologia\/wp-content\/uploads\/sites\/174\/2009\/05\/bdbc2.jpg 1016w, https:\/\/webs.uab.cat\/briologia\/wp-content\/uploads\/sites\/174\/2009\/05\/bdbc2-300x293.jpg 300w, https:\/\/webs.uab.cat\/briologia\/wp-content\/uploads\/sites\/174\/2009\/05\/bdbc2-768x749.jpg 768w\" sizes=\"auto, (max-width: 500px) 100vw, 500px\" \/><\/a><\/p>\n<\/td>\n<\/tr>\n<\/tbody>\n<\/table>\n<p style=\"text-align: left\"><span class=\"inline inline-left\"><span class=\"caption\" style=\"width: 638px\">\u00a0<\/span><\/span><a href=\"#5\">UP<\/a><\/p>\n<hr \/>\n<p><span style=\"font-size: 18px\"><strong><span style=\"line-height: 107%;font-family: 'Calibri', sans-serif;color: #0066cc\">3.- <\/span><span style=\"color: #0099cc\"><span style=\"line-height: 107%;font-family: 'Calibri', sans-serif\"><u>ESTUDI DELS BRI\u00d2FITS DEL PARC NATURAL DEL CAD\u00cd-MOIXER\u00d3<\/u><\/span><\/span><\/strong><\/span><\/p>\n<p><strong>Research team<\/strong>: Lloren\u00e7 S\u00e1ez, Pere Aymerich, Elena Ruiz i Montserrat Brugu\u00e9s<br \/>\n<strong>Supported by<\/strong>: Parc Natural del Cad\u00ed-Moixer\u00f3<br \/>\n<strong>Start date: <\/strong>2016<\/p>\n<p>The aim of this project is to broaden the knowledge of the bryophyte flora present in the Cad\u00ed-Moixer\u00f3 Natural Park. For this reason, since 2016, explorations have been carried out in little-studied areas of this park, that include different environments such as mature forests, rocky environments, calcareous alpine areas, volcanic rocky sites, deciduous forests and riverside forests.<\/p>\n<p><img loading=\"lazy\" decoding=\"async\" class=\" size-full wp-image-23\" src=\"https:\/\/webs.uab.cat\/briologia\/wp-content\/uploads\/sites\/174\/2009\/05\/cadi.jpg\" alt=\"\" width=\"650\" height=\"487\" srcset=\"https:\/\/webs.uab.cat\/briologia\/wp-content\/uploads\/sites\/174\/2009\/05\/cadi.jpg 1200w, https:\/\/webs.uab.cat\/briologia\/wp-content\/uploads\/sites\/174\/2009\/05\/cadi-300x225.jpg 300w, https:\/\/webs.uab.cat\/briologia\/wp-content\/uploads\/sites\/174\/2009\/05\/cadi-1024x768.jpg 1024w, https:\/\/webs.uab.cat\/briologia\/wp-content\/uploads\/sites\/174\/2009\/05\/cadi-768x576.jpg 768w\" sizes=\"auto, (max-width: 650px) 100vw, 650px\" \/><\/p>\n<p><a href=\"#5\">UP<\/a><\/p>\n<hr \/>\n<p><span style=\"font-size: 18px\"><strong><span style=\"line-height: 107%;font-family: 'Calibri', sans-serif;color: #0066cc\">4.- <a href=\"http:\/\/www.atlasflorapyrenaea.eu\/src\/home\/index.php?idma=0\">EL ATLAS DE LA FLORA DE LOS PIRINEOS. Bri\u00f3fitos<\/a><\/span><\/strong><\/span><\/p>\n<p><strong>Principal investigators<\/strong>: <span style=\"font-size: 14px\"><span style=\"font-family: arial,helvetica,sans-serif\"><span lang=\"CA\" style=\"line-height: 107%\">Marta Infante &amp; Patxi Heras<\/span><\/span><\/span><br \/>\n<strong>Research team<\/strong>: <span style=\"font-size: 14px\"><span style=\"font-family: arial,helvetica,sans-serif\"><span lang=\"CA\" style=\"line-height: 107%\">Marta Infante, Patxi Heras, Montserrat Brugu\u00e9s, Vincent Hugonnot, David G. Long, Beno\u00eet Offerhaus, Gordon Rothero &amp; Elena Ruiz<\/span><\/span><\/span><br \/>\n<strong>Supported by<\/strong>: <span style=\"font-size: 14px\"><span style=\"font-family: arial,helvetica,sans-serif\"><span lang=\"CA\" style=\"line-height: 107%\">Programa INTERREG V-A Espa\u00f1a-Francia-Andorra<\/span><\/span><\/span><br \/>\n<strong>Start date: <\/strong>2016<\/p>\n<p>This Atlas allows to consult online the distribution maps of the species of bryophytes present in the Pyrenees. Each map is accompanied by a biological file with information on the habitat, soil, altitude, reproduction strategy, species distribution in the Pyrenees and global distribution.<\/p>\n<p><a href=\"http:\/\/www.atlasflorapyrenaea.eu\/src\/home\/index.php?idma=0\"><img loading=\"lazy\" decoding=\"async\" class=\" size-full wp-image-25\" src=\"https:\/\/webs.uab.cat\/briologia\/wp-content\/uploads\/sites\/174\/2009\/05\/florapyr.jpg\" alt=\"\" width=\"700\" height=\"534\" srcset=\"https:\/\/webs.uab.cat\/briologia\/wp-content\/uploads\/sites\/174\/2009\/05\/florapyr.jpg 1200w, https:\/\/webs.uab.cat\/briologia\/wp-content\/uploads\/sites\/174\/2009\/05\/florapyr-300x229.jpg 300w, https:\/\/webs.uab.cat\/briologia\/wp-content\/uploads\/sites\/174\/2009\/05\/florapyr-1024x782.jpg 1024w, https:\/\/webs.uab.cat\/briologia\/wp-content\/uploads\/sites\/174\/2009\/05\/florapyr-768x586.jpg 768w\" sizes=\"auto, (max-width: 700px) 100vw, 700px\" \/><\/a><\/p>\n<p><a href=\"#5\">UP<\/a><\/p>\n<hr \/>\n","protected":false},"excerpt":{"rendered":"<p>1.- CARTOGRAFIA DE BRI\u00d2FITS. PEN\u00cdNSULA IB\u00c8RICA I ILLES BALEARS Principal investigators: Montserrat Brugu\u00e9s &amp; Rosa M. Cros Supported by: Institut d&#8217;Estudis Catalans Start date: 2009 \u200b\u200b This project aims at prepearing distribution maps of bryophyte species reported from the Iberian Peninsula and the Balearic Islands. The information is accessible by Internet by means of a [&hellip;]<\/p>\n","protected":false},"author":20,"featured_media":0,"parent":0,"menu_order":0,"comment_status":"closed","ping_status":"closed","template":"","meta":{"footnotes":""},"class_list":["post-55","page","type-page","status-publish","hentry"],"_links":{"self":[{"href":"https:\/\/webs.uab.cat\/briologia\/en\/wp-json\/wp\/v2\/pages\/55","targetHints":{"allow":["GET"]}}],"collection":[{"href":"https:\/\/webs.uab.cat\/briologia\/en\/wp-json\/wp\/v2\/pages"}],"about":[{"href":"https:\/\/webs.uab.cat\/briologia\/en\/wp-json\/wp\/v2\/types\/page"}],"author":[{"embeddable":true,"href":"https:\/\/webs.uab.cat\/briologia\/en\/wp-json\/wp\/v2\/users\/20"}],"replies":[{"embeddable":true,"href":"https:\/\/webs.uab.cat\/briologia\/en\/wp-json\/wp\/v2\/comments?post=55"}],"version-history":[{"count":1,"href":"https:\/\/webs.uab.cat\/briologia\/en\/wp-json\/wp\/v2\/pages\/55\/revisions"}],"predecessor-version":[{"id":550,"href":"https:\/\/webs.uab.cat\/briologia\/en\/wp-json\/wp\/v2\/pages\/55\/revisions\/550"}],"wp:attachment":[{"href":"https:\/\/webs.uab.cat\/briologia\/en\/wp-json\/wp\/v2\/media?parent=55"}],"curies":[{"name":"wp","href":"https:\/\/api.w.org\/{rel}","templated":true}]}}