{"id":80,"date":"2010-02-08T12:17:43","date_gmt":"2010-02-08T12:17:43","guid":{"rendered":"https:\/\/webs.uab.cat\/briologia\/checklist-mosses-balearic-islands\/"},"modified":"2026-03-07T17:42:17","modified_gmt":"2026-03-07T17:42:17","slug":"checklist-mosses-balearic-islands","status":"publish","type":"page","link":"https:\/\/webs.uab.cat\/briologia\/en\/checklist-mosses-balearic-islands\/","title":{"rendered":"CHECKLIST OF THE MOSSES OF THE BALEARIC ISLANDS"},"content":{"rendered":"<p><strong>Montserrat Brugu\u00e9s, Elena Ruiz &amp; Lloren\u00e7 S\u00e1ez (2025)<\/strong><\/p>\n<hr \/>\n<p>Acaulon mediterraneum Limpr.<\/p>\n<p>Acaulon triquetrum (Spruce) M\u00fcll.Hal.<\/p>\n<p>Alleniella besseri (Lobarz.) S.Olsson, Enroth &amp; D.Quandt<\/p>\n<p>Alleniella complanata (Hedw.) S.Olsson, Enroth &amp; D.Quandt<\/p>\n<p>Aloina aloides (Koch ex Schultz) Kindb.<\/p>\n<p>Aloina ambigua (Bruch &amp; Schimp.) Limpr.<\/p>\n<p>Aloina rigida (Hedw.) Limpr.<\/p>\n<p>Amblystegium serpens (Hedw.) Schimp.<\/p>\n<p>Anomodon viticulosus (Hedw.) Hook. &amp; Taylor<\/p>\n<p>Antitrichia californica Sull.<\/p>\n<p>Antitrichia curtipendula (Hedw.) Brid.<\/p>\n<p>Archidium alternifolium (Hedw.) Mitt.<\/p>\n<p>Aschisma carniolicum (F.Weber &amp; D.Mohr) Lindb.<\/p>\n<p>Barbula unguiculata Hedw.<\/p>\n<p>Bartramia aprica M\u00fcll.Hal.<\/p>\n<p>Brachytheciastrum velutinum (Hedw.) Ignatov &amp; Huttunen<\/p>\n<p>Brachythecium glareosum (Bruch ex Spruce) Schimp.<\/p>\n<p>Brachythecium rivulare Schimp.<\/p>\n<p>Brachythecium rutabulum (Hedw.) Schimp. var. rutabulum<\/p>\n<p>Bryoerythrophyllum recurvirostrum (Hedw.) P.C.Chen<\/p>\n<p>Bryum argenteum Hedw.<\/p>\n<p>Bryum canariense Brid.<\/p>\n<p>Bryum dichotomum Hedw.<\/p>\n<p>Bryum gemmiferum R.Wilczek &amp; Demaret<\/p>\n<p>Bryum gemmilucens R.Wilczek &amp; Demaret<\/p>\n<p>Bryum gemmiparum De Not.<\/p>\n<p>Bryum radiculosum Brid.<\/p>\n<p>Buckia vaucheri (Lesq.) D.R\u00edos, M.T.Gallego &amp; J.Guerra<\/p>\n<p>Calliergonella cuspidata (Hedw.) Loeske<\/p>\n<p>Campyliadelphus chrysophyllus (Brid.) Kanda<\/p>\n<p>Campylopus brevipilus Bruch &amp; Schimp.<\/p>\n<p>Campylopus introflexus (Hedw.) Brid.<\/p>\n<p>Campylopus pilifer Brid.<\/p>\n<p>Campylostelium pitardii (Corb.) E.Maier<\/p>\n<p>Ceratodon purpureus (Hedw.) Brid. subsp. purpureus<\/p>\n<p>Cheilothela chloropus (Brid.) Broth.<\/p>\n<p>Chenia leptophylla (M\u00fcll.Hal.) R.H.Zander<\/p>\n<p>Chionoloma tenuirostre (Hook. &amp; Taylor) M.Alonso, M.J.Cano &amp; J.A.Jim\u00e9nez var. tenuirostre<\/p>\n<p>Cinclidotus aquaticus (Hedw.) Bruch &amp; Schimp.<\/p>\n<p>Cinclidotus fontinaloides (Hedw.) P.Beauv.<\/p>\n<p>Cinclidotus riparius (Brid.) Arn.<\/p>\n<p>Cirriphyllum crassinervium (Taylor) Loeske &amp; M.Fleisch.<\/p>\n<p>Cratoneuron filicinum (Hedw.) Spruce<\/p>\n<p>Crossidium crassinervium (De Not.) Jur.<\/p>\n<p>Crossidium laevipilum Th\u00e9r. &amp; Trab.<\/p>\n<p>Crossidium squamiferum (Viv.) Jur. var. squamiferum<\/p>\n<p>Cryphaea heteromalla (Hedw.) D.Mohr<\/p>\n<p>Ctenidium molluscum (Hedw.) Mitt.<\/p>\n<p>Dialytrichia mucronata (Brid.) Broth.<\/p>\n<p>Dicranella howei Renauld &amp; Cardot<\/p>\n<p>Dicranum scoparium Hedw.<\/p>\n<p>Didymodon acutus (Brid.) K.Saito<\/p>\n<p>Didymodon desertorum (J.Froehl.) J.A.Jim\u00e9nez &amp; M.J.Cano<\/p>\n<p>Didymodon rigidulus Hedw.<\/p>\n<p>Distichium capillaceum (Hedw.) Bruch &amp; Schimp.<\/p>\n<p>Ditrichum pusillum (Hedw.) Hampe<\/p>\n<p>Ditrichum subulatum Hampe<\/p>\n<p>Drepanocladus aduncus (Hedw.) Warnst.<\/p>\n<p>Encalypta spathulata M\u00fcll.Hal.<\/p>\n<p>Encalypta streptocarpa Hedw.<\/p>\n<p>Encalypta vulgaris Hedw.<\/p>\n<p>Entosthodon attenuatus (Dicks.) Bryhn<\/p>\n<p>Entosthodon convexus (Spruce) Brugu\u00e9s<\/p>\n<p>Entosthodon durieui Mont.<\/p>\n<p>Entosthodon fascicularis (Hedw.) M\u00fcll.Hal.<\/p>\n<p>Entosthodon muhlenbergii (Turner) Fife<\/p>\n<p>Entosthodon obtusus (Hedw.) Lindb.<\/p>\n<p>Entosthodon pulchellus (H.Philib.) Brugu\u00e9s<\/p>\n<p>Entosthodon schimperi Brugu\u00e9s<\/p>\n<p>Ephemerum crassinervium subsp. sessile (Bruch) Holyoak<\/p>\n<p>Ephemerum recurvifolium (Dicks.) Boulay<\/p>\n<p>Ephemerum serratum (Hedw.) Hampe.<\/p>\n<p>Epipterygium tozeri (Grev.) Lindb.<\/p>\n<p>Eucladium verticillatum (Brid.) Bruch &amp; Schimp.<\/p>\n<p>Eurhynchium striatum (Hedw.) Schimp.<\/p>\n<p>Exsertotheca crispa (Hedw.) S.Olsson, Enroth &amp; D.Quandt<\/p>\n<p>Fabronia pusilla Raddi<\/p>\n<p>Fissidens bryoides Hedw. var. bryoides<\/p>\n<p>Fissidens crassipes subsp. warnstorfii (M.Fleisch.) Brugg.-Nann.<\/p>\n<p>Fissidens crispus Mont.<\/p>\n<p>Fissidens dubius P.Beauv.<\/p>\n<p>Fissidens fontanus (Bach.Pyl.) Steud.<\/p>\n<p>Fissidens gracilifolius Brugg.-Nann. &amp; Nyholm<\/p>\n<p>Fissidens incurvus Starke ex R\u00f6hl.<\/p>\n<p>Fissidens ovatifolius R.Ruthe<\/p>\n<p>Fissidens pusillus (Wilson) Milde<\/p>\n<p>Fissidens rivularis Bruch &amp; Schimp.<\/p>\n<p>Fissidens taxifolius Hedw.<\/p>\n<p>Fissidens viridulus (anon.) Wahlenb.<\/p>\n<p>Flexitrichum flexicaule (Schw\u00e4gr.) Ignatov &amp; Fedosov<\/p>\n<p>Flexitrichum gracile (Mitt.) Ignatov &amp; Fedosov<\/p>\n<p>Fontinalis antipyretica Hedw.<\/p>\n<p>Fontinalis hypnoides C.Hartm. var. duriaei (Schimp.) Kindb.<\/p>\n<p>Funaria hygrometrica Hedw.<\/p>\n<p>Funariella curviseta (Schw\u00e4gr.) S\u00e9rgio<\/p>\n<p>Geheebia fallax (Hedw.) R.H.Zander<\/p>\n<p>Geheebia lurida (Hornsch.) J.A.Jime\u0301nez &amp; M.J.Cano<\/p>\n<p>Geheebia siccula (M.J.Cano, Ros, Garci\u0301a-Zamora &amp; J.Guerra) J.A.Jime\u0301nez &amp; M.J.Cano<\/p>\n<p>Geheebia spadicea (Mitt.) R.H.Zander<\/p>\n<p>Geheebia tophacea (Brid.) R.H.Zander<\/p>\n<p>Gigaspermum mouretii Corb.<\/p>\n<p>Grimmia capillata De Not.<\/p>\n<p>Grimmia crinita Brid.<\/p>\n<p>Grimmia dissimulata E.Maier<\/p>\n<p>Grimmia laevigata (Brid.) Brid.<\/p>\n<p>Grimmia lisae De Not.<\/p>\n<p>Grimmia meridionalis (M\u00fcll.Hall.) E.Maier<\/p>\n<p>Grimmia orbicularis Wilson<\/p>\n<p>Grimmia ovalis (Hedw.) Lindb.<\/p>\n<p>Grimmia pulvinata (Hedw.) Sm.<\/p>\n<p>Grimmia tergestina Tomm. ex Bruch &amp; Schimp.<\/p>\n<p>Grimmia trichophylla Grev.<\/p>\n<p>Gymnostomum calcareum Nees &amp; Hornsch. var. calcareum<\/p>\n<p>Gymnostomum calcareum var. lanceolatum S\u00e9rgio<\/p>\n<p>Gymnostomum viridulum Brid.<\/p>\n<p>Habrodon perpusillus (De Not.) Lindb.<\/p>\n<p>Homalia lusitanica Schimp.<\/p>\n<p>Homalothecium aureum (Spruce) H.Rob.<\/p>\n<p>Homalothecium lutescens (Hedw.) H.Rob. var. lutescens<\/p>\n<p>Homalothecium meridionale (M.Fleisch. &amp; Warnst.) Heden\u00e4s<\/p>\n<p>Homalothecium sericeum (Hedw.) Schimp.<\/p>\n<p>Husnotiella sinuosa (Mitt.) J.A. Jim\u00e9nez &amp; M.J. Cano<\/p>\n<p>Hydrogonium bolleanum (M\u00fcll.Hal.) A.Jaeger<\/p>\n<p>Hygroamblystegium varium (Hedw.) M\u00f6nk.<\/p>\n<p>Hygrohypnum luridum (Hedw.) Jenn.<\/p>\n<p>Hylocomiadelphus triquetrus (Hedw.) Ochyra &amp; Stebel<\/p>\n<p>Hylocomium splendens (Hedw.) Schimp.<\/p>\n<p>Hymenostylium recurvirostrum (Hedw.) Dixon<\/p>\n<p>Hypnum cupressiforme Hedw. var. cupressiforme<\/p>\n<p>Hypnum cupressiforme var. filiforme<\/p>\n<p>Hypnum cupressiforme var. lacunosum Brid.<\/p>\n<p>Hypnum resupinatum Taylor<\/p>\n<p>Imbribryum alpinum (With.) N.Pedersen<\/p>\n<p>Isothecium alopecuroides (Dubois) Isov.<\/p>\n<p>Kindbergia praelonga (Hedw.) Ochyra<\/p>\n<p>Leptobarbula berica (De Not.) Schimp.<\/p>\n<p>Leptodictyum riparium (Hedw.) Warnst.<\/p>\n<p>Leptodon smithii (Hedw.) F.Weber &amp; D.Mohr<\/p>\n<p>Lescuraea incurvata (Hedw.) E.Lawton<\/p>\n<p>Leucodon sciuroides (Hedw.) Schw\u00e4gr.<\/p>\n<p>Lewinskya acuminata (H.Philib.) F.Lara, Garilleti &amp; Goffinet<\/p>\n<p>Lewinskya affinis (Schrad. ex Brid.) F.Lara, Garilleti &amp; Goffinet<\/p>\n<p>Lewinskya fastigiata (Bruch ex. Brid) Vigalondo, F.Lara &amp; Garilleti<\/p>\n<p>Lewinskya rupestris (Schw\u00e4gr.) F.Lara, Garilleti &amp; Goffinet<\/p>\n<p>Lewinskya shawii (Wilson) F.Lara, Garilleti &amp; Goffinet<\/p>\n<p>Lewinskya speciosa (Nees) F.Lara, Garilleti &amp; Goffinet<\/p>\n<p>Lewinskya striata (Hedw.) F.Lara, Garilleti &amp; Goffinet<\/p>\n<p>Microbryum curvicollum (Hedw.) R.H.Zander<\/p>\n<p>Microbryum davallianum (Sm.) R.H.Zander var. davallianum<\/p>\n<p>Microbryum rectum (With.) R.H.Zander<\/p>\n<p>Microbryum starckeanum (Hedw.) R.H.Zander<\/p>\n<p>Microeurhynchium pumilum (Wilson) Ignatov &amp; Vanderp.<\/p>\n<p>Mnium marginatum (Dicks.) P.Beauv. var. marginatum<\/p>\n<p>Nogopterium gracile (Hedw.) Crosby &amp; W.R. Buck<\/p>\n<p>Orthothecium intricatum (Hartm.) Schimp.<\/p>\n<p>Orthotrichum anomalum Hedw.<\/p>\n<p>Orthotrichum cupulatum Brid. var. cupulatum<\/p>\n<p>Orthotrichum cupulatum var. riparium Huebener<\/p>\n<p>Orthotrichum diaphanum Brid.<\/p>\n<p>Orthotrichum hispanicum F.Lara, Garilleti &amp; Mazimpaka<\/p>\n<p>Orthotrichum pallens Brid.<\/p>\n<p>Orthotrichum philibertii Venturi<\/p>\n<p>Orthotrichum pumilum Sw. ex anon.<\/p>\n<p>Orthotrichum stramineum Brid.<\/p>\n<p>Orthotrichum tenellum Brid.<\/p>\n<p>Oxyrrhynchium hians (Hedw.) Loeske<\/p>\n<p>Oxyrrhynchium speciosum (Brid.) Warnst.<\/p>\n<p>Palustriella commutata (Hedw.) Ochyra<\/p>\n<p>Palustriella falcata (Brid.) Heden\u00e4s<\/p>\n<p>Philonotis fontana (Hedw.) Brid.<\/p>\n<p>Philonotis marchica (Hedw.) Brid.<\/p>\n<p>Philonotis rigida Brid.<\/p>\n<p>Physcomitrium pyriforme (Hedw.) Bruch. &amp; Schimp.<\/p>\n<p>Plagiomnium affine (Funck) T.J.Kop.<\/p>\n<p>Plagiomnium elatum (Bruch &amp; Schimp.) T.J.Kop.<\/p>\n<p>Plagiomnium rostratum (Schrad.) T.J.Kop.<\/p>\n<p>Plagiomnium undulatum (Hedw.) T.J.Kop.<\/p>\n<p>Plasteurhynchium meridionale (Schimp.) M.Fleisch.<\/p>\n<p>Plasteurhynchium striatulum (Spruce) M.Fleisch.<\/p>\n<p>Pleuridium acuminatum Lindb.<\/p>\n<p>Pleuridium subulatum (Hedw.) Rabenh.<\/p>\n<p>Pohlia cruda (Hedw.) Lindb.<\/p>\n<p>Pohlia melanodon (Brid.) A.J.Shaw<\/p>\n<p>Pohlia wahlenbergii (F.Weber &amp; D.Mohr.) A.L.Andrews var. wahlenbergii<\/p>\n<p>Pohlia wahlenbergii var. calcarea (Wanrst.) E.F.Warb.<\/p>\n<p>Polytrichum juniperinum Hedw.<\/p>\n<p>Pottiopsis caespitosa (Brid.) Blockeel &amp; A.J.E.Sm.<\/p>\n<p>Pseudocrossidium hornschuchianum (Schultz) R.H.Zander<\/p>\n<p>Pseudocrossidium revolutum (Brid.) R.H.Zander<\/p>\n<p>Pseudoleskeella catenulata (Brid. ex Schrad.) Kindb.<\/p>\n<p>Pseudoleskeella rupestris (Berggr.) Heden\u00e4s &amp; L. S\u00f6derstr.<\/p>\n<p>Pseudorhynchostegiella duriaei (Mont.) Ignatov &amp; Vanderp.<\/p>\n<p>Pseudoscleropodium purum (Hedw.) M.Fleisch.<\/p>\n<p>Pterygoneurum ovatum (Hedw.) Dixon<\/p>\n<p>Pterygoneurum sampaianum (Guim.) Guim.<\/p>\n<p>Ptychostomum capillare (Hedw.) Holyoak &amp; N.Pedersen<\/p>\n<p>Ptychostomum donianum (Grev.) Holyoak &amp; N.Pedersen<\/p>\n<p>Ptychostomum imbricatulum (M\u00fcll.Hal.) Holyoak &amp; N.Pedersen<\/p>\n<p>Ptychostomum kunzei (Hornsch.) J.R.Spence<\/p>\n<p>Ptychostomum moravicum (Podp.) Ros &amp; Mazimpaka<\/p>\n<p>Ptychostomum pseudotriquetrum (Hedw.) J.R.Spence &amp; H.P.Ramsay<\/p>\n<p>Ptychostomum rubens (Mitt.) Holyoak &amp; N.Pedersen<\/p>\n<p>Ptychostomum torquescens (Bruch &amp; Schimp.) Ros &amp; Mazimpaka<\/p>\n<p>Pulvigera lyellii (Hook. &amp; Taylor) Pl\u00e1sek, Sawicki &amp; Ochyra<\/p>\n<p>Rhizomnium punctatum (Hedw.) T.J.Kop.<\/p>\n<p>Rhynchostegiella curviseta (Brid.) Limpr.<\/p>\n<p>Rhynchostegiella litorea (De Not.) Limpr.<\/p>\n<p>Rhynchostegiella tenella (Dicks.) Limpr.<\/p>\n<p>Rhynchostegiella teneriffae (Mont.) Dirkse &amp; Bouman<\/p>\n<p>Rhynchostegium confertum (Dicks.) Schimp.<\/p>\n<p>Rhynchostegium megapolitanum (F.Weber &amp; D.Mohr) Schimp.<\/p>\n<p>Rhynchostegium riparioides (Hedw.) Cardot<\/p>\n<p>Schistidium atrofuscum (Schimp.) Limpr.<\/p>\n<p>Schistidium brunnescens Limpr. subsp. brunnescens<\/p>\n<p>Schistidium confertum (Funck) Bruch &amp; Schimp.<\/p>\n<p>Schistidium crassipilum H.H.Blom<\/p>\n<p>Schistidium elegantulum H.H.Blom subsp. elegantulum<\/p>\n<p>Schistidium elegantulum subsp. wilsonii H.H.Blom<\/p>\n<p>Schistidium helveticum (Schkuhr) Deguchi<\/p>\n<p>Sciuro-hypnum plumosum (Hedw.) Ignatov &amp; Huttunen<\/p>\n<p>Scleropodium touretii (Brid.) L.F.Koch.<\/p>\n<p>Scorpiurium circinatum (Brid.) M.Fleisch. &amp; Loeske<\/p>\n<p>Scorpiurium deflexifolium (Solms) M.Fleisch. &amp; Loeske<\/p>\n<p>Seligeria pusilla (Hedw.) Bruch &amp; Schimp.<\/p>\n<p>Sematophyllum substrumulosum (Hampe) E.Britton<\/p>\n<p>Streblotrichum convolutum (Hedw.) P.Beauv. var. convolutum<\/p>\n<p>Streblotrichum convolutum var. commutatum (Jur.) J.J.Amann<\/p>\n<p>Syntrichia calcicola J.J.Amann<\/p>\n<p>Syntrichia handelii (Schiffn.) S.Agnew &amp; Vondr.<\/p>\n<p>Syntrichia laevipila Brid.<\/p>\n<p>Syntrichia montana Nees<\/p>\n<p>Syntrichia princeps (De Not.) Mitt.<\/p>\n<p>Syntrichia ruraliformis (Besch.) Mans.<\/p>\n<p>Syntrichia ruralis (Hedw.) F.Weber &amp; D.Mohr<\/p>\n<p>Syntrichia subpapillosissima (Bizot &amp; R.B.Pierrot ex W.A.Kramer) M.T.Gallego &amp; J.Guerra<\/p>\n<p>Taxiphyllum wissgrillii (Garov.) Wijk &amp; Margad.<\/p>\n<p>Thamnobryum alopecurum (Hedw.) Gangulee<\/p>\n<p>Thuidium delicatulum (Hedw.) Schimp.<\/p>\n<p>Timmia bavarica Hessl.<\/p>\n<p>Timmiella barbuloides (Brid.) M\u00f6nk.<\/p>\n<p>Tortella flavovirens (Bruch) Broth. var. flavovirens<\/p>\n<p>Tortella humilis (Hedw.) Jenn.<\/p>\n<p>Tortella inclinata (R.Hedw.) Limpr.<\/p>\n<p>Tortella inflexa (Bruch) Broth.<\/p>\n<p>Tortella mediterranea Kockinger, L\u00fcth, O.Werner &amp; Ros<\/p>\n<p>Tortella nitida (Lindb.) Broth.<\/p>\n<p>Tortella squarrosa (Brid.) Limpr.<\/p>\n<p>Tortella tortuosa (Hedw.) Limpr.<\/p>\n<p>Tortula acaulon (With.) R.H. Zander var. acaulon<\/p>\n<p>Tortula acaulon var. pilifera (Hedw.) R.H. Zander<\/p>\n<p>Tortula acaulon var. retortifolia (J.Guerra &amp; Ros) R.H.Zander<\/p>\n<p>Tortula atrovirens (Sm.) Lindb.<\/p>\n<p>Tortula caucasica Broth.<\/p>\n<p>Tortula cuneifolia (Dicks.) Turner<\/p>\n<p>Tortula freibergii Dixon &amp; Loeske<\/p>\n<p>Tortula inermis (Brid.) Mont.<\/p>\n<p>Tortula israelis Bizot &amp; F.Bilewsky<\/p>\n<p>Tortula lindbergii Broth.<\/p>\n<p>Tortula marginata (Bruch &amp; Schimp.) Spruce<\/p>\n<p>Tortula muralis var. aestiva Hedw.<\/p>\n<p>Tortula muralis Hedw. var. Muralis<\/p>\n<p>Tortula pallida (Lindb.) R.H.Zander<\/p>\n<p>Tortula protobryoides R.H.Zander<\/p>\n<p>Tortula revolvens (Schimp.) G.Roth<\/p>\n<p>Tortula subulata Hedw.<\/p>\n<p>Tortula truncata (Hedw.) Mitt.<\/p>\n<p>Tortula vahliana (Schultz) Mont.<\/p>\n<p>Tortula viridifolia (Mitt.) Blockeel &amp; A.J.E.Sm.<\/p>\n<p>Tortula wilsonii (Hook.) R.H.Zander<\/p>\n<p>Trichostomopsis umbrosa (Mu\u0308ll.Hal.) H.Rob.<\/p>\n<p>Trichostomum brachydontium Bruch<\/p>\n<p>Trichostomum crispulum Bruch<\/p>\n<p>Vinealobryum insulanum (De Not.) R.H.Zander<\/p>\n<p>Vinealobryum nicholsonii (Culm.) R.H.Zander<\/p>\n<p>Vinealobryum vineale (Brid.) R.H. Zande<\/p>\n<p>Weissia brachycarpa (Nees &amp; Hornsch.) Jur.<\/p>\n<p>Weissia condensa (Voit) Lindb. var. condensa<\/p>\n<p>Weissia condensa var. armata (Th\u00e9r. &amp; Trab.) M.J. Cano, Ros &amp; J.Guerra<\/p>\n<p>Weissia controversa Hedw. var. controversa<\/p>\n<p>Weissia controversa var. crispata (Nees &amp; Hornsch.) Nyholm<\/p>\n<p>Weissia levieri (Limpr.) Kindb.<\/p>\n<p>Weissia longifolia Mitt.<\/p>\n<p>Weissia rutilans (Hedw.) Lindb.<\/p>\n<p>Weissia squarrosa (Nees &amp; Hornsch.) M\u00fcll.Hal.<\/p>\n<p>Weissia wimmeriana (Sendtn.) Bruch &amp; Schimp.<\/p>\n<p>Zygodon rupestris Lorentz<\/p>\n","protected":false},"excerpt":{"rendered":"<p>Montserrat Brugu\u00e9s, Elena Ruiz &amp; Lloren\u00e7 S\u00e1ez (2025) Acaulon mediterraneum Limpr. Acaulon triquetrum (Spruce) M\u00fcll.Hal. Alleniella besseri (Lobarz.) S.Olsson, Enroth &amp; D.Quandt Alleniella complanata (Hedw.) S.Olsson, Enroth &amp; D.Quandt Aloina aloides (Koch ex Schultz) Kindb. Aloina ambigua (Bruch &amp; Schimp.) Limpr. Aloina rigida (Hedw.) Limpr. Amblystegium serpens (Hedw.) Schimp. Anomodon viticulosus (Hedw.) Hook. &amp; Taylor [&hellip;]<\/p>\n","protected":false},"author":20,"featured_media":0,"parent":0,"menu_order":0,"comment_status":"closed","ping_status":"closed","template":"","meta":{"footnotes":""},"class_list":["post-80","page","type-page","status-publish","hentry"],"_links":{"self":[{"href":"https:\/\/webs.uab.cat\/briologia\/en\/wp-json\/wp\/v2\/pages\/80","targetHints":{"allow":["GET"]}}],"collection":[{"href":"https:\/\/webs.uab.cat\/briologia\/en\/wp-json\/wp\/v2\/pages"}],"about":[{"href":"https:\/\/webs.uab.cat\/briologia\/en\/wp-json\/wp\/v2\/types\/page"}],"author":[{"embeddable":true,"href":"https:\/\/webs.uab.cat\/briologia\/en\/wp-json\/wp\/v2\/users\/20"}],"replies":[{"embeddable":true,"href":"https:\/\/webs.uab.cat\/briologia\/en\/wp-json\/wp\/v2\/comments?post=80"}],"version-history":[{"count":7,"href":"https:\/\/webs.uab.cat\/briologia\/en\/wp-json\/wp\/v2\/pages\/80\/revisions"}],"predecessor-version":[{"id":800,"href":"https:\/\/webs.uab.cat\/briologia\/en\/wp-json\/wp\/v2\/pages\/80\/revisions\/800"}],"wp:attachment":[{"href":"https:\/\/webs.uab.cat\/briologia\/en\/wp-json\/wp\/v2\/media?parent=80"}],"curies":[{"name":"wp","href":"https:\/\/api.w.org\/{rel}","templated":true}]}}