{"id":88,"date":"2010-03-18T16:22:48","date_gmt":"2010-03-18T16:22:48","guid":{"rendered":"https:\/\/webs.uab.cat\/briologia\/laboratori-de-briologia-2\/"},"modified":"2026-03-27T17:59:06","modified_gmt":"2026-03-27T17:59:06","slug":"laboratori-de-briologia-2","status":"publish","type":"page","link":"https:\/\/webs.uab.cat\/briologia\/en\/","title":{"rendered":"Laboratory of Bryology"},"content":{"rendered":"\n<p><\/p>\n\n\n\n<figure class=\"wp-block-table\"><table class=\"has-fixed-layout\"><tbody><tr><td><img decoding=\"async\" src=\"https:\/\/webs.uab.cat\/briologia\/wp-content\/uploads\/sites\/174\/2026\/03\/Portada_Handbook_2025-3-771x1024.jpg\" alt=\"\"><\/td><td class=\"has-text-align-center\" data-align=\"center\"><strong>Handbook of Mosses of the Iberian Peninsula and the Balearic Islands [Electronic resource]: illustrated keys to genera and species. 3rd ed., updated and revised, 2025.<\/strong><br>This update incorporates all nomenclatural, taxonomic, and chorological changes published since the previous edition of 2020. It includes revisions derived from recent taxonomic studies, updates in species circumscription and classification, as well as new distributional data resulting from ongoing floristic and chorological research. Whenever possible, the identification keys and the accompanying brief descriptions have also been updated. <br><strong><a href=\"https:\/\/publicacions.iec.cat\/repository\/pdf\/00000546\/00000007.pdf\">PDF<\/a><\/strong><\/td><\/tr><\/tbody><\/table><\/figure>\n\n\n\n<figure class=\"wp-block-table\"><table><tbody><tr><td class=\"has-text-align-center\" data-align=\"center\"><img loading=\"lazy\" decoding=\"async\" width=\"850\" height=\"435\" class=\"wp-image-225\" style=\"width: 1000px\" src=\"https:\/\/webs.uab.cat\/briologia\/wp-content\/uploads\/sites\/174\/2015\/11\/Cartografia2015.jpg\" alt=\"\" srcset=\"https:\/\/webs.uab.cat\/briologia\/wp-content\/uploads\/sites\/174\/2015\/11\/Cartografia2015.jpg 850w, https:\/\/webs.uab.cat\/briologia\/wp-content\/uploads\/sites\/174\/2015\/11\/Cartografia2015-300x154.jpg 300w, https:\/\/webs.uab.cat\/briologia\/wp-content\/uploads\/sites\/174\/2015\/11\/Cartografia2015-768x393.jpg 768w\" sizes=\"auto, (max-width: 850px) 100vw, 850px\" \/><\/td><\/tr><tr><td class=\"has-text-align-center\" data-align=\"center\"><strong><a href=\"https:\/\/gis.geovincles.com\/briofits\/\">Cartografia de Bri\u00f2fits. Pen\u00ednsula Ib\u00e8rica i Illes Balears<\/a><\/strong><br>Virtual cartography of the bryophytes of the Iberian Peninsula and the Balearic Islands, this application shows on the map the distribution of the searched taxon plotted on the 10 x 10 km UTM grid. In addition to the distribution map for the taxon, other data such as distribution per province, ecology, threatened categories, observations and drawings are also provided.<\/td><\/tr><\/tbody><\/table><\/figure>\n\n\n\n<hr class=\"wp-block-separator has-alpha-channel-opacity\" \/>\n\n\n\n<figure class=\"wp-block-table\"><table><tbody><tr><td class=\"has-text-align-center\" data-align=\"center\"><a href=\"https:\/\/webs.uab.cat\/briologia\/en\/bryophyte-lists\/#1\"><strong>CHECKLISTS OF HORNWORTS AND LIVERWORTS<\/strong><\/a><\/td><td class=\"has-text-align-center\" data-align=\"center\"><strong><a href=\"http:\/\/webs.uab.cat\/briologia\/en\/bryophyte-lists#2\">CHECKLISTS OF MOSSES<\/a><\/strong><\/td><\/tr><tr><td class=\"has-text-align-center\" data-align=\"center\"><img loading=\"lazy\" decoding=\"async\" width=\"148\" height=\"236\" class=\"wp-image-174\" style=\"width: 148px\" src=\"https:\/\/webs.uab.cat\/briologia\/wp-content\/uploads\/sites\/174\/2010\/01\/boto_HEPATIQUES_web.jpg\" alt=\"\"><\/td><td class=\"has-text-align-center\" data-align=\"center\"><img loading=\"lazy\" decoding=\"async\" width=\"148\" height=\"236\" class=\"wp-image-177\" style=\"width: 148px\" src=\"https:\/\/webs.uab.cat\/briologia\/wp-content\/uploads\/sites\/174\/2010\/01\/boto_MOLSES_web.jpg\" alt=\"\"><\/td><\/tr><\/tbody><\/table><\/figure>\n\n\n\n<div class=\"wp-block-columns is-layout-flex wp-container-core-columns-is-layout-9d6595d7 wp-block-columns-is-layout-flex\">\n<div class=\"wp-block-column is-layout-flow wp-block-column-is-layout-flow\">\n<p><\/p>\n<\/div>\n\n\n\n<div class=\"wp-block-column is-layout-flow wp-block-column-is-layout-flow\">\n<p><\/p>\n<\/div>\n<\/div>\n\n\n\n<hr class=\"wp-block-separator has-alpha-channel-opacity\" \/>\n\n\n\n<p><strong>Latest update: <\/strong>27-03-2026<\/p>\n\n\n\n<p><strong>Web site maintenance<\/strong>: <a href=\"mailto:Elena.Ruiz@uab.cat\">Elena Ruiz<\/a><\/p>\n\n\n\n<p><\/p>\n","protected":false},"excerpt":{"rendered":"<p>Handbook of Mosses of the Iberian Peninsula and the Balearic Islands [Electronic resource]: illustrated keys to genera and species. 3rd ed., updated and revised, 2025.This update incorporates all nomenclatural, taxonomic, and chorological changes published since the previous edition of 2020. It includes revisions derived from recent taxonomic studies, updates in species circumscription and classification, as [&hellip;]<\/p>\n","protected":false},"author":20,"featured_media":0,"parent":0,"menu_order":0,"comment_status":"closed","ping_status":"closed","template":"","meta":{"footnotes":""},"class_list":["post-88","page","type-page","status-publish","hentry"],"_links":{"self":[{"href":"https:\/\/webs.uab.cat\/briologia\/en\/wp-json\/wp\/v2\/pages\/88","targetHints":{"allow":["GET"]}}],"collection":[{"href":"https:\/\/webs.uab.cat\/briologia\/en\/wp-json\/wp\/v2\/pages"}],"about":[{"href":"https:\/\/webs.uab.cat\/briologia\/en\/wp-json\/wp\/v2\/types\/page"}],"author":[{"embeddable":true,"href":"https:\/\/webs.uab.cat\/briologia\/en\/wp-json\/wp\/v2\/users\/20"}],"replies":[{"embeddable":true,"href":"https:\/\/webs.uab.cat\/briologia\/en\/wp-json\/wp\/v2\/comments?post=88"}],"version-history":[{"count":31,"href":"https:\/\/webs.uab.cat\/briologia\/en\/wp-json\/wp\/v2\/pages\/88\/revisions"}],"predecessor-version":[{"id":846,"href":"https:\/\/webs.uab.cat\/briologia\/en\/wp-json\/wp\/v2\/pages\/88\/revisions\/846"}],"wp:attachment":[{"href":"https:\/\/webs.uab.cat\/briologia\/en\/wp-json\/wp\/v2\/media?parent=88"}],"curies":[{"name":"wp","href":"https:\/\/api.w.org\/{rel}","templated":true}]}}