{"id":46,"date":"2009-05-22T08:55:57","date_gmt":"2009-05-22T08:55:57","guid":{"rendered":"https:\/\/webs.uab.cat\/briologia\/herbari-bcb\/"},"modified":"2023-02-12T19:08:26","modified_gmt":"2023-02-12T19:08:26","slug":"herbari-bcb","status":"publish","type":"page","link":"https:\/\/webs.uab.cat\/briologia\/herbari-bcb\/","title":{"rendered":"Herbari BCB"},"content":{"rendered":"\n<p>&nbsp;<\/p>\n\n\n<div class=\"wp-block-image\">\n<figure class=\"aligncenter is-resized\"><img loading=\"lazy\" decoding=\"async\" src=\"http:\/\/pagines.uab.cat\/briologia\/sites\/pagines.uab.cat.briologia\/files\/images\/GONO.GIF\" alt=\"\" width=\"189\" height=\"348\" \/><figcaption><em>Gonomitrium seroi<\/em> Casas<\/figcaption><\/figure>\n<\/div>\n\n\n<p>La col\u00b7lecci\u00f3 de bri\u00f2fits de l&#8217;herbari <strong>BCB<\/strong> consta d&#8217;uns 60.000 esp\u00e8cimens de molses i hep\u00e0tiques. Actualment es troba incorporat a l\u2019herbari BCN que est\u00e0 dipositat al Centre de Documetaci\u00f3 de Biodiversitat Vegetal (CeDocBiV) de la Universitat de Barcelona.<\/p>\n\n\n\n<p>Direcci\u00f3: Carrer de Baldiri Reixac, 2, 08028. Tel. 34 934 03 70 19<\/p>\n\n\n\n<p>Correu electr\u00f2nic: cedocbiv@ub.edu<\/p>\n\n\n\n<p><a href=\"https:\/\/crai.ub.edu\/ca\/coneix-el-crai\/CeDocBiV\/herbari\/colleccio-briofits\">https:\/\/crai.ub.edu\/ca\/coneix-el-crai\/CeDocBiV\/herbari\/colleccio-briofits<\/a><\/p>\n\n\n\n<p>&nbsp;<\/p>\n\n\n\n<p>L\u2019herbari BCB es va iniciar l\u2019any 1942 encara que la seva fundaci\u00f3 institucional data del 1971, poc despr\u00e9s de la fundaci\u00f3 de la Universitat Aut\u00f2noma de Barcelona amb Creu Casas catedr\u00e0tica de Bot\u00e0nica aleshores. Les \u00e0rees millor representades s\u00f3n Catalunya, la Pen\u00ednsula Ib\u00e8rica en general i les illes Balears. Els principals col\u00b7lectors s\u00f3n C. Casas, M. Brugu\u00e9s i R. M. Cros. Inclou els herbaris de P. Ser\u00f3 i J. Vives, dues col\u00b7leccions d&#8217;intercanvi (Societ\u00e9 d&#8217;Exchange des Muscin\u00e9es i Brioteca Hisp\u00e0nica), tres exsiccates i 10 esp\u00e8cimens tipus.<\/p>\n\n\n\n<p><strong>Holotypus: <\/strong><em>Acaulon casasianum <\/em>Brugu\u00e9s &amp; H.A.Crum,<em> Acaulon dertosense <\/em>Casas, S\u00e9rgio, Cros &amp; Brugu\u00e9s,<em> Acaulon fontiquerianum <\/em>Casas &amp; S\u00e9rgio,<em> Goniomitrium seroi <\/em>Casas, <em>Orthotrichum comosum <\/em>F. Lara, R. Medina &amp; Garilleti.<\/p>\n\n\n\n<p><strong>Isotypus: <\/strong><em>Orthotrichum handiense <\/em>F.Lara, Garilleti &amp; Mazimpaka, <em>Orthotrichum ibericum <\/em>F.Lara &amp; Mazimpaka,<em> Orthotrichum macrocephalum<\/em> F.Lara, Garilleti &amp; Mazimpaka, <em>Orthotrichum vittii<\/em> F.Lara, Garilleti &amp; Mazimpaka<\/p>\n\n\n\n<p><strong>Paratypus: <\/strong><em>Orthotrichum casasianum <\/em>F.Lara, Garilleti &amp; Mazimpaka<\/p>\n\n\n\n<figure class=\"wp-block-table\"><table><tbody><tr><td class=\"has-text-align-center\" data-align=\"center\"><img loading=\"lazy\" decoding=\"async\" width=\"255\" height=\"255\" class=\"wp-image-179\" style=\"width: 300px\" src=\"https:\/\/webs.uab.cat\/briologia\/wp-content\/uploads\/sites\/174\/2010\/01\/Acaulon-casasianum.jpg\" alt=\"Acaulon casasianum\" srcset=\"https:\/\/webs.uab.cat\/briologia\/wp-content\/uploads\/sites\/174\/2010\/01\/Acaulon-casasianum.jpg 255w, https:\/\/webs.uab.cat\/briologia\/wp-content\/uploads\/sites\/174\/2010\/01\/Acaulon-casasianum-150x150.jpg 150w\" sizes=\"auto, (max-width: 255px) 100vw, 255px\" \/><\/td><td class=\"has-text-align-center\" data-align=\"center\"><img loading=\"lazy\" decoding=\"async\" width=\"255\" height=\"255\" class=\"wp-image-182\" style=\"width: 300px\" src=\"https:\/\/webs.uab.cat\/briologia\/wp-content\/uploads\/sites\/174\/2010\/01\/Acaulon-fontiquerianum.jpg\" alt=\"Acaulon fontiquerianum\" srcset=\"https:\/\/webs.uab.cat\/briologia\/wp-content\/uploads\/sites\/174\/2010\/01\/Acaulon-fontiquerianum.jpg 255w, https:\/\/webs.uab.cat\/briologia\/wp-content\/uploads\/sites\/174\/2010\/01\/Acaulon-fontiquerianum-150x150.jpg 150w\" sizes=\"auto, (max-width: 255px) 100vw, 255px\" \/><\/td><td class=\"has-text-align-center\" data-align=\"center\"><img loading=\"lazy\" decoding=\"async\" width=\"255\" height=\"255\" class=\"wp-image-185\" style=\"width: 300px\" src=\"https:\/\/webs.uab.cat\/briologia\/wp-content\/uploads\/sites\/174\/2010\/01\/Orthotrichum-handiense.jpg\" alt=\"Orthotrichum handiense\" srcset=\"https:\/\/webs.uab.cat\/briologia\/wp-content\/uploads\/sites\/174\/2010\/01\/Orthotrichum-handiense.jpg 255w, https:\/\/webs.uab.cat\/briologia\/wp-content\/uploads\/sites\/174\/2010\/01\/Orthotrichum-handiense-150x150.jpg 150w\" sizes=\"auto, (max-width: 255px) 100vw, 255px\" \/><\/td><\/tr><tr><td class=\"has-text-align-center\" data-align=\"center\"><strong>Acaulon casasianum<\/strong> Brugu\u00e9s &amp; Crum<\/td><td class=\"has-text-align-center\" data-align=\"center\"><strong>Acaulon fontiquerianum<\/strong> Casas &amp; S\u00e9rgio<\/td><td class=\"has-text-align-center\" data-align=\"center\"><strong>Orthotrichum handiense<\/strong> F.Lara, Garilleti &amp; Mazimpaa<\/td><\/tr><\/tbody><\/table><\/figure>\n\n\n\n<p class=\"has-text-align-center\">&nbsp;<\/p>\n","protected":false},"excerpt":{"rendered":"<p>&nbsp; La col\u00b7lecci\u00f3 de bri\u00f2fits de l&#8217;herbari BCB consta d&#8217;uns 60.000 esp\u00e8cimens de molses i hep\u00e0tiques. Actualment es troba incorporat a l\u2019herbari BCN que est\u00e0 dipositat al Centre de Documetaci\u00f3 de Biodiversitat Vegetal (CeDocBiV) de la Universitat de Barcelona. Direcci\u00f3: Carrer de Baldiri Reixac, 2, 08028. Tel. 34 934 03 70 19 Correu electr\u00f2nic: cedocbiv@ub.edu [&hellip;]<\/p>\n","protected":false},"author":20,"featured_media":0,"parent":0,"menu_order":0,"comment_status":"closed","ping_status":"closed","template":"","meta":{"footnotes":""},"class_list":["post-46","page","type-page","status-publish","hentry"],"_links":{"self":[{"href":"https:\/\/webs.uab.cat\/briologia\/wp-json\/wp\/v2\/pages\/46","targetHints":{"allow":["GET"]}}],"collection":[{"href":"https:\/\/webs.uab.cat\/briologia\/wp-json\/wp\/v2\/pages"}],"about":[{"href":"https:\/\/webs.uab.cat\/briologia\/wp-json\/wp\/v2\/types\/page"}],"author":[{"embeddable":true,"href":"https:\/\/webs.uab.cat\/briologia\/wp-json\/wp\/v2\/users\/20"}],"replies":[{"embeddable":true,"href":"https:\/\/webs.uab.cat\/briologia\/wp-json\/wp\/v2\/comments?post=46"}],"version-history":[{"count":5,"href":"https:\/\/webs.uab.cat\/briologia\/wp-json\/wp\/v2\/pages\/46\/revisions"}],"predecessor-version":[{"id":606,"href":"https:\/\/webs.uab.cat\/briologia\/wp-json\/wp\/v2\/pages\/46\/revisions\/606"}],"wp:attachment":[{"href":"https:\/\/webs.uab.cat\/briologia\/wp-json\/wp\/v2\/media?parent=46"}],"curies":[{"name":"wp","href":"https:\/\/api.w.org\/{rel}","templated":true}]}}