{"id":71,"date":"2010-01-19T15:44:22","date_gmt":"2010-01-19T15:44:22","guid":{"rendered":"https:\/\/webs.uab.cat\/briologia\/cataleg-de-les-antocerotes-i-les-hepatiques-de-catalunya\/"},"modified":"2025-06-30T13:44:54","modified_gmt":"2025-06-30T13:44:54","slug":"cataleg-de-les-antocerotes-i-les-hepatiques-de-catalunya","status":"publish","type":"page","link":"https:\/\/webs.uab.cat\/briologia\/cataleg-de-les-antocerotes-i-les-hepatiques-de-catalunya\/","title":{"rendered":"Cat\u00e0leg de les Antocerotes i les Hep\u00e0tiques de Catalunya"},"content":{"rendered":"\n<p><strong><strong><strong>Montserrat Brugu\u00e9s &amp; Elena Ruiz (2025)<\/strong><\/strong><\/strong><\/p>\n\n\n\n<hr class=\"wp-block-separator has-alpha-channel-opacity\" \/>\n\n\n\n<p><strong>ANTOCEROTES<\/strong>:<\/p>\n\n\n\n<p>Anthoceros punctatus L.<\/p>\n\n\n\n<p>Phaeoceros carolinianus (Michx.) Prosk.<\/p>\n\n\n\n<p>Phaeoceros laevis (L.) Prosk.<\/p>\n\n\n\n<p>Phymatoceros bulbiculosus (Brot.) Stotler, W. Doyle &amp; Crand.-Stotl.<\/p>\n\n\n\n<hr class=\"wp-block-separator has-alpha-channel-opacity\" \/>\n\n\n\n<p><strong>HEP\u00c0TIQUES:<\/strong><\/p>\n\n\n\n<p>Aneura maxima (Schiffn.) Steph.<\/p>\n\n\n\n<p>Aneura pinguis (L.) Dumort.<\/p>\n\n\n\n<p>Anthelia juratzkana (Limpr.) Trevis.<\/p>\n\n\n\n<p>Apopellia endiviifolia (Dicks.) Nebel &amp; D. Quandt<\/p>\n\n\n\n<p>Barbilophozia barbata (Schreb.) Loeske<\/p>\n\n\n\n<p>Barbilophozia hatcheri (A.Evans) Loeske<\/p>\n\n\n\n<p>Barbilophozia lycopodioides (Wallr.) Loeske<\/p>\n\n\n\n<p>Barbilophozia sudetica (Nees ex Huebener) L.S\u00f6derstr., De Roo &amp; Hedd. <\/p>\n\n\n\n<p>Bazzania flaccida (Dumort.) Grolle<\/p>\n\n\n\n<p>Bazzania tricrenata (Wahlenb.) Lindb.<\/p>\n\n\n\n<p>Blasia pusilla L.<\/p>\n\n\n\n<p>Blepharostoma trichophyllum (L.) Dumort.<\/p>\n\n\n\n<p>Calypogeia arguta Nees &amp; Mont.<\/p>\n\n\n\n<p>Calypogeia azurea Stotler &amp; Crotz<\/p>\n\n\n\n<p>Calypogeia fissa (L.) Raddi<\/p>\n\n\n\n<p>Calypogeia integristipula Steph.<\/p>\n\n\n\n<p>Calypogeia muelleriana (Schiffn.) M\u00fcll.Frib.<\/p>\n\n\n\n<p>Calypogeia neesiana (C.Massal. &amp; Carestia) M\u00fcll.Frib.<\/p>\n\n\n\n<p>Calypogeia sphagnicola (Arnell &amp; J.Perss.) Warnst. &amp; Loeske<\/p>\n\n\n\n<p>Calypogeia suecica (Arnell &amp; J.Perss.) M\u00fcll.Frib.<\/p>\n\n\n\n<p>Cephalozia ambigua C.Massal.<\/p>\n\n\n\n<p>Cephalozia bicuspidata (L.) Dumort.<\/p>\n\n\n\n<p>Cephaloziella baumgartneri Schiffn.<\/p>\n\n\n\n<p>Cephaloziella calyculata (Durieu &amp; Mont.) M\u00fcll.Frib.<\/p>\n\n\n\n<p>Cephaloziella divaricata (Sm.) Schiffn.<\/p>\n\n\n\n<p>Cephaloziella grimsulana (J.B.Jack ex Gottsche &amp; Rabenh.) Lacout.<\/p>\n\n\n\n<p>Cephaloziella hampeana (Nees) Schiffn. ex Loeske<\/p>\n\n\n\n<p>Cephaloziella stellulifera (Taylor ex Carrington &amp; Pearson) Croz.<\/p>\n\n\n\n<p>Cephaloziella turneri (Hook.) M\u00fcll.Frib.<\/p>\n\n\n\n<p>Chiloscyphus pallescens (Ehrh.) Dumort.<\/p>\n\n\n\n<p>Chiloscyphus polyanthos (L.) Corda<\/p>\n\n\n\n<p>Clevea hyalina (Sommerf.) Lindb.<\/p>\n\n\n\n<p>Clevea spathysii (Lindenb.) M\u00fcll.Frib.<\/p>\n\n\n\n<p>Cololejeunea calcarea (Lib.) Steph.<\/p>\n\n\n\n<p>Cololejeunea rossettiana (C.Massal.) Schiffn.<\/p>\n\n\n\n<p>Conocephalum conicum (L.) Dumort.<\/p>\n\n\n\n<p>Conocephalum salebrosum Szweykowski, Buczkowska &amp; Odrzykoski<\/p>\n\n\n\n<p>Corsinia coriandrina (Spreng.) Lindb.<\/p>\n\n\n\n<p>Crossocalyx hellerianus (Nees ex Lindenb.) Meyl.<\/p>\n\n\n\n<p>Diplophyllum albicans (L.) Dumort.<\/p>\n\n\n\n<p>Diplophyllum obtusifolium (Hook.) Dumort.<\/p>\n\n\n\n<p>Diplophyllum taxifolium (Wahlenb.) Dumort.<\/p>\n\n\n\n<p>Dumortiera hirsuta (Sw.) Nees<\/p>\n\n\n\n<p>Exormotheca pustulosa Mitt.<\/p>\n\n\n\n<p>Fossombronia angulosa (Dicks.) Raddi<\/p>\n\n\n\n<p>Fossombronia caespitiformis (Raddi) De Not. ex Rabenh. subsp. caespitiformis<\/p>\n\n\n\n<p>Fossombronia caespitiformis subsp. multispira (Schiffn.) J.R.Bray &amp; Cargill<\/p>\n\n\n\n<p>Fossombronia pusilla (L.) Nees<\/p>\n\n\n\n<p>Fossombronia wondraczekii (Corda) Dumort. ex Lindb.<\/p>\n\n\n\n<p>Frullania dilatata (L.) Dumort.<\/p>\n\n\n\n<p>Frullania fragilifolia (Taylor) Gottsche, Lindenb. &amp; Nees<\/p>\n\n\n\n<p>Frullania riparia Hampe<\/p>\n\n\n\n<p>Frullania tamarisci (L.) Dumort.<\/p>\n\n\n\n<p>Fuscocephaloziopsis albescens (Hook.) V\u00e1na &amp; L.S\u00f6derstr.<\/p>\n\n\n\n<p>Fuscocephaloziopsis loitlesbergeri (Schiffn.) V\u00e1na &amp; L.S\u00f6derstr.<\/p>\n\n\n\n<p>Fuscocephaloziopsis lunulifolia (Dumort.) V\u00e1na &amp; L.S\u00f6derstr.<\/p>\n\n\n\n<p>Fuscocephaloziopsis pleniceps (Austin) V\u00e1na &amp; L.S\u00f6derstr.<\/p>\n\n\n\n<p>Gongylanthus ericetorum (Raddi) Nees<\/p>\n\n\n\n<p>Gymnocolea inflata (Huds.) Dumort.<\/p>\n\n\n\n<p>Gymnomitrion alpinum (Gottsche ex Husn.) Schiffn.<\/p>\n\n\n\n<p>Gymnomitrion brevissimum (Dumort.) Warnst.<\/p>\n\n\n\n<p>Gymnomitrion concinnatum (Lightf.) Corda<\/p>\n\n\n\n<p>Gymnomitrion obtusum Lindb.<\/p>\n\n\n\n<p>Harpalejeunea molleri (Steph.) Grolle<\/p>\n\n\n\n<p>Isopaches bicrenatus (Schmidel ex Hoffm.) H.Buch<\/p>\n\n\n\n<p>Jungermannia atrovirens Dumort.<\/p>\n\n\n\n<p>Jungermannia eucordifolia Schljakov<\/p>\n\n\n\n<p>Jungermannia polaris Lindb.<\/p>\n\n\n\n<p>Jungermannia pumila With.<\/p>\n\n\n\n<p>Kurzia sylvatica (A.Evans) Grolle<\/p>\n\n\n\n<p>Lejeunea cavifolia (Ehrh.) Lindb.<\/p>\n\n\n\n<p>Lepidozia reptans (L.) Dumort.<\/p>\n\n\n\n<p>Liochlaena lanceolata Nees<\/p>\n\n\n\n<p>Lophocolea bidentata (L.) Dumort.<\/p>\n\n\n\n<p>Lophocolea heterophylla (Schrad.) Dumort.<\/p>\n\n\n\n<p>Lophocolea minor Nees<\/p>\n\n\n\n<p>Lophozia ascendens (Warnst.) R.M.Schust.<\/p>\n\n\n\n<p>Lophozia guttulata (Lindb. &amp; Arnell) A.Evans<\/p>\n\n\n\n<p>Lophozia ventricosa (Dicks.) Dumort.<\/p>\n\n\n\n<p>Lophozia wenzelii (Nees) Steph.<\/p>\n\n\n\n<p>Lophoziopsis excisa (Dicks.) Konstant. &amp; Vilnet<\/p>\n\n\n\n<p>Lophoziopsis longidens (Lindb.) Konstant. &amp; Vilnet<\/p>\n\n\n\n<p>Lunularia cruciata (L.) Dumort. ex Lindb.<\/p>\n\n\n\n<p>Mannia androgyna (L.) A.Evans<\/p>\n\n\n\n<p>Mannia fragrans (Balb.) Frye &amp; L.Clark<\/p>\n\n\n\n<p>Mannia gracilis (F.Weber) D.B.Schill &amp; D.G.Long<\/p>\n\n\n\n<p>Marchantia paleacea Bertol.<\/p>\n\n\n\n<p>Marchantia polymorpha  subsp. montivagans Bischl. &amp; Boissel.-Dub.<\/p>\n\n\n\n<p>Marchantia polymorpha L. subsp. polymorpha<\/p>\n\n\n\n<p>Marchantia polymorpha subsp. ruderalis Bischl. &amp; Boissel.-Dub.<\/p>\n\n\n\n<p>Marchantia quadrata Scop.<\/p>\n\n\n\n<p>Marchesinia mackaii (Hook.) Gray<\/p>\n\n\n\n<p>Marsupella emarginata (Ehrh.) Dumort.<\/p>\n\n\n\n<p>Marsupella funckii (F.Weber &amp; D.Mohr) Dumort.<\/p>\n\n\n\n<p>Marsupella sphacelata (Giesecke ex Lindenb.) Dumort.<\/p>\n\n\n\n<p>Marsupella sprucei (Limpr.) Bernet<\/p>\n\n\n\n<p>Mesoptychia badensis (Gottsche ex Rabenh.) L.S\u00f6derstr. &amp; V\u00e1\u0148a<\/p>\n\n\n\n<p>Mesoptychia bantriensis (Hook.) L.S\u00f6derstr. &amp; V\u00e1na<\/p>\n\n\n\n<p>Mesoptychia collaris (Nees) L.S\u00f6derstr. &amp; V\u00e1\u0148a<\/p>\n\n\n\n<p>Mesoptychia heterocolpos (Thed. ex Hartm.) L.S\u00f6derstr. &amp; V\u00e1na<\/p>\n\n\n\n<p>Mesoptychia turbinata (Raddi) L.S\u00f6derstr. &amp; V\u00e1na<\/p>\n\n\n\n<p>Metzgeria conjugata Lindb.<\/p>\n\n\n\n<p>Metzgeria furcata (L.) Dumort.<\/p>\n\n\n\n<p>Metzgeria pubescens (Schrank) Raddi<\/p>\n\n\n\n<p>Microlejeunea ulicina (Taylor) A.Evans<\/p>\n\n\n\n<p>Mylia anomala (Hook.) Gray<\/p>\n\n\n\n<p>Myriocoleopsis minutissima (Sm.) R.L.Zhu, Y.Yu &amp; P\u00f3cs<\/p>\n\n\n\n<p>Nardia breidleri (Limpr.) Lindb.<\/p>\n\n\n\n<p>Nardia compressa (Hook.) Gray<\/p>\n\n\n\n<p>Nardia geoscyphus (De Not.) Lindb.<\/p>\n\n\n\n<p>Nardia insecta Lindb.<\/p>\n\n\n\n<p>Nardia scalaris Gray<\/p>\n\n\n\n<p>Neoorthocaulis floerkei (F.Weber et D.Mohr) L.S\u00f6derstr., De Roo &amp; Hedd.<\/p>\n\n\n\n<p>Nowellia curvifolia (Dicks.) Mitt.<\/p>\n\n\n\n<p>Obtusifolium obtusum (Lindb.) S.W.Arnell<\/p>\n\n\n\n<p>Odontoschisma elongatum (Lindb.) A.Evans<\/p>\n\n\n\n<p>Odontoschisma sphagni (Dicks.) Dumort.<\/p>\n\n\n\n<p>Oxymitra incrassata (Broth.) S\u00e9rgio &amp; Sim-Sim<\/p>\n\n\n\n<p>Pallavicinia lyellii (Hook.) Gray<\/p>\n\n\n\n<p>Pedinophyllum interruptum (Nees) Kaal.<\/p>\n\n\n\n<p>Pellia epiphylla (L.) Corda<\/p>\n\n\n\n<p>Pellia neesiana (Gottsche) Limpr.<\/p>\n\n\n\n<p>Plagiochasma rupestre (J.R.Forst. &amp; G.Forst.) Steph.<\/p>\n\n\n\n<p>Plagiochila asplenioides (L.) Dumort.<\/p>\n\n\n\n<p>Plagiochila porelloides (Torr. ex Nees) Lindenb.<\/p>\n\n\n\n<p>Porella arboris-vitae (With.) Grolle<\/p>\n\n\n\n<p>Porella cordaeana (Huebener) Moore<\/p>\n\n\n\n<p>Porella obtusata (Taylor) Trevis<\/p>\n\n\n\n<p>Porella platyphylla (L.) Pfeiff.<\/p>\n\n\n\n<p>Ptilidium ciliare (L.) Hampe<\/p>\n\n\n\n<p>Ptilidium pulcherrimum (Weber) Vain.<\/p>\n\n\n\n<p>Radula complanata (L.) Dumort.<\/p>\n\n\n\n<p>Radula lindenbergiana Gottsche ex C.Hartm.<\/p>\n\n\n\n<p>Reboulia hemisphaerica (L.) Raddi<\/p>\n\n\n\n<p>Riccardia chamedryfolia (With.) Grolle<\/p>\n\n\n\n<p>Riccardia incurvata Lindb.<\/p>\n\n\n\n<p>Riccardia latifrons (Lindb.) Lindb.<\/p>\n\n\n\n<p>Riccardia multifida (L.) Gray<\/p>\n\n\n\n<p>Riccardia palmata (Hedw.) Carruth.<\/p>\n\n\n\n<p>Riccia atromarginata Levier<\/p>\n\n\n\n<p>Riccia beyrichiana Hampe<\/p>\n\n\n\n<p>Riccia bifurca Hoffm. var. bifurca<\/p>\n\n\n\n<p>Riccia bifurca  var. subinermis Heeg.<\/p>\n\n\n\n<p>Riccia cavernosa Hoffm.<\/p>\n\n\n\n<p>Riccia ciliata Hoffm.<\/p>\n\n\n\n<p>Riccia ciliifera Link<\/p>\n\n\n\n<p>Riccia crozalsii Levier<\/p>\n\n\n\n<p>Riccia crustata Trab.<\/p>\n\n\n\n<p>Riccia crystallina L.<\/p>\n\n\n\n<p>Riccia fluitans L.<\/p>\n\n\n\n<p>Riccia glauca L.<\/p>\n\n\n\n<p>Riccia gougetiana var. armatissima Levier ex M\u00fcll.Frib.<\/p>\n\n\n\n<p>Riccia gougetiana Durieu &amp; Mont. var. gougetiana<\/p>\n\n\n\n<p>Riccia huebeneriana Lindenb.<\/p>\n\n\n\n<p>Riccia lamellosa Raddi<\/p>\n\n\n\n<p>Riccia macrocarpa Levier<\/p>\n\n\n\n<p>Riccia michelii Raddi<\/p>\n\n\n\n<p>Riccia nigrella DC.<\/p>\n\n\n\n<p>Riccia papillosa Moris<\/p>\n\n\n\n<p>Riccia sorocarpa Bisch.<\/p>\n\n\n\n<p>Riccia subbifurca Warnst. ex Croz.<\/p>\n\n\n\n<p>Riccia trabutiana Steph.<\/p>\n\n\n\n<p>Riccia warnstorfii Limpr. ex Warnst.<\/p>\n\n\n\n<p>Riella cossoniana Trab.<\/p>\n\n\n\n<p>Scapania aequiloba (Schw\u00e4gr.) Dumort.<\/p>\n\n\n\n<p>Scapania aspera M.Bernet &amp; Bernet<\/p>\n\n\n\n<p>Scapania calcicola (Arnell &amp; J.Perss.) Ingham<\/p>\n\n\n\n<p>Scapania compacta (Roth) Dumort.<\/p>\n\n\n\n<p>Scapania curta (Mart.) Dumort.<\/p>\n\n\n\n<p>Scapania cuspiduligera (Nees) M\u00fcll.Frib.<\/p>\n\n\n\n<p>Scapania gymnostomophila Kaal.<\/p>\n\n\n\n<p>Scapania irrigua (Nees) Nees<\/p>\n\n\n\n<p>Scapania mucronata H.Buch<\/p>\n\n\n\n<p>Scapania nemorea (L.) Grolle<\/p>\n\n\n\n<p>Scapania paludosa (M\u00fcll.Frib.) M\u00fcll.Frib.<\/p>\n\n\n\n<p>Scapania praetervisa Meyl.<\/p>\n\n\n\n<p>Scapania scandica (Arnell &amp; H.Buch) Macvicar<\/p>\n\n\n\n<p>Scapania umbrosa (Schrad.) Dumort.<\/p>\n\n\n\n<p>Scapania undulata (L.) Dumort.<\/p>\n\n\n\n<p>Scapania verrucosa Heeg<\/p>\n\n\n\n<p>Schistochilopsis incisa (Schrad.) Konstant.<\/p>\n\n\n\n<p>Schistochilopsis opacifolia (Culm. ex Meyl.) Konstant.<\/p>\n\n\n\n<p>Schljakovia kunzeana (Huebener) Konstant. &amp; Vilnet<\/p>\n\n\n\n<p>Solenostoma confertissimum (Nees) Schljakov<\/p>\n\n\n\n<p>Solenostoma gracillimum (Sm.) R.M.Schust.<\/p>\n\n\n\n<p>Solenostoma hyalinum (Lyell) Mitt.<\/p>\n\n\n\n<p>Solenostoma obovatum (Nees) C.Massal.<\/p>\n\n\n\n<p>Solenostoma sphaerocarpum (Hook.) Steph.<\/p>\n\n\n\n<p>Southbya nigrella (De Not.) Henriq.<\/p>\n\n\n\n<p>Southbya tophacea (Spruce) Spruce<\/p>\n\n\n\n<p>Sphaerocarpos europaeus Lorb.<\/p>\n\n\n\n<p>Sphaerocarpos michelii Bellardi<\/p>\n\n\n\n<p>Sphenolobus minutus (Schreb. ex D.Crantz) Berggr.<\/p>\n\n\n\n<p>Targionia hypophylla L.<\/p>\n\n\n\n<p>Targionia lorbeeriana M\u00fcll.Frib.<\/p>\n\n\n\n<p>Trichocolea tomentella (Ehrh.) Dumort.<\/p>\n\n\n\n<p>Trilophozia quinquedentata (Huds.) Bakalin<\/p>\n\n\n\n<p>Tritomaria exsecta (Schmidel) Schiffn. ex Loeske<\/p>\n\n\n\n<p>Tritomaria exsectiformis (Breidl.) Schiffn. ex Loeske<\/p>\n\n\n\n<p>Tritomaria scitula (Taylor) J\u00f6rg.<\/p>\n\n\n\n<hr class=\"wp-block-separator has-alpha-channel-opacity\" \/>\n\n\n\n<figure class=\"wp-block-table\"><table><tbody><tr><td><a href=\"http:\/\/pagines.uab.cat\/briologia\/node\/68\">English<\/a><\/td><\/tr><\/tbody><\/table><\/figure>\n","protected":false},"excerpt":{"rendered":"<p>Montserrat Brugu\u00e9s &amp; Elena Ruiz (2025) ANTOCEROTES: Anthoceros punctatus L. Phaeoceros carolinianus (Michx.) Prosk. Phaeoceros laevis (L.) Prosk. Phymatoceros bulbiculosus (Brot.) Stotler, W. Doyle &amp; Crand.-Stotl. HEP\u00c0TIQUES: Aneura maxima (Schiffn.) Steph. Aneura pinguis (L.) Dumort. Anthelia juratzkana (Limpr.) Trevis. Apopellia endiviifolia (Dicks.) Nebel &amp; D. Quandt Barbilophozia barbata (Schreb.) Loeske Barbilophozia hatcheri (A.Evans) Loeske Barbilophozia [&hellip;]<\/p>\n","protected":false},"author":20,"featured_media":0,"parent":0,"menu_order":0,"comment_status":"closed","ping_status":"closed","template":"","meta":{"footnotes":""},"class_list":["post-71","page","type-page","status-publish","hentry"],"_links":{"self":[{"href":"https:\/\/webs.uab.cat\/briologia\/wp-json\/wp\/v2\/pages\/71","targetHints":{"allow":["GET"]}}],"collection":[{"href":"https:\/\/webs.uab.cat\/briologia\/wp-json\/wp\/v2\/pages"}],"about":[{"href":"https:\/\/webs.uab.cat\/briologia\/wp-json\/wp\/v2\/types\/page"}],"author":[{"embeddable":true,"href":"https:\/\/webs.uab.cat\/briologia\/wp-json\/wp\/v2\/users\/20"}],"replies":[{"embeddable":true,"href":"https:\/\/webs.uab.cat\/briologia\/wp-json\/wp\/v2\/comments?post=71"}],"version-history":[{"count":12,"href":"https:\/\/webs.uab.cat\/briologia\/wp-json\/wp\/v2\/pages\/71\/revisions"}],"predecessor-version":[{"id":782,"href":"https:\/\/webs.uab.cat\/briologia\/wp-json\/wp\/v2\/pages\/71\/revisions\/782"}],"wp:attachment":[{"href":"https:\/\/webs.uab.cat\/briologia\/wp-json\/wp\/v2\/media?parent=71"}],"curies":[{"name":"wp","href":"https:\/\/api.w.org\/{rel}","templated":true}]}}