{"id":77,"date":"2010-02-08T11:27:17","date_gmt":"2010-02-08T11:27:17","guid":{"rendered":"https:\/\/webs.uab.cat\/briologia\/cataleg-de-les-antocerotes-i-les-hepatiques-de-les-illes-balears\/"},"modified":"2025-06-25T18:55:14","modified_gmt":"2025-06-25T18:55:14","slug":"cataleg-de-les-antocerotes-i-les-hepatiques-de-les-illes-balears","status":"publish","type":"page","link":"https:\/\/webs.uab.cat\/briologia\/cataleg-de-les-antocerotes-i-les-hepatiques-de-les-illes-balears\/","title":{"rendered":"CAT\u00c0LEG DE LES ANTOCEROTES I LES HEP\u00c0TIQUES DE LES ILLES BALEARS"},"content":{"rendered":"<p><strong>Montserrat Brugu\u00e9s, Elena Ruiz &amp; Lloren\u00e7 S\u00e1ez (2025)<\/strong><\/p>\n<hr \/>\n<p><strong>Antocerotes<\/strong><\/p>\n<p>Phaeoceros laevis (L.) Prosk.<\/p>\n<p><strong>Hep\u00e0tiques<\/strong><\/p>\n<p>Apopellia endiviifolia (Dicks.) Nebel &amp; D.Quandt<\/p>\n<p>Cephaloziella baumgartneri Schiffn.<\/p>\n<p>Cephaloziella hampeana (Nees) Schiffn. ex Loeske<\/p>\n<p>Cephaloziella stellulifera (Taylor ex Carrington &amp; Pearson) Croz.<\/p>\n<p>Clevea hyalina (Sommerf.) Lindb.<\/p>\n<p>Clevea spathysii (Lindenb.) M\u00fcll.Frib.<\/p>\n<p>Cololejeunea calcarea (Lib.) Steph.<\/p>\n<p>Cololejeunea rossettiana (C.Massal.) Schiffn.<\/p>\n<p>Conocephalum conicum (L.) Dumort.<\/p>\n<p>Corsinia coriandrina (Spreng.) Lindb.<\/p>\n<p>Fossombronia angulosa (Dicks.) Raddi<\/p>\n<p>Fossombronia caespitiformis (Raddi) De Not. ex Rabenh. subsp. caespitiformis<\/p>\n<p>Fossombronia caespitiformis subsp. multispira (Schiffn.) J.R.Bray &amp; Cargill<\/p>\n<p>Fossombronia pusilla (L.) Nees<\/p>\n<p>Fossombronia wondraczekii (Corda) Dumort. ex Lindb.<\/p>\n<p>Frullania dilatata (L.) Dumort.<\/p>\n<p>Frullania riparia Hampe<\/p>\n<p>Frullania tamarisci (L.) Dumort.<\/p>\n<p>Gongylanthus ericetorum (Raddi) Nees<\/p>\n<p>Jungermannia atrovirens Dumort.<\/p>\n<p>Lejeunea cavifolia (Ehrh.) Lindb.<\/p>\n<p>Lophocolea bidentata (L.) Dumort.<\/p>\n<p>Lophocolea heterophylla (Schrad.) Dumort. subsp. heterophylla<\/p>\n<p>Lophocolea minor Nees<\/p>\n<p>Lunularia cruciata (L.) Dumort. ex Lindb.<\/p>\n<p>Mannia androgyna (L.) A.Evans<\/p>\n<p>Mannia triandra (Scop.) Grolle<\/p>\n<p>Marchantia paleacea Bertol. subsp. paleacea<\/p>\n<p>Marchesinia mackaii (Hook.) Gray<\/p>\n<p>Mesoptychia turbinata (Raddi) L.S\u00f6derstr. &amp; V\u00e1\u0148a<\/p>\n<p>Metzgeria furcata (L.) Corda<\/p>\n<p>Oxymitra incrassata (Broth.) S\u00e9rgio &amp; Sim-Sim<\/p>\n<p>Petalophyllum ralfsii (Wilson) Nees &amp; Gottsche<\/p>\n<p>Plagiochasma appendiculatum Lehm. &amp; Lindenb.<\/p>\n<p>Plagiochasma rupestre (J.R.Forst. &amp; G.Forst.) Steph. var. rupestre<\/p>\n<p>Plagiochila porelloides (Torr. ex Nees) Lindenb.<\/p>\n<p>Porella arboris-vitae (With.) Grolle<\/p>\n<p>Porella obtusata (Taylor) Trevis<\/p>\n<p>Porella platyphylla (L.) Pfeiff.<\/p>\n<p>Radula complanata (L.) Dumort.<\/p>\n<p>Radula lindenbergiana Gottsche ex C.Hartm.<\/p>\n<p>Reboulia hemisphaerica (L.) Raddi subsp. hemisphaerica<\/p>\n<p>Riccia atromarginata Levier var. atromarginata<\/p>\n<p>Riccia beyrichiana Hampe<\/p>\n<p>Riccia bicarinata Lindb.<\/p>\n<p>Riccia bifurca Hoffm.<\/p>\n<p>Riccia cavernosa Hoffm.<\/p>\n<p>Riccia ciliata Hoffm.<\/p>\n<p>Riccia crozalsii Levier<\/p>\n<p>Riccia crustata Trab.<\/p>\n<p>Riccia crystallina L.<\/p>\n<p>Riccia fluitans L.<\/p>\n<p>Riccia glauca L.<\/p>\n<p>Riccia gougetiana Durieu &amp; Mont.<\/p>\n<p>Riccia lamellosa Raddi<\/p>\n<p>Riccia macrocarpa Levier<\/p>\n<p>Riccia nigrella DC.<\/p>\n<p>Riccia papillosa Moris<\/p>\n<p>Riccia sorocarpa Bisch. var. sorocarpa<\/p>\n<p>Riccia subbifurca Warnst. ex Croz.<\/p>\n<p>Riccia trabutiana Steph.<\/p>\n<p>Riccia warnstorfii Limpr. ex Warnst.<\/p>\n<p>Riella echinata (M\u00fcll.Frib.) Segarra, Puche &amp; Sabovlj.<\/p>\n<p><span class=\"item-header\">Riella macrocarpa (P.Allorge) Puche, Segarra, Sabovlj., M.Infante &amp; Heras<\/span><\/p>\n<p>Riella mediterranea Segarra, Puche, Sabovlj., M.Infante &amp; Heras<\/p>\n<p>Riella notarisii (Mont.) Mont.<\/p>\n<p>Scapania aspera M.Bernet &amp; Bernet<\/p>\n<p>Southbya nigrella (De Not.) Henriq.<\/p>\n<p>Southbya tophacea (Spruce) Spruce<\/p>\n<p>Sphaerocarpos europaeus Lorb.<\/p>\n<p>Sphaerocarpos michelii Bellardi<\/p>\n<p>Targionia hypophylla L. subsp. hypophylla<\/p>\n<p>Targionia lorbeeriana M\u00fcll.Frib.<\/p>\n","protected":false},"excerpt":{"rendered":"<p>Montserrat Brugu\u00e9s, Elena Ruiz &amp; Lloren\u00e7 S\u00e1ez (2025) Antocerotes Phaeoceros laevis (L.) Prosk. Hep\u00e0tiques Apopellia endiviifolia (Dicks.) Nebel &amp; D.Quandt Cephaloziella baumgartneri Schiffn. Cephaloziella hampeana (Nees) Schiffn. ex Loeske Cephaloziella stellulifera (Taylor ex Carrington &amp; Pearson) Croz. Clevea hyalina (Sommerf.) Lindb. Clevea spathysii (Lindenb.) M\u00fcll.Frib. Cololejeunea calcarea (Lib.) Steph. Cololejeunea rossettiana (C.Massal.) Schiffn. Conocephalum conicum [&hellip;]<\/p>\n","protected":false},"author":20,"featured_media":0,"parent":0,"menu_order":0,"comment_status":"closed","ping_status":"closed","template":"","meta":{"footnotes":""},"class_list":["post-77","page","type-page","status-publish","hentry"],"_links":{"self":[{"href":"https:\/\/webs.uab.cat\/briologia\/wp-json\/wp\/v2\/pages\/77","targetHints":{"allow":["GET"]}}],"collection":[{"href":"https:\/\/webs.uab.cat\/briologia\/wp-json\/wp\/v2\/pages"}],"about":[{"href":"https:\/\/webs.uab.cat\/briologia\/wp-json\/wp\/v2\/types\/page"}],"author":[{"embeddable":true,"href":"https:\/\/webs.uab.cat\/briologia\/wp-json\/wp\/v2\/users\/20"}],"replies":[{"embeddable":true,"href":"https:\/\/webs.uab.cat\/briologia\/wp-json\/wp\/v2\/comments?post=77"}],"version-history":[{"count":3,"href":"https:\/\/webs.uab.cat\/briologia\/wp-json\/wp\/v2\/pages\/77\/revisions"}],"predecessor-version":[{"id":732,"href":"https:\/\/webs.uab.cat\/briologia\/wp-json\/wp\/v2\/pages\/77\/revisions\/732"}],"wp:attachment":[{"href":"https:\/\/webs.uab.cat\/briologia\/wp-json\/wp\/v2\/media?parent=77"}],"curies":[{"name":"wp","href":"https:\/\/api.w.org\/{rel}","templated":true}]}}