{"id":85,"date":"2010-03-18T16:22:48","date_gmt":"2010-03-18T16:22:48","guid":{"rendered":"https:\/\/webs.uab.cat\/briologia\/laboratori-de-briologia\/"},"modified":"2026-03-27T17:45:15","modified_gmt":"2026-03-27T17:45:15","slug":"laboratori-de-briologia","status":"publish","type":"page","link":"https:\/\/webs.uab.cat\/briologia\/","title":{"rendered":"Destacats"},"content":{"rendered":"\n<figure class=\"wp-block-table\"><table class=\"has-fixed-layout\"><tbody><tr><td><img decoding=\"async\" src=\"https:\/\/webs.uab.cat\/briologia\/wp-content\/uploads\/sites\/174\/2026\/03\/Portada_Handbook_2025-3-771x1024.jpg\" alt=\"\"><\/td><td class=\"has-text-align-center\" data-align=\"center\"><strong>Handbook of mosses of the Iberian Peninsula and the Balearic Islands <\/strong><br>[Recurs electr\u00f2nic] : illustrated keys to genera and species\u00a03a ed. act. i rev. 2025.<br>Aquesta actualitzaci\u00f3 incorpora tots els canvis nomenclaturals, taxon\u00f2mics i corol\u00f2gics publicats des de l\u2019edici\u00f3 anterior de 2020. Inclou revisions derivades d\u2019estudis taxon\u00f2mics recents, actualitzacions en la circumscripci\u00f3 i la classificaci\u00f3 de les esp\u00e8cies, aix\u00ed com noves dades de distribuci\u00f3 procedents de la recerca flor\u00edstica i corol\u00f2gica en curs. Sempre que ha estat possible, s\u2019han revisat i actualitzat tamb\u00e9 les claus d\u2019identificaci\u00f3 i les breus descripcions associades.<br><strong><a href=\"https:\/\/publicacions.iec.cat\/repository\/pdf\/00000546\/00000007.pdf\">TEXT COMPLET<\/a><\/strong><\/td><\/tr><\/tbody><\/table><\/figure>\n\n\n\n<hr class=\"wp-block-separator has-alpha-channel-opacity\" \/>\n\n\n\n<figure class=\"wp-block-table\"><table><tbody><tr><td class=\"has-text-align-center\" data-align=\"center\"><img loading=\"lazy\" decoding=\"async\" width=\"850\" height=\"435\" class=\"wp-image-224\" style=\"width: 2000px\" src=\"https:\/\/webs.uab.cat\/briologia\/wp-content\/uploads\/sites\/174\/2015\/11\/Cartografia2015.jpg\" alt=\"Cartografia2015\" srcset=\"https:\/\/webs.uab.cat\/briologia\/wp-content\/uploads\/sites\/174\/2015\/11\/Cartografia2015.jpg 850w, https:\/\/webs.uab.cat\/briologia\/wp-content\/uploads\/sites\/174\/2015\/11\/Cartografia2015-300x154.jpg 300w, https:\/\/webs.uab.cat\/briologia\/wp-content\/uploads\/sites\/174\/2015\/11\/Cartografia2015-768x393.jpg 768w\" sizes=\"auto, (max-width: 850px) 100vw, 850px\" \/><\/td><\/tr><tr><td class=\"has-text-align-center\" data-align=\"center\"><strong><a href=\"https:\/\/gis.geovincles.com\/briofits\/\">Cartografia de Bri\u00f2fits. Pen\u00ednsula Ib\u00e8rica i Illes Balears<\/a><\/strong><br>Cartografia virtual que permet a les persones usu\u00e0ries consultar i visualitzar sobre un mapa la distribuci\u00f3 de diferents esp\u00e8cies de bri\u00f2fits referides a una quadr\u00edcula UTM 10&#215;10. Al costat del mapa es mostra una fitxa de l\u2019esp\u00e8cie amb informaci\u00f3 sobre la seva pres\u00e8ncia en les diferents prov\u00edncies, l\u2019ecologia, el grau d\u2019amena\u00e7a, observacions d\u2019inter\u00e8s, l&#8217;autoria del mapa i una l\u00e0mina que il\u00b7lustra els car\u00e0cters m\u00e9s destacables del t\u00e0xon. [<a href=\"http:\/\/pagines.uab.cat\/briologia\/content\/recerca#1\">+inf.<\/a>]<\/td><\/tr><\/tbody><\/table><\/figure>\n\n\n\n<hr class=\"wp-block-separator has-alpha-channel-opacity\" \/>\n\n\n\n<figure class=\"wp-block-table\"><table><tbody><tr><td class=\"has-text-align-center\" data-align=\"center\"><a href=\"https:\/\/webs.uab.cat\/briologia\/catalegs#1\" data-type=\"page\"><strong>CAT\u00c0LEGS D&#8217;ANTOCEROTES I D&#8217;HEP\u00c0TIQUES<\/strong><\/a><\/td><td class=\"has-text-align-center\" data-align=\"center\"><a href=\"https:\/\/webs.uab.cat\/briologia\/catalegs#2\"><strong>CAT\u00c0LEGS DE MOLSES<\/strong><\/a><\/td><\/tr><tr><td class=\"has-text-align-center\" data-align=\"center\"><img loading=\"lazy\" decoding=\"async\" width=\"148\" height=\"236\" class=\"wp-image-173\" style=\"width: 148px\" src=\"https:\/\/webs.uab.cat\/briologia\/wp-content\/uploads\/sites\/174\/2010\/01\/boto_HEPATIQUES_web.jpg\" alt=\"boto_HEPATIQUES_web\"><\/td><td class=\"has-text-align-center\" data-align=\"center\"><img loading=\"lazy\" decoding=\"async\" width=\"148\" height=\"236\" class=\"wp-image-176\" style=\"width: 148px\" src=\"https:\/\/webs.uab.cat\/briologia\/wp-content\/uploads\/sites\/174\/2010\/01\/boto_MOLSES_web.jpg\" alt=\"boto_MOLSES_web\"><\/td><\/tr><\/tbody><\/table><\/figure>\n\n\n\n<div class=\"wp-block-columns is-layout-flex wp-container-core-columns-is-layout-9d6595d7 wp-block-columns-is-layout-flex\">\n<div class=\"wp-block-column is-layout-flow wp-block-column-is-layout-flow\"><\/div>\n\n\n\n<div class=\"wp-block-column is-layout-flow wp-block-column-is-layout-flow\"><\/div>\n<\/div>\n\n\n\n<hr class=\"wp-block-separator has-alpha-channel-opacity\" \/>\n\n\n\n<p><strong>Darrera actualitzaci\u00f3: <\/strong>27-03-2026<\/p>\n\n\n\n<p><strong>Diseny i manteniment d&#8217;aquesta WEB<\/strong>: <a href=\"mailto:Elena.Ruiz@uab.cat\">Elena Ruiz<\/a><\/p>\n\n\n\n<h2 class=\"wp-block-heading\"><\/h2>\n","protected":false},"excerpt":{"rendered":"<p>Handbook of mosses of the Iberian Peninsula and the Balearic Islands [Recurs electr\u00f2nic] : illustrated keys to genera and species\u00a03a ed. act. i rev. 2025.Aquesta actualitzaci\u00f3 incorpora tots els canvis nomenclaturals, taxon\u00f2mics i corol\u00f2gics publicats des de l\u2019edici\u00f3 anterior de 2020. Inclou revisions derivades d\u2019estudis taxon\u00f2mics recents, actualitzacions en la circumscripci\u00f3 i la classificaci\u00f3 de [&hellip;]<\/p>\n","protected":false},"author":90,"featured_media":0,"parent":0,"menu_order":0,"comment_status":"closed","ping_status":"closed","template":"","meta":{"footnotes":""},"class_list":["post-85","page","type-page","status-publish","hentry"],"_links":{"self":[{"href":"https:\/\/webs.uab.cat\/briologia\/wp-json\/wp\/v2\/pages\/85","targetHints":{"allow":["GET"]}}],"collection":[{"href":"https:\/\/webs.uab.cat\/briologia\/wp-json\/wp\/v2\/pages"}],"about":[{"href":"https:\/\/webs.uab.cat\/briologia\/wp-json\/wp\/v2\/types\/page"}],"author":[{"embeddable":true,"href":"https:\/\/webs.uab.cat\/briologia\/wp-json\/wp\/v2\/users\/90"}],"replies":[{"embeddable":true,"href":"https:\/\/webs.uab.cat\/briologia\/wp-json\/wp\/v2\/comments?post=85"}],"version-history":[{"count":49,"href":"https:\/\/webs.uab.cat\/briologia\/wp-json\/wp\/v2\/pages\/85\/revisions"}],"predecessor-version":[{"id":841,"href":"https:\/\/webs.uab.cat\/briologia\/wp-json\/wp\/v2\/pages\/85\/revisions\/841"}],"wp:attachment":[{"href":"https:\/\/webs.uab.cat\/briologia\/wp-json\/wp\/v2\/media?parent=85"}],"curies":[{"name":"wp","href":"https:\/\/api.w.org\/{rel}","templated":true}]}}