{"id":1013,"date":"2025-01-29T12:50:33","date_gmt":"2025-01-29T12:50:33","guid":{"rendered":"https:\/\/webs.uab.cat\/cal\/?page_id=1013"},"modified":"2025-01-29T12:50:33","modified_gmt":"2025-01-29T12:50:33","slug":"credits-2","status":"publish","type":"page","link":"https:\/\/webs.uab.cat\/cal\/credits-2\/","title":{"rendered":"Cr\u00e8dits"},"content":{"rendered":"\n<p>Projecte del Servei de Lleng\u00fces de la Universitat Aut\u00f2noma de Barcelona desenvolupat amb un ajut INTERLINGUA de la Generalitat de Catalunya.<\/p>\n\n\n\n<ul class=\"wp-block-list\">\n<li>Coordinaci\u00f3: Enric Serra, Marta Mir\u00f3 i Virg\u00ednia Castillo.<\/li>\n\n\n\n<li>Franc\u00e8s i portugu\u00e8s: Laura de la Paz.<\/li>\n\n\n\n<li>Catal\u00e0: Anna Serra, Rosa Campa\u00f1\u00e0 i Marc Lluch.<\/li>\n\n\n\n<li>Itali\u00e0: Adriana Padoan.<\/li>\n\n\n\n<li>Roman\u00e8s: Alexandra Vraciu.<\/li>\n\n\n\n<li>Espanyol: Bel\u00e9n Gar\u00ed.<\/li>\n<\/ul>\n\n\n\n<p>Amb el suport de la Unitat d&#8217;Assessorament Ling\u00fc\u00edstic i Traduccions.<\/p>\n","protected":false},"excerpt":{"rendered":"<p>Projecte del Servei de Lleng\u00fces de la Universitat Aut\u00f2noma de Barcelona desenvolupat amb un ajut INTERLINGUA de la Generalitat de Catalunya. Amb el suport de la Unitat d&#8217;Assessorament Ling\u00fc\u00edstic i Traduccions.<\/p>\n","protected":false},"author":246,"featured_media":0,"parent":0,"menu_order":0,"comment_status":"closed","ping_status":"closed","template":"","meta":{"footnotes":""},"class_list":["post-1013","page","type-page","status-publish","hentry"],"_links":{"self":[{"href":"https:\/\/webs.uab.cat\/cal\/wp-json\/wp\/v2\/pages\/1013","targetHints":{"allow":["GET"]}}],"collection":[{"href":"https:\/\/webs.uab.cat\/cal\/wp-json\/wp\/v2\/pages"}],"about":[{"href":"https:\/\/webs.uab.cat\/cal\/wp-json\/wp\/v2\/types\/page"}],"author":[{"embeddable":true,"href":"https:\/\/webs.uab.cat\/cal\/wp-json\/wp\/v2\/users\/246"}],"replies":[{"embeddable":true,"href":"https:\/\/webs.uab.cat\/cal\/wp-json\/wp\/v2\/comments?post=1013"}],"version-history":[{"count":2,"href":"https:\/\/webs.uab.cat\/cal\/wp-json\/wp\/v2\/pages\/1013\/revisions"}],"predecessor-version":[{"id":1015,"href":"https:\/\/webs.uab.cat\/cal\/wp-json\/wp\/v2\/pages\/1013\/revisions\/1015"}],"wp:attachment":[{"href":"https:\/\/webs.uab.cat\/cal\/wp-json\/wp\/v2\/media?parent=1013"}],"curies":[{"name":"wp","href":"https:\/\/api.w.org\/{rel}","templated":true}]}}