{"id":1022,"date":"2025-04-02T10:09:57","date_gmt":"2025-04-02T10:09:57","guid":{"rendered":"https:\/\/webs.uab.cat\/cal\/?page_id=1022"},"modified":"2026-04-08T09:35:32","modified_gmt":"2026-04-08T09:35:32","slug":"aprenentatge-amb-la-ia","status":"publish","type":"page","link":"https:\/\/webs.uab.cat\/cal\/aprenentatge-amb-la-ia\/","title":{"rendered":"Aprenentatge amb la IA"},"content":{"rendered":"\n<p>A continuaci\u00f3 us presentem un recurs per a l&#8217;aprenentatge del catal\u00e0 per mitj\u00e0 d&#8217;eines d&#8217;intel\u00b7lig\u00e8ncia artificial perqu\u00e8 els estudiants d&#8217;intercanvi aprenguin a conversar en llengua catalana de manera senzilla, aut\u00f2noma i efectiva amb ChatGPT.<\/p>\n\n\n\n<figure class=\"wp-block-embed is-type-video is-provider-youtube wp-block-embed-youtube wp-embed-aspect-16-9 wp-has-aspect-ratio\"><div class=\"wp-block-embed__wrapper\">\n<iframe loading=\"lazy\" title=\"Apr\u00e8n catal\u00e0 parlant amb la intel\u00b7lig\u00e8ncia artificial\" width=\"580\" height=\"326\" src=\"https:\/\/www.youtube.com\/embed\/8pqO_8bcD4k?start=2&#038;feature=oembed\" frameborder=\"0\" allow=\"accelerometer; autoplay; clipboard-write; encrypted-media; gyroscope; picture-in-picture; web-share\" referrerpolicy=\"strict-origin-when-cross-origin\" allowfullscreen><\/iframe>\n<\/div><\/figure>\n\n\n\n<p><strong>S\u00e8rie de v\u00eddeos per practicar catal\u00e0 oral conversant amb la IA per a l&#8217;acollida ling\u00fc\u00edstica a les universitats<\/strong>:<\/p>\n\n\n\n<div class=\"wp-block-columns is-layout-flex wp-container-core-columns-is-layout-9d6595d7 wp-block-columns-is-layout-flex\">\n<div class=\"wp-block-column is-layout-flow wp-block-column-is-layout-flow\">\n<figure class=\"wp-block-embed is-type-video is-provider-youtube wp-block-embed-youtube wp-embed-aspect-16-9 wp-has-aspect-ratio\"><div class=\"wp-block-embed__wrapper\">\n<iframe loading=\"lazy\" title=\"1. APR\u00c8N CATAL\u00c0 PARLANT AMB LA INTEL\u00b7LIG\u00c8NCIA ARTIFICIAL\" width=\"580\" height=\"326\" src=\"https:\/\/www.youtube.com\/embed\/cz9UO-dB7m0?feature=oembed\" frameborder=\"0\" allow=\"accelerometer; autoplay; clipboard-write; encrypted-media; gyroscope; picture-in-picture; web-share\" referrerpolicy=\"strict-origin-when-cross-origin\" allowfullscreen><\/iframe>\n<\/div><\/figure>\n<\/div>\n\n\n\n<div class=\"wp-block-column is-layout-flow wp-block-column-is-layout-flow\">\n<figure class=\"wp-block-embed is-type-video is-provider-youtube wp-block-embed-youtube wp-embed-aspect-16-9 wp-has-aspect-ratio\"><div class=\"wp-block-embed__wrapper\">\n<iframe loading=\"lazy\" title=\"2. APR\u00c8N CATAL\u00c0 PARLANT AMB LA INTEL\u00b7LIG\u00c8NCIA ARTIFICIAL\" width=\"580\" height=\"326\" src=\"https:\/\/www.youtube.com\/embed\/Zf0lFLxkHS4?list=PLZ50WnX6C9Xatsv_kQcd2J3P6yUEbTLKi\" frameborder=\"0\" allow=\"accelerometer; autoplay; clipboard-write; encrypted-media; gyroscope; picture-in-picture; web-share\" referrerpolicy=\"strict-origin-when-cross-origin\" allowfullscreen><\/iframe>\n<\/div><\/figure>\n<\/div>\n\n\n\n<div class=\"wp-block-column is-layout-flow wp-block-column-is-layout-flow\">\n<figure class=\"wp-block-embed is-type-video is-provider-youtube wp-block-embed-youtube wp-embed-aspect-16-9 wp-has-aspect-ratio\"><div class=\"wp-block-embed__wrapper\">\n<iframe loading=\"lazy\" title=\"3. APR\u00c8N CATAL\u00c0 PARLANT AMB LA INTEL\u00b7LIG\u00c8NCIA ARTIFICIAL\" width=\"580\" height=\"326\" src=\"https:\/\/www.youtube.com\/embed\/YGqiLVfmR5g?list=PLZ50WnX6C9Xatsv_kQcd2J3P6yUEbTLKi\" frameborder=\"0\" allow=\"accelerometer; autoplay; clipboard-write; encrypted-media; gyroscope; picture-in-picture; web-share\" referrerpolicy=\"strict-origin-when-cross-origin\" allowfullscreen><\/iframe>\n<\/div><\/figure>\n<\/div>\n<\/div>\n\n\n\n<p><strong>Apr\u00e8n catal\u00e0 parlant amb la intel\u00b7lig\u00e8ncia artificial. Guia de conversa amb ChatGPT per a l&#8217;acollida ling\u00fc\u00edstica:<\/strong><\/p>\n\n\n\n<figure class=\"wp-block-gallery has-nested-images columns-default is-cropped wp-block-gallery-1 is-layout-flex wp-block-gallery-is-layout-flex\">\n<figure class=\"wp-block-image size-large\"><a href=\"https:\/\/ddd.uab.cat\/pub\/recdoc\/2025\/310184\/Apren_catala_IA.pdf\" target=\"_blank\" rel=\" noreferrer noopener\"><img loading=\"lazy\" decoding=\"async\" width=\"628\" height=\"881\" data-id=\"1026\" src=\"https:\/\/webs.uab.cat\/cal\/wp-content\/uploads\/sites\/211\/2025\/04\/Portada_CA.jpg\" alt=\"\" class=\"wp-image-1026\" srcset=\"https:\/\/webs.uab.cat\/cal\/wp-content\/uploads\/sites\/211\/2025\/04\/Portada_CA.jpg 628w, https:\/\/webs.uab.cat\/cal\/wp-content\/uploads\/sites\/211\/2025\/04\/Portada_CA-214x300.jpg 214w\" sizes=\"auto, (max-width: 628px) 100vw, 628px\" \/><\/a><\/figure>\n\n\n\n<figure class=\"wp-block-image size-large\"><a href=\"https:\/\/ddd.uab.cat\/pub\/recdoc\/2025\/310184\/Apren_catala_IAiENG.pdf\" target=\"_blank\" rel=\" noreferrer noopener\"><img loading=\"lazy\" decoding=\"async\" width=\"626\" height=\"883\" data-id=\"1025\" src=\"https:\/\/webs.uab.cat\/cal\/wp-content\/uploads\/sites\/211\/2025\/04\/Portada_EN.jpg\" alt=\"\" class=\"wp-image-1025\" srcset=\"https:\/\/webs.uab.cat\/cal\/wp-content\/uploads\/sites\/211\/2025\/04\/Portada_EN.jpg 626w, https:\/\/webs.uab.cat\/cal\/wp-content\/uploads\/sites\/211\/2025\/04\/Portada_EN-213x300.jpg 213w\" sizes=\"auto, (max-width: 626px) 100vw, 626px\" \/><\/a><\/figure>\n\n\n\n<figure class=\"wp-block-image size-large\"><a href=\"https:\/\/ddd.uab.cat\/pub\/recdoc\/2025\/310184\/Apren_catala_IAiSPA.pdf\" target=\"_blank\" rel=\" noreferrer noopener\"><img loading=\"lazy\" decoding=\"async\" width=\"624\" height=\"876\" data-id=\"1027\" src=\"https:\/\/webs.uab.cat\/cal\/wp-content\/uploads\/sites\/211\/2025\/04\/Portada_ES.jpg\" alt=\"\" class=\"wp-image-1027\" srcset=\"https:\/\/webs.uab.cat\/cal\/wp-content\/uploads\/sites\/211\/2025\/04\/Portada_ES.jpg 624w, https:\/\/webs.uab.cat\/cal\/wp-content\/uploads\/sites\/211\/2025\/04\/Portada_ES-214x300.jpg 214w\" sizes=\"auto, (max-width: 624px) 100vw, 624px\" \/><\/a><\/figure>\n<\/figure>\n\n\n\n<p><\/p>\n","protected":false},"excerpt":{"rendered":"<p>A continuaci\u00f3 us presentem un recurs per a l&#8217;aprenentatge del catal\u00e0 per mitj\u00e0 d&#8217;eines d&#8217;intel\u00b7lig\u00e8ncia artificial perqu\u00e8 els estudiants d&#8217;intercanvi aprenguin a conversar en llengua catalana de manera senzilla, aut\u00f2noma i efectiva amb ChatGPT. S\u00e8rie de v\u00eddeos per practicar catal\u00e0 oral conversant amb la IA per a l&#8217;acollida ling\u00fc\u00edstica a les universitats: Apr\u00e8n catal\u00e0 parlant [&hellip;]<\/p>\n","protected":false},"author":246,"featured_media":0,"parent":0,"menu_order":0,"comment_status":"closed","ping_status":"closed","template":"","meta":{"footnotes":""},"class_list":["post-1022","page","type-page","status-publish","hentry"],"_links":{"self":[{"href":"https:\/\/webs.uab.cat\/cal\/wp-json\/wp\/v2\/pages\/1022","targetHints":{"allow":["GET"]}}],"collection":[{"href":"https:\/\/webs.uab.cat\/cal\/wp-json\/wp\/v2\/pages"}],"about":[{"href":"https:\/\/webs.uab.cat\/cal\/wp-json\/wp\/v2\/types\/page"}],"author":[{"embeddable":true,"href":"https:\/\/webs.uab.cat\/cal\/wp-json\/wp\/v2\/users\/246"}],"replies":[{"embeddable":true,"href":"https:\/\/webs.uab.cat\/cal\/wp-json\/wp\/v2\/comments?post=1022"}],"version-history":[{"count":8,"href":"https:\/\/webs.uab.cat\/cal\/wp-json\/wp\/v2\/pages\/1022\/revisions"}],"predecessor-version":[{"id":1890,"href":"https:\/\/webs.uab.cat\/cal\/wp-json\/wp\/v2\/pages\/1022\/revisions\/1890"}],"wp:attachment":[{"href":"https:\/\/webs.uab.cat\/cal\/wp-json\/wp\/v2\/media?parent=1022"}],"curies":[{"name":"wp","href":"https:\/\/api.w.org\/{rel}","templated":true}]}}