{"id":23,"date":"2009-05-08T11:14:38","date_gmt":"2009-05-08T11:14:38","guid":{"rendered":"https:\/\/webs.uab.cat\/cal\/cal\/"},"modified":"2024-09-09T11:16:27","modified_gmt":"2024-09-09T11:16:27","slug":"cal","status":"publish","type":"page","link":"https:\/\/webs.uab.cat\/cal\/","title":{"rendered":"CAL"},"content":{"rendered":"<p><!-- \/Yandex.Metrika counter --><\/p>\n<p><strong>Autonomia en l\u2019aprenentatge de lleng\u00fces<\/strong><\/p>\n<p>El <a href=\"http:\/\/www.uab.cat\/servei-llengues\/\" target=\"_blank\" rel=\"noopener\">Servei de Lleng\u00fces<\/a> promou l\u2019autonomia en l\u2019aprenentatge en tots els seus cursos, que preveuen sempre un nombre d\u2019hores rellevant per al treball aut\u00f2nom. L\u2019autoaprenentatge es resol en espais f\u00edsics o virtuals (blogs, xarxes socials, campus virtuals, entorns personals d\u2019aprenentatge).<\/p>\n<p><strong>Materials a la xarxa<\/strong><br \/>En aquest web aglutinem recursos i materials que elaborem per a tota la comunitat universit\u00e0ria; us convidem a fer-lo servir, segur que hi trobareu material \u00fatil per a les vostres necessitats.<\/p>\n<p>El Servei de Lleng\u00fces posa a la disposici\u00f3 de tots els aprenents una selecci\u00f3 de materials a la xarxa fruit de l\u2019experi\u00e8ncia d\u2019ensenyament i dels criteris de la instituci\u00f3. S\u2019hi pot accedir des del <em>Men\u00fa<\/em> superior (<em>Idiomes<\/em>).<\/p>\n<p><strong>Informaci\u00f3 dels cursos i de les activitats del Servei de Lleng\u00fces <\/strong>(cliqueu la imatge)<\/p>\n\n\n<figure class=\"wp-block-image size-large\"><a href=\"https:\/\/www.uab.cat\/web\/uab-idiomes-campus-1345809593065.html\" target=\"_blank\" rel=\"noreferrer noopener\"><img loading=\"lazy\" decoding=\"async\" width=\"1024\" height=\"472\" src=\"https:\/\/webs.uab.cat\/cal\/wp-content\/uploads\/sites\/211\/2024\/09\/imatge_nova-1024x472.png\" alt=\"Imatge del web del Servei de Lleng\u00fces de la UAB.\" class=\"wp-image-569\" srcset=\"https:\/\/webs.uab.cat\/cal\/wp-content\/uploads\/sites\/211\/2024\/09\/imatge_nova-1024x472.png 1024w, https:\/\/webs.uab.cat\/cal\/wp-content\/uploads\/sites\/211\/2024\/09\/imatge_nova-300x138.png 300w, https:\/\/webs.uab.cat\/cal\/wp-content\/uploads\/sites\/211\/2024\/09\/imatge_nova-768x354.png 768w, https:\/\/webs.uab.cat\/cal\/wp-content\/uploads\/sites\/211\/2024\/09\/imatge_nova-1536x707.png 1536w, https:\/\/webs.uab.cat\/cal\/wp-content\/uploads\/sites\/211\/2024\/09\/imatge_nova-1200x553.png 1200w, https:\/\/webs.uab.cat\/cal\/wp-content\/uploads\/sites\/211\/2024\/09\/imatge_nova.png 1891w\" sizes=\"auto, (max-width: 1024px) 100vw, 1024px\" \/><\/a><\/figure>\n","protected":false},"excerpt":{"rendered":"<p>Autonomia en l\u2019aprenentatge de lleng\u00fces El Servei de Lleng\u00fces promou l\u2019autonomia en l\u2019aprenentatge en tots els seus cursos, que preveuen sempre un nombre d\u2019hores rellevant per al treball aut\u00f2nom. L\u2019autoaprenentatge es resol en espais f\u00edsics o virtuals (blogs, xarxes socials, campus virtuals, entorns personals d\u2019aprenentatge). Materials a la xarxaEn aquest web aglutinem recursos i materials [&hellip;]<\/p>\n","protected":false},"author":20,"featured_media":0,"parent":0,"menu_order":0,"comment_status":"closed","ping_status":"closed","template":"","meta":{"footnotes":""},"class_list":["post-23","page","type-page","status-publish","hentry"],"_links":{"self":[{"href":"https:\/\/webs.uab.cat\/cal\/wp-json\/wp\/v2\/pages\/23","targetHints":{"allow":["GET"]}}],"collection":[{"href":"https:\/\/webs.uab.cat\/cal\/wp-json\/wp\/v2\/pages"}],"about":[{"href":"https:\/\/webs.uab.cat\/cal\/wp-json\/wp\/v2\/types\/page"}],"author":[{"embeddable":true,"href":"https:\/\/webs.uab.cat\/cal\/wp-json\/wp\/v2\/users\/20"}],"replies":[{"embeddable":true,"href":"https:\/\/webs.uab.cat\/cal\/wp-json\/wp\/v2\/comments?post=23"}],"version-history":[{"count":10,"href":"https:\/\/webs.uab.cat\/cal\/wp-json\/wp\/v2\/pages\/23\/revisions"}],"predecessor-version":[{"id":571,"href":"https:\/\/webs.uab.cat\/cal\/wp-json\/wp\/v2\/pages\/23\/revisions\/571"}],"wp:attachment":[{"href":"https:\/\/webs.uab.cat\/cal\/wp-json\/wp\/v2\/media?parent=23"}],"curies":[{"name":"wp","href":"https:\/\/api.w.org\/{rel}","templated":true}]}}