{"id":26,"date":"2012-03-08T16:11:47","date_gmt":"2012-03-08T16:11:47","guid":{"rendered":"https:\/\/webs.uab.cat\/cal\/catala\/"},"modified":"2024-01-25T12:12:55","modified_gmt":"2024-01-25T12:12:55","slug":"catala","status":"publish","type":"page","link":"https:\/\/webs.uab.cat\/cal\/catala\/","title":{"rendered":"Catal\u00e0"},"content":{"rendered":"<p><strong>RECURSOS DESTACATS<\/strong><br \/>A continuaci\u00f3 destaquem sis recursos \u00fatils per a tots els nivells de llengua catalana:<\/p>\n\n\n<figure class=\"wp-block-table\"><table><tbody><tr><td><a rel=\"noreferrer noopener\" href=\"http:\/\/dlc.iec.cat\/\" target=\"_blank\">Diccionari<\/a><br>Diccionari normatiu de la llengua catalana.<\/td><td><a rel=\"noreferrer noopener\" href=\"https:\/\/www.diccionaris.cat\/diccionari\/sinonims\/content\" target=\"_blank\">Diccionari de sin\u00f2nims<\/a><br>Diccionari de sin\u00f2nims que incorpora diccionaris biling\u00fces.<\/td><\/tr><tr><td><a rel=\"noreferrer noopener\" href=\"http:\/\/www.ub.edu\/sonscatala\/\" target=\"_blank\">Fon\u00e8tica<\/a><br>Cont\u00e9 els s\u00edmbols fon\u00e8tics corresponents als sons voc\u00e0lics i conson\u00e0ntics, una descripci\u00f3 de les caracter\u00edstiques articulat\u00f2ries del so, quins \u00f2rgans intervenen en la producci\u00f3 del so i de quina manera ho fan i arxius d\u2019\u00e0udio i de v\u00eddeo.<\/td><td><a rel=\"noreferrer noopener\" href=\"http:\/\/www.catradio.cat\/\" target=\"_blank\">Materials d&#8217;\u00e0udio<\/a><br>Portal de les quatre emissores de r\u00e0dio de la Corporaci\u00f3 Catalana de Mitjans Audiovisuals.<\/td><\/tr><tr><td><a rel=\"noreferrer noopener\" href=\"http:\/\/www.parla.cat\/pres_catalaenlinia\/AppPHP\/login\/index.php\" target=\"_blank\">Material virtual de diversos nivells<\/a><br>Parla.cat \u00e9s un espai virtual d\u2019aprenentatge que posa a l\u2019abast materials did\u00e0ctics per aprendre la llengua catalana (\u00e9s necessari registrar-s&#8217;hi).<\/td><td><a href=\"https:\/\/llengua.gencat.cat\/ca\/serveis\/aprendre_catala\/a-catalunya\/aprendre-jugant\/\">Aprendre jugant<\/a><br>Jocs de paraules, endevinalles, jerogl\u00edfics i molts m\u00e9s passatemps per divertir-te mentre millores el teu catal\u00e0.<\/td><\/tr><\/tbody><\/table><\/figure>\n","protected":false},"excerpt":{"rendered":"<p>RECURSOS DESTACATSA continuaci\u00f3 destaquem sis recursos \u00fatils per a tots els nivells de llengua catalana: DiccionariDiccionari normatiu de la llengua catalana. Diccionari de sin\u00f2nimsDiccionari de sin\u00f2nims que incorpora diccionaris biling\u00fces. Fon\u00e8ticaCont\u00e9 els s\u00edmbols fon\u00e8tics corresponents als sons voc\u00e0lics i conson\u00e0ntics, una descripci\u00f3 de les caracter\u00edstiques articulat\u00f2ries del so, quins \u00f2rgans intervenen en la producci\u00f3 del [&hellip;]<\/p>\n","protected":false},"author":20,"featured_media":0,"parent":0,"menu_order":0,"comment_status":"closed","ping_status":"closed","template":"","meta":{"footnotes":""},"class_list":["post-26","page","type-page","status-publish","hentry"],"_links":{"self":[{"href":"https:\/\/webs.uab.cat\/cal\/wp-json\/wp\/v2\/pages\/26","targetHints":{"allow":["GET"]}}],"collection":[{"href":"https:\/\/webs.uab.cat\/cal\/wp-json\/wp\/v2\/pages"}],"about":[{"href":"https:\/\/webs.uab.cat\/cal\/wp-json\/wp\/v2\/types\/page"}],"author":[{"embeddable":true,"href":"https:\/\/webs.uab.cat\/cal\/wp-json\/wp\/v2\/users\/20"}],"replies":[{"embeddable":true,"href":"https:\/\/webs.uab.cat\/cal\/wp-json\/wp\/v2\/comments?post=26"}],"version-history":[{"count":1,"href":"https:\/\/webs.uab.cat\/cal\/wp-json\/wp\/v2\/pages\/26\/revisions"}],"predecessor-version":[{"id":543,"href":"https:\/\/webs.uab.cat\/cal\/wp-json\/wp\/v2\/pages\/26\/revisions\/543"}],"wp:attachment":[{"href":"https:\/\/webs.uab.cat\/cal\/wp-json\/wp\/v2\/media?parent=26"}],"curies":[{"name":"wp","href":"https:\/\/api.w.org\/{rel}","templated":true}]}}