{"id":27,"date":"2012-03-08T16:12:40","date_gmt":"2012-03-08T16:12:40","guid":{"rendered":"https:\/\/webs.uab.cat\/cal\/espanyol\/"},"modified":"2024-01-25T12:19:37","modified_gmt":"2024-01-25T12:19:37","slug":"espanyol","status":"publish","type":"page","link":"https:\/\/webs.uab.cat\/cal\/espanyol\/","title":{"rendered":"Espanyol"},"content":{"rendered":"<p><strong>RECURSOS DESTACATS<\/strong><br \/>A continuaci\u00f3 destaquem sis recursos \u00fatils per a tots els nivells d\u2019espanyol:<\/p>\n\n\n<figure class=\"wp-block-table\"><table><tbody><tr><td><a href=\"https:\/\/dle.rae.es\/\">Diccionario<\/a><br>Versi\u00f3n en l\u00ednea del diccionario de la Real Academia de la Lengua Espa\u00f1ola.<\/td><td><a rel=\"noreferrer noopener\" href=\"http:\/\/www.wordreference.com\/sinonimos\/\" target=\"_blank\">Diccionario de sin\u00f3nimos<\/a><br>Basado en el Diccionario de sin\u00f3nimos y ant\u00f3nimos (Espasa Calpe, 2005).<\/td><\/tr><tr><td><a rel=\"noreferrer noopener\" href=\"http:\/\/soundsofspeech.uiowa.edu\/spanish\/spanish.html\" target=\"_blank\">Fon\u00e9tica<\/a><br>Contiene animaciones de los fonemas, audios y v\u00eddeos. Incorpora diferentes variantes de la lengua.<\/td><td><a rel=\"noreferrer noopener\" href=\"http:\/\/cvc.cervantes.es\/ensenanza\/ese\/\" target=\"_blank\">Materiales de audio<\/a><br>Secci\u00f3n del Centro Virtual Cervantes. Contiene podcasts descargables, transcripci\u00f3n de los audios y actividades interactivas.<\/td><\/tr><tr><td><a rel=\"noreferrer noopener\" href=\"http:\/\/cvc.cervantes.es\/ensenanza\/actividades_ave\/aveteca.htm\" target=\"_blank\">Material virtual de varios niveles<\/a><br>Actividades del Aula Virtual de Espa\u00f1ol (del Centro Virtual Cervantes) clasificadas por niveles (del A1 al C1).<\/td><td><a rel=\"noreferrer noopener\" href=\"http:\/\/www.vicentellop.com\/apuntes_gramatica\/apuntes.htm\" target=\"_blank\">Gram\u00e1tica<\/a><br>Apuntes de gram\u00e1tica en 10 temas con ejercicios de refuerzo.<\/td><\/tr><\/tbody><\/table><\/figure>\n","protected":false},"excerpt":{"rendered":"<p>RECURSOS DESTACATSA continuaci\u00f3 destaquem sis recursos \u00fatils per a tots els nivells d\u2019espanyol: DiccionarioVersi\u00f3n en l\u00ednea del diccionario de la Real Academia de la Lengua Espa\u00f1ola. Diccionario de sin\u00f3nimosBasado en el Diccionario de sin\u00f3nimos y ant\u00f3nimos (Espasa Calpe, 2005). Fon\u00e9ticaContiene animaciones de los fonemas, audios y v\u00eddeos. Incorpora diferentes variantes de la lengua. Materiales de [&hellip;]<\/p>\n","protected":false},"author":20,"featured_media":0,"parent":0,"menu_order":0,"comment_status":"closed","ping_status":"closed","template":"","meta":{"footnotes":""},"class_list":["post-27","page","type-page","status-publish","hentry"],"_links":{"self":[{"href":"https:\/\/webs.uab.cat\/cal\/wp-json\/wp\/v2\/pages\/27","targetHints":{"allow":["GET"]}}],"collection":[{"href":"https:\/\/webs.uab.cat\/cal\/wp-json\/wp\/v2\/pages"}],"about":[{"href":"https:\/\/webs.uab.cat\/cal\/wp-json\/wp\/v2\/types\/page"}],"author":[{"embeddable":true,"href":"https:\/\/webs.uab.cat\/cal\/wp-json\/wp\/v2\/users\/20"}],"replies":[{"embeddable":true,"href":"https:\/\/webs.uab.cat\/cal\/wp-json\/wp\/v2\/comments?post=27"}],"version-history":[{"count":3,"href":"https:\/\/webs.uab.cat\/cal\/wp-json\/wp\/v2\/pages\/27\/revisions"}],"predecessor-version":[{"id":547,"href":"https:\/\/webs.uab.cat\/cal\/wp-json\/wp\/v2\/pages\/27\/revisions\/547"}],"wp:attachment":[{"href":"https:\/\/webs.uab.cat\/cal\/wp-json\/wp\/v2\/media?parent=27"}],"curies":[{"name":"wp","href":"https:\/\/api.w.org\/{rel}","templated":true}]}}