{"id":28,"date":"2012-03-08T16:13:18","date_gmt":"2012-03-08T16:13:18","guid":{"rendered":"https:\/\/webs.uab.cat\/cal\/frances\/"},"modified":"2024-01-25T12:42:09","modified_gmt":"2024-01-25T12:42:09","slug":"frances","status":"publish","type":"page","link":"https:\/\/webs.uab.cat\/cal\/frances\/","title":{"rendered":"Franc\u00e8s"},"content":{"rendered":"<p><strong>RECURSOS DESTACATS<\/strong><br>A continuaci\u00f3 destaquem set recursos \u00fatils per a tots els nivells de franc\u00e8s:<\/p>\n\n\n<figure class=\"wp-block-table\"><table><tbody><tr><td><a rel=\"noreferrer noopener\" href=\"https:\/\/www.larousse.fr\/dictionnaires\/francais-monolingue\/\" target=\"_blank\">Dictionnaires<\/a><br>Ce dictionnaire permet de consulter un dictionnaire de fran\u00e7ais, un dictionnaire des synonymes et contraires, un dictionnaire des expressions et un dictionnaire des homonymes.<\/td><td><a rel=\"noreferrer noopener\" href=\"https:\/\/www.lepointdufle.net\/p\/phonetique.htm\" target=\"_blank\">Phon\u00e9tique<\/a><br>Dans les pages de ce site vous trouverez des pr\u00e9sentations sonores (de l\u2019alphabet fran\u00e7ais et de l\u2019alphabet phon\u00e9tique international) ainsi que des exercices de discrimination et des jeux pour vous aider \u00e0 appr\u00e9hender les nouveaux sons et rythmes du fran\u00e7ais.<\/td><\/tr><tr><td><a rel=\"noreferrer noopener\" href=\"http:\/\/leconjugueur.lefigaro.fr\/\" target=\"_blank\">Conjugueur de verbs<\/a><br>Pour conjuguer correctement les verbes.<\/td><td><a rel=\"noreferrer noopener\" href=\"http:\/\/www.tv5.org\/TV5Site\/7-jours\/\" target=\"_blank\">Audio<\/a><br>Cette page permet d\u2019apprendre le fran\u00e7ais avec l\u2019actualit\u00e9. Ce sont des exercices en ligne, renouvel\u00e9s tous les 15 jours. Chaque document est accompagn\u00e9 d\u2019une transcription, d\u2019un r\u00e9sum\u00e9 et de 3 fiches d\u2019activit\u00e9s pour les niveaux A2, B1, B2.<\/td><\/tr><tr><td><a href=\"https:\/\/www.acapela-group.com\/fr\/demos\/\">Convertisseur texte-vue<\/a><br>Synth\u00e8se vocale (entrer une phrase et \u00e9couter la prononciation).<\/td><td><a href=\"http:\/\/www.lepointdufle.net\/\">Mat\u00e9riel virtuel multi-niveaux<\/a><br>Site qui fait\u00a0le point sur les meilleures ressources de fran\u00e7ais disponibles gratuitement sur l\u2019Internet.<\/td><\/tr><\/tbody><\/table><\/figure>\n","protected":false},"excerpt":{"rendered":"<p>RECURSOS DESTACATSA continuaci\u00f3 destaquem set recursos \u00fatils per a tots els nivells de franc\u00e8s: DictionnairesCe dictionnaire permet de consulter un dictionnaire de fran\u00e7ais, un dictionnaire des synonymes et contraires, un dictionnaire des expressions et un dictionnaire des homonymes. Phon\u00e9tiqueDans les pages de ce site vous trouverez des pr\u00e9sentations sonores (de l\u2019alphabet fran\u00e7ais et de l\u2019alphabet [&hellip;]<\/p>\n","protected":false},"author":20,"featured_media":0,"parent":0,"menu_order":0,"comment_status":"closed","ping_status":"closed","template":"","meta":{"footnotes":""},"class_list":["post-28","page","type-page","status-publish","hentry"],"_links":{"self":[{"href":"https:\/\/webs.uab.cat\/cal\/wp-json\/wp\/v2\/pages\/28","targetHints":{"allow":["GET"]}}],"collection":[{"href":"https:\/\/webs.uab.cat\/cal\/wp-json\/wp\/v2\/pages"}],"about":[{"href":"https:\/\/webs.uab.cat\/cal\/wp-json\/wp\/v2\/types\/page"}],"author":[{"embeddable":true,"href":"https:\/\/webs.uab.cat\/cal\/wp-json\/wp\/v2\/users\/20"}],"replies":[{"embeddable":true,"href":"https:\/\/webs.uab.cat\/cal\/wp-json\/wp\/v2\/comments?post=28"}],"version-history":[{"count":3,"href":"https:\/\/webs.uab.cat\/cal\/wp-json\/wp\/v2\/pages\/28\/revisions"}],"predecessor-version":[{"id":555,"href":"https:\/\/webs.uab.cat\/cal\/wp-json\/wp\/v2\/pages\/28\/revisions\/555"}],"wp:attachment":[{"href":"https:\/\/webs.uab.cat\/cal\/wp-json\/wp\/v2\/media?parent=28"}],"curies":[{"name":"wp","href":"https:\/\/api.w.org\/{rel}","templated":true}]}}