{"id":456,"date":"2023-09-28T10:57:35","date_gmt":"2023-09-28T10:57:35","guid":{"rendered":"https:\/\/webs.uab.cat\/cal\/?page_id=456"},"modified":"2023-09-28T11:02:27","modified_gmt":"2023-09-28T11:02:27","slug":"llengua-oral","status":"publish","type":"page","link":"https:\/\/webs.uab.cat\/cal\/llengua-oral\/","title":{"rendered":"Llengua oral"},"content":{"rendered":"\n<p>A continuaci\u00f3 trobareu material de suport a l\u2019autoaprenentatge de la llengua oral, orientat a les necessitats dels estudiants universitaris.<\/p>\n\n\n\n<p>Orientaci\u00f3 sobre les fases del proc\u00e9s d\u2019elaboraci\u00f3 d\u2019una presentaci\u00f3 oral argumentativa (la invenci\u00f3, la disposici\u00f3, l\u2019elocuci\u00f3, la mem\u00f2ria i l\u2019execuci\u00f3):<\/p>\n\n\n\n<p id=\"llengua_oral\">Fase 1: <a rel=\"noopener\" href=\"https:\/\/webs.uab.cat\/cal\/wp-content\/uploads\/sites\/211\/2023\/06\/0_Guia_oral_exordium.pdf\" target=\"_blank\">l&#8217;exordi<\/a><br>Fase 2: <a rel=\"noopener\" href=\"https:\/\/webs.uab.cat\/cal\/wp-content\/uploads\/sites\/211\/2023\/06\/1_Guia_oral_inventio.pdf\" target=\"_blank\">la invenci\u00f3<\/a> (<a rel=\"noopener\" href=\"https:\/\/webs.uab.cat\/cal\/wp-content\/uploads\/sites\/211\/2023\/06\/2_Guia_oral_inventione_exercitatio.pdf\" target=\"_blank\">practica la invenci\u00f3<\/a>)<br>Fase 3: <a rel=\"noopener\" href=\"https:\/\/webs.uab.cat\/cal\/wp-content\/uploads\/sites\/211\/2023\/06\/3_Guia_oral_dispositio.pdf\" target=\"_blank\">la disposici\u00f3<\/a> (<a rel=\"noopener\" href=\"https:\/\/webs.uab.cat\/cal\/wp-content\/uploads\/sites\/211\/2023\/06\/4_Guia_oral_dispositione_exercitatio.pdf\" target=\"_blank\">practica la disposici\u00f3<\/a>)<br>Fase 4: <a rel=\"noopener\" href=\"https:\/\/webs.uab.cat\/cal\/wp-content\/uploads\/sites\/211\/2023\/06\/5_Guia_oral_elocutio.pdf\" target=\"_blank\">l&#8217;elocuci\u00f3<\/a> (<a rel=\"noopener\" href=\"https:\/\/webs.uab.cat\/cal\/wp-content\/uploads\/sites\/211\/2023\/06\/6_Guia_oral_elocutione_exercitatio.pdf\" target=\"_blank\">practica l&#8217;elocuci\u00f3<\/a>)<br>Fase 5: <a rel=\"noopener\" href=\"https:\/\/webs.uab.cat\/cal\/wp-content\/uploads\/sites\/211\/2023\/06\/7_Guia_oral_memoria.pdf\" target=\"_blank\">la mem\u00f2ria<\/a> (<a rel=\"noopener\" href=\"https:\/\/webs.uab.cat\/cal\/wp-content\/uploads\/sites\/211\/2023\/06\/8_Guia_oral_memoria_exercitatio.pdf\" target=\"_blank\">practica la mem\u00f2ria<\/a>)<br>Fase 6: <a rel=\"noopener\" href=\"https:\/\/webs.uab.cat\/cal\/wp-content\/uploads\/sites\/211\/2023\/06\/9_Guia_oral_actio.pdf\" target=\"_blank\">l&#8217;acci\u00f3<\/a> (<a rel=\"noopener\" href=\"https:\/\/webs.uab.cat\/cal\/wp-content\/uploads\/sites\/211\/2023\/06\/10_Guia_oral_actione_exercitatio.pdf\" target=\"_blank\">practica l&#8217;acci\u00f3<\/a>)<\/p>\n\n\n\n<p><br>Comentari (en format \u00e0udio) d\u2019aspectes cr\u00edtics en la producci\u00f3 d\u2019una exposici\u00f3 oral (gesti\u00f3 de la repetici\u00f3, control de la modalitzaci\u00f3, control de la cortesia, control de la comunicaci\u00f3 no verbal, relaci\u00f3 entre els suports escrits utilitzats i la llengua oral, progressi\u00f3 tem\u00e0tica, efectes ret\u00f2rics, etc.) amb mostres il\u00b7lustratives dels aspectes indicats.<\/p>\n\n\n\n<p>La repetici\u00f3:<\/p>\n\n\n\n<figure class=\"wp-block-audio\"><audio controls src=\"https:\/\/webs.uab.cat\/cal\/wp-content\/uploads\/sites\/211\/2023\/09\/Fitxer_01_repeticio.mp3\"><\/audio><\/figure>\n\n\n\n<p>Els contrastos:<\/p>\n\n\n\n<figure class=\"wp-block-audio\"><audio controls src=\"https:\/\/webs.uab.cat\/cal\/wp-content\/uploads\/sites\/211\/2023\/09\/Fitxer_02_constrastos.mp3\"><\/audio><\/figure>\n\n\n\n<p>Les met\u00e0fores i les analogies:<\/p>\n\n\n\n<figure class=\"wp-block-audio\"><audio controls src=\"https:\/\/webs.uab.cat\/cal\/wp-content\/uploads\/sites\/211\/2023\/09\/Fitxer_03_metafores.mp3\"><\/audio><\/figure>\n\n\n\n<p>Les enumeracions i les llistes de tres:<\/p>\n\n\n\n<figure class=\"wp-block-audio\"><audio controls src=\"https:\/\/webs.uab.cat\/cal\/wp-content\/uploads\/sites\/211\/2023\/09\/Fitxer_04_enumeracions.mp3\"><\/audio><\/figure>\n\n\n\n<p>L&#8217;anacolut<\/p>\n\n\n\n<figure class=\"wp-block-audio\"><audio controls src=\"https:\/\/webs.uab.cat\/cal\/wp-content\/uploads\/sites\/211\/2023\/09\/Fitxer_05_anacolut.mp3\"><\/audio><\/figure>\n\n\n\n<p>La cortesia<\/p>\n\n\n\n<figure class=\"wp-block-audio\"><audio controls src=\"https:\/\/webs.uab.cat\/cal\/wp-content\/uploads\/sites\/211\/2023\/09\/Fitxer_06_cortesia.mp3\"><\/audio><\/figure>\n\n\n\n<p>La relaci\u00f3 entre el suport escrit i la llengua oral<\/p>\n\n\n\n<figure class=\"wp-block-audio\"><audio controls src=\"https:\/\/webs.uab.cat\/cal\/wp-content\/uploads\/sites\/211\/2023\/09\/Fitxer_07_suportescrit.mp3\"><\/audio><\/figure>\n\n\n\n<p>Les fal\u00b7l\u00e0cies<\/p>\n\n\n\n<figure class=\"wp-block-audio\"><audio controls src=\"https:\/\/webs.uab.cat\/cal\/wp-content\/uploads\/sites\/211\/2023\/09\/Fitxer_08_fallacies.mp3\"><\/audio><\/figure>\n\n\n\n<p>Dixi discursiva<\/p>\n\n\n\n<figure class=\"wp-block-audio\"><audio controls src=\"https:\/\/webs.uab.cat\/cal\/wp-content\/uploads\/sites\/211\/2023\/09\/Fitxer_09_dixi.mp3\"><\/audio><\/figure>\n\n\n\n<p>Els mitjans de suport<\/p>\n\n\n\n<figure class=\"wp-block-audio\"><audio controls src=\"https:\/\/webs.uab.cat\/cal\/wp-content\/uploads\/sites\/211\/2023\/09\/Fitxer_10_suport.mp3\"><\/audio><\/figure>\n\n\n\n<p>El torn de preguntes<\/p>\n\n\n\n<figure class=\"wp-block-audio\"><audio controls src=\"https:\/\/webs.uab.cat\/cal\/wp-content\/uploads\/sites\/211\/2023\/09\/Fitxer_11_preguntes.mp3\"><\/audio><\/figure>\n\n\n\n<p>L&#8217;autoritat<\/p>\n\n\n\n<figure class=\"wp-block-audio\"><audio controls src=\"https:\/\/webs.uab.cat\/cal\/wp-content\/uploads\/sites\/211\/2023\/09\/Fitxer_12_autoritat.mp3\"><\/audio><\/figure>\n\n\n\n<p>Les causes<\/p>\n\n\n\n<figure class=\"wp-block-audio\"><audio controls src=\"https:\/\/webs.uab.cat\/cal\/wp-content\/uploads\/sites\/211\/2023\/09\/Fitxer_13_causes.mp3\"><\/audio><\/figure>\n\n\n\n<p>Els exemples<\/p>\n\n\n\n<figure class=\"wp-block-audio\"><audio controls src=\"https:\/\/webs.uab.cat\/cal\/wp-content\/uploads\/sites\/211\/2023\/09\/Fitxer_14_exemples.mp3\"><\/audio><\/figure>\n\n\n\n<p>El nerviosisme<\/p>\n\n\n\n<figure class=\"wp-block-audio\"><audio controls src=\"https:\/\/webs.uab.cat\/cal\/wp-content\/uploads\/sites\/211\/2023\/09\/Fitxer_15_nerviosisme.mp3\"><\/audio><\/figure>\n\n\n\n<p>L&#8217;humor<\/p>\n\n\n\n<figure class=\"wp-block-audio\"><audio controls src=\"https:\/\/webs.uab.cat\/cal\/wp-content\/uploads\/sites\/211\/2023\/09\/Fitxer_16_humor.mp3\"><\/audio><\/figure>\n\n\n\n<p>La introducci\u00f3<\/p>\n\n\n\n<figure class=\"wp-block-audio\"><audio controls src=\"https:\/\/webs.uab.cat\/cal\/wp-content\/uploads\/sites\/211\/2023\/09\/Fitxer_17_introduccio.mp3\"><\/audio><\/figure>\n\n\n\n<p>La conclusi\u00f3<\/p>\n\n\n\n<figure class=\"wp-block-audio\"><audio controls src=\"https:\/\/webs.uab.cat\/cal\/wp-content\/uploads\/sites\/211\/2023\/09\/Fitxer_18_conclusio.mp3\"><\/audio><\/figure>\n\n\n\n<p>El model de llengua<\/p>\n\n\n\n<figure class=\"wp-block-audio\"><audio controls src=\"https:\/\/webs.uab.cat\/cal\/wp-content\/uploads\/sites\/211\/2023\/09\/Fitxer_19_modelllengua.mp3\"><\/audio><\/figure>\n","protected":false},"excerpt":{"rendered":"<p>A continuaci\u00f3 trobareu material de suport a l\u2019autoaprenentatge de la llengua oral, orientat a les necessitats dels estudiants universitaris. Orientaci\u00f3 sobre les fases del proc\u00e9s d\u2019elaboraci\u00f3 d\u2019una presentaci\u00f3 oral argumentativa (la invenci\u00f3, la disposici\u00f3, l\u2019elocuci\u00f3, la mem\u00f2ria i l\u2019execuci\u00f3): Fase 1: l&#8217;exordiFase 2: la invenci\u00f3 (practica la invenci\u00f3)Fase 3: la disposici\u00f3 (practica la disposici\u00f3)Fase 4: [&hellip;]<\/p>\n","protected":false},"author":246,"featured_media":0,"parent":0,"menu_order":0,"comment_status":"closed","ping_status":"closed","template":"","meta":{"footnotes":""},"class_list":["post-456","page","type-page","status-publish","hentry"],"_links":{"self":[{"href":"https:\/\/webs.uab.cat\/cal\/wp-json\/wp\/v2\/pages\/456","targetHints":{"allow":["GET"]}}],"collection":[{"href":"https:\/\/webs.uab.cat\/cal\/wp-json\/wp\/v2\/pages"}],"about":[{"href":"https:\/\/webs.uab.cat\/cal\/wp-json\/wp\/v2\/types\/page"}],"author":[{"embeddable":true,"href":"https:\/\/webs.uab.cat\/cal\/wp-json\/wp\/v2\/users\/246"}],"replies":[{"embeddable":true,"href":"https:\/\/webs.uab.cat\/cal\/wp-json\/wp\/v2\/comments?post=456"}],"version-history":[{"count":2,"href":"https:\/\/webs.uab.cat\/cal\/wp-json\/wp\/v2\/pages\/456\/revisions"}],"predecessor-version":[{"id":459,"href":"https:\/\/webs.uab.cat\/cal\/wp-json\/wp\/v2\/pages\/456\/revisions\/459"}],"wp:attachment":[{"href":"https:\/\/webs.uab.cat\/cal\/wp-json\/wp\/v2\/media?parent=456"}],"curies":[{"name":"wp","href":"https:\/\/api.w.org\/{rel}","templated":true}]}}