{"id":47,"date":"2013-03-12T13:15:57","date_gmt":"2013-03-12T13:15:57","guid":{"rendered":"https:\/\/webs.uab.cat\/cal\/idiomes\/"},"modified":"2024-01-25T13:06:03","modified_gmt":"2024-01-25T13:06:03","slug":"idiomes","status":"publish","type":"page","link":"https:\/\/webs.uab.cat\/cal\/idiomes\/","title":{"rendered":"Idiomes"},"content":{"rendered":"\n<p><\/p>\n\n\n\n<p>El <strong>Centre d\u2019Autoaprenentatge de Lleng\u00fces<\/strong> posa a la vostra disposici\u00f3 un conjunt de recursos que faciliten l\u2019aprenentatge de les diverses lleng\u00fces que s&#8217;ensenyen al Servei de Lleng\u00fces. Cliqueu la llengua que us interessi i accedireu als recursos destacats. <\/p>\n\n\n\n<p><a href=\"https:\/\/webs.uab.cat\/cal\/alemany\/\" data-type=\"page\" data-id=\"24\" target=\"_blank\" rel=\"noreferrer noopener\">Alemany<\/a><\/p>\n\n\n\n<p><a href=\"https:\/\/webs.uab.cat\/cal\/angles\/\" data-type=\"page\" data-id=\"25\" target=\"_blank\" rel=\"noreferrer noopener\">Angl\u00e8s<\/a><\/p>\n\n\n\n<p><a href=\"https:\/\/webs.uab.cat\/cal\/catala\/\" data-type=\"page\" data-id=\"26\" target=\"_blank\" rel=\"noreferrer noopener\">Catal\u00e0<\/a><\/p>\n\n\n\n<p><a href=\"https:\/\/webs.uab.cat\/cal\/espanyol\/\" data-type=\"page\" data-id=\"27\" target=\"_blank\" rel=\"noreferrer noopener\">Espanyol<\/a><\/p>\n\n\n\n<p><a href=\"https:\/\/webs.uab.cat\/cal\/frances\/\" data-type=\"page\" data-id=\"28\" target=\"_blank\" rel=\"noreferrer noopener\">Franc\u00e8s<\/a><\/p>\n\n\n\n<p><a href=\"https:\/\/webs.uab.cat\/cal\/italia\/\" data-type=\"page\" data-id=\"29\" target=\"_blank\" rel=\"noreferrer noopener\">Itali\u00e0<\/a><\/p>\n","protected":false},"excerpt":{"rendered":"<p>El Centre d\u2019Autoaprenentatge de Lleng\u00fces posa a la vostra disposici\u00f3 un conjunt de recursos que faciliten l\u2019aprenentatge de les diverses lleng\u00fces que s&#8217;ensenyen al Servei de Lleng\u00fces. Cliqueu la llengua que us interessi i accedireu als recursos destacats. Alemany Angl\u00e8s Catal\u00e0 Espanyol Franc\u00e8s Itali\u00e0<\/p>\n","protected":false},"author":20,"featured_media":0,"parent":0,"menu_order":0,"comment_status":"closed","ping_status":"closed","template":"","meta":{"footnotes":""},"class_list":["post-47","page","type-page","status-publish","hentry"],"_links":{"self":[{"href":"https:\/\/webs.uab.cat\/cal\/wp-json\/wp\/v2\/pages\/47","targetHints":{"allow":["GET"]}}],"collection":[{"href":"https:\/\/webs.uab.cat\/cal\/wp-json\/wp\/v2\/pages"}],"about":[{"href":"https:\/\/webs.uab.cat\/cal\/wp-json\/wp\/v2\/types\/page"}],"author":[{"embeddable":true,"href":"https:\/\/webs.uab.cat\/cal\/wp-json\/wp\/v2\/users\/20"}],"replies":[{"embeddable":true,"href":"https:\/\/webs.uab.cat\/cal\/wp-json\/wp\/v2\/comments?post=47"}],"version-history":[{"count":2,"href":"https:\/\/webs.uab.cat\/cal\/wp-json\/wp\/v2\/pages\/47\/revisions"}],"predecessor-version":[{"id":558,"href":"https:\/\/webs.uab.cat\/cal\/wp-json\/wp\/v2\/pages\/47\/revisions\/558"}],"wp:attachment":[{"href":"https:\/\/webs.uab.cat\/cal\/wp-json\/wp\/v2\/media?parent=47"}],"curies":[{"name":"wp","href":"https:\/\/api.w.org\/{rel}","templated":true}]}}