{"id":94,"date":"2014-06-10T15:47:26","date_gmt":"2014-06-10T15:47:26","guid":{"rendered":"https:\/\/webs.uab.cat\/cal\/cursos-virtuals\/"},"modified":"2025-11-24T11:32:49","modified_gmt":"2025-11-24T11:32:49","slug":"cursos-virtuals","status":"publish","type":"page","link":"https:\/\/webs.uab.cat\/cal\/cursos-virtuals\/","title":{"rendered":"Cursos virtuals"},"content":{"rendered":"\n<p>Durant el curs 2025-2026&nbsp;el Servei de Lleng\u00fces continua oferint la possibilitat d\u2019aprendre diverses lleng\u00fces de manera virtual mitjan\u00e7ant dues plataformes. A continuaci\u00f3 t\u2019ho expliquem:<\/p>\n\n\n\n<div class=\"wp-block-media-text is-stacked-on-mobile is-vertically-aligned-top\" style=\"grid-template-columns:28% auto\"><figure class=\"wp-block-media-text__media\"><img loading=\"lazy\" decoding=\"async\" width=\"321\" height=\"100\" src=\"https:\/\/webs.uab.cat\/cal\/wp-content\/uploads\/sites\/211\/2014\/06\/dexway_img_0.png\" alt=\"Dexway image\" class=\"wp-image-92 size-full\" srcset=\"https:\/\/webs.uab.cat\/cal\/wp-content\/uploads\/sites\/211\/2014\/06\/dexway_img_0.png 321w, https:\/\/webs.uab.cat\/cal\/wp-content\/uploads\/sites\/211\/2014\/06\/dexway_img_0-300x93.png 300w\" sizes=\"auto, (max-width: 321px) 100vw, 321px\" \/><\/figure><div class=\"wp-block-media-text__content\">\n<h2 class=\"wp-block-heading has-large-font-size\"><p><strong>Lleng\u00fces a Dist\u00e0ncia amb Dexway<\/strong><\/p><\/h2>\n\n\n\n<p class=\"has-small-font-size\">Podr\u00e0s aprendre les lleng\u00fces seg\u00fcents:&nbsp;<strong>alemany<\/strong>&nbsp;(del nivell A1 al C1 del MECR),&nbsp;<strong>angl\u00e8s<\/strong>&nbsp;(del nivell A1 al C1),&nbsp;<strong>espanyol<\/strong>&nbsp;(del nivell A1 al C1),&nbsp;<strong>franc\u00e8s<\/strong>&nbsp;(del nivell A1 al C1),&nbsp;<strong>portugu\u00e8s<\/strong>&nbsp;del Brasil (nivells A1 i A2),&nbsp;<strong>itali\u00e0<\/strong>&nbsp;(nivells A1 i A2) i&nbsp;<strong>rus<\/strong>&nbsp;(nivells A1 i A2). Les hores de dedicaci\u00f3 s\u00f3n les seg\u00fcents:<br>&#8211; els nivells A1 i A2 estan dividits en dos cursos cadascun, de 40-50 hores (80-100 hores per nivell).<br>&#8211; els nivells B1, B2 i C1 estan dividits en tres cursos cadascun, de 40-50 hores (120-150 hores per nivell).<\/p>\n\n\n\n<p class=\"has-small-font-size\">El Servei de Lleng\u00fces ofereix llic\u00e8ncies d&#8217;\u00fas lliure (sense tutoritzaci\u00f3 i sense avaluaci\u00f3) de<strong>&nbsp;dotze mesos<\/strong>&nbsp;<strong>de durada<\/strong>&nbsp;des del moment de formalitzaci\u00f3 de la matr\u00edcula.<\/p>\n<\/div><\/div>\n\n\n\n<div class=\"wp-block-media-text is-stacked-on-mobile is-vertically-aligned-top\" style=\"grid-template-columns:27% auto\"><figure class=\"wp-block-media-text__media\"><img loading=\"lazy\" decoding=\"async\" width=\"283\" height=\"63\" src=\"https:\/\/webs.uab.cat\/cal\/wp-content\/uploads\/sites\/211\/2014\/06\/parla.cat_.jpg\" alt=\"Parla\" class=\"wp-image-93 size-full\" \/><\/figure><div class=\"wp-block-media-text__content\">\n<h2 class=\"wp-block-heading\"><strong><strong>Catal\u00e0 a Dist\u00e0ncia amb Parla.cat<\/strong><\/strong><\/h2>\n\n\n\n<p class=\"has-small-font-size\">La plataforma ofereix una proposta formativa que s\u2019organitza en quatre nivells d\u2019aprenentatge: b\u00e0sic (A2), elemental (B1), intermedi (B2) i sufici\u00e8ncia (C1). Cada nivell est\u00e0 organitzat en tres cursos. Cada nivell requereix, aproximadament, 150 hores de feina a la plataforma. Els aprenents gaudeixen de dues hores d\u2019atenci\u00f3 a dist\u00e0ncia d&#8217;assessorament&nbsp;per part d&#8217;un docent del Servei de Lleng\u00fces.<\/p>\n\n\n\n<p class=\"has-small-font-size\">El Servei de Lleng\u00fces proposa <strong>dos per\u00edodes<\/strong> de formaci\u00f3 amb la plataforma:<br>&#8211; de l&#8217;1 d&#8217;octubre al 10 de desembre de 2025 <br>&#8211; del 9 de febrer&nbsp;al 29 de maig de 2026<\/p>\n\n\n\n<p><\/p>\n<\/div><\/div>\n\n\n\n<p>Consulteu els preus de les formacions al web del <a href=\"https:\/\/www.uab.cat\/web\/uab-idiomes-campus-1345809593065.html\" target=\"_blank\" rel=\"noopener\">Servei de Lleng\u00fces<\/a>.<\/p>\n\n\n\n<p>El Marc europeu com\u00fa de refer\u00e8ncia (MECR) per a les lleng\u00fces del Consell d&#8217;Europa \u00e9s el document que estableix les bases d&#8217;un sistema europeu com\u00fa d&#8217;aprenentatge i avaluaci\u00f3 de segones o terceres lleng\u00fces. Els objectius i continguts en aquest \u00e0mbit es distribueixen en sis nivells que s\u00f3n referents comuns per valorar el domini de les lleng\u00fces. <a href=\"https:\/\/webs.uab.cat\/cal\/wp-content\/uploads\/sites\/211\/2017\/03\/grid.pdf\" target=\"_blank\" rel=\"noopener\">Aqu\u00ed<\/a> podeu descarregar-vos la graella, per a l&#8217;autoavaluaci\u00f3, amb els sis nivells i les cinc destreses ling\u00fc\u00edstiques en diverses lleng\u00fces.<\/p>\n","protected":false},"excerpt":{"rendered":"<p>Durant el curs 2025-2026&nbsp;el Servei de Lleng\u00fces continua oferint la possibilitat d\u2019aprendre diverses lleng\u00fces de manera virtual mitjan\u00e7ant dues plataformes. A continuaci\u00f3 t\u2019ho expliquem: Lleng\u00fces a Dist\u00e0ncia amb Dexway Podr\u00e0s aprendre les lleng\u00fces seg\u00fcents:&nbsp;alemany&nbsp;(del nivell A1 al C1 del MECR),&nbsp;angl\u00e8s&nbsp;(del nivell A1 al C1),&nbsp;espanyol&nbsp;(del nivell A1 al C1),&nbsp;franc\u00e8s&nbsp;(del nivell A1 al C1),&nbsp;portugu\u00e8s&nbsp;del Brasil (nivells A1 [&hellip;]<\/p>\n","protected":false},"author":20,"featured_media":0,"parent":0,"menu_order":0,"comment_status":"closed","ping_status":"closed","template":"","meta":{"footnotes":""},"class_list":["post-94","page","type-page","status-publish","hentry"],"_links":{"self":[{"href":"https:\/\/webs.uab.cat\/cal\/wp-json\/wp\/v2\/pages\/94","targetHints":{"allow":["GET"]}}],"collection":[{"href":"https:\/\/webs.uab.cat\/cal\/wp-json\/wp\/v2\/pages"}],"about":[{"href":"https:\/\/webs.uab.cat\/cal\/wp-json\/wp\/v2\/types\/page"}],"author":[{"embeddable":true,"href":"https:\/\/webs.uab.cat\/cal\/wp-json\/wp\/v2\/users\/20"}],"replies":[{"embeddable":true,"href":"https:\/\/webs.uab.cat\/cal\/wp-json\/wp\/v2\/comments?post=94"}],"version-history":[{"count":8,"href":"https:\/\/webs.uab.cat\/cal\/wp-json\/wp\/v2\/pages\/94\/revisions"}],"predecessor-version":[{"id":1765,"href":"https:\/\/webs.uab.cat\/cal\/wp-json\/wp\/v2\/pages\/94\/revisions\/1765"}],"wp:attachment":[{"href":"https:\/\/webs.uab.cat\/cal\/wp-json\/wp\/v2\/media?parent=94"}],"curies":[{"name":"wp","href":"https:\/\/api.w.org\/{rel}","templated":true}]}}