{"id":97,"date":"2018-04-09T12:15:46","date_gmt":"2018-04-09T12:15:46","guid":{"rendered":"https:\/\/webs.uab.cat\/cal\/competencia-intercultural\/"},"modified":"2025-10-22T08:14:53","modified_gmt":"2025-10-22T08:14:53","slug":"competencia-intercultural","status":"publish","type":"page","link":"https:\/\/webs.uab.cat\/cal\/competencia-intercultural\/","title":{"rendered":"Compet\u00e8ncia intercultural"},"content":{"rendered":"<p>Una de les compet\u00e8ncies crucials en el m\u00f3n actual \u00e9s la compet\u00e8ncia intercultural. La mobilitat f\u00edsica de tota mena i tamb\u00e9 la mobilitat virtual constant a qu\u00e8 ens exposa la vida digital, fan que constantment entrem en contacte amb altres persones, cultures, lleng\u00fces i identitats, davant les quals no sempre ho tenim f\u00e0cil per actuar adequadament, amb la consci\u00e8ncia i la sensibilitat oportunes. \u00a0<\/p>\n<p>En l\u2019\u00e0mbit dels estudis i de la feina proliferen els contextos en qu\u00e8 convivim persones d\u2019or\u00edgens diversos. Sense la compet\u00e8ncia intercultural, integrada per coneixements, destreses i actituds, les possibilitats d\u2019una bona conviv\u00e8ncia i de generaci\u00f3 de valor en els enriquidors equips interculturals s\u00f3n molt limitades. \u00c9s aix\u00ed que el foment d\u2019aquesta compet\u00e8ncia es perfila com una veritable necessitat. No hi ha dubte que les universitats, focus de mobilitat i, alhora, d\u2019est\u00edmul de les compet\u00e8ncies socialment imprescindibles, han de jugar un paper en la promoci\u00f3 d\u2019aquesta compet\u00e8ncia.<\/p>\n<p>A continuaci\u00f3 trobareu una s\u00e8rie de recursos per treballar la compet\u00e8ncia intercultural:<\/p>\n\n\n<ul class=\"wp-block-list\">\n<li>An\u00e0lisi d&#8217;una trobada intercultural: compet\u00e8ncia pluricultural i compet\u00e8ncia pluriling\u00fce \u00e9s un v\u00eddeo amb una simulaci\u00f3 d\u2019un cas de trobada entre dues persones que convida a reflexionar sobre les compet\u00e8ncies pluriling\u00fce i intercultural:<\/li>\n<\/ul>\n\n\n\n<figure class=\"wp-block-embed is-type-video is-provider-youtube wp-block-embed-youtube wp-embed-aspect-16-9 wp-has-aspect-ratio\"><div class=\"wp-block-embed__wrapper\">\n<iframe loading=\"lazy\" title=\"An\u00e0lisi d&#039;una trobada intercultural: compet\u00e8ncia pluriling\u00fce i compet\u00e8ncia intercultural.\" width=\"580\" height=\"326\" src=\"https:\/\/www.youtube.com\/embed\/PWwejA14BtY?start=12&#038;feature=oembed\" frameborder=\"0\" allow=\"accelerometer; autoplay; clipboard-write; encrypted-media; gyroscope; picture-in-picture; web-share\" referrerpolicy=\"strict-origin-when-cross-origin\" allowfullscreen><\/iframe>\n<\/div><\/figure>\n\n\n\n<ul class=\"wp-block-list\">\n<li>El <a href=\"https:\/\/www.intercat.cat\/test-obertura-linguistica\/index.html\">Test d&#8217;Obertura Ling\u00fc\u00edstica<\/a>;<\/li>\n\n\n\n<li>Els <a href=\"https:\/\/webs.uab.cat\/cal\/wp-content\/uploads\/sites\/211\/2025\/10\/Itineraris_consciencia_intercultural.pdf\">Itineraris de consci\u00e8ncia intercultural<\/a>, 10 casos per a la lectura, l\u2019an\u00e0lisi i el debat;<\/li>\n\n\n\n<li>Quatre v\u00eddeos de la s\u00e8rie <em>Pensar els estereotips. Com diu que s\u00f3n&#8230;?<\/em>, adre\u00e7ats a repensar els estereotips culturals associats a alguns pa\u00efsos europeus:<\/li>\n<\/ul>\n\n\n\n<figure class=\"wp-block-embed is-type-video is-provider-youtube wp-block-embed-youtube wp-embed-aspect-16-9 wp-has-aspect-ratio\"><div class=\"wp-block-embed__wrapper\">\n<iframe loading=\"lazy\" title=\"Pensar els estereotips. Com diu que s\u00f3n els portuguesos?\" width=\"580\" height=\"326\" src=\"https:\/\/www.youtube.com\/embed\/AlMBiPsWY3M?list=PLZ50WnX6C9Xb_yDVZsqxFiOd4_ccp5YMf\" frameborder=\"0\" allow=\"accelerometer; autoplay; clipboard-write; encrypted-media; gyroscope; picture-in-picture; web-share\" referrerpolicy=\"strict-origin-when-cross-origin\" allowfullscreen><\/iframe>\n<\/div><\/figure>\n\n\n\n<figure class=\"wp-block-embed is-type-video is-provider-youtube wp-block-embed-youtube wp-embed-aspect-16-9 wp-has-aspect-ratio\"><div class=\"wp-block-embed__wrapper\">\n<iframe loading=\"lazy\" title=\"Pensar els estereotips. Com diu que s\u00f3n els francesos?\" width=\"580\" height=\"326\" src=\"https:\/\/www.youtube.com\/embed\/nsDCF2n5DmQ?list=PLZ50WnX6C9Xb_yDVZsqxFiOd4_ccp5YMf\" frameborder=\"0\" allow=\"accelerometer; autoplay; clipboard-write; encrypted-media; gyroscope; picture-in-picture; web-share\" referrerpolicy=\"strict-origin-when-cross-origin\" allowfullscreen><\/iframe>\n<\/div><\/figure>\n\n\n\n<figure class=\"wp-block-embed is-type-video is-provider-youtube wp-block-embed-youtube wp-embed-aspect-16-9 wp-has-aspect-ratio\"><div class=\"wp-block-embed__wrapper\">\n<iframe loading=\"lazy\" title=\"Pensar els estereotips. Com diu que s\u00f3n els alemanys?\" width=\"580\" height=\"326\" src=\"https:\/\/www.youtube.com\/embed\/6gbXHGBo_uI?list=PLZ50WnX6C9Xb_yDVZsqxFiOd4_ccp5YMf\" frameborder=\"0\" allow=\"accelerometer; autoplay; clipboard-write; encrypted-media; gyroscope; picture-in-picture; web-share\" referrerpolicy=\"strict-origin-when-cross-origin\" allowfullscreen><\/iframe>\n<\/div><\/figure>\n\n\n\n<figure class=\"wp-block-embed is-type-video is-provider-youtube wp-block-embed-youtube wp-embed-aspect-16-9 wp-has-aspect-ratio\"><div class=\"wp-block-embed__wrapper\">\n<iframe loading=\"lazy\" title=\"Pensar els estereotips. Com diu que s\u00f3n els italians?\" width=\"580\" height=\"326\" src=\"https:\/\/www.youtube.com\/embed\/lecSi2r6DXA?list=PLZ50WnX6C9Xb_yDVZsqxFiOd4_ccp5YMf\" frameborder=\"0\" allow=\"accelerometer; autoplay; clipboard-write; encrypted-media; gyroscope; picture-in-picture; web-share\" referrerpolicy=\"strict-origin-when-cross-origin\" allowfullscreen><\/iframe>\n<\/div><\/figure>\n","protected":false},"excerpt":{"rendered":"<p>Una de les compet\u00e8ncies crucials en el m\u00f3n actual \u00e9s la compet\u00e8ncia intercultural. La mobilitat f\u00edsica de tota mena i tamb\u00e9 la mobilitat virtual constant a qu\u00e8 ens exposa la vida digital, fan que constantment entrem en contacte amb altres persones, cultures, lleng\u00fces i identitats, davant les quals no sempre ho tenim f\u00e0cil per actuar [&hellip;]<\/p>\n","protected":false},"author":20,"featured_media":0,"parent":0,"menu_order":0,"comment_status":"closed","ping_status":"closed","template":"","meta":{"footnotes":""},"class_list":["post-97","page","type-page","status-publish","hentry"],"_links":{"self":[{"href":"https:\/\/webs.uab.cat\/cal\/wp-json\/wp\/v2\/pages\/97","targetHints":{"allow":["GET"]}}],"collection":[{"href":"https:\/\/webs.uab.cat\/cal\/wp-json\/wp\/v2\/pages"}],"about":[{"href":"https:\/\/webs.uab.cat\/cal\/wp-json\/wp\/v2\/types\/page"}],"author":[{"embeddable":true,"href":"https:\/\/webs.uab.cat\/cal\/wp-json\/wp\/v2\/users\/20"}],"replies":[{"embeddable":true,"href":"https:\/\/webs.uab.cat\/cal\/wp-json\/wp\/v2\/comments?post=97"}],"version-history":[{"count":13,"href":"https:\/\/webs.uab.cat\/cal\/wp-json\/wp\/v2\/pages\/97\/revisions"}],"predecessor-version":[{"id":1758,"href":"https:\/\/webs.uab.cat\/cal\/wp-json\/wp\/v2\/pages\/97\/revisions\/1758"}],"wp:attachment":[{"href":"https:\/\/webs.uab.cat\/cal\/wp-json\/wp\/v2\/media?parent=97"}],"curies":[{"name":"wp","href":"https:\/\/api.w.org\/{rel}","templated":true}]}}