{"id":2,"date":"2024-11-19T13:15:03","date_gmt":"2024-11-19T11:15:03","guid":{"rendered":"https:\/\/webs.uab.cat\/campus-laboratori-obert\/?page_id=2"},"modified":"2025-03-04T16:13:09","modified_gmt":"2025-03-04T14:13:09","slug":"reptes","status":"publish","type":"page","link":"https:\/\/webs.uab.cat\/campus-laboratori-obert\/reptes\/","title":{"rendered":"Reptes"},"content":{"rendered":"\n<div class=\"wp-block-columns alignwide is-layout-flex wp-container-core-columns-is-layout-9d6595d7 wp-block-columns-is-layout-flex\">\n<div class=\"wp-block-column is-layout-flow wp-block-column-is-layout-flow\">\n<figure class=\"wp-block-image size-full\"><img loading=\"lazy\" decoding=\"async\" width=\"400\" height=\"400\" src=\"https:\/\/webs.uab.cat\/campus-laboratori-obert\/wp-content\/uploads\/sites\/612\/2024\/12\/IMG_CampusSiS_Alimentacio.png\" alt=\"\" class=\"wp-image-29\" srcset=\"https:\/\/webs.uab.cat\/campus-laboratori-obert\/wp-content\/uploads\/sites\/612\/2024\/12\/IMG_CampusSiS_Alimentacio.png 400w, https:\/\/webs.uab.cat\/campus-laboratori-obert\/wp-content\/uploads\/sites\/612\/2024\/12\/IMG_CampusSiS_Alimentacio-300x300.png 300w, https:\/\/webs.uab.cat\/campus-laboratori-obert\/wp-content\/uploads\/sites\/612\/2024\/12\/IMG_CampusSiS_Alimentacio-150x150.png 150w\" sizes=\"auto, (max-width: 400px) 100vw, 400px\" \/><\/figure>\n\n\n\n<h2 class=\"wp-block-heading\">Repte Alimentaci\u00f3<\/h2>\n\n\n\n<p>Com podem millorar el model d\u2019alimentaci\u00f3 al campus per a que sigui un servei m\u00e9s sostenible?<\/p>\n<\/div>\n\n\n\n<div class=\"wp-block-column is-layout-flow wp-block-column-is-layout-flow\">\n<figure class=\"wp-block-image size-full\"><img loading=\"lazy\" decoding=\"async\" width=\"400\" height=\"400\" src=\"https:\/\/webs.uab.cat\/campus-laboratori-obert\/wp-content\/uploads\/sites\/612\/2024\/12\/IMG_CampusSiS_Energia.png\" alt=\"\" class=\"wp-image-30\" srcset=\"https:\/\/webs.uab.cat\/campus-laboratori-obert\/wp-content\/uploads\/sites\/612\/2024\/12\/IMG_CampusSiS_Energia.png 400w, https:\/\/webs.uab.cat\/campus-laboratori-obert\/wp-content\/uploads\/sites\/612\/2024\/12\/IMG_CampusSiS_Energia-300x300.png 300w, https:\/\/webs.uab.cat\/campus-laboratori-obert\/wp-content\/uploads\/sites\/612\/2024\/12\/IMG_CampusSiS_Energia-150x150.png 150w\" sizes=\"auto, (max-width: 400px) 100vw, 400px\" \/><\/figure>\n\n\n\n<h2 class=\"wp-block-heading\">Repte Aigua<\/h2>\n\n\n\n<p>Com podr\u00edem fer un \u00fas m\u00e9s sostenible dels recursos h\u00eddrics per tal de fer un campus m\u00e9s resilient davant el canvi clim\u00e0tic?<\/p>\n<\/div>\n\n\n\n<div class=\"wp-block-column is-layout-flow wp-block-column-is-layout-flow\">\n<figure class=\"wp-block-image size-full\"><img loading=\"lazy\" decoding=\"async\" width=\"400\" height=\"400\" src=\"https:\/\/webs.uab.cat\/campus-laboratori-obert\/wp-content\/uploads\/sites\/612\/2024\/12\/IMG_CampusSiS_Recursos.png\" alt=\"\" class=\"wp-image-38\" srcset=\"https:\/\/webs.uab.cat\/campus-laboratori-obert\/wp-content\/uploads\/sites\/612\/2024\/12\/IMG_CampusSiS_Recursos.png 400w, https:\/\/webs.uab.cat\/campus-laboratori-obert\/wp-content\/uploads\/sites\/612\/2024\/12\/IMG_CampusSiS_Recursos-300x300.png 300w, https:\/\/webs.uab.cat\/campus-laboratori-obert\/wp-content\/uploads\/sites\/612\/2024\/12\/IMG_CampusSiS_Recursos-150x150.png 150w\" sizes=\"auto, (max-width: 400px) 100vw, 400px\" \/><\/figure>\n\n\n\n<h2 class=\"wp-block-heading\">Repte Recursos<\/h2>\n\n\n\n<p>Com podem repensar i transformar el sistema de gesti\u00f3 de recursos en el campus per a promoure l\u2019intercanvi, reutilitzaci\u00f3 i prestaci\u00f3 entre la comunitat universit\u00e0ria?<\/p>\n<\/div>\n\n\n\n<div class=\"wp-block-column is-layout-flow wp-block-column-is-layout-flow\">\n<figure class=\"wp-block-image size-full\"><img loading=\"lazy\" decoding=\"async\" width=\"400\" height=\"400\" src=\"https:\/\/webs.uab.cat\/campus-laboratori-obert\/wp-content\/uploads\/sites\/612\/2024\/12\/IMG_CampusSiS_Mobilitat.png\" alt=\"\" class=\"wp-image-35\" srcset=\"https:\/\/webs.uab.cat\/campus-laboratori-obert\/wp-content\/uploads\/sites\/612\/2024\/12\/IMG_CampusSiS_Mobilitat.png 400w, https:\/\/webs.uab.cat\/campus-laboratori-obert\/wp-content\/uploads\/sites\/612\/2024\/12\/IMG_CampusSiS_Mobilitat-300x300.png 300w, https:\/\/webs.uab.cat\/campus-laboratori-obert\/wp-content\/uploads\/sites\/612\/2024\/12\/IMG_CampusSiS_Mobilitat-150x150.png 150w\" sizes=\"auto, (max-width: 400px) 100vw, 400px\" \/><\/figure>\n\n\n\n<h2 class=\"wp-block-heading\">Repte Mobilitat<\/h2>\n\n\n\n<p>Com podem reimaginar una mobilitat descarbonitzada generada per la comunitat<br>universit\u00e0ria, dins i fora del campus, eliminant la depend\u00e8ncia en f\u00f2ssils i creant un campus m\u00e9s resilient davant del canvi clim\u00e0tic?<\/p>\n<\/div>\n<\/div>\n\n\n\n<div class=\"wp-block-buttons alignwide is-content-justification-center is-layout-flex wp-container-core-buttons-is-layout-16018d1d wp-block-buttons-is-layout-flex\">\n<div class=\"wp-block-button has-custom-width wp-block-button__width-100\"><a class=\"wp-block-button__link wp-element-button\" href=\"https:\/\/webs.uab.cat\/campus-laboratori-obert\/wp-content\/uploads\/sites\/612\/2025\/01\/Bases-UAB-Smart-Campus-Challenge-1.pdf\" target=\"_blank\" rel=\"noreferrer noopener\">bases del programa<\/a><\/div>\n<\/div>\n","protected":false},"excerpt":{"rendered":"<p>Repte Alimentaci\u00f3 Com podem millorar el model d\u2019alimentaci\u00f3 al campus per a que sigui un servei m\u00e9s sostenible? Repte Aigua Com podr\u00edem fer un \u00fas m\u00e9s sostenible dels recursos h\u00eddrics per tal de fer un campus m\u00e9s resilient davant el canvi clim\u00e0tic? Repte Recursos Com podem repensar i transformar el sistema de gesti\u00f3 de recursos [&hellip;]<\/p>\n","protected":false},"author":73,"featured_media":0,"parent":0,"menu_order":0,"comment_status":"closed","ping_status":"open","template":"","meta":{"footnotes":""},"class_list":["post-2","page","type-page","status-publish","hentry"],"_links":{"self":[{"href":"https:\/\/webs.uab.cat\/campus-laboratori-obert\/wp-json\/wp\/v2\/pages\/2","targetHints":{"allow":["GET"]}}],"collection":[{"href":"https:\/\/webs.uab.cat\/campus-laboratori-obert\/wp-json\/wp\/v2\/pages"}],"about":[{"href":"https:\/\/webs.uab.cat\/campus-laboratori-obert\/wp-json\/wp\/v2\/types\/page"}],"author":[{"embeddable":true,"href":"https:\/\/webs.uab.cat\/campus-laboratori-obert\/wp-json\/wp\/v2\/users\/73"}],"replies":[{"embeddable":true,"href":"https:\/\/webs.uab.cat\/campus-laboratori-obert\/wp-json\/wp\/v2\/comments?post=2"}],"version-history":[{"count":18,"href":"https:\/\/webs.uab.cat\/campus-laboratori-obert\/wp-json\/wp\/v2\/pages\/2\/revisions"}],"predecessor-version":[{"id":114,"href":"https:\/\/webs.uab.cat\/campus-laboratori-obert\/wp-json\/wp\/v2\/pages\/2\/revisions\/114"}],"wp:attachment":[{"href":"https:\/\/webs.uab.cat\/campus-laboratori-obert\/wp-json\/wp\/v2\/media?parent=2"}],"curies":[{"name":"wp","href":"https:\/\/api.w.org\/{rel}","templated":true}]}}