{"id":521,"date":"2021-07-20T14:15:28","date_gmt":"2021-07-20T12:15:28","guid":{"rendered":"https:\/\/webs.uab.cat\/campusdocentsigma\/manual-de-uso\/"},"modified":"2022-09-16T10:41:46","modified_gmt":"2022-09-16T08:41:46","slug":"manual-de-uso","status":"publish","type":"page","link":"https:\/\/webs.uab.cat\/campusdocentsigma\/es\/manual-de-uso\/","title":{"rendered":"Manual de uso"},"content":{"rendered":"\n<p>Mediante el campus docente Sigm@ ten\u00e9is a vuestra disposici\u00f3n una herramienta que proporciona acceso a la informaci\u00f3n de los grupos, de sus alumnos y soporte a la evaluaci\u00f3n de los alumnos y a la gesti\u00f3n de las actas de evaluaci\u00f3n; entre otras, con CDS es posible:<\/p>\n\n<ul class=\"wp-block-list\"><li>Obtener la lista de clase.<\/li><li>Contactar v\u00eda correo electr\u00f3nico institucional con los alumnos del grupo.<\/li><li>Calificar mediante una plantilla de evaluaci\u00f3n y realizar el seguimiento de la evaluaci\u00f3n cont\u00ednua.<\/li><li>Informar las calificaciones finales.<\/li><li>Grabar las calificaciones finales en las actas, cerrar y firmar las actas digitalmente.<\/li><\/ul>\n\n<p>Pod\u00e9is ver como funciona el campus docente y la gesti\u00f3n de las actas de evaluaci\u00f3n en un breve video tutorial en el enlace <a rel=\"noopener\" href=\"http:\/\/polimedia.uab.cat\/#v_903\" target=\"_blank\">https:\/\/polimedia.uab.cat\/#v_903<\/a><br \/><\/p>\n","protected":false},"excerpt":{"rendered":"<p>Mediante el campus docente Sigm@ ten\u00e9is a vuestra disposici\u00f3n una herramienta que proporciona acceso a la informaci\u00f3n de los grupos, de sus alumnos y soporte a la evaluaci\u00f3n de los alumnos y a la gesti\u00f3n de las actas de evaluaci\u00f3n; entre otras, con CDS es posible: Obtener la lista de clase. Contactar v\u00eda correo electr\u00f3nico [&hellip;]<\/p>\n","protected":false},"author":113,"featured_media":0,"parent":0,"menu_order":0,"comment_status":"closed","ping_status":"closed","template":"","meta":{"footnotes":""},"class_list":["post-521","page","type-page","status-publish","hentry"],"_links":{"self":[{"href":"https:\/\/webs.uab.cat\/campusdocentsigma\/es\/wp-json\/wp\/v2\/pages\/521","targetHints":{"allow":["GET"]}}],"collection":[{"href":"https:\/\/webs.uab.cat\/campusdocentsigma\/es\/wp-json\/wp\/v2\/pages"}],"about":[{"href":"https:\/\/webs.uab.cat\/campusdocentsigma\/es\/wp-json\/wp\/v2\/types\/page"}],"author":[{"embeddable":true,"href":"https:\/\/webs.uab.cat\/campusdocentsigma\/es\/wp-json\/wp\/v2\/users\/113"}],"replies":[{"embeddable":true,"href":"https:\/\/webs.uab.cat\/campusdocentsigma\/es\/wp-json\/wp\/v2\/comments?post=521"}],"version-history":[{"count":8,"href":"https:\/\/webs.uab.cat\/campusdocentsigma\/es\/wp-json\/wp\/v2\/pages\/521\/revisions"}],"predecessor-version":[{"id":598,"href":"https:\/\/webs.uab.cat\/campusdocentsigma\/es\/wp-json\/wp\/v2\/pages\/521\/revisions\/598"}],"wp:attachment":[{"href":"https:\/\/webs.uab.cat\/campusdocentsigma\/es\/wp-json\/wp\/v2\/media?parent=521"}],"curies":[{"name":"wp","href":"https:\/\/api.w.org\/{rel}","templated":true}]}}