{"id":588,"date":"2021-09-23T15:02:04","date_gmt":"2021-09-23T13:02:04","guid":{"rendered":"https:\/\/webs.uab.cat\/campusdocentsigma\/manual-de-uso\/3-plantillas-de-evaluacion\/3-5-calificar-la-plantilla-de-evaluacion-con-excel\/"},"modified":"2024-05-22T13:08:12","modified_gmt":"2024-05-22T11:08:12","slug":"3-5-calificar-la-plantilla-de-evaluacion-con-excel","status":"publish","type":"page","link":"https:\/\/webs.uab.cat\/campusdocentsigma\/es\/manual-de-uso\/3-plantillas-de-evaluacion\/3-5-calificar-la-plantilla-de-evaluacion-con-excel\/","title":{"rendered":"3.5. Calificar la plantilla de evaluaci\u00f3n con Excel"},"content":{"rendered":"\n<p>Plantillas de evaluaci\u00f3n &gt; Calificar plantilla de evaluaci\u00f3n con Excel<\/p>\n\n<p>Permite obtener un documento Excel con los elementos de la plantilla de evaluaci\u00f3n, los alumnos del grupo y sus calificaciones con el que pod\u00e9is realizar la evaluaci\u00f3n de los estudiantes y tambi\u00e9n cargar las calificaciones de los elementos de la plantilla desde un fichero, ya sea el que hab\u00e9is obtenido desde esta pantalla, uno de construcci\u00f3n propia o el que pod\u00e9is obtener desde las aulas Moodle con las calificaciones de las entregas y del seguimiento de los estudiantes.<\/p>\n\n<p><\/p>\n\n<p><strong>Obtener un documento Excel con los elementos de la plantilla de evaluaci\u00f3n.<\/strong><br\/><\/p>\n\n<p>Permite obtener un documento Excel con los elementos de la plantilla de evaluaci\u00f3n, los alumnos del grupo y sus calificaciones con el que pod\u00e9is realizar la evaluaci\u00f3n de los estudiantes.<\/p>\n\n<p>Para obtenerlo, deb\u00e9is desplegar la zona superior de la pantalla identificada como <strong><i>DESCARGAR PLANTILLA<\/i><\/strong> y hacer clic en el bot\u00f3n <img loading=\"lazy\" decoding=\"async\" width=\"147\" height=\"35\" class=\"wp-image-823\" src=\"https:\/\/webs.uab.cat\/campusdocentsigma\/wp-content\/uploads\/sites\/184\/2023\/02\/boto_descarregar_plantilla.png\" alt=\"\"\/>.<br\/><\/p>\n<div class=\"wp-block-image\">\n<figure class=\"aligncenter size-large\"><img decoding=\"async\" src=\"https:\/\/webs.uab.cat\/campusdocentsigma\/wp-content\/uploads\/sites\/184\/2023\/02\/excel_descarregar_plantilla.png\" alt=\"\"\/><\/figure>\n<\/div>\n<p><br\/>Obtendr\u00e9is un documento parecido a este:<br\/><\/p>\n<div class=\"wp-block-image\">\n<figure class=\"aligncenter size-large\"><img decoding=\"async\" src=\"https:\/\/webs.uab.cat\/campusdocentsigma\/wp-content\/uploads\/sites\/184\/2023\/02\/full_excel.png\" alt=\"\"\/><\/figure>\n<\/div>\n<p><br\/><strong>Carga de las calificaciones de los elementos de la plantilla desde un fichero.<\/strong><\/p>\n\n<p>Pod\u00e9is cargar las calificaciones de la plantilla desde un fichero, ya sea el que hab\u00e9is obtenido desde esta pantalla, uno de construcci\u00f3n propia o el que pod\u00e9is obtener desde las aulas Moodle con las calificaciones de las entregas y del seguimiento de los estudiantes. El documento ha de tener las caracter\u00edsticas siguientes:<\/p>\n\n<ul class=\"wp-block-list\"><li>La primera fila ha de contener los nombres de las columnas: nombre, apellidos, NIA, 1r elemento, 2o elemento, 3r elemento,&#8230;<\/li><li>La segunda fila puede contener las ponderaciones de cada elemento o la informaci\u00f3n del primer estudiante. Las filas siguientes corresponden a la informaci\u00f3n de los estudiantes, uno en cada fila.<\/li><\/ul>\n<div class=\"wp-block-image\">\n<figure class=\"aligncenter size-large\"><img decoding=\"async\" src=\"https:\/\/webs.uab.cat\/campusdocentsigma\/wp-content\/uploads\/sites\/184\/2023\/02\/excel_qualificar_plantilla.png\" alt=\"\"\/><\/figure>\n<\/div>\n<p>Deb\u00e9is seleccionar el fichero que contiene las calificaciones de los elementos de la plantilla, este se cargar\u00e1 y se os pedir\u00e1 identificar la hoja donde se encuentran las calificaciones, si el documento dispone de varias hojas. Por defecto la aplicaci\u00f3n selecciona la hoja de nombre <strong><i>plantilla_de_qualificacions<\/i><\/strong>. Para proceder hay que hacer clic en el bot\u00f3n <img loading=\"lazy\" decoding=\"async\" width=\"143\" height=\"36\" class=\"wp-image-826\" style=\"width: 143px\" src=\"https:\/\/webs.uab.cat\/campusdocentsigma\/wp-content\/uploads\/sites\/184\/2023\/02\/boto_previsualitzar_excel.png\" alt=\"\"\/>.<br\/><br\/><\/p>\n<div class=\"wp-block-image\">\n<figure class=\"aligncenter size-large\"><img decoding=\"async\" src=\"https:\/\/webs.uab.cat\/campusdocentsigma\/wp-content\/uploads\/sites\/184\/2023\/02\/eleccio_full_de_calcul.png\" alt=\"\"\/><\/figure>\n<\/div>\n<p>Se mostrar\u00e1 la informaci\u00f3n de las primeras filas del documento y la correspondencia entre las columnas del documento y los elementos de la plantilla de evaluaci\u00f3n, se deben identificar los elementos para los que se desea importar las calificaciones y a qu\u00e9 \u00edtem de la plantilla corresponden.<\/p>\n<div class=\"wp-block-image\">\n<figure class=\"aligncenter size-large\"><img decoding=\"async\" src=\"https:\/\/webs.uab.cat\/campusdocentsigma\/wp-content\/uploads\/sites\/184\/2023\/02\/excel_identificacio_elements.png\" alt=\"\"\/><\/figure>\n<\/div>\n<p>Por defecto, la aplicaci\u00f3n os propondr\u00e1 relacionar las columnas del documento con los elementos de la plantilla que tengan el mismo nombre. Identificad con <strong><i>Ignora<\/i><\/strong> las columnas que no quer\u00e9is importar.<br\/><\/p>\n\n<p>Las calificaciones se grabar\u00e1n con dos decimales, si el n\u00famero de decimales es superior se aplicar\u00e1 redondeo.<br\/><\/p>\n\n<p><strong>Observaci\u00f3n:<\/strong> para cada \u00edtem de la plantilla de evaluaci\u00f3n, se tienen que informar las calificaciones sobre <strong>10 puntos<\/strong>.<\/p>\n","protected":false},"excerpt":{"rendered":"<p>Plantillas de evaluaci\u00f3n &gt; Calificar plantilla de evaluaci\u00f3n con Excel Permite obtener un documento Excel con los elementos de la plantilla de evaluaci\u00f3n, los alumnos del grupo y sus calificaciones con el que pod\u00e9is realizar la evaluaci\u00f3n de los estudiantes y tambi\u00e9n cargar las calificaciones de los elementos de la plantilla desde un fichero, ya [&hellip;]<\/p>\n","protected":false},"author":113,"featured_media":0,"parent":566,"menu_order":5,"comment_status":"closed","ping_status":"closed","template":"","meta":{"footnotes":""},"class_list":["post-588","page","type-page","status-publish","hentry"],"_links":{"self":[{"href":"https:\/\/webs.uab.cat\/campusdocentsigma\/es\/wp-json\/wp\/v2\/pages\/588","targetHints":{"allow":["GET"]}}],"collection":[{"href":"https:\/\/webs.uab.cat\/campusdocentsigma\/es\/wp-json\/wp\/v2\/pages"}],"about":[{"href":"https:\/\/webs.uab.cat\/campusdocentsigma\/es\/wp-json\/wp\/v2\/types\/page"}],"author":[{"embeddable":true,"href":"https:\/\/webs.uab.cat\/campusdocentsigma\/es\/wp-json\/wp\/v2\/users\/113"}],"replies":[{"embeddable":true,"href":"https:\/\/webs.uab.cat\/campusdocentsigma\/es\/wp-json\/wp\/v2\/comments?post=588"}],"version-history":[{"count":6,"href":"https:\/\/webs.uab.cat\/campusdocentsigma\/es\/wp-json\/wp\/v2\/pages\/588\/revisions"}],"predecessor-version":[{"id":1132,"href":"https:\/\/webs.uab.cat\/campusdocentsigma\/es\/wp-json\/wp\/v2\/pages\/588\/revisions\/1132"}],"up":[{"embeddable":true,"href":"https:\/\/webs.uab.cat\/campusdocentsigma\/es\/wp-json\/wp\/v2\/pages\/566"}],"wp:attachment":[{"href":"https:\/\/webs.uab.cat\/campusdocentsigma\/es\/wp-json\/wp\/v2\/media?parent=588"}],"curies":[{"name":"wp","href":"https:\/\/api.w.org\/{rel}","templated":true}]}}