{"id":231,"date":"2021-09-22T15:20:01","date_gmt":"2021-09-22T13:20:01","guid":{"rendered":"https:\/\/blogs.uab.cat\/campusdocentsigma\/?page_id=231"},"modified":"2022-09-13T11:11:22","modified_gmt":"2022-09-13T09:11:22","slug":"4-qualificacions","status":"publish","type":"page","link":"https:\/\/webs.uab.cat\/campusdocentsigma\/guia-dus\/4-qualificacions\/","title":{"rendered":"4. Qualificacions"},"content":{"rendered":"\n<p>En aquest apartat s&#8217;agrupa tota la informaci\u00f3 relativa a les qualificacions finals dels alumnes del grup i es t\u00e9 acc\u00e9s al llistat de qualificacions i a les estad\u00edstiques del grup. Les qualificacions es poden informar de forma manual, mitjan\u00e7ant la c\u00e0rrega a partir d&#8217;un document Excel, o com a resultat del c\u00e0lcul de la plantilla d&#8217;avaluaci\u00f3.<\/p>\n","protected":false},"excerpt":{"rendered":"<p>En aquest apartat s&#8217;agrupa tota la informaci\u00f3 relativa a les qualificacions finals dels alumnes del grup i es t\u00e9 acc\u00e9s al llistat de qualificacions i a les estad\u00edstiques del grup. Les qualificacions es poden informar de forma manual, mitjan\u00e7ant la c\u00e0rrega a partir d&#8217;un document Excel, o com a resultat del c\u00e0lcul de la plantilla [&hellip;]<\/p>\n","protected":false},"author":113,"featured_media":0,"parent":56,"menu_order":4,"comment_status":"closed","ping_status":"closed","template":"","meta":{"footnotes":""},"class_list":["post-231","page","type-page","status-publish","hentry"],"_links":{"self":[{"href":"https:\/\/webs.uab.cat\/campusdocentsigma\/wp-json\/wp\/v2\/pages\/231","targetHints":{"allow":["GET"]}}],"collection":[{"href":"https:\/\/webs.uab.cat\/campusdocentsigma\/wp-json\/wp\/v2\/pages"}],"about":[{"href":"https:\/\/webs.uab.cat\/campusdocentsigma\/wp-json\/wp\/v2\/types\/page"}],"author":[{"embeddable":true,"href":"https:\/\/webs.uab.cat\/campusdocentsigma\/wp-json\/wp\/v2\/users\/113"}],"replies":[{"embeddable":true,"href":"https:\/\/webs.uab.cat\/campusdocentsigma\/wp-json\/wp\/v2\/comments?post=231"}],"version-history":[{"count":1,"href":"https:\/\/webs.uab.cat\/campusdocentsigma\/wp-json\/wp\/v2\/pages\/231\/revisions"}],"predecessor-version":[{"id":434,"href":"https:\/\/webs.uab.cat\/campusdocentsigma\/wp-json\/wp\/v2\/pages\/231\/revisions\/434"}],"up":[{"embeddable":true,"href":"https:\/\/webs.uab.cat\/campusdocentsigma\/wp-json\/wp\/v2\/pages\/56"}],"wp:attachment":[{"href":"https:\/\/webs.uab.cat\/campusdocentsigma\/wp-json\/wp\/v2\/media?parent=231"}],"curies":[{"name":"wp","href":"https:\/\/api.w.org\/{rel}","templated":true}]}}