{"id":325,"date":"2021-09-23T15:11:39","date_gmt":"2021-09-23T13:11:39","guid":{"rendered":"https:\/\/blogs.uab.cat\/campusdocentsigma\/?page_id=325"},"modified":"2023-03-02T16:10:55","modified_gmt":"2023-03-02T14:10:55","slug":"5-5-signatura-i-tancament-de-les-actes-davaluacio","status":"publish","type":"page","link":"https:\/\/webs.uab.cat\/campusdocentsigma\/guia-dus\/5-actes-davaluacio\/5-5-signatura-i-tancament-de-les-actes-davaluacio\/","title":{"rendered":"5.5. Signatura i tancament de les actes d&#8217;avaluaci\u00f3"},"content":{"rendered":"\n<p>Actes &gt; Tancament i signatura<\/p>\n\n\n\n<p>Podeu veure un exemple sobre el procediment de tancament i signatura de les actes d&#8217;avaluaci\u00f3 en un breu v\u00eddeo a l&#8217;enlla\u00e7 seg\u00fcent <a rel=\"noreferrer noopener\" href=\"https:\/\/polimedia.uab.cat\/video\/la-gestio-electro-nica-de-les-actes-dels-grups-d-estudis-propis\" target=\"_blank\">https:\/\/polimedia.uab.cat\/video\/la-gestio-electro-nica-de-les-actes-dels-grups-d-estudis-propis<\/a><\/p>\n\n\n<div class=\"wp-block-image\">\n<figure class=\"aligncenter size-large\"><img decoding=\"async\" src=\"https:\/\/webs.uab.cat\/campusdocentsigma\/wp-content\/uploads\/sites\/184\/2023\/02\/actes_signar.png\" alt=\"\" \/><\/figure>\n<\/div>\n\n\n<p>En fer clic en el bot\u00f3 <strong><i>Tancament i signatura<\/i><\/strong> es mostra el document de l&#8217;acta d&#8217;avaluaci\u00f3 perqu\u00e8 es pugui revisar.<\/p>\n\n\n\n<p>Si es no es vol procedir a la signatura i al tancament de l\u2019acta cal fer clic en el bot\u00f3 <strong><i>Tornar<\/i><\/strong>.<\/p>\n\n\n\n<p>Si es desitja procedir a l&#8217;execuci\u00f3 de la signatura i del tancament de l&#8217;acta cal utilitzar el bot\u00f3 <strong><i>Signar l&#8217;acta<\/i><\/strong>. Llavors, el document de l&#8217;acta d&#8217;avaluaci\u00f3 se signa electr\u00f2nicament amb un certificat digital d&#8217;organisme de la Universitat Aut\u00f2noma de Barcelona i l&#8217;acta signada es diposita en un espai d&#8217;emmagatzematge habilitat per a la seva conservaci\u00f3. Tant el professorat com la gesti\u00f3 acad\u00e8mica responsable de l\u2019acta rebran una c\u00f2pia del document per correu electr\u00f2nic.<\/p>\n\n\n<div class=\"wp-block-image\">\n<figure class=\"aligncenter size-large\"><img decoding=\"async\" src=\"https:\/\/webs.uab.cat\/campusdocentsigma\/wp-content\/uploads\/sites\/184\/2023\/02\/actes_signar_confirmar.png\" alt=\"\" \/><\/figure>\n<\/div>\n\n\n<p>Un cop ha acabat el proc\u00e9s d\u2019execuci\u00f3 de la signatura i del tancament de l\u2019acta d\u2019avaluaci\u00f3 es mostra el seu resultat.<\/p>\n\n\n<div class=\"wp-block-image\">\n<figure class=\"aligncenter size-large\"><img decoding=\"async\" src=\"https:\/\/webs.uab.cat\/campusdocentsigma\/wp-content\/uploads\/sites\/184\/2023\/02\/actes_signar_resultat.png\" alt=\"\" \/><\/figure>\n<\/div>\n\n\n<p>\u00c9s possible consultar l&#8217;estat d&#8217;execuci\u00f3 del proc\u00e9s de tancament accedint al men\u00fa superior <em>El meu compte &gt; Processos<\/em>.<br><\/p>\n\n\n\n<p>Un cop hagi finalitzat, es pot consultar el resultat del tancament de l&#8217;acta en el men\u00fa superior <em>El meu compte &gt; Llistats<\/em> en el document de nom <em>[&#8230;]_CerrarActa_[&#8230;].log<\/em> corresponent que cont\u00e9 la mateixa informaci\u00f3 que es rep per correu electr\u00f2nic si s&#8217;ha marcat l&#8217;opci\u00f3 <em>Rebre notificaci\u00f3 al finalitzar el proc\u00e9s<\/em>.<\/p>\n\n\n<div class=\"wp-block-image\">\n<figure class=\"aligncenter size-large\"><img decoding=\"async\" src=\"https:\/\/webs.uab.cat\/campusdocentsigma\/wp-content\/uploads\/sites\/184\/2023\/02\/actes_signar_llistats.png\" alt=\"\" \/><\/figure>\n<\/div>\n\n\n<p>Trobareu informaci\u00f3 sobre la configuraci\u00f3 del programari Adobe Reader i Adobe Acrobat a l&#8217;apartat <strong><i>Documents<\/i><\/strong> del seg\u00fcent enlla\u00e7 de la <a rel=\"noopener\" href=\"https:\/\/seuelectronica.uab.cat\/\" target=\"_blank\">Seu electr\u00f2nica de la UAB<\/a>: <a rel=\"noopener\" href=\"https:\/\/seuelectronica.uab.cat\/certificat-idcat\" target=\"_blank\">https:\/\/seuelectronica.uab.cat\/certificat-idcat<\/a>.<\/p>\n","protected":false},"excerpt":{"rendered":"<p>Actes &gt; Tancament i signatura Podeu veure un exemple sobre el procediment de tancament i signatura de les actes d&#8217;avaluaci\u00f3 en un breu v\u00eddeo a l&#8217;enlla\u00e7 seg\u00fcent https:\/\/polimedia.uab.cat\/video\/la-gestio-electro-nica-de-les-actes-dels-grups-d-estudis-propis En fer clic en el bot\u00f3 Tancament i signatura es mostra el document de l&#8217;acta d&#8217;avaluaci\u00f3 perqu\u00e8 es pugui revisar. Si es no es vol procedir a [&hellip;]<\/p>\n","protected":false},"author":113,"featured_media":0,"parent":234,"menu_order":5,"comment_status":"closed","ping_status":"closed","template":"","meta":{"footnotes":""},"class_list":["post-325","page","type-page","status-publish","hentry"],"_links":{"self":[{"href":"https:\/\/webs.uab.cat\/campusdocentsigma\/wp-json\/wp\/v2\/pages\/325","targetHints":{"allow":["GET"]}}],"collection":[{"href":"https:\/\/webs.uab.cat\/campusdocentsigma\/wp-json\/wp\/v2\/pages"}],"about":[{"href":"https:\/\/webs.uab.cat\/campusdocentsigma\/wp-json\/wp\/v2\/types\/page"}],"author":[{"embeddable":true,"href":"https:\/\/webs.uab.cat\/campusdocentsigma\/wp-json\/wp\/v2\/users\/113"}],"replies":[{"embeddable":true,"href":"https:\/\/webs.uab.cat\/campusdocentsigma\/wp-json\/wp\/v2\/comments?post=325"}],"version-history":[{"count":3,"href":"https:\/\/webs.uab.cat\/campusdocentsigma\/wp-json\/wp\/v2\/pages\/325\/revisions"}],"predecessor-version":[{"id":1057,"href":"https:\/\/webs.uab.cat\/campusdocentsigma\/wp-json\/wp\/v2\/pages\/325\/revisions\/1057"}],"up":[{"embeddable":true,"href":"https:\/\/webs.uab.cat\/campusdocentsigma\/wp-json\/wp\/v2\/pages\/234"}],"wp:attachment":[{"href":"https:\/\/webs.uab.cat\/campusdocentsigma\/wp-json\/wp\/v2\/media?parent=325"}],"curies":[{"name":"wp","href":"https:\/\/api.w.org\/{rel}","templated":true}]}}