{"id":497,"date":"2022-09-08T16:38:19","date_gmt":"2022-09-08T14:38:19","guid":{"rendered":"https:\/\/webs.uab.cat\/campusdocentsigma\/?page_id=497"},"modified":"2022-09-13T16:32:35","modified_gmt":"2022-09-13T14:32:35","slug":"el-campus-docent-sigm","status":"publish","type":"page","link":"https:\/\/webs.uab.cat\/campusdocentsigma\/","title":{"rendered":"El campus docent Sigm@"},"content":{"rendered":"\n<p>Ofereix acc\u00e9s a la llista de classe i suport a l&#8217;avaluaci\u00f3 dels estudiants i a la gesti\u00f3 de les actes d&#8217;avaluaci\u00f3.<\/p>\n\n\n\n<div class=\"wp-block-query is-layout-flow wp-block-query-is-layout-flow\"><ul class=\"wp-block-post-template is-layout-flow wp-block-post-template-is-layout-flow\"><li class=\"wp-block-post post-1285 post type-post status-publish format-standard hentry category-general tag-assignacio tag-repartiment\">\n<h2 class=\"wp-block-post-title\"><a href=\"https:\/\/webs.uab.cat\/campusdocentsigma\/2024\/07\/22\/repartiment-destudiants-a-grups-no-matriculables\/\" target=\"_self\" >Repartiment d&#8217;estudiants a grups no matriculables<\/a><\/h2>\n\n\n\n<div class=\"wp-block-post-excerpt\"><p class=\"wp-block-post-excerpt__excerpt\">Coincidint amb l&#8217;activaci\u00f3 del curs 2024\/2025 s&#8217;ha habilitat l&#8217;opci\u00f3 Repartiment Alumnes. Mitjan\u00e7ant aquest opci\u00f3 es podr\u00e0 assignar a cada estudiant el seu grup de pr\u00e0ctiques. Els grups de pr\u00e0ctiques repartits a Campus Docent (CDS) es podran importar des de Campus Virtual (CV). A m\u00e9s si els estudiants tenen assignats els seus grups de pr\u00e0ctiques podran&hellip; <\/p><\/div>\n\n\n<hr class=\"wp-block-separator has-css-opacity\" \/>\n\n\n<div class=\"wp-block-post-date\"><time datetime=\"2024-07-22T10:41:25+02:00\">22 de juliol de 2024<\/time><\/div>\n<\/li><li class=\"wp-block-post post-1231 post type-post status-publish format-standard hentry category-general\">\n<h2 class=\"wp-block-post-title\"><a href=\"https:\/\/webs.uab.cat\/campusdocentsigma\/2024\/07\/22\/obertura-del-curs-2024-2025\/\" target=\"_self\" >Obertura del curs 2024-2025<\/a><\/h2>\n\n\n\n<div class=\"wp-block-post-excerpt\"><p class=\"wp-block-post-excerpt__excerpt\">S\u2019ha obert el curs 2024-2025 al campus docent Sigm@. Aquest curs volem destacar algunes novetats: El repartiment dels alumnes als grups no matriculables. Veure a la guia d&#8217;\u00fas 2.5. Repartiment alumnes La gesti\u00f3 de les actes d&#8217;avaluaci\u00f3 del seguiment dels programes de doctorat. Veure a la guia d&#8217;\u00fas 6. Seguiment del programa de doctorat Recordeu&hellip; <\/p><\/div>\n\n\n<hr class=\"wp-block-separator has-css-opacity\" \/>\n\n\n<div class=\"wp-block-post-date\"><time datetime=\"2024-07-22T10:33:53+02:00\">22 de juliol de 2024<\/time><\/div>\n<\/li><li class=\"wp-block-post post-1227 post type-post status-publish format-standard hentry category-general\">\n<h2 class=\"wp-block-post-title\"><a href=\"https:\/\/webs.uab.cat\/campusdocentsigma\/2024\/06\/27\/la-gestio-electronica-de-les-actes-davaluacio-del-seguiment-dels-programes-de-doctorat\/\" target=\"_self\" >La gesti\u00f3 electr\u00f2nica de les actes d&#8217;avaluaci\u00f3 del seguiment dels programes de doctorat<\/a><\/h2>\n\n\n\n<div class=\"wp-block-post-excerpt\"><p class=\"wp-block-post-excerpt__excerpt\">Al campus docent Sigm@ disposeu de la nova pestanya Coordinador on, per cada assignatura de seguiment del programa de doctorat, podeu: Visualitzar la relaci\u00f3 d&#8217;alumnes matriculats al pla d&#8217;estudis que coordineu. Obtenir la llista de classe en Excel i PDF. Qualificar els estudiants. Gestionar les actes d&#8217;avaluaci\u00f3. Podeu veure el procediment en un breu v\u00eddeo&hellip; <\/p><\/div>\n\n\n<hr class=\"wp-block-separator has-css-opacity\" \/>\n\n\n<div class=\"wp-block-post-date\"><time datetime=\"2024-06-27T12:57:55+02:00\">27 de juny de 2024<\/time><\/div>\n<\/li><\/ul><\/div>\n","protected":false},"excerpt":{"rendered":"<p>Ofereix acc\u00e9s a la llista de classe i suport a l&#8217;avaluaci\u00f3 dels estudiants i a la gesti\u00f3 de les actes d&#8217;avaluaci\u00f3.<\/p>\n","protected":false},"author":113,"featured_media":0,"parent":0,"menu_order":0,"comment_status":"closed","ping_status":"closed","template":"","meta":{"footnotes":""},"class_list":["post-497","page","type-page","status-publish","hentry"],"_links":{"self":[{"href":"https:\/\/webs.uab.cat\/campusdocentsigma\/wp-json\/wp\/v2\/pages\/497","targetHints":{"allow":["GET"]}}],"collection":[{"href":"https:\/\/webs.uab.cat\/campusdocentsigma\/wp-json\/wp\/v2\/pages"}],"about":[{"href":"https:\/\/webs.uab.cat\/campusdocentsigma\/wp-json\/wp\/v2\/types\/page"}],"author":[{"embeddable":true,"href":"https:\/\/webs.uab.cat\/campusdocentsigma\/wp-json\/wp\/v2\/users\/113"}],"replies":[{"embeddable":true,"href":"https:\/\/webs.uab.cat\/campusdocentsigma\/wp-json\/wp\/v2\/comments?post=497"}],"version-history":[{"count":2,"href":"https:\/\/webs.uab.cat\/campusdocentsigma\/wp-json\/wp\/v2\/pages\/497\/revisions"}],"predecessor-version":[{"id":505,"href":"https:\/\/webs.uab.cat\/campusdocentsigma\/wp-json\/wp\/v2\/pages\/497\/revisions\/505"}],"wp:attachment":[{"href":"https:\/\/webs.uab.cat\/campusdocentsigma\/wp-json\/wp\/v2\/media?parent=497"}],"curies":[{"name":"wp","href":"https:\/\/api.w.org\/{rel}","templated":true}]}}