{"id":56,"date":"2021-07-20T14:15:28","date_gmt":"2021-07-20T12:15:28","guid":{"rendered":"https:\/\/blogs.uab.cat\/campusdocentsigma\/?page_id=56"},"modified":"2022-09-16T10:41:46","modified_gmt":"2022-09-16T08:41:46","slug":"guia-dus","status":"publish","type":"page","link":"https:\/\/webs.uab.cat\/campusdocentsigma\/guia-dus\/","title":{"rendered":"Guia d&#8217;\u00fas"},"content":{"rendered":"\n<p>El campus docent Sigm@ proporciona acc\u00e9s a la informaci\u00f3 dels grups i dels seus alumnes, suport a l&#8217;avaluaci\u00f3 dels estudiants i a la gesti\u00f3 de les actes d&#8217;avaluaci\u00f3; entre d&#8217;altres, amb CDS \u00e9s possible:<\/p>\n\n\n\n<ul class=\"wp-block-list\"><li>Obtenir la llista de classe.<\/li><li>Contactar via correu electr\u00f2nic institucional amb els alumnes del grup.<\/li><li>Qualificar mitjan\u00e7ant una plantilla d&#8217;avaluaci\u00f3 i realitzar el seguiment de l&#8217;avaluaci\u00f3 cont\u00ednua.<\/li><li>Informar les qualificacions finals.<\/li><li>Gravar les qualificacions finals a les actes, tancar les actes i signar-les digitalment.<\/li><\/ul>\n\n\n\n<p>Podeu veure el funcionament del campus docent i la gesti\u00f3 de les actes d\u2019avaluaci\u00f3 en un breu v\u00eddeo tutorial a l\u2019enlla\u00e7 <a rel=\"noopener\" href=\"http:\/\/polimedia.uab.cat\/#v_903\" target=\"_blank\">https:\/\/polimedia.uab.cat\/#v_903<\/a><br><\/p>\n","protected":false},"excerpt":{"rendered":"<p>El campus docent Sigm@ proporciona acc\u00e9s a la informaci\u00f3 dels grups i dels seus alumnes, suport a l&#8217;avaluaci\u00f3 dels estudiants i a la gesti\u00f3 de les actes d&#8217;avaluaci\u00f3; entre d&#8217;altres, amb CDS \u00e9s possible: Obtenir la llista de classe. Contactar via correu electr\u00f2nic institucional amb els alumnes del grup. Qualificar mitjan\u00e7ant una plantilla d&#8217;avaluaci\u00f3 i [&hellip;]<\/p>\n","protected":false},"author":113,"featured_media":0,"parent":0,"menu_order":0,"comment_status":"closed","ping_status":"closed","template":"","meta":{"footnotes":""},"class_list":["post-56","page","type-page","status-publish","hentry"],"_links":{"self":[{"href":"https:\/\/webs.uab.cat\/campusdocentsigma\/wp-json\/wp\/v2\/pages\/56","targetHints":{"allow":["GET"]}}],"collection":[{"href":"https:\/\/webs.uab.cat\/campusdocentsigma\/wp-json\/wp\/v2\/pages"}],"about":[{"href":"https:\/\/webs.uab.cat\/campusdocentsigma\/wp-json\/wp\/v2\/types\/page"}],"author":[{"embeddable":true,"href":"https:\/\/webs.uab.cat\/campusdocentsigma\/wp-json\/wp\/v2\/users\/113"}],"replies":[{"embeddable":true,"href":"https:\/\/webs.uab.cat\/campusdocentsigma\/wp-json\/wp\/v2\/comments?post=56"}],"version-history":[{"count":1,"href":"https:\/\/webs.uab.cat\/campusdocentsigma\/wp-json\/wp\/v2\/pages\/56\/revisions"}],"predecessor-version":[{"id":460,"href":"https:\/\/webs.uab.cat\/campusdocentsigma\/wp-json\/wp\/v2\/pages\/56\/revisions\/460"}],"wp:attachment":[{"href":"https:\/\/webs.uab.cat\/campusdocentsigma\/wp-json\/wp\/v2\/media?parent=56"}],"curies":[{"name":"wp","href":"https:\/\/api.w.org\/{rel}","templated":true}]}}