{"id":3063,"date":"2022-10-10T13:32:36","date_gmt":"2022-10-10T11:32:36","guid":{"rendered":"https:\/\/webs.uab.cat\/canalce\/?page_id=3063"},"modified":"2025-01-27T13:38:54","modified_gmt":"2025-01-27T11:38:54","slug":"servei-daudiovisuals","status":"publish","type":"page","link":"https:\/\/webs.uab.cat\/canalce\/","title":{"rendered":"Servei d&#8217;Audiovisuals"},"content":{"rendered":"\n<div class=\"wp-block-group alignwide\"><div class=\"wp-block-group__inner-container is-layout-constrained wp-block-group-is-layout-constrained\">\n<div class=\"wp-block-columns alignfull is-layout-flex wp-container-core-columns-is-layout-9d6595d7 wp-block-columns-is-layout-flex\">\n<div class=\"wp-block-column is-vertically-aligned-top is-layout-flow wp-block-column-is-layout-flow\" style=\"flex-basis:33.33%\">\n<p class=\"has-text-align-center\"><strong>Qu\u00e8 t&#8217;ofereix la facultat de Ci\u00e8ncies de l&#8217;Educaci\u00f3 de la UAB?<\/strong><\/p>\n\n\n\n<p class=\"has-text-align-center\"> Graus, m\u00e0sters, recerca, innovaci\u00f3 en espais docents interiors i exteriors en un campus \u00fanic. Vine a descobrir-ho!<\/p>\n\n\n\n<figure class=\"wp-block-gallery has-nested-images columns-default is-cropped wp-block-gallery-1 is-layout-flex wp-block-gallery-is-layout-flex\">\n<figure class=\"wp-block-image size-large\"><a href=\"https:\/\/youtu.be\/nquUFgltoXc\"><img loading=\"lazy\" decoding=\"async\" width=\"1024\" height=\"576\" data-id=\"3806\" src=\"https:\/\/webs.uab.cat\/canalce\/wp-content\/uploads\/sites\/249\/2025\/01\/Diapositiva2-1024x576.jpg\" alt=\"\" class=\"wp-image-3806\" srcset=\"https:\/\/webs.uab.cat\/canalce\/wp-content\/uploads\/sites\/249\/2025\/01\/Diapositiva2-1024x576.jpg 1024w, https:\/\/webs.uab.cat\/canalce\/wp-content\/uploads\/sites\/249\/2025\/01\/Diapositiva2-300x169.jpg 300w, https:\/\/webs.uab.cat\/canalce\/wp-content\/uploads\/sites\/249\/2025\/01\/Diapositiva2-768x432.jpg 768w, https:\/\/webs.uab.cat\/canalce\/wp-content\/uploads\/sites\/249\/2025\/01\/Diapositiva2-1200x675.jpg 1200w, https:\/\/webs.uab.cat\/canalce\/wp-content\/uploads\/sites\/249\/2025\/01\/Diapositiva2.jpg 1280w\" sizes=\"auto, (max-width: 1024px) 100vw, 1024px\" \/><\/a><\/figure>\n<\/figure>\n\n\n\n<h3 class=\"wp-block-heading has-text-align-center\"><\/h3>\n\n\n\n<div class=\"wp-block-buttons is-horizontal is-content-justification-center is-layout-flex wp-container-core-buttons-is-layout-499968f5 wp-block-buttons-is-layout-flex\">\n<div class=\"wp-block-button has-custom-width wp-block-button__width-75 has-custom-font-size is-style-outline has-small-font-size is-style-outline--2\"><a class=\"wp-block-button__link wp-element-button\" href=\"https:\/\/www.youtube.com\/playlist?list=PLfiwyQy5C38e_L2sgFQ9M0EgYPfRPCNp3\" style=\"border-radius:100px\">Inauguracions<\/a><\/div>\n<\/div>\n\n\n\n<div class=\"wp-block-buttons is-content-justification-center is-layout-flex wp-container-core-buttons-is-layout-16018d1d wp-block-buttons-is-layout-flex\">\n<div class=\"wp-block-button has-custom-width wp-block-button__width-75 is-style-fill\"><a class=\"wp-block-button__link wp-element-button\" href=\"https:\/\/www.youtube.com\/playlist?list=PLfiwyQy5C38dW2bifv7gGdkN-dhKOdfXn\" style=\"border-radius:70px\" target=\"_blank\" rel=\"noreferrer noopener\">Graduacions 2024<\/a><\/div>\n<\/div>\n\n\n\n<div class=\"wp-block-buttons is-content-justification-center is-layout-flex wp-container-core-buttons-is-layout-16018d1d wp-block-buttons-is-layout-flex\">\n<div class=\"wp-block-button has-custom-width wp-block-button__width-75 has-custom-font-size is-style-outline has-small-font-size is-style-outline--3\"><a class=\"wp-block-button__link wp-element-button\" href=\"https:\/\/www.youtube.com\/playlist?list=PLfiwyQy5C38cEsJdJJkaGYZoUyxE2mijc\" style=\"border-radius:100px\">culturals<\/a><\/div>\n<\/div>\n\n\n\n<div class=\"wp-block-buttons is-content-justification-center is-layout-flex wp-container-core-buttons-is-layout-16018d1d wp-block-buttons-is-layout-flex\">\n<div class=\"wp-block-button has-custom-width wp-block-button__width-75 has-custom-font-size is-style-outline has-small-font-size is-style-outline--4\"><a class=\"wp-block-button__link wp-element-button\" href=\"https:\/\/www.youtube.com\/playlist?list=PLfiwyQy5C38fxJ-dmjDO2SJTBLNWRFXmT\" style=\"border-radius:92px\">Informaci\u00f3 Facultat<\/a><\/div>\n<\/div>\n\n\n\n<div class=\"wp-block-buttons is-vertical is-content-justification-center is-layout-flex wp-container-core-buttons-is-layout-4649e89c wp-block-buttons-is-layout-flex\">\n<div class=\"wp-block-button has-custom-width wp-block-button__width-75 has-custom-font-size is-style-outline has-small-font-size is-style-outline--5\"><a class=\"wp-block-button__link wp-element-button\" href=\"https:\/\/www.youtube.com\/playlist?list=PLfiwyQy5C38d-l5i8pSdXvB9Q7Vjt2tQY\" style=\"border-radius:100px\">Promocionals<\/a><\/div>\n<\/div>\n\n\n\n<div class=\"wp-block-buttons is-content-justification-center is-layout-flex wp-container-core-buttons-is-layout-16018d1d wp-block-buttons-is-layout-flex\">\n<div class=\"wp-block-button has-custom-width wp-block-button__width-75 has-custom-font-size is-style-outline has-small-font-size is-style-outline--6\"><a class=\"wp-block-button__link wp-element-button\" href=\"https:\/\/www.youtube.com\/playlist?list=PLfiwyQy5C38dA3n1K3wGer-V2iViktuVL\" style=\"border-radius:100px\">Doc\u00e8ncia<\/a><\/div>\n<\/div>\n\n\n\n<div class=\"wp-block-buttons is-content-justification-center is-layout-flex wp-container-core-buttons-is-layout-16018d1d wp-block-buttons-is-layout-flex\">\n<div class=\"wp-block-button has-custom-width wp-block-button__width-75 has-custom-font-size is-style-outline has-small-font-size is-style-outline--7\"><a class=\"wp-block-button__link wp-element-button\" href=\"https:\/\/www.youtube.com\/playlist?list=PLfiwyQy5C38f0I1LQUcYqANglu5GaQg9i\" style=\"border-radius:100px\">confer\u00e8ncies<\/a><\/div>\n<\/div>\n\n\n\n<div class=\"wp-block-buttons is-content-justification-center is-layout-flex wp-container-core-buttons-is-layout-16018d1d wp-block-buttons-is-layout-flex\">\n<div class=\"wp-block-button has-custom-width wp-block-button__width-75 has-custom-font-size is-style-outline has-small-font-size is-style-outline--8\"><a class=\"wp-block-button__link wp-element-button\" href=\"https:\/\/www.youtube.com\/playlist?list=PLfiwyQy5C38ci7dwNTyuDkwT7b8rmRbrY\" style=\"border-radius:100px\">Jornades i congressos<\/a><\/div>\n<\/div>\n<\/div>\n\n\n\n<div class=\"wp-block-column is-layout-flow wp-block-column-is-layout-flow\" style=\"flex-basis:66.67%\">\n<div class=\"wp-block-columns is-layout-flex wp-container-core-columns-is-layout-9d6595d7 wp-block-columns-is-layout-flex\">\n<div class=\"wp-block-column is-vertically-aligned-center is-layout-flow wp-block-column-is-layout-flow\" style=\"flex-basis:100%\">\n<div class=\"wp-block-media-text is-stacked-on-mobile\" style=\"grid-template-columns:41% auto\"><figure class=\"wp-block-media-text__media\"><a href=\"https:\/\/www.youtube.com\/playlist?list=PLfiwyQy5C38cnRYeIv9ITZ2HKw63iV4WD\"><img loading=\"lazy\" decoding=\"async\" width=\"1024\" height=\"576\" src=\"https:\/\/webs.uab.cat\/canalce\/wp-content\/uploads\/sites\/249\/2025\/01\/Diapositiva3-1024x576.jpg\" alt=\"\" class=\"wp-image-3799 size-full\" srcset=\"https:\/\/webs.uab.cat\/canalce\/wp-content\/uploads\/sites\/249\/2025\/01\/Diapositiva3-1024x576.jpg 1024w, https:\/\/webs.uab.cat\/canalce\/wp-content\/uploads\/sites\/249\/2025\/01\/Diapositiva3-300x169.jpg 300w, https:\/\/webs.uab.cat\/canalce\/wp-content\/uploads\/sites\/249\/2025\/01\/Diapositiva3-768x432.jpg 768w, https:\/\/webs.uab.cat\/canalce\/wp-content\/uploads\/sites\/249\/2025\/01\/Diapositiva3-1200x675.jpg 1200w, https:\/\/webs.uab.cat\/canalce\/wp-content\/uploads\/sites\/249\/2025\/01\/Diapositiva3.jpg 1280w\" sizes=\"auto, (max-width: 1024px) 100vw, 1024px\" \/><\/a><\/figure><div class=\"wp-block-media-text__content\">\n<p><strong>Darreres publicacions <\/strong><\/p>\n\n\n\n<p class=\"has-small-font-size\">Societat L\u00edquida<\/p>\n\n\n\n<p class=\"has-small-font-size\">1\u00aa Edici\u00f3 Premi TFM CRiEDO \u2013 Lidia Carrillo<\/p>\n\n\n\n<p class=\"has-small-font-size\">3a Edici\u00f3 Premi CRiEDO &#8211; Sant Jordi Fundaci\u00f3 Creactiva<\/p>\n\n\n\n<p>Taller de creaci\u00f3 de paper<\/p>\n\n\n\n<p>Concert de Santa Cec\u00edlia<\/p>\n\n\n\n<p><\/p>\n<\/div><\/div>\n\n\n\n<div class=\"wp-block-columns is-layout-flex wp-container-core-columns-is-layout-9d6595d7 wp-block-columns-is-layout-flex\">\n<div class=\"wp-block-column is-layout-flow wp-block-column-is-layout-flow\" style=\"flex-basis:100%\">\n<div class=\"wp-block-columns is-layout-flex wp-container-core-columns-is-layout-9d6595d7 wp-block-columns-is-layout-flex\">\n<div class=\"wp-block-column is-vertically-aligned-bottom is-layout-flow wp-block-column-is-layout-flow\"><\/div>\n<\/div>\n<\/div>\n<\/div>\n<\/div>\n<\/div>\n\n\n\n<div class=\"wp-block-media-text has-media-on-the-right is-stacked-on-mobile is-vertically-aligned-center\" style=\"grid-template-columns:auto 45%\"><div class=\"wp-block-media-text__content\">\n<p><strong>6\u00aa edici\u00f3 de TransNatura &#8220;La natura com a font d\u2019aprenentatge per a la formaci\u00f3 inicial dels mestres&#8221;<\/strong><\/p>\n\n\n\n<p>Viure dos dies en un entorn natural, aporta a l\u2019estudiant experi\u00e8ncies riques per a la seva formaci\u00f3 personal, social i professional, i al professorat, poder realitzar un projecte interdisciplinar amb companys que treballen amb els mateixos estudiants. La coordinaci\u00f3 d\u2019aquests \u00e9s imprescindible per al bon funcionament de l\u2019activitat. S\u2019ofereix aix\u00ed als estudiants un bon model de pr\u00e0ctica educativa que podran desenvolupar a la seva propera tasca professional.<\/p>\n<\/div><figure class=\"wp-block-media-text__media\"><a href=\"https:\/\/www.youtube.com\/playlist?list=PLfiwyQy5C38egbiOEMLyjXPwnNgGq4vgy\"><img loading=\"lazy\" decoding=\"async\" width=\"1024\" height=\"549\" src=\"https:\/\/webs.uab.cat\/canalce\/wp-content\/uploads\/sites\/249\/2023\/03\/TransN-1024x549.jpg\" alt=\"\" class=\"wp-image-3545 size-full\" srcset=\"https:\/\/webs.uab.cat\/canalce\/wp-content\/uploads\/sites\/249\/2023\/03\/TransN-1024x549.jpg 1024w, https:\/\/webs.uab.cat\/canalce\/wp-content\/uploads\/sites\/249\/2023\/03\/TransN-300x161.jpg 300w, https:\/\/webs.uab.cat\/canalce\/wp-content\/uploads\/sites\/249\/2023\/03\/TransN-768x412.jpg 768w, https:\/\/webs.uab.cat\/canalce\/wp-content\/uploads\/sites\/249\/2023\/03\/TransN.jpg 1170w\" sizes=\"auto, (max-width: 1024px) 100vw, 1024px\" \/><\/a><\/figure><\/div>\n\n\n\n<p class=\"has-text-align-center has-small-font-size\">.<\/p>\n<\/div>\n<\/div>\n<\/div><\/div>\n\n\n\n<p><\/p>\n","protected":false},"excerpt":{"rendered":"<p>Qu\u00e8 t&#8217;ofereix la facultat de Ci\u00e8ncies de l&#8217;Educaci\u00f3 de la UAB? Graus, m\u00e0sters, recerca, innovaci\u00f3 en espais docents interiors i exteriors en un campus \u00fanic. Vine a descobrir-ho! Darreres publicacions Societat L\u00edquida 1\u00aa Edici\u00f3 Premi TFM CRiEDO \u2013 Lidia Carrillo 3a Edici\u00f3 Premi CRiEDO &#8211; Sant Jordi Fundaci\u00f3 Creactiva Taller de creaci\u00f3 de paper Concert [&hellip;]<\/p>\n","protected":false},"author":20,"featured_media":0,"parent":0,"menu_order":0,"comment_status":"closed","ping_status":"closed","template":"","meta":{"footnotes":""},"class_list":["post-3063","page","type-page","status-publish","hentry"],"_links":{"self":[{"href":"https:\/\/webs.uab.cat\/canalce\/wp-json\/wp\/v2\/pages\/3063","targetHints":{"allow":["GET"]}}],"collection":[{"href":"https:\/\/webs.uab.cat\/canalce\/wp-json\/wp\/v2\/pages"}],"about":[{"href":"https:\/\/webs.uab.cat\/canalce\/wp-json\/wp\/v2\/types\/page"}],"author":[{"embeddable":true,"href":"https:\/\/webs.uab.cat\/canalce\/wp-json\/wp\/v2\/users\/20"}],"replies":[{"embeddable":true,"href":"https:\/\/webs.uab.cat\/canalce\/wp-json\/wp\/v2\/comments?post=3063"}],"version-history":[{"count":98,"href":"https:\/\/webs.uab.cat\/canalce\/wp-json\/wp\/v2\/pages\/3063\/revisions"}],"predecessor-version":[{"id":3816,"href":"https:\/\/webs.uab.cat\/canalce\/wp-json\/wp\/v2\/pages\/3063\/revisions\/3816"}],"wp:attachment":[{"href":"https:\/\/webs.uab.cat\/canalce\/wp-json\/wp\/v2\/media?parent=3063"}],"curies":[{"name":"wp","href":"https:\/\/api.w.org\/{rel}","templated":true}]}}