{"id":3065,"date":"2022-10-10T13:36:50","date_gmt":"2022-10-10T11:36:50","guid":{"rendered":"https:\/\/webs.uab.cat\/canalce\/?page_id=3065"},"modified":"2025-01-21T11:23:53","modified_gmt":"2025-01-21T09:23:53","slug":"qui-som","status":"publish","type":"page","link":"https:\/\/webs.uab.cat\/canalce\/qui-som\/","title":{"rendered":"Qui som"},"content":{"rendered":"\n<h2 class=\"wp-block-heading\">Qui som<\/h2>\n\n\n\n<div class=\"wp-block-columns alignwide is-layout-flex wp-container-core-columns-is-layout-9d6595d7 wp-block-columns-is-layout-flex\">\n<div class=\"wp-block-column is-layout-flow wp-block-column-is-layout-flow\" style=\"flex-basis:66.66%\">\n<p>El servei d&#8217;Audiovisuals s\u2019emmarca dins la Facultat de Ci\u00e8ncies de l\u2019Educaci\u00f3 de la Universitat Aut\u00f2noma de Barcelona. Comen\u00e7a a funcionar com a tal l\u2019any 1993.<\/p>\n\n\n\n<p>L\u2019any 2012 donada la reorganitzaci\u00f3 del serveis de la UAB es considera id\u00f2nia la redefinici\u00f3 del Servei d\u2019Audiovisuals com a Servei Docent.<\/p>\n\n\n\n<p>El servei est\u00e0 destinat a proporcionar, suport a la doc\u00e8ncia i a la recerca a la Facultat de Ci\u00e8ncies de l\u2019Educaci\u00f3. Aix\u00ed com tamb\u00e9 als diferents centres de la UAB, &nbsp;grups d&#8217;investigaci\u00f3 , d&#8217;altres organismes, centres p\u00fablics o privats que ho sol\u00b7licitin, sempre dins el marc de l\u2019\u00e0mbit educatiu.<\/p>\n\n\n\n<figure class=\"wp-block-image size-medium\"><img loading=\"lazy\" decoding=\"async\" width=\"300\" height=\"173\" src=\"https:\/\/webs.uab.cat\/canalce\/wp-content\/uploads\/sites\/249\/2023\/02\/08-300x173.jpg\" alt=\"\" class=\"wp-image-3501\" srcset=\"https:\/\/webs.uab.cat\/canalce\/wp-content\/uploads\/sites\/249\/2023\/02\/08-300x173.jpg 300w, https:\/\/webs.uab.cat\/canalce\/wp-content\/uploads\/sites\/249\/2023\/02\/08-1024x590.jpg 1024w, https:\/\/webs.uab.cat\/canalce\/wp-content\/uploads\/sites\/249\/2023\/02\/08-768x442.jpg 768w, https:\/\/webs.uab.cat\/canalce\/wp-content\/uploads\/sites\/249\/2023\/02\/08-1536x884.jpg 1536w, https:\/\/webs.uab.cat\/canalce\/wp-content\/uploads\/sites\/249\/2023\/02\/08-2048x1179.jpg 2048w, https:\/\/webs.uab.cat\/canalce\/wp-content\/uploads\/sites\/249\/2023\/02\/08-1200x691.jpg 1200w, https:\/\/webs.uab.cat\/canalce\/wp-content\/uploads\/sites\/249\/2023\/02\/08-1980x1140.jpg 1980w\" sizes=\"auto, (max-width: 300px) 100vw, 300px\" \/><\/figure>\n\n\n\n<p><\/p>\n\n\n\n<p><a href=\"https:\/\/ddd.uab.cat\/record\/259035\">Carta de serveis del Servei d&#8217;Audiovisuals de la Facultat de Ci\u00e8ncies de l&#8217;Educaci\u00f3.<\/a><\/p>\n\n\n\n<p><a href=\"https:\/\/ddd.uab.cat\/record\/259042\">Mem\u00f2ria del Servei d&#8217;Audiovisuals<\/a><\/p>\n\n\n\n<p>Estem ubicats a la segona planta de l&#8217;edifici G6 de la Facultat de Ci\u00e8ncies de l&#8217;Educaci\u00f3.<br>Tel\u00e8fon: 93 581 22 60<br>email:&nbsp;<a href=\"mailto:sae.av@uab.cat\">sae.av@uab.cat<\/a>.<\/p>\n<\/div>\n<\/div>\n\n\n\n<p><\/p>\n","protected":false},"excerpt":{"rendered":"<p>Qui som El servei d&#8217;Audiovisuals s\u2019emmarca dins la Facultat de Ci\u00e8ncies de l\u2019Educaci\u00f3 de la Universitat Aut\u00f2noma de Barcelona. Comen\u00e7a a funcionar com a tal l\u2019any 1993. L\u2019any 2012 donada la reorganitzaci\u00f3 del serveis de la UAB es considera id\u00f2nia la redefinici\u00f3 del Servei d\u2019Audiovisuals com a Servei Docent. El servei est\u00e0 destinat a proporcionar, [&hellip;]<\/p>\n","protected":false},"author":20,"featured_media":0,"parent":0,"menu_order":0,"comment_status":"closed","ping_status":"closed","template":"","meta":{"footnotes":""},"class_list":["post-3065","page","type-page","status-publish","hentry"],"_links":{"self":[{"href":"https:\/\/webs.uab.cat\/canalce\/wp-json\/wp\/v2\/pages\/3065","targetHints":{"allow":["GET"]}}],"collection":[{"href":"https:\/\/webs.uab.cat\/canalce\/wp-json\/wp\/v2\/pages"}],"about":[{"href":"https:\/\/webs.uab.cat\/canalce\/wp-json\/wp\/v2\/types\/page"}],"author":[{"embeddable":true,"href":"https:\/\/webs.uab.cat\/canalce\/wp-json\/wp\/v2\/users\/20"}],"replies":[{"embeddable":true,"href":"https:\/\/webs.uab.cat\/canalce\/wp-json\/wp\/v2\/comments?post=3065"}],"version-history":[{"count":10,"href":"https:\/\/webs.uab.cat\/canalce\/wp-json\/wp\/v2\/pages\/3065\/revisions"}],"predecessor-version":[{"id":3798,"href":"https:\/\/webs.uab.cat\/canalce\/wp-json\/wp\/v2\/pages\/3065\/revisions\/3798"}],"wp:attachment":[{"href":"https:\/\/webs.uab.cat\/canalce\/wp-json\/wp\/v2\/media?parent=3065"}],"curies":[{"name":"wp","href":"https:\/\/api.w.org\/{rel}","templated":true}]}}