{"id":3166,"date":"2022-10-24T09:20:27","date_gmt":"2022-10-24T07:20:27","guid":{"rendered":"https:\/\/webs.uab.cat\/canalce\/?page_id=3166"},"modified":"2022-12-22T13:23:19","modified_gmt":"2022-12-22T11:23:19","slug":"jornades-i-conferencies","status":"publish","type":"page","link":"https:\/\/webs.uab.cat\/canalce\/jornades-i-conferencies\/","title":{"rendered":"Jornades i confer\u00e8ncies"},"content":{"rendered":"\n<p><\/p>\n\n\n\n<div class=\"wp-block-columns alignwide is-layout-flex wp-container-core-columns-is-layout-9d6595d7 wp-block-columns-is-layout-flex\">\n<div class=\"wp-block-column is-layout-flow wp-block-column-is-layout-flow\" style=\"flex-basis:25%\">\n<div class=\"wp-block-buttons is-layout-flex wp-block-buttons-is-layout-flex\">\n<div class=\"wp-block-button is-style-outline is-style-outline--1\"><a class=\"wp-block-button__link\" href=\"https:\/\/www.youtube.com\/playlist?list=PLfiwyQy5C38d-0YRalaBeNIporbxQAyg0\">Insttucionals<\/a><\/div>\n<\/div>\n\n\n\n<div class=\"wp-block-buttons is-layout-flex wp-block-buttons-is-layout-flex\">\n<div class=\"wp-block-button is-style-outline is-style-outline--2\"><a class=\"wp-block-button__link\" href=\"https:\/\/www.youtube.com\/playlist?list=PLfiwyQy5C38ci7dwNTyuDkwT7b8rmRbrY\">Jornades i congressos<\/a><\/div>\n<\/div>\n<\/div>\n\n\n\n<div class=\"wp-block-column is-layout-flow wp-block-column-is-layout-flow\" style=\"flex-basis:75%\"><div class=\"wp-block-media-text is-stacked-on-mobile fitxa\">\r\n\t<figure class=\"wp-block-media-text__media\">\r\n\t\t<img decoding=\"async\" src=\"https:\/\/webs.uab.cat\/canalce\/wp-content\/uploads\/sites\/249\/2021\/05\/jorandaorientacio.png\" alt=\"#\" >\r\n\t<\/figure>\r\n\t<div class=\"wp-block-media-text__content\">\r\n\t\t<p><a href=\"https:\/\/webs.uab.cat\/canalce\/fitxa-pre\/jornada-dorientacio-professional-facultat-de-ciencies-de-leducacio-uab\/\"><strong>Jornada d\u2019Orientaci\u00f3 professional. Facultat de Ci\u00e8ncies de l&#8217;Educaci\u00f3. UAB<\/strong><\/a><\/p>\r\n\t\t<p><span class=\"categoria\">jornades<\/span>||05\/10\/2021<\/p>\r\n\t\t<p><p>El 13 de maig de 2021 a la Facultat de Ci\u00e8ncies de l\u2019Educaci\u00f3 es fa la Jornada d\u2019Orientaci\u00f3 Professional 2021. Destinada a tot l\u2019estudiantat de 4t curs dels Graus d\u2019educaci\u00f3 Infantil, Prim\u00e0ria, Pedagogia i Educaci\u00f3 Social. Pels qui vulguin seguir estudiant es presentaran els t\u00edtols de Postgrau i M\u00e0ster de la Facultat. Pel qui estiguin pensant anar fora es parlar\u00e0 d\u2019oportunitats i recursos per a fer pr\u00e0ctiques i feina a l\u2019estranger. Es realitzaran taules rodones amb ex-estudiants que han encarat, reinventat i desafiat de formes diferents la seva incorporaci\u00f3 a la professi\u00f3. I pels mestres de Prim\u00e0ria i Infantil se\u2019ls explicar\u00e0 all\u00f2 essencial per entrar a la borsa de treball o llistes del Departament d\u2019Educaci\u00f3.<\/p>\n<\/p>\r\n\t<\/div>\r\n<\/div><div class=\"wp-block-media-text is-stacked-on-mobile fitxa\">\r\n\t<figure class=\"wp-block-media-text__media\">\r\n\t\t<img decoding=\"async\" src=\"https:\/\/webs.uab.cat\/canalce\/wp-content\/uploads\/sites\/249\/2020\/10\/992cat150.jpg\" alt=\"#\" >\r\n\t<\/figure>\r\n\t<div class=\"wp-block-media-text__content\">\r\n\t\t<p><a href=\"https:\/\/webs.uab.cat\/canalce\/fitxa-pre\/los-lenguajes-de-la-educacion\/\"><strong>Los lenguajes de la educaci\u00f3n<\/strong><\/a><\/p>\r\n\t\t<p><span class=\"categoria\">jornades<\/span>||10\/19\/2020<\/p>\r\n\t\t<p><p>Conferencia Inaugural <i><b>\u201cLos lenguajes de la educaci\u00f3n\u201d<\/b><\/i> a cargo del Dr. <span style=\"color: #ff0000;\">Joan Carles M\u00e8lich<\/span>, professor del \u00c0rea de Teoria i d&#8217;Hist\u00f2ria de l&#8217;Educaci\u00f3 y fil\u00f3sofo.\u00a0 Conferencia en el marco de la Inauguraci\u00f3n del M\u00e0ster de Recerca en Educaci\u00f3 de la Facultat de Ci\u00e8ncies de l&#8217;Educaci\u00f3.<\/p>\n<\/p>\r\n\t<\/div>\r\n<\/div><div class=\"wp-block-media-text is-stacked-on-mobile fitxa\">\r\n\t<figure class=\"wp-block-media-text__media\">\r\n\t\t<img decoding=\"async\" src=\"https:\/\/webs.uab.cat\/canalce\/wp-content\/uploads\/sites\/249\/2020\/03\/975cat150_0.jpg\" alt=\"#\" >\r\n\t<\/figure>\r\n\t<div class=\"wp-block-media-text__content\">\r\n\t\t<p><a href=\"https:\/\/webs.uab.cat\/canalce\/fitxa-pre\/i-jornada-deducacio-i-genere-educacio-queer\/\"><strong>I Jornada d&#8217;Educaci\u00f3 i G\u00e9nere. &#8220;Educaci\u00f3 Queer&#8221;<\/strong><\/a><\/p>\r\n\t\t<p><span class=\"categoria\">jornades<\/span>||02\/28\/2020<\/p>\r\n\t\t<p><p>\u201cEducaci\u00f3 Queer\u201d La primera jornada organitzada pel Grup d&#8217;Educaci\u00f3 i G\u00e8nere. El projecte d&#8217;investigaci\u00f3-acci\u00f3 que treballa conjuntament amb professorat i alumnat per erradicar l\u2019assumpci\u00f3 acr\u00edtica del patriarcat. Afirmen que \u201cLa millora de la qualitat educativa passa per transformar visions i metodologies d&#8217;ensenyament\u201d.<\/p>\n<ul>\n<li type=\"circle\"><a href=\"http:\/\/serveis.uab.cat\/canalce\/node\/841\"><i>Presentaci\u00f3 de I Jornada d&#8217;Educaci\u00f3 i G\u00e8nere. EDUCACI\u00d3 QUEER.<\/i><\/a><\/li>\n<li type=\"circle\"><a href=\"http:\/\/serveis.uab.cat\/canalce\/node\/843\"><i>Portant la perspectiva LGTBI+ a l\u2019aula. Arnau Roig.<\/i><\/a><\/li>\n<li type=\"circle\"><a href=\"http:\/\/serveis.uab.cat\/canalce\/node\/844\"><i>La perspectiva de g\u00e8nere a la Facultat d\u2019Educaci\u00f3: una primera aproximaci\u00f3.<\/i><\/a><\/li>\n<li type=\"circle\"><a href=\"http:\/\/serveis.uab.cat\/canalce\/node\/845\"><i>La palabra m\u00e1s sexy es s\u00ed: incorporando el consentimiento en el sexo y en el d\u00eda a d\u00eda. Shaina Joy Machlus.<\/i><\/a><\/li>\n<li type=\"circle\"><a href=\"http:\/\/serveis.uab.cat\/canalce\/node\/846\"><i>Investigaci\u00f3 activista feminista en educaci\u00f3. Barbara Biglia.<\/i><\/a><\/li>\n<\/ul>\n<\/p>\r\n\t<\/div>\r\n<\/div><div class=\"wp-block-media-text is-stacked-on-mobile fitxa\">\r\n\t<figure class=\"wp-block-media-text__media\">\r\n\t\t<img decoding=\"async\" src=\"https:\/\/webs.uab.cat\/canalce\/wp-content\/uploads\/sites\/249\/2020\/02\/903cat150.jpg\" alt=\"#\" >\r\n\t<\/figure>\r\n\t<div class=\"wp-block-media-text__content\">\r\n\t\t<p><a href=\"https:\/\/webs.uab.cat\/canalce\/fitxa-pre\/xvii-jornades-internacionals-de-recerca-en-didactica-de-les-ciencies-socials\/\"><strong>XVII Jornades Internacionals de Recerca en Did\u00e0ctica de les Ci\u00e8ncies Socials<\/strong><\/a><\/p>\r\n\t\t<p><span class=\"categoria\">jornades<\/span>||02\/25\/2020<\/p>\r\n\t\t<p><p><center><img decoding=\"async\" align=\"middle\" alt=\"\" height=\"\" src=\"http:\/\/canalce.uab.cat\/img\/Fotosweb\/903web.jpg\" width=\"380\" \/><\/center><\/p>\n<p>Les Jornades Internacionals de Recerca en Did\u00e0ctica de les Ci\u00e8ncies Socials s\u00f3n una activitat organitzada per GREDICS (Grup de Recerca en Did\u00e0ctica de les Ci\u00e8ncies Socials), nascut l&#8217;any 2007. Tal com les coneixem, s\u00f3n un punt de trobada entre la teor\u00eda i la pr\u00e0ctica, d\u2019interrelaci\u00f3 entre el professorat de les diferents etapes educatives: infantil, prim\u00e0ria, secund\u00e0ria, batxillerat i universitat. Les Jornades esdevenen un espai per compartir les diferents experi\u00e8ncies, sensacions, inquietuds i reflexion entorn l&#8217;educaci\u00f3 i, m\u00e9s concretament, l&#8217;ensenyament i aprenentatge de les ci\u00e8ncies socials.<\/p>\n<ul>\n<li type=\"circle\"><a href=\"http:\/\/serveis.uab.cat\/canalce\/node\/835\"><i>Educaci\u00f3n para la ciudadan\u00eda en tiempos de retroceso democr\u00e1tico. Daniel Schugurensky (Arizona State University).<\/i><\/a><\/li>\n<li type=\"circle\"><a href=\"http:\/\/serveis.uab.cat\/canalce\/node\/836\"><i>La actitud cr\u00edtica como ant\u00eddoto ante las emociones como instrumento ideol\u00f3gico. Encarna Atienza (Universitat Pompeu Fabra).<\/i><\/a><\/li>\n<li type=\"circle\"><a href=\"http:\/\/serveis.uab.cat\/canalce\/node\/837\"><i>Ciencias Sociales con perspectiva de g\u00e9nero: toma de decisiones, participaci\u00f3n ciudadana y construcci\u00f3n democr\u00e1tica. Consuelo D\u00edez (Universidad de Ja\u00e9n).<\/i><\/a><\/li>\n<li type=\"circle\"><a href=\"http:\/\/serveis.uab.cat\/canalce\/node\/838\"><i>Viure la democr\u00e0cia en temps d\u2019incertesa. Agn\u00e8s Boixader (Col\u00b7lectiu EnRaonar).<\/i><\/a><\/li>\n<\/ul>\n<p>&nbsp;<\/p>\n<\/p>\r\n\t<\/div>\r\n<\/div><div class=\"wp-block-media-text is-stacked-on-mobile fitxa\">\r\n\t<figure class=\"wp-block-media-text__media\">\r\n\t\t<img decoding=\"async\" src=\"https:\/\/webs.uab.cat\/canalce\/wp-content\/uploads\/sites\/249\/2019\/12\/941cat200.jpg\" alt=\"#\" >\r\n\t<\/figure>\r\n\t<div class=\"wp-block-media-text__content\">\r\n\t\t<p><a href=\"https:\/\/webs.uab.cat\/canalce\/fitxa-pre\/xxvii-jornada-de-reflexio-del-consell-escolar-de-catalunya\/\"><strong>XXVII Jornada de Reflexi\u00f3 del Consell Escolar de Catalunya<\/strong><\/a><\/p>\r\n\t\t<p><span class=\"categoria\">jornades<\/span>||12\/10\/2019<\/p>\r\n\t\t<p><p><center><img decoding=\"async\" align=\"middle\" alt=\"\" height=\"\" src=\"http:\/\/canalce.uab.cat\/img\/Fotosweb\/941consell.jpg\" width=\"380\" \/><\/center><\/p>\n<p>El temps ha estat sempre l\u2019eix sobre el qual s\u2019han estructurat les relacions socials, econ\u00f2miques o culturals que han determinat el funcionament d\u2019una societat. L\u2019escola ha estat l\u2019encarregada de gestionar un temps educatiu que havia de conjugar interessos i concepcions temporals divergents, un temps que cal harmonitzar i racionalitzar si volem construir una societat equilibrada en qu\u00e8 sigui possible conciliar feina, fam\u00edlia, lleure i formaci\u00f3.<br \/>\nPer aquest motiu, resulta imprescindible obrir un debat en els mateixos termes en qu\u00e8 el van situar els grecs quan van establir la difer\u00e8ncia entre cronos i kair\u00f3s, o el que \u00e9s el mateix, entre el temps lineal i el temps creatiu.<br \/>\nEl debat sobre el temps a l\u2019educaci\u00f3 demana una mirada \u00e0mplia que incorpori tant el temps lectiu o escolar com franges temporals no estrictament acad\u00e8miques que incideixen en la formaci\u00f3 global dels alumnes. Es tracta d\u2019entendre el temps educatiu com la suma del temps escolar<br \/>\ni del temps periescolar. I, alhora, diferenciar entre el temps de l\u2019alumnat, que ha de ser el nucli de reflexi\u00f3, el del professorat i les necessitats familiars.<\/p>\n<ul>\n<li type=\"circle\"><a href=\"http:\/\/serveis.uab.cat\/canalce\/node\/827\"><i>Neuroci\u00e8ncia Cognitiva: Efectes del temps en l\u2019aprenentatge. Marta Portero.<\/i><\/a><\/li>\n<li type=\"circle\"><a href=\"http:\/\/serveis.uab.cat\/canalce\/node\/828\"><i>Taula rodona.<\/i><\/a><\/li>\n<li type=\"circle\"><a href=\"http:\/\/serveis.uab.cat\/canalce\/node\/829\"><i>L\u2019\u00fas del temps als sistemes educatius. OCDE Dades i an\u00e0lisi.<\/i><\/a><\/li>\n<li type=\"circle\"><a href=\"http:\/\/serveis.uab.cat\/canalce\/node\/830\"><i>Temps educatiu(s) i oportunitats. OCDE Dades i an\u00e0lisi.<\/i><\/a><\/li>\n<li type=\"circle\"><a href=\"http:\/\/serveis.uab.cat\/canalce\/node\/831\"><i>Cloenda de les Jornada.<\/i><\/a><\/li>\n<\/ul>\n<\/p>\r\n\t<\/div>\r\n<\/div><div class=\"wp-block-media-text is-stacked-on-mobile fitxa\">\r\n\t<figure class=\"wp-block-media-text__media\">\r\n\t\t<img decoding=\"async\" src=\"https:\/\/webs.uab.cat\/canalce\/wp-content\/uploads\/sites\/249\/2019\/10\/logometip200.jpg\" alt=\"#\" >\r\n\t<\/figure>\r\n\t<div class=\"wp-block-media-text__content\">\r\n\t\t<p><a href=\"https:\/\/webs.uab.cat\/canalce\/fitxa-pre\/ix-cicle-de-conferencies-estudis-territorials-i-planejament-metip\/\"><strong>IX Cicle de Confer\u00e8ncies &#8220;Estudis Territorials i Planejament&#8221; (METiP)<\/strong><\/a><\/p>\r\n\t\t<p><span class=\"categoria\">jornades<\/span>||10\/21\/2019<\/p>\r\n\t\t<p><p><center><img decoding=\"async\" align=\"middle\" alt=\"\" height=\"\" src=\"http:\/\/canalce.uab.cat\/img\/Fotosweb\/LOGOMETIP.jpg\" width=\"446\" \/><\/center><\/p>\n<p>&nbsp;<\/p>\n<p style=\"margin-bottom:.0001pt; text-align:justify\"><span style=\"line-height:normal\"><i><span style=\"font-size:12.0pt\"><a href=\"http:\/\/serveis.uab.cat\/canalce\/node\/816\">&#8220;L&#8217; escenari post-crisi a la metr\u00f2poli de Barcelona: desigualtat social, pobresa i din\u00e0miques socio-residencials&#8221;<\/a> a c\u00e0rrec de <\/span><\/i><b><strong>Sergio Porcel<\/strong><\/b>, soci\u00f2leg i Cap de l\u2019\u00c0rea de Cohesi\u00f3 Social i Urbana de Metr\u00f2polis.<\/span><\/p>\n<p style=\"margin-bottom:.0001pt; text-align:justify\"><span style=\"line-height:normal\"><i><span style=\"font-size:12.0pt\"><a href=\"http:\/\/serveis.uab.cat\/canalce\/node\/817\">&#8220;Inseguridad residencial y su relaci\u00f3n con la salud&#8221;<\/a> a c\u00e0rrec de <strong>Hugo V\u00e1squez<\/strong>, metge i cirurgi\u00e0 (grup de Recerca en Habitatge i Salut de l\u2019Ag\u00e8ncia de Salut P\u00fablica de Barcelona).<\/span><\/i><\/span><\/p>\n<p style=\"margin-bottom:.0001pt; text-align:justify\"><span style=\"line-height:normal\"><i><span style=\"font-size:12.0pt\"><a href=\"http:\/\/serveis.uab.cat\/canalce\/node\/818\">&#8220;Urbanisme feminista i ciutat cuidadora&#8221;<\/a> a c\u00e0rrec de<br \/>\n<strong>Blanca Valdivia<\/strong> del col\u00b7lectiu Punt 6.<\/span><\/i><\/span><\/p>\n<p style=\"margin-bottom:.0001pt; text-align:justify\"><span style=\"line-height:normal\"><i><span style=\"font-size:12.0pt\"><a href=\"http:\/\/serveis.uab.cat\/canalce\/node\/821\">&#8220;Turisme i contestaci\u00f3 urbana a un barri de Barcelona&#8221;<\/a> a c\u00e0rrec de <strong>Jos\u00e9 Mansilla<\/strong> de l&#8217;Observatori d\u2019Antropologia Urbana, Universitat de Barcelona.<\/span><\/i><\/span><\/p>\n<p>&nbsp;<\/p>\n<\/p>\r\n\t<\/div>\r\n<\/div><div class=\"wp-block-media-text is-stacked-on-mobile fitxa\">\r\n\t<figure class=\"wp-block-media-text__media\">\r\n\t\t<img decoding=\"async\" src=\"https:\/\/webs.uab.cat\/canalce\/wp-content\/uploads\/sites\/249\/2019\/10\/947cat150.jpg\" alt=\"#\" >\r\n\t<\/figure>\r\n\t<div class=\"wp-block-media-text__content\">\r\n\t\t<p><a href=\"https:\/\/webs.uab.cat\/canalce\/fitxa-pre\/com-sapren-a-una-escola-viva-coneix-lescola-polinya\/\"><strong>Com s&#8217;apr\u00e8n a una escola viva? Coneix l&#8217;Escola Poliny\u00e0<\/strong><\/a><\/p>\r\n\t\t<p><span class=\"categoria\">jornades<\/span>||10\/08\/2019<\/p>\r\n\t\t<p><p>L\u2019escola com a organisme viu, com espai de conviv\u00e8ncia i d\u2019intercanvi relacional entre adults i infants; un lloc on es pensa, es conversa o es fan coses tractant de conciliar all\u00f2 que se sap amb all\u00f2 qu\u00e8 encara no se\u2019n sap, les dificultats, les errades, les expectatives, els \u00e8xits, els dubtes i els problemes d\u2019elecci\u00f3. &nbsp;Un espai equilibrat entre les emocions i l\u2019aprenentatge.<\/p>\n<p>Confer\u00e8ncia a c\u00e0rrec de <span style=\"color: #ff0000;\">Beatriz S\u00e1nchez<\/span> i <span style=\"color: #ff0000;\">S\u00f2nia Gil<\/span>, mestres de l\u2019Escola Poliny\u00e0<br \/>\n&nbsp;<\/p>\n<\/p>\r\n\t<\/div>\r\n<\/div><div class=\"wp-block-media-text is-stacked-on-mobile fitxa\">\r\n\t<figure class=\"wp-block-media-text__media\">\r\n\t\t<img decoding=\"async\" src=\"https:\/\/webs.uab.cat\/canalce\/wp-content\/uploads\/sites\/249\/2019\/09\/909cat01_150.jpg\" alt=\"#\" >\r\n\t<\/figure>\r\n\t<div class=\"wp-block-media-text__content\">\r\n\t\t<p><a href=\"https:\/\/webs.uab.cat\/canalce\/fitxa-pre\/viii-jornada-el-proces-dacompanyament-a-adolescents-en-medi-obert-cartografiant-el-medi-obert\/\"><strong>VIII Jornada: El proc\u00e9s d&#8217;acompanyament a adolescents en medi obert. &#8220;Cartografiant el medi obert&#8221;<\/strong><\/a><\/p>\r\n\t\t<p><span class=\"categoria\">jornades<\/span>||09\/02\/2019<\/p>\r\n\t\t<p><p>Volem que aquesta edici\u00f3 posi en debat i ens faci reflexionar sobre el concepte de medi obert preguntant-nos sobre:<\/p>\n<p>1. Quins s\u00f3n els elements que caracteritzen l\u2019acompanyament a adolescents en medi obert?<\/p>\n<p>2. Quines s\u00f3n les compet\u00e8ncies necess\u00e0ries per a l\u2019acompanyament a adolescents en medi obert?<\/p>\n<p>3. Quines condicions i condicionants existeixen en l\u2019acompanyament a adolescents en medi obert?<\/p>\n<p>4. Quines s\u00f3n les estrat\u00e8gies metodol\u00f2giques de l\u2019acompanyament a adolescents en medi obert?<\/p>\n<p>&nbsp;<\/p>\n<p>Per tal d\u2019acompanyar-nos en aquest proc\u00e9s de reflexi\u00f3 es crearan espais de treball participatius on es puguin confrontar les mirades i espais de debat amb persones expertes que donin diferents perspectives pr\u00e0ctiques de projectes. Busquem que la jornada sigui un espai de debat, reflexi\u00f3, creaci\u00f3 i intercanvi on professionals, estudiants i persones interessades puguin, de manera conjunta, cartografiar el medi obert.<br \/>\nHi participen a les jornades: <span style=\"color: #ff0000;\">Jordi Mart\u00ed Oliv\u00e9<\/span>, t\u00e8cnic EMO 3 del Departament de Just\u00edcia de la Generalitat de Catalunya, Barcelona; <span style=\"color: #ff0000;\">Aid\u00e0 Almirall Serra<\/span>, Psic\u00f2leg, mediador i dinamitzador comunitari de &#8220;T\u00e9sera Mediaci\u00f3&#8221;, Pou de la Figuera (Barcelona); <span style=\"color: #ff0000;\">Ariadna Prats Ortas<\/span>,Educadora social de &#8220;Redan La Mina&#8221; a Sant Adri\u00e0 de Bes\u00f2s; <span style=\"color: #ff0000;\">Joel Garc\u00eda Cabrera<\/span>, Dinamitzador sociocultural i educador del &#8220;Casal Joves Altimira&#8221;, Cerdanyola del Vall\u00e8s; <span style=\"color: #ff0000;\">Jon\u00e0s Carbon\u00e9s Camps<\/span>, Educador social d&#8217;&#8221;Ori\u00f3 Eduserveis&#8221;, Figueres i <span style=\"color: #ff0000;\">Berta Ferran Segura<\/span>, Directora d\u2019acci\u00f3 social i acompanyament socioeducatiu Districte Jove, Terrassa.<\/p>\n<p>&nbsp;<\/p>\n<p>Conclusions, a c\u00e0rrec de <span style=\"color: #ff0000;\">Xavier \u00dacar<\/span>, Universitat Aut\u00f2noma de Barcelona i <span style=\"color: #ff0000;\">Francesc Mill\u00e1n<\/span> de la Diputaci\u00f3 de Barcelona.<\/p>\n<ul>\n<li type=\"circle\"><a href=\"http:\/\/serveis.uab.cat\/canalce\/node\/807\"><i>Inauguraci\u00f3 de les jornades.<\/i><\/a><\/li>\n<li type=\"circle\"><a href=\"http:\/\/serveis.uab.cat\/canalce\/node\/808\"><i>Taules de debat.<\/i><\/a><\/li>\n<\/ul>\n<p>&nbsp;<\/p>\n<\/p>\r\n\t<\/div>\r\n<\/div><div class=\"wp-block-media-text is-stacked-on-mobile fitxa\">\r\n\t<figure class=\"wp-block-media-text__media\">\r\n\t\t<img decoding=\"async\" src=\"https:\/\/webs.uab.cat\/canalce\/wp-content\/uploads\/sites\/249\/2019\/07\/914cast150.jpg\" alt=\"#\" >\r\n\t<\/figure>\r\n\t<div class=\"wp-block-media-text__content\">\r\n\t\t<p><a href=\"https:\/\/webs.uab.cat\/canalce\/fitxa-pre\/proyecto-oracle\/\"><strong>Proyecto Oracle<\/strong><\/a><\/p>\r\n\t\t<p><span class=\"categoria\">jornades<\/span>||07\/29\/2019<\/p>\r\n\t\t<p><p>1) Qu\u00e8 ha suposat el projecte per la seva instituci\u00f3 (a nivell de millora),&nbsp;<br \/>\n2) Quina import\u00e0ncia t\u00e9 treballar l\u2019equitat a la universitat i&nbsp;<br \/>\n3) Quins s\u00f3n els seus reptes de futur.&nbsp;<br \/>\n&nbsp;<\/p>\n<\/p>\r\n\t<\/div>\r\n<\/div><div class=\"wp-block-media-text is-stacked-on-mobile fitxa\">\r\n\t<figure class=\"wp-block-media-text__media\">\r\n\t\t<img decoding=\"async\" src=\"https:\/\/webs.uab.cat\/canalce\/wp-content\/uploads\/sites\/249\/2019\/05\/928cat200.jpg\" alt=\"#\" >\r\n\t<\/figure>\r\n\t<div class=\"wp-block-media-text__content\">\r\n\t\t<p><a href=\"https:\/\/webs.uab.cat\/canalce\/fitxa-pre\/jornades-dorientacio-professional-grau-deducacio-infantil-i-primaria\/\"><strong>Jornades d&#8217;Orientaci\u00f3 professional. Grau d&#8217;Educaci\u00f3 Infantil i Prim\u00e0ria<\/strong><\/a><\/p>\r\n\t\t<p><span class=\"categoria\">jornades<\/span>||06\/23\/2019<\/p>\r\n\t\t<p><p>Taula rodona i Debat: <i><strong>&#8220;I ara, qu\u00e8 puc fer? Les possibilitats professionals dels i les mestres&#8221;<\/strong><\/i>. Els ponents que hi participen son: <span style=\"color: #ff0000;\">Arnau Esteban<\/span>, <span style=\"color: #ff0000;\">Joan Mart\u00ednez<\/span>, <span style=\"color: #ff0000;\">Jes\u00fas Ribosa<\/span>, <span style=\"color: #ff0000;\">Laura Rodr\u00edguez<\/span> i <span style=\"color: #ff0000;\">Magda Solera<\/span>.<br \/>\nModera el debat la <span style=\"color: #ff0000;\">Georgeta Ion<\/span>, Coordinador del Grau en Educaci\u00f3 Prim\u00e0ria.<\/p>\n<\/p>\r\n\t<\/div>\r\n<\/div>\n<p class=\"pods-pagination\">\n\n<span class=\"pods-pagination-advanced \">\n\t\n\t<span\n\t\tclass=\"pods-pagination-number pods-pagination-current \">1<\/span>\n\n\t\t\t\t<a href=\"\/canalce\/wp-json\/wp\/v2\/pages\/3166?pg=2\"\n\t\t\t   class=\"pods-pagination-number pods-pagination-2 \">2<\/a>\n\t\t\t\t\t\t<a href=\"\/canalce\/wp-json\/wp\/v2\/pages\/3166?pg=3\"\n\t\t\t   class=\"pods-pagination-number pods-pagination-3 \">3<\/a>\n\t\t\t\t\t<a href=\"\/canalce\/wp-json\/wp\/v2\/pages\/3166?pg=11\"\n\t\t   class=\"pods-pagination-number pods-pagination-11 \">11<\/a>\n\t\t\t\t<a href=\"\/canalce\/wp-json\/wp\/v2\/pages\/3166?pg=20\"\n\t\t   class=\"pods-pagination-number pods-pagination-last pods-pagination-20 \">20<\/a>\n\t\t\t\t\t<a href=\"\/canalce\/wp-json\/wp\/v2\/pages\/3166?pg=2\"\n\t\t\t   class=\"pods-pagination-label pods-pagination-next \">Seg\u00fcent &rsaquo;<\/a>\n\t\t\t\t\t\t\t<a href=\"\/canalce\/wp-json\/wp\/v2\/pages\/3166?pg=20\"\n\t\t\t   class=\"pods-pagination-label pods-pagination-last \">\u00daltim &raquo;<\/a>\n\t\t\t\t\n<\/span>\n\n<\/p>\n<\/div>\n<\/div>\n","protected":false},"excerpt":{"rendered":"","protected":false},"author":20,"featured_media":0,"parent":0,"menu_order":0,"comment_status":"closed","ping_status":"closed","template":"","meta":{"footnotes":""},"class_list":["post-3166","page","type-page","status-publish","hentry"],"_links":{"self":[{"href":"https:\/\/webs.uab.cat\/canalce\/wp-json\/wp\/v2\/pages\/3166","targetHints":{"allow":["GET"]}}],"collection":[{"href":"https:\/\/webs.uab.cat\/canalce\/wp-json\/wp\/v2\/pages"}],"about":[{"href":"https:\/\/webs.uab.cat\/canalce\/wp-json\/wp\/v2\/types\/page"}],"author":[{"embeddable":true,"href":"https:\/\/webs.uab.cat\/canalce\/wp-json\/wp\/v2\/users\/20"}],"replies":[{"embeddable":true,"href":"https:\/\/webs.uab.cat\/canalce\/wp-json\/wp\/v2\/comments?post=3166"}],"version-history":[{"count":9,"href":"https:\/\/webs.uab.cat\/canalce\/wp-json\/wp\/v2\/pages\/3166\/revisions"}],"predecessor-version":[{"id":3342,"href":"https:\/\/webs.uab.cat\/canalce\/wp-json\/wp\/v2\/pages\/3166\/revisions\/3342"}],"wp:attachment":[{"href":"https:\/\/webs.uab.cat\/canalce\/wp-json\/wp\/v2\/media?parent=3166"}],"curies":[{"name":"wp","href":"https:\/\/api.w.org\/{rel}","templated":true}]}}