{"id":3172,"date":"2022-10-24T09:23:35","date_gmt":"2022-10-24T07:23:35","guid":{"rendered":"https:\/\/webs.uab.cat\/canalce\/?page_id=3172"},"modified":"2022-12-22T13:24:07","modified_gmt":"2022-12-22T11:24:07","slug":"altres-produccions","status":"publish","type":"page","link":"https:\/\/webs.uab.cat\/canalce\/altres-produccions\/","title":{"rendered":"Altres produccions"},"content":{"rendered":"\n<div class=\"wp-block-columns alignwide is-layout-flex wp-container-core-columns-is-layout-9d6595d7 wp-block-columns-is-layout-flex\">\n<div class=\"wp-block-column is-layout-flow wp-block-column-is-layout-flow\" style=\"flex-basis:25%\">\n<div class=\"wp-block-buttons is-layout-flex wp-block-buttons-is-layout-flex\">\n<div class=\"wp-block-button is-style-outline is-style-outline--1\"><a class=\"wp-block-button__link\" href=\"https:\/\/www.youtube.com\/playlist?list=PLfiwyQy5C38d-0YRalaBeNIporbxQAyg0\">Insttucionals<\/a><\/div>\n<\/div>\n\n\n\n<div class=\"wp-block-buttons is-layout-flex wp-block-buttons-is-layout-flex\">\n<div class=\"wp-block-button is-style-outline is-style-outline--2\"><a class=\"wp-block-button__link\" href=\"https:\/\/www.youtube.com\/playlist?list=PLfiwyQy5C38ci7dwNTyuDkwT7b8rmRbrY\">Jornades i congressos<\/a><\/div>\n<\/div>\n<\/div>\n\n\n\n<div class=\"wp-block-column is-layout-flow wp-block-column-is-layout-flow\" style=\"flex-basis:75%\"><div class=\"wp-block-media-text is-stacked-on-mobile fitxa\">\r\n\t<figure class=\"wp-block-media-text__media\">\r\n\t\t<img decoding=\"async\" src=\"https:\/\/webs.uab.cat\/canalce\/wp-content\/uploads\/sites\/249\/2020\/05\/capturavlc200.jpg\" alt=\"#\" >\r\n\t<\/figure>\r\n\t<div class=\"wp-block-media-text__content\">\r\n\t\t<p><a href=\"https:\/\/webs.uab.cat\/canalce\/fitxa-pre\/tutorial-2-captura-de-fotogrames-de-video-amb-vlc\/\"><strong>Tutorial 2: Captura de fotogrames de v\u00eddeo amb &#8220;VLC&#8221;<\/strong><\/a><\/p>\r\n\t\t<p><span class=\"categoria\">altres<\/span>||06\/28\/2020<\/p>\r\n\t\t<p><p>El reproductor de v\u00eddeo VLC amaga entre les seves opcions algunes sorpreses que no tots els reproductors ofereixen, entre aquestes la captura de la imatge que tinguem congelada en el reproductor. En aquest v\u00eddeo us volem ensenyar com fer capturar els fotogrames dels vostres v\u00eddeos i les difer\u00e8ncies amb l&#8217;eina recortes.<\/p>\n<p>Podeu descarregar VLC de la seva plana oficialen el seg\u00fcent <a href=\"https:\/\/www.videolan.org\/vlc\/download-windows.ca.html\">enlla\u00e7<\/a>.<\/p>\n<\/p>\r\n\t<\/div>\r\n<\/div><div class=\"wp-block-media-text is-stacked-on-mobile fitxa\">\r\n\t<figure class=\"wp-block-media-text__media\">\r\n\t\t<img decoding=\"async\" src=\"https:\/\/webs.uab.cat\/canalce\/wp-content\/uploads\/sites\/249\/2020\/05\/recortes200.jpg\" alt=\"#\" >\r\n\t<\/figure>\r\n\t<div class=\"wp-block-media-text__content\">\r\n\t\t<p><a href=\"https:\/\/webs.uab.cat\/canalce\/fitxa-pre\/tutorial-1-eina-recortes\/\"><strong>Tutorial 1: Eina &#8220;recortes&#8221;<\/strong><\/a><\/p>\r\n\t\t<p><span class=\"categoria\">altres<\/span>||06\/26\/2020<\/p>\r\n\t\t<p><p>En aquest v\u00eddeo us ensenyem com fer funcionar una aplicaci\u00f3 que cont\u00e9 el windows 10 i que us permetr\u00e0 retallar qualsevol \u00e0rea de la pantalla per guardar-la com un arxiu d&#8217;imatge.<\/p>\n<\/p>\r\n\t<\/div>\r\n<\/div><div class=\"wp-block-media-text is-stacked-on-mobile fitxa\">\r\n\t<figure class=\"wp-block-media-text__media\">\r\n\t\t<img decoding=\"async\" src=\"\" alt=\"#\" >\r\n\t<\/figure>\r\n\t<div class=\"wp-block-media-text__content\">\r\n\t\t<p><a href=\"https:\/\/webs.uab.cat\/canalce\/fitxa-pre\/documents-i-recursos-emprats-en-la-introduccio-de-la-informatica-lescola-de-mestres-de-sant\/\"><strong>Documents i recursos emprats en la Introducci\u00f3 de la Inform\u00e0tica a l\u2019Escola de Mestres de Sant Cugat i Facultat de Ci\u00e8ncies de l\u2019Educaci\u00f3<\/strong><\/a><\/p>\r\n\t\t<p><span class=\"categoria\">altres<\/span>||02\/13\/2017<\/p>\r\n\t\t<p><p>V\u00eddeo fotogr\u00e0fic de l\u2019exposici\u00f3 del Servei d\u2019Inform\u00e0tica Distribu\u00efda on es poden veure com han canviat els equips inform\u00e0tics des de l\u2019Escola de Mestres de Sant Cugat fins a la Facultat de Ci\u00e8ncies de l\u2019Educaci\u00f3.<\/p>\n<\/p>\r\n\t<\/div>\r\n<\/div><div class=\"wp-block-media-text is-stacked-on-mobile fitxa\">\r\n\t<figure class=\"wp-block-media-text__media\">\r\n\t\t<img decoding=\"async\" src=\"https:\/\/webs.uab.cat\/canalce\/wp-content\/uploads\/sites\/249\/2016\/10\/760cat150.jpg\" alt=\"#\" >\r\n\t<\/figure>\r\n\t<div class=\"wp-block-media-text__content\">\r\n\t\t<p><a href=\"https:\/\/webs.uab.cat\/canalce\/fitxa-pre\/programa-social-para-el-apoyo-familiar-al-exito-educativo-2016\/\"><strong>Programa social para el apoyo familiar al \u00e9xito educativo 2016<\/strong><\/a><\/p>\r\n\t\t<p><span class=\"categoria\">altres<\/span>||10\/25\/2016<\/p>\r\n\t\t<p><p>El Programa Social para el Apoyo Familiar al \u00c9xito Educativo ha concluido su tercera fase de desarrollo, caracterizada por la Extensi\u00f3n de la propuesta de trabajo a 16 nuevos territorios de todo el estado espa\u00f1ol. Este video recoge todas las experiencias del trabajo comunitario con las familias y las escuelas.<\/p>\n<\/p>\r\n\t<\/div>\r\n<\/div><div class=\"wp-block-media-text is-stacked-on-mobile fitxa\">\r\n\t<figure class=\"wp-block-media-text__media\">\r\n\t\t<img decoding=\"async\" src=\"\" alt=\"#\" >\r\n\t<\/figure>\r\n\t<div class=\"wp-block-media-text__content\">\r\n\t\t<p><a href=\"https:\/\/webs.uab.cat\/canalce\/fitxa-pre\/dones-dalt-nivell\/\"><strong>Dones d&#8217;alt nivell<\/strong><\/a><\/p>\r\n\t\t<p><span class=\"categoria\">altres<\/span>||02\/27\/2015<\/p>\r\n\t\t<p><p>Recull d\u2019imatges de dones que destaquen pel seu alt nivell esportiu i que estan estudiant a la UAB.<\/p>\n<\/p>\r\n\t<\/div>\r\n<\/div><div class=\"wp-block-media-text is-stacked-on-mobile fitxa\">\r\n\t<figure class=\"wp-block-media-text__media\">\r\n\t\t<img decoding=\"async\" src=\"\" alt=\"#\" >\r\n\t<\/figure>\r\n\t<div class=\"wp-block-media-text__content\">\r\n\t\t<p><a href=\"https:\/\/webs.uab.cat\/canalce\/fitxa-pre\/setmana-de-la-dona-al-saf-versio-castella\/\"><strong>Setmana de la dona al SAF (Versi\u00f3 castell\u00e0)<\/strong><\/a><\/p>\r\n\t\t<p><span class=\"categoria\">altres<\/span>||02\/20\/2015<\/p>\r\n\t\t<p><\/p>\r\n\t<\/div>\r\n<\/div><div class=\"wp-block-media-text is-stacked-on-mobile fitxa\">\r\n\t<figure class=\"wp-block-media-text__media\">\r\n\t\t<img decoding=\"async\" src=\"\" alt=\"#\" >\r\n\t<\/figure>\r\n\t<div class=\"wp-block-media-text__content\">\r\n\t\t<p><a href=\"https:\/\/webs.uab.cat\/canalce\/fitxa-pre\/setmana-de-la-dona-al-saf-versio-anglesa\/\"><strong>Setmana de la dona al SAF &#8211; Versi\u00f3 anglesa<\/strong><\/a><\/p>\r\n\t\t<p><span class=\"categoria\">altres<\/span>||02\/20\/2015<\/p>\r\n\t\t<p><p>El SAF de la UAB va desenvolupar, el 2008, la <strong>Setmana de la Dona al SAF<\/strong>, que es va fer coincidir amb la data simb\u00f2lica del 8 de mar\u00e7, Dia de la dona treballadora. Aquesta iniciativa va n\u00e9ixer a partir de les propostes d&#8217;un grup de treball de la UAB,&nbsp; Valors en Joc (Departament de Did\u00e0ctica de l\u2019Expressi\u00f3 Musical, Pl\u00e0stica i Corporal de la UAB)<\/p>\n<\/p>\r\n\t<\/div>\r\n<\/div><div class=\"wp-block-media-text is-stacked-on-mobile fitxa\">\r\n\t<figure class=\"wp-block-media-text__media\">\r\n\t\t<img decoding=\"async\" src=\"\" alt=\"#\" >\r\n\t<\/figure>\r\n\t<div class=\"wp-block-media-text__content\">\r\n\t\t<p><a href=\"https:\/\/webs.uab.cat\/canalce\/fitxa-pre\/waiting-superman\/\"><strong>Waiting for Superman<\/strong><\/a><\/p>\r\n\t\t<p><span class=\"categoria\">altres<\/span>||12\/09\/2014<\/p>\r\n\t\t<p><p>Waiting for Superman<\/p>\n<\/p>\r\n\t<\/div>\r\n<\/div><div class=\"wp-block-media-text is-stacked-on-mobile fitxa\">\r\n\t<figure class=\"wp-block-media-text__media\">\r\n\t\t<img decoding=\"async\" src=\"\" alt=\"#\" >\r\n\t<\/figure>\r\n\t<div class=\"wp-block-media-text__content\">\r\n\t\t<p><a href=\"https:\/\/webs.uab.cat\/canalce\/fitxa-pre\/alice-springs\/\"><strong>Alice Springs<\/strong><\/a><\/p>\r\n\t\t<p><span class=\"categoria\">altres<\/span>||<\/p>\r\n\t\t<p><\/p>\r\n\t<\/div>\r\n<\/div><div class=\"wp-block-media-text is-stacked-on-mobile fitxa\">\r\n\t<figure class=\"wp-block-media-text__media\">\r\n\t\t<img decoding=\"async\" src=\"https:\/\/webs.uab.cat\/canalce\/wp-content\/uploads\/sites\/249\/2014\/09\/391cat150_0.jpg\" alt=\"#\" >\r\n\t<\/figure>\r\n\t<div class=\"wp-block-media-text__content\">\r\n\t\t<p><a href=\"https:\/\/webs.uab.cat\/canalce\/fitxa-pre\/simulacre-daccident-la-uab\/\"><strong>Simulacre d&#8217;accident a la UAB<\/strong><\/a><\/p>\r\n\t\t<p><span class=\"categoria\">altres<\/span>||10\/10\/2008<\/p>\r\n\t\t<p><p>La UAB va realitzar un simulacre d\u2019accident per posar a prova els seus dispositius de seguretat. El simulacre va servir com a entrenament per a l\u2019Equip General d\u2019Intervenci\u00f3 i l\u2019Equip General de Primers Auxilis, constitu\u00eft per personal del Servei Assistencial de Salut de la UAB. Tamb\u00e9 van participar el SEM, la Creu Roja, el cos de bombers, els Mossos d\u2019Esquadra i la Policia Municipal de Cerdanyola.<\/p>\n<\/p>\r\n\t<\/div>\r\n<\/div><\/div>\n<\/div>\n","protected":false},"excerpt":{"rendered":"","protected":false},"author":20,"featured_media":0,"parent":0,"menu_order":0,"comment_status":"closed","ping_status":"closed","template":"","meta":{"footnotes":""},"class_list":["post-3172","page","type-page","status-publish","hentry"],"_links":{"self":[{"href":"https:\/\/webs.uab.cat\/canalce\/wp-json\/wp\/v2\/pages\/3172","targetHints":{"allow":["GET"]}}],"collection":[{"href":"https:\/\/webs.uab.cat\/canalce\/wp-json\/wp\/v2\/pages"}],"about":[{"href":"https:\/\/webs.uab.cat\/canalce\/wp-json\/wp\/v2\/types\/page"}],"author":[{"embeddable":true,"href":"https:\/\/webs.uab.cat\/canalce\/wp-json\/wp\/v2\/users\/20"}],"replies":[{"embeddable":true,"href":"https:\/\/webs.uab.cat\/canalce\/wp-json\/wp\/v2\/comments?post=3172"}],"version-history":[{"count":5,"href":"https:\/\/webs.uab.cat\/canalce\/wp-json\/wp\/v2\/pages\/3172\/revisions"}],"predecessor-version":[{"id":3345,"href":"https:\/\/webs.uab.cat\/canalce\/wp-json\/wp\/v2\/pages\/3172\/revisions\/3345"}],"wp:attachment":[{"href":"https:\/\/webs.uab.cat\/canalce\/wp-json\/wp\/v2\/media?parent=3172"}],"curies":[{"name":"wp","href":"https:\/\/api.w.org\/{rel}","templated":true}]}}