{"id":10,"date":"2023-05-08T10:09:54","date_gmt":"2023-05-08T08:09:54","guid":{"rendered":"https:\/\/webs.uab.cat\/capenrisg\/?page_id=10"},"modified":"2023-06-14T12:50:43","modified_gmt":"2023-06-14T10:50:43","slug":"que-el-el-proyecto-capenrisg","status":"publish","type":"page","link":"https:\/\/webs.uab.cat\/capenrisg\/proyecto\/que-el-el-proyecto-capenrisg\/","title":{"rendered":"SOBRE EL PROYECTO"},"content":{"rendered":"\n<p>La poblaci\u00f3n joven arrastra ya m\u00e1s de 15 a\u00f1os viviendo en un contexto especialmente dif\u00edcil de acceso al empleo, siendo aquellas personas con menor nivel de instrucci\u00f3n las que m\u00e1s padecen esta dificultad.<\/p>\n\n\n\n<p><br>La teor\u00eda de la exclusi\u00f3n social provocada por el desempleo (Gallie y Paugam) argumenta que per\u00edodos prolongados de desempleo reducen la sociabilidad, lo que a su vez provoca una p\u00e9rdida de contactos relevantes para el retorno al empleo, reforz\u00e1ndose as\u00ed el riesgo de exclusi\u00f3n laboral.<\/p>\n\n\n\n<p><br>Los \u00faltimos a\u00f1os marcados por las dificultades de inserci\u00f3n laboral entre la poblaci\u00f3n joven y, especialmente, la reciente destrucci\u00f3n de empleo causada por la epidemia de Covid-19, ofrecen un contexto muy adecuado para el estudio retrospectivo de la mencionada relaci\u00f3n. Por otro lado, el concepto de capital social y la aproximaci\u00f3n metodol\u00f3gica de las redes sociales permiten desarrollar una buena operativizaci\u00f3n del modelo de Gallie y Paugam, aunque estos autores no lo hayan concebido en estos t\u00e9rminos.<\/p>\n\n\n\n<p><br>En este contexto, el objetivo principal de la investigaci\u00f3n es comprobar si, para las personas j\u00f3venes desempleadas, se ha dado un efecto de retroalimentaci\u00f3n negativa (c\u00edrculo vicioso) entre el hecho de padecer desempleo prolongado y la p\u00e9rdida de capital social \u00fatil para la inserci\u00f3n laboral.<\/p>\n","protected":false},"excerpt":{"rendered":"<p>La poblaci\u00f3n joven arrastra ya m\u00e1s de 15 a\u00f1os viviendo en un contexto especialmente dif\u00edcil de acceso al empleo, siendo aquellas personas con menor nivel de instrucci\u00f3n las que m\u00e1s padecen esta dificultad. La teor\u00eda de la exclusi\u00f3n social provocada por el desempleo (Gallie y Paugam) argumenta que per\u00edodos prolongados de desempleo reducen la sociabilidad, [&hellip;]<\/p>\n","protected":false},"author":2648,"featured_media":0,"parent":8,"menu_order":1,"comment_status":"closed","ping_status":"closed","template":"","meta":{"footnotes":""},"class_list":["post-10","page","type-page","status-publish","hentry"],"_links":{"self":[{"href":"https:\/\/webs.uab.cat\/capenrisg\/wp-json\/wp\/v2\/pages\/10","targetHints":{"allow":["GET"]}}],"collection":[{"href":"https:\/\/webs.uab.cat\/capenrisg\/wp-json\/wp\/v2\/pages"}],"about":[{"href":"https:\/\/webs.uab.cat\/capenrisg\/wp-json\/wp\/v2\/types\/page"}],"author":[{"embeddable":true,"href":"https:\/\/webs.uab.cat\/capenrisg\/wp-json\/wp\/v2\/users\/2648"}],"replies":[{"embeddable":true,"href":"https:\/\/webs.uab.cat\/capenrisg\/wp-json\/wp\/v2\/comments?post=10"}],"version-history":[{"count":4,"href":"https:\/\/webs.uab.cat\/capenrisg\/wp-json\/wp\/v2\/pages\/10\/revisions"}],"predecessor-version":[{"id":136,"href":"https:\/\/webs.uab.cat\/capenrisg\/wp-json\/wp\/v2\/pages\/10\/revisions\/136"}],"up":[{"embeddable":true,"href":"https:\/\/webs.uab.cat\/capenrisg\/wp-json\/wp\/v2\/pages\/8"}],"wp:attachment":[{"href":"https:\/\/webs.uab.cat\/capenrisg\/wp-json\/wp\/v2\/media?parent=10"}],"curies":[{"name":"wp","href":"https:\/\/api.w.org\/{rel}","templated":true}]}}